{"id":8643,"date":"2024-05-29T12:38:36","date_gmt":"2024-05-29T12:38:36","guid":{"rendered":"http:\/\/dev.realoptions.net\/?page_id=8643"},"modified":"2025-12-17T02:16:06","modified_gmt":"2025-12-17T10:16:06","slug":"deteccion-previa-al-aborto","status":"publish","type":"page","link":"https:\/\/realoptions.net\/es\/deteccion-previa-al-aborto\/","title":{"rendered":"Detecci\u00f3n previa al Aborto"},"content":{"rendered":"<p>Si est\u00e1 embarazada y est\u00e1 pensando en abortar, le recomendamos que se realice una prueba de detecci\u00f3n previa al aborto. Un embarazo viable se puede confirmar mediante una prueba de embarazo de laboratorio y una ecograf\u00eda. Seg\u00fan <a href=\"https:\/\/www.mayoclinic.org\/diseases-conditions\/pregnancy-loss-miscarriage\/symptoms-causes\/syc-20354298\" target=\"_blank\" rel=\"noopener nofollow external noreferrer\" data-wpel-link=\"external\">MayoClinic<\/a>, del diez al veinte por ciento de los embarazos conocidos terminan en aborto espont\u00e1neo. Un ultrasonido:<\/p>\n<ul>\n<li>Confirmar embarazo<\/li>\n<li>Determinar gestaci\u00f3n \u00fanica o m\u00faltiple<\/li>\n<li>Detectar latidos card\u00edacos fetales<\/li>\n<li>Determinar la edad fetal<\/li>\n<li>Determinar la fecha de vencimiento<\/li>\n<li>Determinar la ubicaci\u00f3n del embarazo (intrauterino\/ect\u00f3pico)<\/li>\n<\/ul>\n<p>Hay <a href=\"https:\/\/www.fda.gov\/drugs\/postmarket-drug-safety-information-patients-and-providers\/questions-and-answers-mifepristone-medical-termination-pregnancy-through-ten-weeks-gestation\" target=\"_blank\" rel=\"noopener nofollow external noreferrer\" data-wpel-link=\"external\">medicamentos<\/a> y procedimientos de <a href=\"https:\/\/medlineplus.gov\/ency\/article\/002912.htm#:~:text=Surgical%20abortion%20involves%20dilating%20the,checks%20if%20you%20are%20pregnant.\" target=\"_blank\" rel=\"noopener nofollow external noreferrer\" data-wpel-link=\"external\">aborto quir\u00fargico<\/a>. El tipo de procedimiento de aborto que elija su proveedor m\u00e9dico depende de factores como qu\u00e9 tan avanzado est\u00e1. Tenga en cuenta que RealOptions no refiere ni proporciona abortos. Proporcionamos:<\/p>\n<p><strong>Ex\u00e1menes previos al aborto<\/strong> que pueden incluir:<\/p>\n<ul>\n<li>Consulta de opciones de embarazo<\/li>\n<li><a href=\"https:\/\/realoptions.net\/es\/prueba-de-embarazo\/\" data-wpel-link=\"internal\">Prueba de embarazo en orina de laboratorio<\/a><\/li>\n<li><a href=\"https:\/\/realoptions.net\/es\/ecografia\/\" data-wpel-link=\"internal\">Examen de ultrasonido obst\u00e9trico si la prueba de embarazo es positiva<\/a><\/li>\n<li><a href=\"https:\/\/realoptions.net\/es\/sanidad-reproductiva\/salud-masculina\/pruebas-y-tratamiento-de-ets\/\" data-wpel-link=\"internal\">Pruebas y tratamiento de ETS<\/a><\/li>\n<li><a href=\"https:\/\/eforms.com\/verification\/pregnancy\/#:~:text=A%20pregnancy%20verification%20form%20is,comments%20related%20to%20the%20test.\" target=\"_blank\" rel=\"noopener nofollow external noreferrer\" data-wpel-link=\"external\">Verificaci\u00f3n de prueba de embarazo<\/a><\/li>\n<\/ul>\n<p>La verificaci\u00f3n de una prueba de embarazo sirve como prueba de embarazo para las compa\u00f1\u00edas de seguros y las agencias que brindan servicios como WIC (mujer, beb\u00e9 y ni\u00f1os) si decide ser madre y cl\u00ednicas de aborto si decide interrumpir su embarazo. Brindamos elegibilidad presunta para Medi-Cal si est\u00e1 embarazada y decide llevar a t\u00e9rmino y aceptamos el seguro de <a style=\"background-color: #ffffff; color: #0d6c66; text-decoration-line: underline; outline: 0px;\" href=\"https:\/\/realoptions.net\/medi-cal\/\" data-wpel-link=\"external\" target=\"_blank\" rel=\"nofollow external noopener noreferrer\">Medi-Cal<\/a>. Todos nuestros <a href=\"https:\/\/realoptions.net\/es\/nuestros-servicios\/\" data-wpel-link=\"internal\">servicios<\/a>, incluida la atenci\u00f3n prenatal, se brindan con o sin seguro. Haga <a href=\"https:\/\/www.fns.usda.gov\/wic\/apply\" target=\"_blank\" rel=\"noopener nofollow external noreferrer\" data-wpel-link=\"external\">clic aqu\u00ed<\/a> para solicitar <strong>WIC<\/strong>.<\/p>\n<p>Recomendamos que se haga la prueba de <a href=\"https:\/\/realoptions.net\/es\/sanidad-reproductiva\/salud-masculina\/pruebas-y-tratamiento-de-ets\/\" data-wpel-link=\"internal\">enfermedades e infecciones de transmisi\u00f3n sexual<\/a> si ha sido <a href=\"https:\/\/infectiousdiseaseclinic.com\/when-should-i-get-tested-for-stds\/\" target=\"_blank\" rel=\"noopener nofollow external noreferrer\" data-wpel-link=\"external\">sexualmente activa<\/a> y est\u00e1 embarazada. Es muy importante que una <a href=\"https:\/\/patient.info\/womens-health\/pelvic-pain-in-women\/pelvic-inflammatory-disease\" target=\"_blank\" rel=\"noopener nofollow external noreferrer\" data-wpel-link=\"external\">infecci\u00f3n de transmisi\u00f3n sexual<\/a> sea tratada antes de un aborto para evitar la propagaci\u00f3n de la infecci\u00f3n durante el procedimiento de aborto.<\/p>\n<p>Estamos aqu\u00ed para ayudarlo a comprender todas sus opciones para que pueda tomar una decisi\u00f3n informada. <strong>Si le preocupa su capacidad financiera para pagar un servicio, puede ser elegible para un programa de ayuda financiera financiado por el estado que le brindar\u00eda servicios sin costo alguno.<\/strong><\/p>\n","protected":false},"excerpt":{"rendered":"<p>Si est\u00e1 embarazada y est\u00e1 pensando en abortar, le recomendamos que se realice una prueba de detecci\u00f3n previa al aborto. Un embarazo viable se puede confirmar mediante una prueba de embarazo de laboratorio y una<\/p>\n","protected":false},"author":11,"featured_media":0,"parent":0,"menu_order":1,"comment_status":"closed","ping_status":"closed","template":"","meta":{"_acf_changed":false,"footnotes":"","_links_to":"","_links_to_target":""},"class_list":["post-8643","page","type-page","status-publish","hentry"],"acf":[],"yoast_head":"<!-- This site is optimized with the Yoast SEO plugin v27.5 - https:\/\/yoast.com\/product\/yoast-seo-wordpress\/ -->\n<title>Detecci\u00f3n previa al Aborto | RealOptions Obria Medical Clinic | San Jose, CA<\/title>\n<meta name=\"description\" content=\"RealOptions Obria Medical Clinics ofrece pruebas de detecci\u00f3n gratuitas para mujeres embarazadas que est\u00e9n considerando abortar.\" \/>\n<meta name=\"robots\" content=\"index, follow, max-snippet:-1, max-image-preview:large, max-video-preview:-1\" \/>\n<link rel=\"canonical\" href=\"https:\/\/realoptions.net\/es\/deteccion-previa-al-aborto\/\" \/>\n<meta property=\"og:locale\" content=\"es_ES\" \/>\n<meta property=\"og:type\" content=\"article\" \/>\n<meta property=\"og:title\" content=\"Detecci\u00f3n previa al Aborto | RealOptions Obria Medical Clinic | San Jose, CA\" \/>\n<meta property=\"og:description\" content=\"RealOptions Obria Medical Clinics ofrece pruebas de detecci\u00f3n gratuitas para mujeres embarazadas que est\u00e9n considerando abortar.\" \/>\n<meta property=\"og:url\" content=\"https:\/\/realoptions.net\/es\/deteccion-previa-al-aborto\/\" \/>\n<meta property=\"og:site_name\" content=\"RealOptions Obria Medical Clinic\" \/>\n<meta property=\"article:publisher\" content=\"https:\/\/www.facebook.com\/realoptions.centralsanjose\/\" \/>\n<meta property=\"article:modified_time\" content=\"2025-12-17T10:16:06+00:00\" \/>\n<meta name=\"twitter:card\" content=\"summary_large_image\" \/>\n<meta name=\"twitter:label1\" content=\"Tiempo de lectura\" \/>\n\t<meta name=\"twitter:data1\" content=\"2 minutos\" \/>\n<!-- \/ Yoast SEO plugin. -->","yoast_head_json":{"title":"Detecci\u00f3n previa al Aborto | RealOptions Obria Medical Clinic | San Jose, CA","description":"RealOptions Obria Medical Clinics ofrece pruebas de detecci\u00f3n gratuitas para mujeres embarazadas que est\u00e9n considerando abortar.","robots":{"index":"index","follow":"follow","max-snippet":"max-snippet:-1","max-image-preview":"max-image-preview:large","max-video-preview":"max-video-preview:-1"},"canonical":"https:\/\/realoptions.net\/es\/deteccion-previa-al-aborto\/","og_locale":"es_ES","og_type":"article","og_title":"Detecci\u00f3n previa al Aborto | RealOptions Obria Medical Clinic | San Jose, CA","og_description":"RealOptions Obria Medical Clinics ofrece pruebas de detecci\u00f3n gratuitas para mujeres embarazadas que est\u00e9n considerando abortar.","og_url":"https:\/\/realoptions.net\/es\/deteccion-previa-al-aborto\/","og_site_name":"RealOptions Obria Medical Clinic","article_publisher":"https:\/\/www.facebook.com\/realoptions.centralsanjose\/","article_modified_time":"2025-12-17T10:16:06+00:00","twitter_card":"summary_large_image","twitter_misc":{"Tiempo de lectura":"2 minutos"},"schema":{"@context":"https:\/\/schema.org","@graph":[{"@type":"WebPage","@id":"https:\/\/realoptions.net\/es\/deteccion-previa-al-aborto\/","url":"https:\/\/realoptions.net\/es\/deteccion-previa-al-aborto\/","name":"Detecci\u00f3n previa al Aborto | RealOptions Obria Medical Clinic | San Jose, CA","isPartOf":{"@id":"https:\/\/realoptions.net\/es\/#website"},"datePublished":"2024-05-29T12:38:36+00:00","dateModified":"2025-12-17T10:16:06+00:00","description":"RealOptions Obria Medical Clinics ofrece pruebas de detecci\u00f3n gratuitas para mujeres embarazadas que est\u00e9n considerando abortar.","breadcrumb":{"@id":"https:\/\/realoptions.net\/es\/deteccion-previa-al-aborto\/#breadcrumb"},"inLanguage":"es","potentialAction":[{"@type":"ReadAction","target":["https:\/\/realoptions.net\/es\/deteccion-previa-al-aborto\/"]}]},{"@type":"BreadcrumbList","@id":"https:\/\/realoptions.net\/es\/deteccion-previa-al-aborto\/#breadcrumb","itemListElement":[{"@type":"ListItem","position":1,"name":"Home","item":"https:\/\/realoptions.net\/es\/"},{"@type":"ListItem","position":2,"name":"Detecci\u00f3n previa al Aborto"}]},{"@type":"WebSite","@id":"https:\/\/realoptions.net\/es\/#website","url":"https:\/\/realoptions.net\/es\/","name":"RealOptions Obria Medical Clinic","description":"","publisher":{"@id":"https:\/\/realoptions.net\/es\/#organization"},"potentialAction":[{"@type":"SearchAction","target":{"@type":"EntryPoint","urlTemplate":"https:\/\/realoptions.net\/es\/?s={search_term_string}"},"query-input":{"@type":"PropertyValueSpecification","valueRequired":true,"valueName":"search_term_string"}}],"inLanguage":"es"},{"@type":"Organization","@id":"https:\/\/realoptions.net\/es\/#organization","name":"Real Options Obria Medical Clinics","url":"https:\/\/realoptions.net\/es\/","logo":{"@type":"ImageObject","inLanguage":"es","@id":"https:\/\/realoptions.net\/es\/#\/schema\/logo\/image\/","url":"https:\/\/realoptions.net\/wp-content\/uploads\/2022\/04\/branding.webp","contentUrl":"https:\/\/realoptions.net\/wp-content\/uploads\/2022\/04\/branding.webp","width":450,"height":155,"caption":"Real Options Obria Medical Clinics"},"image":{"@id":"https:\/\/realoptions.net\/es\/#\/schema\/logo\/image\/"},"sameAs":["https:\/\/www.facebook.com\/realoptions.centralsanjose\/"]}]}},"_links":{"self":[{"href":"https:\/\/realoptions.net\/es\/wp-json\/wp\/v2\/pages\/8643","targetHints":{"allow":["GET"]}}],"collection":[{"href":"https:\/\/realoptions.net\/es\/wp-json\/wp\/v2\/pages"}],"about":[{"href":"https:\/\/realoptions.net\/es\/wp-json\/wp\/v2\/types\/page"}],"author":[{"embeddable":true,"href":"https:\/\/realoptions.net\/es\/wp-json\/wp\/v2\/users\/11"}],"replies":[{"embeddable":true,"href":"https:\/\/realoptions.net\/es\/wp-json\/wp\/v2\/comments?post=8643"}],"version-history":[{"count":15,"href":"https:\/\/realoptions.net\/es\/wp-json\/wp\/v2\/pages\/8643\/revisions"}],"predecessor-version":[{"id":14749,"href":"https:\/\/realoptions.net\/es\/wp-json\/wp\/v2\/pages\/8643\/revisions\/14749"}],"wp:attachment":[{"href":"https:\/\/realoptions.net\/es\/wp-json\/wp\/v2\/media?parent=8643"}],"curies":[{"name":"wp","href":"https:\/\/api.w.org\/{rel}","templated":true}]}}