{"id":3039,"date":"2024-05-29T12:38:28","date_gmt":"2024-05-29T12:38:28","guid":{"rendered":"http:\/\/dev.realoptions.net\/?page_id=3039"},"modified":"2025-12-16T21:36:53","modified_gmt":"2025-12-17T05:36:53","slug":"prueba-y-tratamiento-de-ets-its-san-jose","status":"publish","type":"page","link":"https:\/\/realoptions.net\/es\/prueba-y-tratamiento-de-ets-its-san-jose\/","title":{"rendered":"Prueba y Tratamiento de ETS-ITS San Jose"},"content":{"rendered":"<div id=\"pl-3039\" class=\"panel-layout\">\n<div id=\"pg-3039-0\" class=\"panel-grid panel-has-style\" data-style=\"{&quot;padding&quot;:&quot;0px 50px 0px 50px&quot;,&quot;background_image_attachment&quot;:false,&quot;background_display&quot;:&quot;tile&quot;,&quot;cell_alignment&quot;:&quot;flex-start&quot;}\">\n<div class=\"panel-row-style panel-row-style-for-3039-0\">\n<div id=\"pgc-3039-0-0\" class=\"panel-grid-cell\" data-weight=\"1\">\n<div id=\"panel-3039-0-0-0\" class=\"so-panel widget widget_sow-editor panel-first-child panel-last-child widgetopts-SO\" data-index=\"0\" data-style=\"{&quot;background_image_attachment&quot;:false,&quot;background_display&quot;:&quot;tile&quot;}\">\n<div class=\"so-widget-sow-editor so-widget-sow-editor-base\">\n<div class=\"siteorigin-widget-tinymce textwidget\">\n<p><img decoding=\"async\" class=\"wp-image-1200 size-full alignnone\" src=\"https:\/\/realoptions.net\/wp-content\/uploads\/2019\/10\/stdtesting.jpg\" alt=\"\" width=\"980\" height=\"350\" \/><\/p>\n<p>RealOptions ofrece pruebas m\u00e9dicas, diagn\u00f3stico y tratamiento de clamidia y gonorrea para las personas sexualmente activas y que desean pruebas.<\/p>\n<p><b>Hay muchos tipos de enfermedades e infecciones de transmisi\u00f3n sexual.<\/b><\/p>\n<ul>\n<li style=\"font-weight: 400;\">Puede contraer una ETS la primera vez que tiene sexo vaginal, anal u oral.<\/li>\n<li style=\"font-weight: 400;\">Muchas ETS no tienen cura, mientras que otras pueden tratarse con medicamentos.<\/li>\n<li style=\"font-weight: 400;\">La mayor\u00eda de las personas infectadas con una ETS no lo saben.<\/li>\n<li style=\"font-weight: 400;\">Puede contraer una ETS de alguien que no sabe que est\u00e1 infectado.<\/li>\n<li style=\"font-weight: 400;\">No puedes saber qui\u00e9n tiene una ETS al mirarlo.<\/li>\n<li style=\"font-weight: 400;\">Muchas ETS se pueden transmitir a un beb\u00e9 durante el embarazo o el parto.<\/li>\n<li style=\"font-weight: 400;\">Si est\u00e1 embarazada y est\u00e1 considerando abortar, h\u00e1gase la prueba primero.<\/li>\n<\/ul>\n<p>Probamos la gonorrea y la clamidia con una muestra de orina.<\/p>\n<p>No orine ni tenga relaciones sexuales durante una hora antes de la prueba.<\/p>\n<p>Tambi\u00e9n brindamos tratamiento para usted y su pareja (s).<\/p>\n<p>Te debes a ti mismo para estar seguro. No ignore el importante paso de ser probado.<\/p>\n<p>Estamos aqu\u00ed para ayudar. El atento personal de RealOptions brinda consultas confidenciales (privadas) y es sensible a sus necesidades e inquietudes. Llama o <a href=\"https:\/\/api.leadconnectorhq.com\/widget\/survey\/e4IR6RquMy1IKaiKIamb\" data-wpel-link=\"external\" target=\"_blank\" rel=\"nofollow external noopener noreferrer\">programa una cita<\/a> hoy.<\/p>\n<p>Bienvenido a <strong>San Jos\u00e9<\/strong>: San Jos\u00e9 oficialmente, la <strong>Ciudad de San Jos\u00e9<\/strong> es el centro econ\u00f3mico, cultural y pol\u00edtico de <a href=\"https:\/\/en.wikipedia.org\/wiki\/Silicon_Valley\" data-wpel-link=\"external\" target=\"_blank\" rel=\"nofollow external noopener noreferrer\">Silicon Valley<\/a> y la ciudad m\u00e1s grande del <a href=\"https:\/\/en.wikipedia.org\/wiki\/Northern_California\" data-wpel-link=\"external\" target=\"_blank\" rel=\"nofollow external noopener noreferrer\">norte de California<\/a>. Ubicado en el centro del Valle de <a href=\"https:\/\/en.wikipedia.org\/wiki\/Santa_Clara_Valley\" data-wpel-link=\"external\" target=\"_blank\" rel=\"nofollow external noopener noreferrer\">Santa Clara<\/a>, en la costa sur de la <a href=\"https:\/\/en.wikipedia.org\/wiki\/San_Francisco_Bay\" data-wpel-link=\"external\" target=\"_blank\" rel=\"nofollow external noopener noreferrer\">Bah\u00eda de San Francisco<\/a>. San Jos\u00e9 es la sede del condado de <a href=\"https:\/\/en.wikipedia.org\/wiki\/Santa_Clara_County,_California\" data-wpel-link=\"external\" target=\"_blank\" rel=\"nofollow external noopener noreferrer\">Santa Clara<\/a>, el condado m\u00e1s rico de California y uno de los condados m\u00e1s ricos de los Estados Unidos.<\/p>\n<\/div>\n<\/div>\n<\/div>\n<\/div>\n<\/div>\n<\/div>\n<\/div>\n","protected":false},"excerpt":{"rendered":"<p>RealOptions ofrece pruebas m\u00e9dicas, diagn\u00f3stico y tratamiento de clamidia y gonorrea para las personas sexualmente activas y que desean pruebas. Hay muchos tipos de enfermedades e infecciones de transmisi\u00f3n sexual. Puede contraer una ETS la<\/p>\n","protected":false},"author":11,"featured_media":0,"parent":0,"menu_order":0,"comment_status":"open","ping_status":"closed","template":"","meta":{"_acf_changed":false,"footnotes":"","_links_to":"","_links_to_target":""},"class_list":["post-3039","page","type-page","status-publish","hentry"],"acf":[],"yoast_head":"<!-- This site is optimized with the Yoast SEO plugin v27.4 - https:\/\/yoast.com\/product\/yoast-seo-wordpress\/ -->\n<title>Prueba de ETS San Jos\u00e9 | Centro de pruebas de STI | Tratamiento<\/title>\n<meta name=\"description\" content=\"\u00bfPreocupado por una ETS? \u00bfHacerse la prueba cerca de San Jos\u00e9? Real Options ofrece pruebas de STD-STI, podemos ayudar.\" \/>\n<meta name=\"robots\" content=\"index, follow, max-snippet:-1, max-image-preview:large, max-video-preview:-1\" \/>\n<link rel=\"canonical\" href=\"https:\/\/realoptions.net\/es\/prueba-y-tratamiento-de-ets-its-san-jose\/\" \/>\n<meta property=\"og:locale\" content=\"es_ES\" \/>\n<meta property=\"og:type\" content=\"article\" \/>\n<meta property=\"og:title\" content=\"Prueba de ETS San Jos\u00e9 | Centro de pruebas de STI | Tratamiento\" \/>\n<meta property=\"og:description\" content=\"\u00bfPreocupado por una ETS? \u00bfHacerse la prueba cerca de San Jos\u00e9? Real Options ofrece pruebas de STD-STI, podemos ayudar.\" \/>\n<meta property=\"og:url\" content=\"https:\/\/realoptions.net\/es\/prueba-y-tratamiento-de-ets-its-san-jose\/\" \/>\n<meta property=\"og:site_name\" content=\"RealOptions Obria Medical Clinic\" \/>\n<meta property=\"article:publisher\" content=\"https:\/\/www.facebook.com\/realoptions.centralsanjose\/\" \/>\n<meta property=\"article:modified_time\" content=\"2025-12-17T05:36:53+00:00\" \/>\n<meta property=\"og:image\" content=\"https:\/\/realoptions.net\/wp-content\/uploads\/2019\/10\/stdtesting.jpg\" \/>\n<meta name=\"twitter:card\" content=\"summary_large_image\" \/>\n<meta name=\"twitter:label1\" content=\"Tiempo de lectura\" \/>\n\t<meta name=\"twitter:data1\" content=\"2 minutos\" \/>\n<!-- \/ Yoast SEO plugin. -->","yoast_head_json":{"title":"Prueba de ETS San Jos\u00e9 | Centro de pruebas de STI | Tratamiento","description":"\u00bfPreocupado por una ETS? \u00bfHacerse la prueba cerca de San Jos\u00e9? Real Options ofrece pruebas de STD-STI, podemos ayudar.","robots":{"index":"index","follow":"follow","max-snippet":"max-snippet:-1","max-image-preview":"max-image-preview:large","max-video-preview":"max-video-preview:-1"},"canonical":"https:\/\/realoptions.net\/es\/prueba-y-tratamiento-de-ets-its-san-jose\/","og_locale":"es_ES","og_type":"article","og_title":"Prueba de ETS San Jos\u00e9 | Centro de pruebas de STI | Tratamiento","og_description":"\u00bfPreocupado por una ETS? \u00bfHacerse la prueba cerca de San Jos\u00e9? Real Options ofrece pruebas de STD-STI, podemos ayudar.","og_url":"https:\/\/realoptions.net\/es\/prueba-y-tratamiento-de-ets-its-san-jose\/","og_site_name":"RealOptions Obria Medical Clinic","article_publisher":"https:\/\/www.facebook.com\/realoptions.centralsanjose\/","article_modified_time":"2025-12-17T05:36:53+00:00","og_image":[{"url":"https:\/\/realoptions.net\/wp-content\/uploads\/2019\/10\/stdtesting.jpg","type":"","width":"","height":""}],"twitter_card":"summary_large_image","twitter_misc":{"Tiempo de lectura":"2 minutos"},"schema":{"@context":"https:\/\/schema.org","@graph":[{"@type":"WebPage","@id":"https:\/\/realoptions.net\/es\/prueba-y-tratamiento-de-ets-its-san-jose\/","url":"https:\/\/realoptions.net\/es\/prueba-y-tratamiento-de-ets-its-san-jose\/","name":"Prueba de ETS San Jos\u00e9 | Centro de pruebas de STI | Tratamiento","isPartOf":{"@id":"https:\/\/realoptions.net\/es\/#website"},"primaryImageOfPage":{"@id":"https:\/\/realoptions.net\/es\/prueba-y-tratamiento-de-ets-its-san-jose\/#primaryimage"},"image":{"@id":"https:\/\/realoptions.net\/es\/prueba-y-tratamiento-de-ets-its-san-jose\/#primaryimage"},"thumbnailUrl":"https:\/\/realoptions.net\/wp-content\/uploads\/2019\/10\/stdtesting.jpg","datePublished":"2024-05-29T12:38:28+00:00","dateModified":"2025-12-17T05:36:53+00:00","description":"\u00bfPreocupado por una ETS? \u00bfHacerse la prueba cerca de San Jos\u00e9? Real Options ofrece pruebas de STD-STI, podemos ayudar.","breadcrumb":{"@id":"https:\/\/realoptions.net\/es\/prueba-y-tratamiento-de-ets-its-san-jose\/#breadcrumb"},"inLanguage":"es","potentialAction":[{"@type":"ReadAction","target":["https:\/\/realoptions.net\/es\/prueba-y-tratamiento-de-ets-its-san-jose\/"]}]},{"@type":"ImageObject","inLanguage":"es","@id":"https:\/\/realoptions.net\/es\/prueba-y-tratamiento-de-ets-its-san-jose\/#primaryimage","url":"https:\/\/realoptions.net\/wp-content\/uploads\/2019\/10\/stdtesting.jpg","contentUrl":"https:\/\/realoptions.net\/wp-content\/uploads\/2019\/10\/stdtesting.jpg"},{"@type":"BreadcrumbList","@id":"https:\/\/realoptions.net\/es\/prueba-y-tratamiento-de-ets-its-san-jose\/#breadcrumb","itemListElement":[{"@type":"ListItem","position":1,"name":"Home","item":"https:\/\/realoptions.net\/es\/"},{"@type":"ListItem","position":2,"name":"Prueba y Tratamiento de ETS-ITS San Jose"}]},{"@type":"WebSite","@id":"https:\/\/realoptions.net\/es\/#website","url":"https:\/\/realoptions.net\/es\/","name":"RealOptions Obria Medical Clinic","description":"","publisher":{"@id":"https:\/\/realoptions.net\/es\/#organization"},"potentialAction":[{"@type":"SearchAction","target":{"@type":"EntryPoint","urlTemplate":"https:\/\/realoptions.net\/es\/?s={search_term_string}"},"query-input":{"@type":"PropertyValueSpecification","valueRequired":true,"valueName":"search_term_string"}}],"inLanguage":"es"},{"@type":"Organization","@id":"https:\/\/realoptions.net\/es\/#organization","name":"Real Options Obria Medical Clinics","url":"https:\/\/realoptions.net\/es\/","logo":{"@type":"ImageObject","inLanguage":"es","@id":"https:\/\/realoptions.net\/es\/#\/schema\/logo\/image\/","url":"https:\/\/realoptions.net\/wp-content\/uploads\/2022\/04\/branding.webp","contentUrl":"https:\/\/realoptions.net\/wp-content\/uploads\/2022\/04\/branding.webp","width":450,"height":155,"caption":"Real Options Obria Medical Clinics"},"image":{"@id":"https:\/\/realoptions.net\/es\/#\/schema\/logo\/image\/"},"sameAs":["https:\/\/www.facebook.com\/realoptions.centralsanjose\/"]}]}},"_links":{"self":[{"href":"https:\/\/realoptions.net\/es\/wp-json\/wp\/v2\/pages\/3039","targetHints":{"allow":["GET"]}}],"collection":[{"href":"https:\/\/realoptions.net\/es\/wp-json\/wp\/v2\/pages"}],"about":[{"href":"https:\/\/realoptions.net\/es\/wp-json\/wp\/v2\/types\/page"}],"author":[{"embeddable":true,"href":"https:\/\/realoptions.net\/es\/wp-json\/wp\/v2\/users\/11"}],"replies":[{"embeddable":true,"href":"https:\/\/realoptions.net\/es\/wp-json\/wp\/v2\/comments?post=3039"}],"version-history":[{"count":5,"href":"https:\/\/realoptions.net\/es\/wp-json\/wp\/v2\/pages\/3039\/revisions"}],"predecessor-version":[{"id":14615,"href":"https:\/\/realoptions.net\/es\/wp-json\/wp\/v2\/pages\/3039\/revisions\/14615"}],"wp:attachment":[{"href":"https:\/\/realoptions.net\/es\/wp-json\/wp\/v2\/media?parent=3039"}],"curies":[{"name":"wp","href":"https:\/\/api.w.org\/{rel}","templated":true}]}}