{"id":2784,"date":"2024-05-29T12:38:28","date_gmt":"2024-05-29T12:38:28","guid":{"rendered":"http:\/\/dev.realoptions.net\/?page_id=2784"},"modified":"2025-12-16T21:36:51","modified_gmt":"2025-12-17T05:36:51","slug":"pruebas-de-embarazo-y-ultrasonido-hayward","status":"publish","type":"page","link":"https:\/\/realoptions.net\/es\/pruebas-de-embarazo-y-ultrasonido-hayward\/","title":{"rendered":"Pruebas de Embarazo y Ultrasonido Hayward"},"content":{"rendered":"<div id=\"pl-2784\" class=\"panel-layout\">\n<div id=\"pg-2784-0\" class=\"panel-grid panel-has-style\" data-style=\"{&quot;padding&quot;:&quot;0px 50px 0px 50px&quot;,&quot;background_image_attachment&quot;:false,&quot;background_display&quot;:&quot;tile&quot;,&quot;cell_alignment&quot;:&quot;flex-start&quot;}\">\n<div class=\"panel-row-style panel-row-style-for-2784-0\">\n<div id=\"pgc-2784-0-0\" class=\"panel-grid-cell\" data-weight=\"1\">\n<div id=\"panel-2784-0-0-0\" class=\"so-panel widget widget_sow-editor panel-first-child panel-last-child widgetopts-SO\" data-index=\"0\" data-style=\"{&quot;background_image_attachment&quot;:false,&quot;background_display&quot;:&quot;tile&quot;}\">\n<div class=\"so-widget-sow-editor so-widget-sow-editor-base\">\n<div class=\"siteorigin-widget-tinymce textwidget\">\n<p><img decoding=\"async\" class=\"wp-image-1196 size-full alignnone\" src=\"https:\/\/realoptions.net\/wp-content\/uploads\/2019\/10\/pregtest.jpg\" alt=\"\" width=\"980\" height=\"350\" \/><\/p>\n<h2>Prueba de Embarazo<\/h2>\n<p>Aunque las pruebas de embarazo en el hogar son generalmente precisas, es posible que desee confirmar los resultados con un profesional m\u00e9dico solo para estar seguro. Las cl\u00ednicas m\u00e9dicas de RealOptions Obria lo ayudar\u00e1n a verificar sus resultados en un ambiente seguro y c\u00f3modo.<\/p>\n<p>Un per\u00edodo perdido es el indicador m\u00e1s com\u00fan de que puede estar embarazada, pero no el \u00fanico. Aqu\u00ed hay algunos otros s\u00edntomas comunes:<\/p>\n<ul>\n<li style=\"font-weight: 400;\">Micci\u00f3n frecuente<\/li>\n<li style=\"font-weight: 400;\">Mareo<\/li>\n<li style=\"font-weight: 400;\">N\u00e1usea<\/li>\n<li style=\"font-weight: 400;\">Cambio de apetito<\/li>\n<li style=\"font-weight: 400;\">Sensibilidad en los senos<\/li>\n<li style=\"font-weight: 400;\">Fatiga<\/li>\n<\/ul>\n<p>Si cree que est\u00e1 embarazada, venga a una de nuestras cl\u00ednicas ubicadas en el centro de San Jos\u00e9, East San Jose, Union City. Ofrecemos pruebas de embarazo en un entorno seguro y privado.<\/p>\n<p>Nuestros m\u00e9dicos OB \/ GYN certificados por la junta, enfermeras registradas, enfermeras practicantes y personal de apoyo est\u00e1n altamente capacitados y dedicados a satisfacer sus necesidades de atenci\u00f3n m\u00e9dica. Si su prueba de embarazo es positiva, le ofreceremos un examen de ultrasonido para confirmar la viabilidad de su embarazo.<\/p>\n<p>&nbsp;<\/p>\n<h2>Imagen de Ultrasonido<\/h2>\n<p><span style=\"font-weight: 400;\">Si tiene una prueba de embarazo positiva, debe considerar un examen de ultrasonido. El ultrasonido puede confirmar si el embarazo es viable y alertarlo si hay otros problemas de salud a tener en cuenta. Los embarazos de <a href=\"https:\/\/www.mayoclinic.org\/diseases-conditions\/ectopic-pregnancy\/symptoms-causes\/syc-20372088\" data-wpel-link=\"external\" target=\"_blank\" rel=\"nofollow external noopener noreferrer\">trompas<\/a> o el <a href=\"https:\/\/www.mayoclinic.org\/diseases-conditions\/pregnancy-loss-miscarriage\/symptoms-causes\/syc-20354298\" data-wpel-link=\"external\" target=\"_blank\" rel=\"nofollow external noopener noreferrer\">aborto espont\u00e1neo<\/a> pueden ocurrir hasta en un 25% de los embarazos.<\/span><\/p>\n<p><span style=\"font-weight: 400;\">RealOptions Obria Medical Clinics ofrece <a href=\"https:\/\/www.whattoexpect.com\/pregnancy\/pregnancy-health\/prenatal-testing-ultrasound\/\" data-wpel-link=\"external\" target=\"_blank\" rel=\"nofollow external noopener noreferrer\">ultrasonido de diagn\u00f3stico<\/a> para pruebas de embarazo positivas para confirmar un embarazo viable (en desarrollo), intrauterino (en el \u00fatero).<\/span><\/p>\n<p>En RealOptions, se realizan ultrasonidos obst\u00e9tricos limitados para:<\/p>\n<ul>\n<li style=\"font-weight: 400;\">Confirmar el embarazo<\/li>\n<li style=\"font-weight: 400;\">Detectar latidos card\u00edacos fetales<\/li>\n<li style=\"font-weight: 400;\">Determinar la edad fetal.<\/li>\n<li style=\"font-weight: 400;\">Determinar fecha de vencimiento<\/li>\n<li style=\"font-weight: 400;\">Determinar la ubicaci\u00f3n del embarazo (intrauterino \/ ect\u00f3pico)<\/li>\n<li style=\"font-weight: 400;\">El examen de ultrasonido no diagnosticar\u00e1 g\u00e9nero, anormalidades y \/ o problemas.<\/li>\n<\/ul>\n<p><span style=\"font-weight: 400;\">Si le preocupa su capacidad financiera para pagar un servicio, puede ser elegible para un programa de ayuda financiera financiado por el estado que le proporcionar\u00eda servicios sin costo alguno. Llama o <strong><a href=\"https:\/\/api.leadconnectorhq.com\/widget\/survey\/e4IR6RquMy1IKaiKIamb\" data-wpel-link=\"external\" target=\"_blank\" rel=\"nofollow external noopener noreferrer\">programa una cita<\/a><\/strong> hoy.<\/span><\/p>\n<p>Bienvenido a Hayward: <strong>Hayward<\/strong> (\/ <a href=\"https:\/\/en.wikipedia.org\/wiki\/Help:IPA\/English\" data-wpel-link=\"external\" target=\"_blank\" rel=\"nofollow external noopener noreferrer\">\u02c8he\u026aw\u0259rd<\/a> \/; anteriormente, <strong>Haywards<\/strong>, <strong>Haywards Station<\/strong> y <strong>Haywood<\/strong>) es una ciudad ubicada en el condado de <a href=\"https:\/\/en.wikipedia.org\/wiki\/Alameda_County,_California\" data-wpel-link=\"external\" target=\"_blank\" rel=\"nofollow external noopener noreferrer\">Alameda, California<\/a>, en la subregi\u00f3n <a href=\"https:\/\/en.wikipedia.org\/wiki\/East_Bay\" data-wpel-link=\"external\" target=\"_blank\" rel=\"nofollow external noopener noreferrer\">East Bay<\/a> del \u00e1rea de la <a href=\"https:\/\/en.wikipedia.org\/wiki\/San_Francisco_Bay_Area\" data-wpel-link=\"external\" target=\"_blank\" rel=\"nofollow external noopener noreferrer\">Bah\u00eda de San Francisco<\/a>. Con una poblaci\u00f3n de 149,392 en 2014, Hayward es la sexta ciudad m\u00e1s grande en el \u00c1rea de la Bah\u00eda y la tercera m\u00e1s grande en el Condado de Alameda. <a href=\"https:\/\/en.wikipedia.org\/wiki\/Hayward,_California#cite_note-13\" data-wpel-link=\"external\" target=\"_blank\" rel=\"nofollow external noopener noreferrer\">[13]<\/a> Hayward fue clasificado como el <a href=\"https:\/\/en.wikipedia.org\/wiki\/List_of_municipalities_in_California\" data-wpel-link=\"external\" target=\"_blank\" rel=\"nofollow external noopener noreferrer\">37\u00ba municipio<\/a> m\u00e1s poblado de California. Est\u00e1 incluido en el \u00c1rea Estad\u00edstica Metropolitana de <a href=\"https:\/\/en.wikipedia.org\/wiki\/San_Jose%E2%80%93San_Francisco%E2%80%93Oakland,_CA_Combined_Statistical_Area\" data-wpel-link=\"external\" target=\"_blank\" rel=\"nofollow external noopener noreferrer\">San Francisco-Oakland-Fremont<\/a> por el <a href=\"https:\/\/en.wikipedia.org\/wiki\/United_States_Census\" data-wpel-link=\"external\" target=\"_blank\" rel=\"nofollow external noopener noreferrer\">Censo<\/a> de los Estados Unidos. <a href=\"https:\/\/en.wikipedia.org\/wiki\/Hayward,_California#cite_note-14\" data-wpel-link=\"external\" target=\"_blank\" rel=\"nofollow external noopener noreferrer\">[14]<\/a> Se encuentra principalmente entre Castro Valley y Union City, y se encuentra en el extremo oriental del <a href=\"https:\/\/en.wikipedia.org\/wiki\/San_Mateo%E2%80%93Hayward_Bridge\" data-wpel-link=\"external\" target=\"_blank\" rel=\"nofollow external noopener noreferrer\">puente San Mateo-Hayward<\/a>. La ciudad fue devastada temprano en su historia por el <a href=\"https:\/\/en.wikipedia.org\/wiki\/1868_Hayward_earthquake\" data-wpel-link=\"external\" target=\"_blank\" rel=\"nofollow external noopener noreferrer\">terremoto de 1868 de Hayward<\/a>. Desde principios del siglo XX hasta principios de los a\u00f1os ochenta, la econom\u00eda de Hayward estuvo dominada por sus ya desaparecidas industrias de producci\u00f3n de conservas y conservas de alimentos.<\/p>\n<\/div>\n<\/div>\n<\/div>\n<\/div>\n<\/div>\n<\/div>\n<\/div>\n","protected":false},"excerpt":{"rendered":"<p>Prueba de Embarazo Aunque las pruebas de embarazo en el hogar son generalmente precisas, es posible que desee confirmar los resultados con un profesional m\u00e9dico solo para estar seguro. Las cl\u00ednicas m\u00e9dicas de RealOptions Obria<\/p>\n","protected":false},"author":11,"featured_media":0,"parent":0,"menu_order":0,"comment_status":"open","ping_status":"closed","template":"","meta":{"_acf_changed":false,"footnotes":"","_links_to":"","_links_to_target":""},"class_list":["post-2784","page","type-page","status-publish","hentry"],"acf":[],"yoast_head":"<!-- This site is optimized with the Yoast SEO plugin v27.4 - https:\/\/yoast.com\/product\/yoast-seo-wordpress\/ -->\n<title>Pregnancy Test - Ultrasound Hayward - Pregnancy Centers - Sonograms<\/title>\n<meta name=\"description\" content=\"Unexpected Pregnancy in Hayward? Signs of Pregnancy, pregnancy symptoms - get an ultrasound at RealOptions in Hayward. We can help.\" \/>\n<meta name=\"robots\" content=\"index, follow, max-snippet:-1, max-image-preview:large, max-video-preview:-1\" \/>\n<link rel=\"canonical\" href=\"https:\/\/realoptions.net\/es\/pruebas-de-embarazo-y-ultrasonido-hayward\/\" \/>\n<meta property=\"og:locale\" content=\"es_ES\" \/>\n<meta property=\"og:type\" content=\"article\" \/>\n<meta property=\"og:title\" content=\"Pregnancy Test - Ultrasound Hayward - Pregnancy Centers - Sonograms\" \/>\n<meta property=\"og:description\" content=\"Unexpected Pregnancy in Hayward? Signs of Pregnancy, pregnancy symptoms - get an ultrasound at RealOptions in Hayward. We can help.\" \/>\n<meta property=\"og:url\" content=\"https:\/\/realoptions.net\/es\/pruebas-de-embarazo-y-ultrasonido-hayward\/\" \/>\n<meta property=\"og:site_name\" content=\"RealOptions Obria Medical Clinic\" \/>\n<meta property=\"article:publisher\" content=\"https:\/\/www.facebook.com\/realoptions.centralsanjose\/\" \/>\n<meta property=\"article:modified_time\" content=\"2025-12-17T05:36:51+00:00\" \/>\n<meta property=\"og:image\" content=\"https:\/\/realoptions.net\/wp-content\/uploads\/2019\/10\/pregtest.jpg\" \/>\n<meta name=\"twitter:card\" content=\"summary_large_image\" \/>\n<meta name=\"twitter:label1\" content=\"Tiempo de lectura\" \/>\n\t<meta name=\"twitter:data1\" content=\"3 minutos\" \/>\n<!-- \/ Yoast SEO plugin. -->","yoast_head_json":{"title":"Pregnancy Test - Ultrasound Hayward - Pregnancy Centers - Sonograms","description":"Unexpected Pregnancy in Hayward? Signs of Pregnancy, pregnancy symptoms - get an ultrasound at RealOptions in Hayward. We can help.","robots":{"index":"index","follow":"follow","max-snippet":"max-snippet:-1","max-image-preview":"max-image-preview:large","max-video-preview":"max-video-preview:-1"},"canonical":"https:\/\/realoptions.net\/es\/pruebas-de-embarazo-y-ultrasonido-hayward\/","og_locale":"es_ES","og_type":"article","og_title":"Pregnancy Test - Ultrasound Hayward - Pregnancy Centers - Sonograms","og_description":"Unexpected Pregnancy in Hayward? Signs of Pregnancy, pregnancy symptoms - get an ultrasound at RealOptions in Hayward. We can help.","og_url":"https:\/\/realoptions.net\/es\/pruebas-de-embarazo-y-ultrasonido-hayward\/","og_site_name":"RealOptions Obria Medical Clinic","article_publisher":"https:\/\/www.facebook.com\/realoptions.centralsanjose\/","article_modified_time":"2025-12-17T05:36:51+00:00","og_image":[{"url":"https:\/\/realoptions.net\/wp-content\/uploads\/2019\/10\/pregtest.jpg","type":"","width":"","height":""}],"twitter_card":"summary_large_image","twitter_misc":{"Tiempo de lectura":"3 minutos"},"schema":{"@context":"https:\/\/schema.org","@graph":[{"@type":"WebPage","@id":"https:\/\/realoptions.net\/es\/pruebas-de-embarazo-y-ultrasonido-hayward\/","url":"https:\/\/realoptions.net\/es\/pruebas-de-embarazo-y-ultrasonido-hayward\/","name":"Pregnancy Test - Ultrasound Hayward - Pregnancy Centers - Sonograms","isPartOf":{"@id":"https:\/\/realoptions.net\/es\/#website"},"primaryImageOfPage":{"@id":"https:\/\/realoptions.net\/es\/pruebas-de-embarazo-y-ultrasonido-hayward\/#primaryimage"},"image":{"@id":"https:\/\/realoptions.net\/es\/pruebas-de-embarazo-y-ultrasonido-hayward\/#primaryimage"},"thumbnailUrl":"https:\/\/realoptions.net\/wp-content\/uploads\/2019\/10\/pregtest.jpg","datePublished":"2024-05-29T12:38:28+00:00","dateModified":"2025-12-17T05:36:51+00:00","description":"Unexpected Pregnancy in Hayward? Signs of Pregnancy, pregnancy symptoms - get an ultrasound at RealOptions in Hayward. We can help.","breadcrumb":{"@id":"https:\/\/realoptions.net\/es\/pruebas-de-embarazo-y-ultrasonido-hayward\/#breadcrumb"},"inLanguage":"es","potentialAction":[{"@type":"ReadAction","target":["https:\/\/realoptions.net\/es\/pruebas-de-embarazo-y-ultrasonido-hayward\/"]}]},{"@type":"ImageObject","inLanguage":"es","@id":"https:\/\/realoptions.net\/es\/pruebas-de-embarazo-y-ultrasonido-hayward\/#primaryimage","url":"https:\/\/realoptions.net\/wp-content\/uploads\/2019\/10\/pregtest.jpg","contentUrl":"https:\/\/realoptions.net\/wp-content\/uploads\/2019\/10\/pregtest.jpg"},{"@type":"BreadcrumbList","@id":"https:\/\/realoptions.net\/es\/pruebas-de-embarazo-y-ultrasonido-hayward\/#breadcrumb","itemListElement":[{"@type":"ListItem","position":1,"name":"Home","item":"https:\/\/realoptions.net\/es\/"},{"@type":"ListItem","position":2,"name":"Pruebas de Embarazo y Ultrasonido Hayward"}]},{"@type":"WebSite","@id":"https:\/\/realoptions.net\/es\/#website","url":"https:\/\/realoptions.net\/es\/","name":"RealOptions Obria Medical Clinic","description":"","publisher":{"@id":"https:\/\/realoptions.net\/es\/#organization"},"potentialAction":[{"@type":"SearchAction","target":{"@type":"EntryPoint","urlTemplate":"https:\/\/realoptions.net\/es\/?s={search_term_string}"},"query-input":{"@type":"PropertyValueSpecification","valueRequired":true,"valueName":"search_term_string"}}],"inLanguage":"es"},{"@type":"Organization","@id":"https:\/\/realoptions.net\/es\/#organization","name":"Real Options Obria Medical Clinics","url":"https:\/\/realoptions.net\/es\/","logo":{"@type":"ImageObject","inLanguage":"es","@id":"https:\/\/realoptions.net\/es\/#\/schema\/logo\/image\/","url":"https:\/\/realoptions.net\/wp-content\/uploads\/2022\/04\/branding.webp","contentUrl":"https:\/\/realoptions.net\/wp-content\/uploads\/2022\/04\/branding.webp","width":450,"height":155,"caption":"Real Options Obria Medical Clinics"},"image":{"@id":"https:\/\/realoptions.net\/es\/#\/schema\/logo\/image\/"},"sameAs":["https:\/\/www.facebook.com\/realoptions.centralsanjose\/"]}]}},"_links":{"self":[{"href":"https:\/\/realoptions.net\/es\/wp-json\/wp\/v2\/pages\/2784","targetHints":{"allow":["GET"]}}],"collection":[{"href":"https:\/\/realoptions.net\/es\/wp-json\/wp\/v2\/pages"}],"about":[{"href":"https:\/\/realoptions.net\/es\/wp-json\/wp\/v2\/types\/page"}],"author":[{"embeddable":true,"href":"https:\/\/realoptions.net\/es\/wp-json\/wp\/v2\/users\/11"}],"replies":[{"embeddable":true,"href":"https:\/\/realoptions.net\/es\/wp-json\/wp\/v2\/comments?post=2784"}],"version-history":[{"count":4,"href":"https:\/\/realoptions.net\/es\/wp-json\/wp\/v2\/pages\/2784\/revisions"}],"predecessor-version":[{"id":14607,"href":"https:\/\/realoptions.net\/es\/wp-json\/wp\/v2\/pages\/2784\/revisions\/14607"}],"wp:attachment":[{"href":"https:\/\/realoptions.net\/es\/wp-json\/wp\/v2\/media?parent=2784"}],"curies":[{"name":"wp","href":"https:\/\/api.w.org\/{rel}","templated":true}]}}