{"id":2175,"date":"2024-05-29T12:38:30","date_gmt":"2024-05-29T12:38:30","guid":{"rendered":"http:\/\/dev.realoptions.net\/?page_id=1694"},"modified":"2025-12-16T22:06:38","modified_gmt":"2025-12-17T06:06:38","slug":"informacion-sobre-la-pildora-abortiva-san-jose-ca","status":"publish","type":"page","link":"https:\/\/realoptions.net\/es\/informacion-sobre-la-pildora-abortiva-san-jose-ca\/","title":{"rendered":"Informaci\u00f3n Sobre la P\u00edldora Abortiva San Jos\u00e9, CA"},"content":{"rendered":"<div id=\"pl-2175\" class=\"panel-layout\">\n<div id=\"pg-2175-0\" class=\"panel-grid panel-has-style\" data-style=\"{&quot;padding&quot;:&quot;0px 50px 0px 50px&quot;,&quot;background_image_attachment&quot;:false,&quot;background_display&quot;:&quot;tile&quot;,&quot;cell_alignment&quot;:&quot;flex-start&quot;}\">\n<div class=\"panel-row-style panel-row-style-for-2175-0\">\n<div id=\"pgc-2175-0-0\" class=\"panel-grid-cell\" data-weight=\"1\">\n<div id=\"panel-2175-0-0-0\" class=\"so-panel widget widget_sow-editor panel-first-child panel-last-child widgetopts-SO\" data-index=\"0\" data-style=\"{&quot;background_image_attachment&quot;:false,&quot;background_display&quot;:&quot;tile&quot;}\">\n<div class=\"so-widget-sow-editor so-widget-sow-editor-base\">\n<div class=\"siteorigin-widget-tinymce textwidget\">\n<p><span style=\"font-weight: 400;\">Seg\u00fan la<\/span><a href=\"https:\/\/www.fda.gov\/drugs\/postmarket-drug-safety-information-patients-and-providers\/questions-and-answers-mifepristone-medical-termination-pregnancy-through-ten-weeks-gestation\" data-wpel-link=\"external\" target=\"_blank\" rel=\"nofollow external noopener noreferrer\"> <span style=\"font-weight: 400;\">Administraci\u00f3n Federal de Drogas<\/span><\/a><span style=\"font-weight: 400;\"> (FDA), la p\u00edldora abortiva se puede usar hasta 10 semanas LMP (\u00faltimo per\u00edodo menstrual), sin embargo, su efectividad puede disminuir a medida que avanza el embarazo.<\/span><span style=\"font-weight: 400;\">1<\/span><\/p>\n<h3><b>Procedimiento<\/b><\/h3>\n<p><span style=\"font-weight: 400;\">El r\u00e9gimen aprobado por la FDA para Mifeprex (RU-486) es un proceso de dos visitas que usa dos medicamentos diferentes<\/span><\/p>\n<ul>\n<li style=\"font-weight: 400;\"><span style=\"font-weight: 400;\">La<\/span><a href=\"https:\/\/www.rxlist.com\/mifeprex-ru486-drug.htm\" data-wpel-link=\"external\" target=\"_blank\" rel=\"nofollow external noopener noreferrer\"> <span style=\"font-weight: 400;\">Mifepristona<\/span><\/a><span style=\"font-weight: 400;\"> se administra por v\u00eda oral durante la primera visita al consultorio. La mifepristona impide que la progesterona sostenga el embarazo.<\/span><span style=\"font-weight: 400;\">2<\/span><\/li>\n<li style=\"font-weight: 400;\"><span style=\"font-weight: 400;\">Las tabletas de misoprostol se administran por v\u00eda oral 48 horas despu\u00e9s. El misoprostol causar\u00e1 contracciones para expulsar al feto. Esto no ocurre en el consultorio m\u00e9dico y puede ocurrir dentro de unas pocas horas o hasta dos semanas despu\u00e9s de tomar misoprostol.<\/span><\/li>\n<li style=\"font-weight: 400;\"><span style=\"font-weight: 400;\">El proveedor de atenci\u00f3n m\u00e9dica realiza un examen f\u00edsico entre 7 y 14 d\u00edas despu\u00e9s para garantizar que el aborto se complete y que no haya complicaciones inmediatas. Un aborto incompleto podr\u00eda causar una enfermedad grave, as\u00ed que aseg\u00farese de hacer un seguimiento con su proveedor de atenci\u00f3n m\u00e9dica dentro de ese per\u00edodo de tiempo.<\/span><\/li>\n<\/ul>\n<h3><b>Riesgos y Efectos Secundarios<\/b><\/h3>\n<p><span style=\"font-weight: 400;\">No se recomienda para mujeres que tienen anemia, trastornos hemorr\u00e1gicos, enfermedad hep\u00e1tica o renal, trastorno convulsivo, enfermedad inflamatoria intestinal aguda, usan un dispositivo intrauterino (DIU) o no pueden regresar para la visita de seguimiento. Los riesgos y los efectos secundarios de tomar este medicamento pueden ser:<\/span><\/p>\n<ul>\n<li style=\"font-weight: 400;\"><span style=\"font-weight: 400;\">Calambres, n\u00e1useas, v\u00f3mitos, diarrea, sangrado abundante, infecci\u00f3n y, en casos raros, muerte.<\/span><\/li>\n<li style=\"font-weight: 400;\"><span style=\"font-weight: 400;\">En un peque\u00f1o porcentaje de embarazos, el procedimiento puede no tener \u00e9xito en la interrupci\u00f3n del embarazo. Este riesgo aumenta con la duraci\u00f3n de su embarazo.<\/span><\/li>\n<\/ul>\n<h3><b>Opci\u00f3n de Reversi\u00f3n<\/b><\/h3>\n<ul>\n<li style=\"font-weight: 400;\"><span style=\"font-weight: 400;\">Si ha tomado la primera dosis de la p\u00edldora y tiene dudas sobre su aborto en el este de San Jos\u00e9, puede ser posible<\/span><a href=\"https:\/\/abortionpillreversal.com\/abortion-pill-reversal\/overview\" data-wpel-link=\"external\" target=\"_blank\" rel=\"nofollow external noopener noreferrer\"> <span style=\"font-weight: 400;\">revertir<\/span><\/a><span style=\"font-weight: 400;\"> su aborto.<\/span><span style=\"font-weight: 400;\">3<\/span><span style=\"font-weight: 400;\"> Cada hora desde que su primera dosis de la p\u00edldora abortiva es importante, es importante llamar al L\u00ednea directa de reversi\u00f3n del aborto al 877-558-0333 o si est\u00e1 en una<\/span><a href=\"https:\/\/realoptions.net\/reproductive-healthcare\/womens-health\/abortion-pill-reversal\/\" data-wpel-link=\"external\" target=\"_blank\" rel=\"nofollow external noopener noreferrer\"> <span style=\"font-weight: 400;\">crisis de embarazo<\/span><\/a><span style=\"font-weight: 400;\"> debido a una p\u00edldora abortiva y necesita asesoramiento de enfermer\u00eda, env\u00ede un mensaje de texto (en cualquier momento 24\/7) o llame (6 am-9pm) al 408-622-9236.<\/span><\/li>\n<\/ul>\n<p><span style=\"font-weight: 400;\">Si est\u00e1 embarazada y est\u00e1 considerando abortar en el este de San Jos\u00e9,<\/span><a href=\"https:\/\/realoptions.net\" data-wpel-link=\"external\" target=\"_blank\" rel=\"nofollow external noopener noreferrer\"> <span style=\"font-weight: 400;\">RealOptions Obria Medical Clinics<\/span><\/a><span style=\"font-weight: 400;\"> quiere ayudarla a tomar una decisi\u00f3n informada que sea la mejor para su salud y bienestar. Brindamos atenci\u00f3n compasiva y confidencial; informaci\u00f3n m\u00e9dica sobre todas sus opciones; y apoyo sin prejuicios, sin importar lo que decida hacer sobre su embarazo. Nos especializamos en determinar si tiene un embarazo viable, educarla sobre todas sus opciones y responder sus preguntas. Tenga en cuenta que no somos proveedores de abortos, pero proporcionamos la evaluaci\u00f3n previa al aborto que necesita para tomar una decisi\u00f3n informada.<\/span><\/p>\n<h4><b>Menci\u00f3n<\/b><\/h4>\n<h4><span style=\"font-weight: 400;\">1 Federal Drug Administration (2019). <\/span><i><span style=\"font-weight: 400;\">Questions and Answers on Mifeprex<\/span><\/i><a href=\"https:\/\/www.fda.gov\/drugs\/postmarket-drug-safety-information-patients-and-providers\/questions-and-answers-mifepristone-medical-termination-pregnancy-through-ten-weeks-gestation\" data-wpel-link=\"external\" target=\"_blank\" rel=\"nofollow external noopener noreferrer\"> <i><span style=\"font-weight: 400;\">https:\/\/www.fda.gov\/drugs\/postmarket-drug-safety-information-patients-and-providers\/questions-and-answers-mifeprex<\/span><\/i><\/a><\/h4>\n<h4><b>2 <\/b><span style=\"font-weight: 400;\">RxList\u00a0 <\/span><i><span style=\"font-weight: 400;\">Mifeprex RU486<\/span><\/i><a href=\"https:\/\/www.rxlist.com\/mifeprex-ru486-drug.htm\" data-wpel-link=\"external\" target=\"_blank\" rel=\"nofollow external noopener noreferrer\"> <span style=\"font-weight: 400;\">https:\/\/www.rxlist.com\/mifeprex-ru486-drug.htm<\/span><\/a><\/h4>\n<h4><b>3<\/b><span style=\"font-weight: 400;\"> Abortion Pill Reversal (2020) <\/span><i><span style=\"font-weight: 400;\">Can the abortion pill be reveresed?<\/span><\/i><a href=\"https:\/\/abortionpillreversal.com\/abortion-pill-reversal\/overview\" data-wpel-link=\"external\" target=\"_blank\" rel=\"nofollow external noopener noreferrer\"> <span style=\"font-weight: 400;\">https:\/\/abortionpillreversal.com\/abortion-pill-reversal<\/span><\/a><\/h4>\n<p>Bienvenido a East San Jose: Oficialmente, la C<strong>iudad de San Jos\u00e9<\/strong> es el centro econ\u00f3mico, cultural y pol\u00edtico de <a href=\"https:\/\/en.wikipedia.org\/wiki\/Silicon_Valley\" data-wpel-link=\"external\" target=\"_blank\" rel=\"nofollow external noopener noreferrer\">Silicon Valley<\/a> y la ciudad m\u00e1s grande del <a href=\"https:\/\/en.wikipedia.org\/wiki\/Northern_California\" data-wpel-link=\"external\" target=\"_blank\" rel=\"nofollow external noopener noreferrer\">norte<\/a> de <a href=\"https:\/\/en.wikipedia.org\/wiki\/Northern_California\" data-wpel-link=\"external\" target=\"_blank\" rel=\"nofollow external noopener noreferrer\">California<\/a>. Con una poblaci\u00f3n estimada en 2015 de 1.026.908, es la <a href=\"https:\/\/en.wikipedia.org\/wiki\/List_of_largest_California_cities_by_population\" data-wpel-link=\"external\" target=\"_blank\" rel=\"nofollow external noopener noreferrer\">tercera ciudad m\u00e1s poblada<\/a> de California (despu\u00e9s de <a href=\"https:\/\/en.wikipedia.org\/wiki\/Los_Angeles\" data-wpel-link=\"external\" target=\"_blank\" rel=\"nofollow external noopener noreferrer\">Los \u00c1ngeles<\/a> y <a href=\"https:\/\/en.wikipedia.org\/wiki\/San_Diego\" data-wpel-link=\"external\" target=\"_blank\" rel=\"nofollow external noopener noreferrer\">San Diego<\/a>) y la <a href=\"https:\/\/en.wikipedia.org\/wiki\/List_of_United_States_cities_by_population\" data-wpel-link=\"external\" target=\"_blank\" rel=\"nofollow external noopener noreferrer\">d\u00e9cima m\u00e1s poblada de los Estados Unidos<\/a>. <a href=\"https:\/\/en.wikipedia.org\/wiki\/San_Jose,_California#cite_note-14\" data-wpel-link=\"external\" target=\"_blank\" rel=\"nofollow external noopener noreferrer\">[14]<\/a> Ubicado en el centro del <a href=\"https:\/\/en.wikipedia.org\/wiki\/Santa_Clara_Valley\" data-wpel-link=\"external\" target=\"_blank\" rel=\"nofollow external noopener noreferrer\">Valle de Santa Clara<\/a>, en la costa sur de la <a href=\"https:\/\/en.wikipedia.org\/wiki\/San_Francisco_Bay\" data-wpel-link=\"external\" target=\"_blank\" rel=\"nofollow external noopener noreferrer\">Bah\u00eda de San Francisco<\/a>. Las principales empresas tecnol\u00f3gicas mundiales, como <a href=\"https:\/\/en.wikipedia.org\/wiki\/Cisco_Systems\" data-wpel-link=\"external\" target=\"_blank\" rel=\"nofollow external noopener noreferrer\">Cisco Systems<\/a>, <a href=\"https:\/\/en.wikipedia.org\/wiki\/EBay\" data-wpel-link=\"external\" target=\"_blank\" rel=\"nofollow external noopener noreferrer\">eBay<\/a>, <a href=\"https:\/\/en.wikipedia.org\/wiki\/Adobe_Systems\" data-wpel-link=\"external\" target=\"_blank\" rel=\"nofollow external noopener noreferrer\">Adobe Systems<\/a>, <a href=\"https:\/\/en.wikipedia.org\/wiki\/PayPal\" data-wpel-link=\"external\" target=\"_blank\" rel=\"nofollow external noopener noreferrer\">PayPal<\/a>, <a href=\"https:\/\/en.wikipedia.org\/wiki\/PayPal\" data-wpel-link=\"external\" target=\"_blank\" rel=\"nofollow external noopener noreferrer\">Brocade<\/a>, <a href=\"https:\/\/en.wikipedia.org\/wiki\/Samsung\" data-wpel-link=\"external\" target=\"_blank\" rel=\"nofollow external noopener noreferrer\">Samsung<\/a>, <a href=\"https:\/\/en.wikipedia.org\/wiki\/Samsung\" data-wpel-link=\"external\" target=\"_blank\" rel=\"nofollow external noopener noreferrer\">Acer<\/a> y <a href=\"https:\/\/en.wikipedia.org\/wiki\/Samsung\" data-wpel-link=\"external\" target=\"_blank\" rel=\"nofollow external noopener noreferrer\">Western Digital<\/a>, mantienen sus oficinas centrales en San Jos\u00e9, en el centro de Silicon Valley.<\/p>\n<\/div>\n<\/div>\n<\/div>\n<\/div>\n<\/div>\n<\/div>\n<\/div>\n","protected":false},"excerpt":{"rendered":"<p>Seg\u00fan la Administraci\u00f3n Federal de Drogas (FDA), la p\u00edldora abortiva se puede usar hasta 10 semanas LMP (\u00faltimo per\u00edodo menstrual), sin embargo, su efectividad puede disminuir a medida que avanza el embarazo.1 Procedimiento El r\u00e9gimen<\/p>\n","protected":false},"author":11,"featured_media":0,"parent":0,"menu_order":0,"comment_status":"open","ping_status":"closed","template":"","meta":{"_acf_changed":false,"footnotes":"","_links_to":"","_links_to_target":""},"class_list":["post-2175","page","type-page","status-publish","hentry"],"acf":[],"yoast_head":"<!-- This site is optimized with the Yoast SEO plugin v27.3 - https:\/\/yoast.com\/product\/yoast-seo-wordpress\/ -->\n<title>Informaci\u00f3n Sobre la P\u00edldora Abortiva San Jose | Mifeprex (RU-486) | RealOptions<\/title>\n<meta name=\"description\" content=\"\u00bfConsiderando la p\u00edldora abortiva en San Jos\u00e9? Tome una decisi\u00f3n informada que sea mejor para su salud. Llame a RealOptions Obria.\" \/>\n<meta name=\"robots\" content=\"index, follow, max-snippet:-1, max-image-preview:large, max-video-preview:-1\" \/>\n<link rel=\"canonical\" href=\"https:\/\/realoptions.net\/es\/informacion-sobre-la-pildora-abortiva-san-jose-ca\/\" \/>\n<meta property=\"og:locale\" content=\"es_ES\" \/>\n<meta property=\"og:type\" content=\"article\" \/>\n<meta property=\"og:title\" content=\"Informaci\u00f3n Sobre la P\u00edldora Abortiva San Jose | Mifeprex (RU-486) | RealOptions\" \/>\n<meta property=\"og:description\" content=\"\u00bfConsiderando la p\u00edldora abortiva en San Jos\u00e9? Tome una decisi\u00f3n informada que sea mejor para su salud. Llame a RealOptions Obria.\" \/>\n<meta property=\"og:url\" content=\"https:\/\/realoptions.net\/es\/informacion-sobre-la-pildora-abortiva-san-jose-ca\/\" \/>\n<meta property=\"og:site_name\" content=\"RealOptions Obria Medical Clinic\" \/>\n<meta property=\"article:publisher\" content=\"https:\/\/www.facebook.com\/realoptions.centralsanjose\/\" \/>\n<meta property=\"article:modified_time\" content=\"2025-12-17T06:06:38+00:00\" \/>\n<meta name=\"twitter:card\" content=\"summary_large_image\" \/>\n<meta name=\"twitter:label1\" content=\"Tiempo de lectura\" \/>\n\t<meta name=\"twitter:data1\" content=\"3 minutos\" \/>\n<!-- \/ Yoast SEO plugin. -->","yoast_head_json":{"title":"Informaci\u00f3n Sobre la P\u00edldora Abortiva San Jose | Mifeprex (RU-486) | RealOptions","description":"\u00bfConsiderando la p\u00edldora abortiva en San Jos\u00e9? Tome una decisi\u00f3n informada que sea mejor para su salud. Llame a RealOptions Obria.","robots":{"index":"index","follow":"follow","max-snippet":"max-snippet:-1","max-image-preview":"max-image-preview:large","max-video-preview":"max-video-preview:-1"},"canonical":"https:\/\/realoptions.net\/es\/informacion-sobre-la-pildora-abortiva-san-jose-ca\/","og_locale":"es_ES","og_type":"article","og_title":"Informaci\u00f3n Sobre la P\u00edldora Abortiva San Jose | Mifeprex (RU-486) | RealOptions","og_description":"\u00bfConsiderando la p\u00edldora abortiva en San Jos\u00e9? Tome una decisi\u00f3n informada que sea mejor para su salud. Llame a RealOptions Obria.","og_url":"https:\/\/realoptions.net\/es\/informacion-sobre-la-pildora-abortiva-san-jose-ca\/","og_site_name":"RealOptions Obria Medical Clinic","article_publisher":"https:\/\/www.facebook.com\/realoptions.centralsanjose\/","article_modified_time":"2025-12-17T06:06:38+00:00","twitter_card":"summary_large_image","twitter_misc":{"Tiempo de lectura":"3 minutos"},"schema":{"@context":"https:\/\/schema.org","@graph":[{"@type":"WebPage","@id":"https:\/\/realoptions.net\/es\/informacion-sobre-la-pildora-abortiva-san-jose-ca\/","url":"https:\/\/realoptions.net\/es\/informacion-sobre-la-pildora-abortiva-san-jose-ca\/","name":"Informaci\u00f3n Sobre la P\u00edldora Abortiva San Jose | Mifeprex (RU-486) | RealOptions","isPartOf":{"@id":"https:\/\/realoptions.clmstaging.com\/#website"},"datePublished":"2024-05-29T12:38:30+00:00","dateModified":"2025-12-17T06:06:38+00:00","description":"\u00bfConsiderando la p\u00edldora abortiva en San Jos\u00e9? Tome una decisi\u00f3n informada que sea mejor para su salud. Llame a RealOptions Obria.","breadcrumb":{"@id":"https:\/\/realoptions.net\/es\/informacion-sobre-la-pildora-abortiva-san-jose-ca\/#breadcrumb"},"inLanguage":"es","potentialAction":[{"@type":"ReadAction","target":["https:\/\/realoptions.net\/es\/informacion-sobre-la-pildora-abortiva-san-jose-ca\/"]}]},{"@type":"BreadcrumbList","@id":"https:\/\/realoptions.net\/es\/informacion-sobre-la-pildora-abortiva-san-jose-ca\/#breadcrumb","itemListElement":[{"@type":"ListItem","position":1,"name":"Home","item":"https:\/\/realoptions.clmstaging.com\/es\/"},{"@type":"ListItem","position":2,"name":"Informaci\u00f3n Sobre la P\u00edldora Abortiva San Jos\u00e9, CA"}]},{"@type":"WebSite","@id":"https:\/\/realoptions.clmstaging.com\/#website","url":"https:\/\/realoptions.clmstaging.com\/","name":"RealOptions Obria Medical Clinic","description":"","publisher":{"@id":"https:\/\/realoptions.clmstaging.com\/#organization"},"potentialAction":[{"@type":"SearchAction","target":{"@type":"EntryPoint","urlTemplate":"https:\/\/realoptions.clmstaging.com\/?s={search_term_string}"},"query-input":{"@type":"PropertyValueSpecification","valueRequired":true,"valueName":"search_term_string"}}],"inLanguage":"es"},{"@type":"Organization","@id":"https:\/\/realoptions.clmstaging.com\/#organization","name":"Real Options Obria Medical Clinics","url":"https:\/\/realoptions.clmstaging.com\/","logo":{"@type":"ImageObject","inLanguage":"es","@id":"https:\/\/realoptions.clmstaging.com\/#\/schema\/logo\/image\/","url":"https:\/\/realoptions.net\/wp-content\/uploads\/2022\/04\/branding.webp","contentUrl":"https:\/\/realoptions.net\/wp-content\/uploads\/2022\/04\/branding.webp","width":450,"height":155,"caption":"Real Options Obria Medical Clinics"},"image":{"@id":"https:\/\/realoptions.clmstaging.com\/#\/schema\/logo\/image\/"},"sameAs":["https:\/\/www.facebook.com\/realoptions.centralsanjose\/"]}]}},"_links":{"self":[{"href":"https:\/\/realoptions.net\/es\/wp-json\/wp\/v2\/pages\/2175","targetHints":{"allow":["GET"]}}],"collection":[{"href":"https:\/\/realoptions.net\/es\/wp-json\/wp\/v2\/pages"}],"about":[{"href":"https:\/\/realoptions.net\/es\/wp-json\/wp\/v2\/types\/page"}],"author":[{"embeddable":true,"href":"https:\/\/realoptions.net\/es\/wp-json\/wp\/v2\/users\/11"}],"replies":[{"embeddable":true,"href":"https:\/\/realoptions.net\/es\/wp-json\/wp\/v2\/comments?post=2175"}],"version-history":[{"count":8,"href":"https:\/\/realoptions.net\/es\/wp-json\/wp\/v2\/pages\/2175\/revisions"}],"predecessor-version":[{"id":14708,"href":"https:\/\/realoptions.net\/es\/wp-json\/wp\/v2\/pages\/2175\/revisions\/14708"}],"wp:attachment":[{"href":"https:\/\/realoptions.net\/es\/wp-json\/wp\/v2\/media?parent=2175"}],"curies":[{"name":"wp","href":"https:\/\/api.w.org\/{rel}","templated":true}]}}