{"id":2151,"date":"2024-05-29T12:38:36","date_gmt":"2024-05-29T12:38:36","guid":{"rendered":"http:\/\/dev.realoptions.net\/?page_id=1567"},"modified":"2025-12-16T22:06:22","modified_gmt":"2025-12-17T06:06:22","slug":"apoyo-de-aborto-involuntario","status":"publish","type":"page","link":"https:\/\/realoptions.net\/es\/apoyo-de-aborto-involuntario\/","title":{"rendered":"Apoyo de Aborto Involuntario"},"content":{"rendered":"<div id=\"pl-2151\" class=\"panel-layout\">\n<div id=\"pg-2151-0\" class=\"panel-grid panel-has-style\" data-style=\"{&quot;padding&quot;:&quot;0px 50px 0px 50px&quot;,&quot;background_image_attachment&quot;:false,&quot;background_display&quot;:&quot;tile&quot;,&quot;cell_alignment&quot;:&quot;flex-start&quot;}\">\n<div class=\"panel-row-style panel-row-style-for-2151-0\">\n<div id=\"pgc-2151-0-0\" class=\"panel-grid-cell\" data-weight=\"1\">\n<div id=\"panel-2151-0-0-0\" class=\"so-panel widget widget_sow-editor panel-first-child panel-last-child widgetopts-SO\" data-index=\"0\" data-style=\"{&quot;background_image_attachment&quot;:false,&quot;background_display&quot;:&quot;tile&quot;}\">\n<div class=\"so-widget-sow-editor so-widget-sow-editor-base\">\n<div class=\"siteorigin-widget-tinymce textwidget\">\n<p>&nbsp;<\/p>\n<h2 class=\"content_header\">Ayuda Para la P\u00e9rdida del Embarazo<\/h2>\n<p>Es muy normal que uno se sienta emocionalmente angustiado o inestable despu\u00e9s de un aborto espont\u00e1neo. Lo m\u00e1s importante que debes saber es que no est\u00e1s solo en la experiencia. <a href=\"https:\/\/americanpregnancy.org\/getting-pregnant\/pregnancy-loss\/signs-of-miscarriage\/\" data-wpel-link=\"external\" target=\"_blank\" rel=\"nofollow external noopener noreferrer\">Se estima que 1 de cada 4 mujeres se ven afectadas por un aborto espont\u00e1neo<\/a>. Las mujeres pueden experimentar una monta\u00f1a rusa de emociones como entumecimiento, incredulidad, ira, culpa, tristeza, depresi\u00f3n y dificultad para concentrarse. Incluso si el embarazo termin\u00f3 muy temprano, la sensaci\u00f3n de v\u00ednculo entre una madre y su beb\u00e9 puede ser fuerte. Estos s\u00edntomas incluyen fatiga, problemas para dormir, dificultad para concentrarse, p\u00e9rdida de apetito y episodios frecuentes de llanto. Los cambios hormonales que ocurren despu\u00e9s de un aborto espont\u00e1neo pueden intensificar estos s\u00edntomas.<\/p>\n<p>Lamentablemente, el aborto involuntario puede afectar a cualquiera. Las mujeres a menudo se quedan con preguntas sin respuesta con respecto a su <a href=\"https:\/\/americanpregnancy.org\/getting-pregnant\/pregnancy-loss\/physical-recovery-after-miscarriage\/\" data-wpel-link=\"external\" target=\"_blank\" rel=\"nofollow external noopener noreferrer\">recuperaci\u00f3n f\u00edsica<\/a>, su <a href=\"https:\/\/americanpregnancy.org\/getting-pregnant\/pregnancy-loss\/miscarriage-surviving-emotionally\/\" data-wpel-link=\"external\" target=\"_blank\" rel=\"nofollow external noopener noreferrer\">recuperaci\u00f3n emocional<\/a> y tratando de concebir nuevamente. Es muy importante que las mujeres intenten mantener abiertas las l\u00edneas de comunicaci\u00f3n con familiares, amigos y proveedores de atenci\u00f3n m\u00e9dica durante este tiempo.<\/p>\n<p>RealOptions Obria Medical Clinics est\u00e1 trabajando con un programa de v\u00edas de curaci\u00f3n en l\u00ednea llamado <a href=\"https:\/\/miscarriagehurts.com\/en\/healing-pathways\" data-wpel-link=\"external\" target=\"_blank\" rel=\"nofollow external noopener noreferrer\">Aborto involuntario &#8230; Esperanza despu\u00e9s de una p\u00e9rdida<\/a>. Es un espacio confidencial que sirve como refugio para aquellos que desean comenzar el proceso de curaci\u00f3n. El proceso incluye generar apoyo, explorar emociones e identificar p\u00e9rdidas. Esta v\u00eda es un punto de partida para la reflexi\u00f3n y la curaci\u00f3n sobre el impacto personal de la p\u00e9rdida del embarazo. Cada persona procesa de manera diferente Le recomendamos que explore este sitio. (Ingl\u00e9s miscarriagehurts.com\/ | Espa\u00f1ol perdidadelembarazo.com\/)<\/p>\n<p>Si se siente abrumado o necesita apoyo local, busque un consejero en su \u00e1rea o cont\u00e1ctenos en una de nuestras tres ubicaciones para ayudarlo.<\/p>\n<p><strong>Este sitio no es un sitio de asesoramiento profesional, ni pretende reemplazar el asesoramiento profesional. A veces, una experiencia de aborto involuntario puede crear emociones intensas con las que es posible que no te sientas equipado para lidiar solo. Utilice el localizador Buscar ayuda para acceder a recursos de soporte nacionales y locales. Llame a la L\u00ednea Nacional de Prevenci\u00f3n del Suicidio al 1-800-273-TALK (1-800-273-8255) si est\u00e1 pensando o planea lastimarse.<\/strong><\/p>\n<\/div>\n<\/div>\n<\/div>\n<\/div>\n<\/div>\n<\/div>\n<\/div>\n","protected":false},"excerpt":{"rendered":"<p>&nbsp; Ayuda Para la P\u00e9rdida del Embarazo Es muy normal que uno se sienta emocionalmente angustiado o inestable despu\u00e9s de un aborto espont\u00e1neo. Lo m\u00e1s importante que debes saber es que no est\u00e1s solo en<\/p>\n","protected":false},"author":11,"featured_media":0,"parent":0,"menu_order":0,"comment_status":"open","ping_status":"closed","template":"","meta":{"_acf_changed":false,"footnotes":"","_links_to":"","_links_to_target":""},"class_list":["post-2151","page","type-page","status-publish","hentry"],"acf":[],"yoast_head":"<!-- This site is optimized with the Yoast SEO plugin v27.5 - https:\/\/yoast.com\/product\/yoast-seo-wordpress\/ -->\n<title>Apoyo por p\u00e9rdida de embarazo y aborto espont\u00e1neo | San Jose-Union City | RealOptions Obria<\/title>\n<meta name=\"description\" content=\"\u00bfHa sufrido un aborto espont\u00e1neo? \u00bfPensamientos y emociones experimentados que son dif\u00edciles de procesar? Estamos aqu\u00ed para usted con cl\u00ednicas en East San Jose, Central San Jose o Union City. \u00a1No estas solo!\" \/>\n<meta name=\"robots\" content=\"index, follow, max-snippet:-1, max-image-preview:large, max-video-preview:-1\" \/>\n<link rel=\"canonical\" href=\"https:\/\/realoptions.net\/es\/apoyo-de-aborto-involuntario\/\" \/>\n<meta property=\"og:locale\" content=\"es_ES\" \/>\n<meta property=\"og:type\" content=\"article\" \/>\n<meta property=\"og:title\" content=\"Apoyo por p\u00e9rdida de embarazo y aborto espont\u00e1neo | San Jose-Union City | RealOptions Obria\" \/>\n<meta property=\"og:description\" content=\"\u00bfHa sufrido un aborto espont\u00e1neo? \u00bfPensamientos y emociones experimentados que son dif\u00edciles de procesar? Estamos aqu\u00ed para usted con cl\u00ednicas en East San Jose, Central San Jose o Union City. \u00a1No estas solo!\" \/>\n<meta property=\"og:url\" content=\"https:\/\/realoptions.net\/es\/apoyo-de-aborto-involuntario\/\" \/>\n<meta property=\"og:site_name\" content=\"RealOptions Obria Medical Clinic\" \/>\n<meta property=\"article:publisher\" content=\"https:\/\/www.facebook.com\/realoptions.centralsanjose\/\" \/>\n<meta property=\"article:modified_time\" content=\"2025-12-17T06:06:22+00:00\" \/>\n<meta name=\"twitter:card\" content=\"summary_large_image\" \/>\n<meta name=\"twitter:label1\" content=\"Tiempo de lectura\" \/>\n\t<meta name=\"twitter:data1\" content=\"2 minutos\" \/>\n<!-- \/ Yoast SEO plugin. -->","yoast_head_json":{"title":"Apoyo por p\u00e9rdida de embarazo y aborto espont\u00e1neo | San Jose-Union City | RealOptions Obria","description":"\u00bfHa sufrido un aborto espont\u00e1neo? \u00bfPensamientos y emociones experimentados que son dif\u00edciles de procesar? Estamos aqu\u00ed para usted con cl\u00ednicas en East San Jose, Central San Jose o Union City. \u00a1No estas solo!","robots":{"index":"index","follow":"follow","max-snippet":"max-snippet:-1","max-image-preview":"max-image-preview:large","max-video-preview":"max-video-preview:-1"},"canonical":"https:\/\/realoptions.net\/es\/apoyo-de-aborto-involuntario\/","og_locale":"es_ES","og_type":"article","og_title":"Apoyo por p\u00e9rdida de embarazo y aborto espont\u00e1neo | San Jose-Union City | RealOptions Obria","og_description":"\u00bfHa sufrido un aborto espont\u00e1neo? \u00bfPensamientos y emociones experimentados que son dif\u00edciles de procesar? Estamos aqu\u00ed para usted con cl\u00ednicas en East San Jose, Central San Jose o Union City. \u00a1No estas solo!","og_url":"https:\/\/realoptions.net\/es\/apoyo-de-aborto-involuntario\/","og_site_name":"RealOptions Obria Medical Clinic","article_publisher":"https:\/\/www.facebook.com\/realoptions.centralsanjose\/","article_modified_time":"2025-12-17T06:06:22+00:00","twitter_card":"summary_large_image","twitter_misc":{"Tiempo de lectura":"2 minutos"},"schema":{"@context":"https:\/\/schema.org","@graph":[{"@type":"WebPage","@id":"https:\/\/realoptions.net\/es\/apoyo-de-aborto-involuntario\/","url":"https:\/\/realoptions.net\/es\/apoyo-de-aborto-involuntario\/","name":"Apoyo por p\u00e9rdida de embarazo y aborto espont\u00e1neo | San Jose-Union City | RealOptions Obria","isPartOf":{"@id":"https:\/\/realoptions.net\/es\/#website"},"datePublished":"2024-05-29T12:38:36+00:00","dateModified":"2025-12-17T06:06:22+00:00","description":"\u00bfHa sufrido un aborto espont\u00e1neo? \u00bfPensamientos y emociones experimentados que son dif\u00edciles de procesar? Estamos aqu\u00ed para usted con cl\u00ednicas en East San Jose, Central San Jose o Union City. \u00a1No estas solo!","breadcrumb":{"@id":"https:\/\/realoptions.net\/es\/apoyo-de-aborto-involuntario\/#breadcrumb"},"inLanguage":"es","potentialAction":[{"@type":"ReadAction","target":["https:\/\/realoptions.net\/es\/apoyo-de-aborto-involuntario\/"]}]},{"@type":"BreadcrumbList","@id":"https:\/\/realoptions.net\/es\/apoyo-de-aborto-involuntario\/#breadcrumb","itemListElement":[{"@type":"ListItem","position":1,"name":"Home","item":"https:\/\/realoptions.net\/es\/"},{"@type":"ListItem","position":2,"name":"Apoyo de Aborto Involuntario"}]},{"@type":"WebSite","@id":"https:\/\/realoptions.net\/es\/#website","url":"https:\/\/realoptions.net\/es\/","name":"RealOptions Obria Medical Clinic","description":"","publisher":{"@id":"https:\/\/realoptions.net\/es\/#organization"},"potentialAction":[{"@type":"SearchAction","target":{"@type":"EntryPoint","urlTemplate":"https:\/\/realoptions.net\/es\/?s={search_term_string}"},"query-input":{"@type":"PropertyValueSpecification","valueRequired":true,"valueName":"search_term_string"}}],"inLanguage":"es"},{"@type":"Organization","@id":"https:\/\/realoptions.net\/es\/#organization","name":"Real Options Obria Medical Clinics","url":"https:\/\/realoptions.net\/es\/","logo":{"@type":"ImageObject","inLanguage":"es","@id":"https:\/\/realoptions.net\/es\/#\/schema\/logo\/image\/","url":"https:\/\/realoptions.net\/wp-content\/uploads\/2022\/04\/branding.webp","contentUrl":"https:\/\/realoptions.net\/wp-content\/uploads\/2022\/04\/branding.webp","width":450,"height":155,"caption":"Real Options Obria Medical Clinics"},"image":{"@id":"https:\/\/realoptions.net\/es\/#\/schema\/logo\/image\/"},"sameAs":["https:\/\/www.facebook.com\/realoptions.centralsanjose\/"]}]}},"_links":{"self":[{"href":"https:\/\/realoptions.net\/es\/wp-json\/wp\/v2\/pages\/2151","targetHints":{"allow":["GET"]}}],"collection":[{"href":"https:\/\/realoptions.net\/es\/wp-json\/wp\/v2\/pages"}],"about":[{"href":"https:\/\/realoptions.net\/es\/wp-json\/wp\/v2\/types\/page"}],"author":[{"embeddable":true,"href":"https:\/\/realoptions.net\/es\/wp-json\/wp\/v2\/users\/11"}],"replies":[{"embeddable":true,"href":"https:\/\/realoptions.net\/es\/wp-json\/wp\/v2\/comments?post=2151"}],"version-history":[{"count":7,"href":"https:\/\/realoptions.net\/es\/wp-json\/wp\/v2\/pages\/2151\/revisions"}],"predecessor-version":[{"id":14645,"href":"https:\/\/realoptions.net\/es\/wp-json\/wp\/v2\/pages\/2151\/revisions\/14645"}],"wp:attachment":[{"href":"https:\/\/realoptions.net\/es\/wp-json\/wp\/v2\/media?parent=2151"}],"curies":[{"name":"wp","href":"https:\/\/api.w.org\/{rel}","templated":true}]}}