{"id":1528,"date":"2024-05-29T12:38:26","date_gmt":"2024-05-29T12:38:26","guid":{"rendered":"http:\/\/dev.realoptions.net\/?page_id=1528"},"modified":"2025-12-16T22:06:37","modified_gmt":"2025-12-17T06:06:37","slug":"salud-sexual","status":"publish","type":"page","link":"https:\/\/realoptions.net\/es\/salud-sexual\/","title":{"rendered":"Salud Sexual"},"content":{"rendered":"<div id=\"pl-1528\" class=\"panel-layout\">\n<div id=\"pg-1528-0\" class=\"panel-grid panel-has-style\" data-style=\"{&quot;padding&quot;:&quot;0px 50px 0px 50px&quot;,&quot;background_image_attachment&quot;:false,&quot;background_display&quot;:&quot;tile&quot;,&quot;cell_alignment&quot;:&quot;flex-start&quot;}\">\n<div class=\"panel-row-style panel-row-style-for-1528-0\">\n<div id=\"pgc-1528-0-0\" class=\"panel-grid-cell\" data-weight=\"1\">\n<div id=\"panel-1528-0-0-0\" class=\"so-panel widget widget_sow-editor panel-first-child panel-last-child widgetopts-SO\" data-index=\"0\" data-style=\"{&quot;background_image_attachment&quot;:false,&quot;background_display&quot;:&quot;tile&quot;}\">\n<div class=\"so-widget-sow-editor so-widget-sow-editor-base\">\n<div class=\"siteorigin-widget-tinymce textwidget\">\n<p>RealOptions ofrece pruebas m\u00e9dicas, diagn\u00f3stico y tratamiento de ETS e ITS para aquellos que son sexualmente activos y desean realizar pruebas.<\/p>\n<p>Las enfermedades de transmisi\u00f3n sexual (ETS) son causadas por infecciones que se transmiten de una persona a otra durante el contacto sexual; es decir, el contacto con genitales y \u00e1reas circundantes, fluidos corporales o membranas mucosas como la boca. Estas infecciones a menudo no causan ning\u00fan s\u00edntoma observable. M\u00e9dicamente, las infecciones solo se llaman enfermedades cuando causan s\u00edntomas. Es por eso que las ETS tambi\u00e9n se denominan &#8220;infecciones de transmisi\u00f3n sexual&#8221;. Pero es muy com\u00fan que las personas usen los t\u00e9rminos &#8220;enfermedades de transmisi\u00f3n sexual&#8221; o &#8220;ETS&#8221;, incluso cuando no hay signos de enfermedad.<\/p>\n<p>Hay muchos tipos de enfermedades e infecciones de transmisi\u00f3n sexual.<\/p>\n<p>Datos r\u00e1pidos sobre las ETS<\/p>\n<ul>\n<li style=\"font-weight: 400;\">Puede contraer una ITS la primera vez que tiene sexo vaginal, anal u oral.<\/li>\n<li style=\"font-weight: 400;\">Algunas ITS no tienen cura, mientras que otras pueden tratarse con medicamentos.<\/li>\n<li style=\"font-weight: 400;\">La mayor\u00eda de las personas infectadas con una ETS no son conscientes a menos que se realicen pruebas.<\/li>\n<li style=\"font-weight: 400;\">Puede contraer una ETS de alguien que no sabe que est\u00e1 infectado.<\/li>\n<li style=\"font-weight: 400;\">No se puede saber qui\u00e9n tiene una ETS al mirarla.<\/li>\n<li style=\"font-weight: 400;\">Algunas ETS se pueden transmitir a un beb\u00e9 durante el embarazo o el parto.<\/li>\n<li style=\"font-weight: 400;\">Para las mujeres, las ITS no tratadas, incluso si son asintom\u00e1ticas, pueden conducir a un trastorno inflamatorio p\u00e9lvico, infertilidad o complicaciones del embarazo.<\/li>\n<li style=\"font-weight: 400;\">Usted tiene m\u00e1s riesgo de contraer una ITS si:\n<ul>\n<li>Es una mujer<br \/>\nO<\/li>\n<li>Entre las edades de 15 y 24 a\u00f1os.<\/li>\n<\/ul>\n<\/li>\n<\/ul>\n<ul>\n<li style=\"font-weight: 400;\">Si est\u00e1 embarazada y est\u00e1 considerando un aborto, es importante hacerse la prueba primero para detectar ETS.\n<ul>\n<li style=\"font-weight: 400;\">Durante un procedimiento de aborto, las c\u00e9lulas infectadas con clamidia o gonorrea pueden viajar desde el cuello uterino hasta el \u00fatero. Cuando la infecci\u00f3n viaja y no se trata, tiene un mayor riesgo de desarrollar una infecci\u00f3n secundaria llamada enfermedad inflamatoria p\u00e9lvica. La EPI puede tener graves consecuencias, como infertilidad, embarazo ect\u00f3pico, formaci\u00f3n de abscesos y dolor p\u00e9lvico cr\u00f3nico.<\/li>\n<li style=\"font-weight: 400;\">Para obtener m\u00e1s informaci\u00f3n sobre el aborto, visite <a href=\"https:\/\/realoptions.net\/es\/aborto-central-san-jose\/\" data-wpel-link=\"internal\">https:\/\/realoptions.net\/es\/aborto\/<\/a><\/li>\n<\/ul>\n<\/li>\n<\/ul>\n<h2>ETS Comunes<\/h2>\n<\/div>\n<\/div>\n<\/div>\n<\/div>\n<\/div>\n<\/div>\n<\/div>\n","protected":false},"excerpt":{"rendered":"<p>RealOptions ofrece pruebas m\u00e9dicas, diagn\u00f3stico y tratamiento de ETS e ITS para aquellos que son sexualmente activos y desean realizar pruebas. Las enfermedades de transmisi\u00f3n sexual (ETS) son causadas por infecciones que se transmiten de<\/p>\n","protected":false},"author":11,"featured_media":0,"parent":0,"menu_order":0,"comment_status":"open","ping_status":"closed","template":"","meta":{"_acf_changed":false,"footnotes":"","_links_to":"","_links_to_target":""},"class_list":["post-1528","page","type-page","status-publish","hentry"],"acf":[],"yoast_head":"<!-- This site is optimized with the Yoast SEO plugin v27.3 - https:\/\/yoast.com\/product\/yoast-seo-wordpress\/ -->\n<title>Sex Education Programming For Students in Schools | San Jose-Union City | RealOptions Obria<\/title>\n<meta name=\"description\" content=\"RealOptions Obria Medical Clinics provides responsible factual sex education in schools to teens for self-respect, avoidance, health and factual medical information to make healthy choices to students and for teachers in the East San Jose, Central San Jose, and Union City areas.\" \/>\n<meta name=\"robots\" content=\"index, follow, max-snippet:-1, max-image-preview:large, max-video-preview:-1\" \/>\n<link rel=\"canonical\" href=\"https:\/\/realoptions.net\/es\/salud-sexual\/\" \/>\n<meta property=\"og:locale\" content=\"es_ES\" \/>\n<meta property=\"og:type\" content=\"article\" \/>\n<meta property=\"og:title\" content=\"Sex Education Programming For Students in Schools | San Jose-Union City | RealOptions Obria\" \/>\n<meta property=\"og:description\" content=\"RealOptions Obria Medical Clinics provides responsible factual sex education in schools to teens for self-respect, avoidance, health and factual medical information to make healthy choices to students and for teachers in the East San Jose, Central San Jose, and Union City areas.\" \/>\n<meta property=\"og:url\" content=\"https:\/\/realoptions.net\/es\/salud-sexual\/\" \/>\n<meta property=\"og:site_name\" content=\"RealOptions Obria Medical Clinic\" \/>\n<meta property=\"article:publisher\" content=\"https:\/\/www.facebook.com\/realoptions.centralsanjose\/\" \/>\n<meta property=\"article:modified_time\" content=\"2025-12-17T06:06:37+00:00\" \/>\n<meta name=\"twitter:card\" content=\"summary_large_image\" \/>\n<meta name=\"twitter:label1\" content=\"Tiempo de lectura\" \/>\n\t<meta name=\"twitter:data1\" content=\"2 minutos\" \/>\n<!-- \/ Yoast SEO plugin. -->","yoast_head_json":{"title":"Sex Education Programming For Students in Schools | San Jose-Union City | RealOptions Obria","description":"RealOptions Obria Medical Clinics provides responsible factual sex education in schools to teens for self-respect, avoidance, health and factual medical information to make healthy choices to students and for teachers in the East San Jose, Central San Jose, and Union City areas.","robots":{"index":"index","follow":"follow","max-snippet":"max-snippet:-1","max-image-preview":"max-image-preview:large","max-video-preview":"max-video-preview:-1"},"canonical":"https:\/\/realoptions.net\/es\/salud-sexual\/","og_locale":"es_ES","og_type":"article","og_title":"Sex Education Programming For Students in Schools | San Jose-Union City | RealOptions Obria","og_description":"RealOptions Obria Medical Clinics provides responsible factual sex education in schools to teens for self-respect, avoidance, health and factual medical information to make healthy choices to students and for teachers in the East San Jose, Central San Jose, and Union City areas.","og_url":"https:\/\/realoptions.net\/es\/salud-sexual\/","og_site_name":"RealOptions Obria Medical Clinic","article_publisher":"https:\/\/www.facebook.com\/realoptions.centralsanjose\/","article_modified_time":"2025-12-17T06:06:37+00:00","twitter_card":"summary_large_image","twitter_misc":{"Tiempo de lectura":"2 minutos"},"schema":{"@context":"https:\/\/schema.org","@graph":[{"@type":"WebPage","@id":"https:\/\/realoptions.net\/es\/salud-sexual\/","url":"https:\/\/realoptions.net\/es\/salud-sexual\/","name":"Sex Education Programming For Students in Schools | San Jose-Union City | RealOptions Obria","isPartOf":{"@id":"https:\/\/realoptions.net\/es\/#website"},"datePublished":"2024-05-29T12:38:26+00:00","dateModified":"2025-12-17T06:06:37+00:00","description":"RealOptions Obria Medical Clinics provides responsible factual sex education in schools to teens for self-respect, avoidance, health and factual medical information to make healthy choices to students and for teachers in the East San Jose, Central San Jose, and Union City areas.","breadcrumb":{"@id":"https:\/\/realoptions.net\/es\/salud-sexual\/#breadcrumb"},"inLanguage":"es","potentialAction":[{"@type":"ReadAction","target":["https:\/\/realoptions.net\/es\/salud-sexual\/"]}]},{"@type":"BreadcrumbList","@id":"https:\/\/realoptions.net\/es\/salud-sexual\/#breadcrumb","itemListElement":[{"@type":"ListItem","position":1,"name":"Home","item":"https:\/\/realoptions.net\/es\/"},{"@type":"ListItem","position":2,"name":"Salud Sexual"}]},{"@type":"WebSite","@id":"https:\/\/realoptions.net\/es\/#website","url":"https:\/\/realoptions.net\/es\/","name":"RealOptions Obria Medical Clinic","description":"","publisher":{"@id":"https:\/\/realoptions.net\/es\/#organization"},"potentialAction":[{"@type":"SearchAction","target":{"@type":"EntryPoint","urlTemplate":"https:\/\/realoptions.net\/es\/?s={search_term_string}"},"query-input":{"@type":"PropertyValueSpecification","valueRequired":true,"valueName":"search_term_string"}}],"inLanguage":"es"},{"@type":"Organization","@id":"https:\/\/realoptions.net\/es\/#organization","name":"Real Options Obria Medical Clinics","url":"https:\/\/realoptions.net\/es\/","logo":{"@type":"ImageObject","inLanguage":"es","@id":"https:\/\/realoptions.net\/es\/#\/schema\/logo\/image\/","url":"https:\/\/realoptions.net\/wp-content\/uploads\/2022\/04\/branding.webp","contentUrl":"https:\/\/realoptions.net\/wp-content\/uploads\/2022\/04\/branding.webp","width":450,"height":155,"caption":"Real Options Obria Medical Clinics"},"image":{"@id":"https:\/\/realoptions.net\/es\/#\/schema\/logo\/image\/"},"sameAs":["https:\/\/www.facebook.com\/realoptions.centralsanjose\/"]}]}},"_links":{"self":[{"href":"https:\/\/realoptions.net\/es\/wp-json\/wp\/v2\/pages\/1528","targetHints":{"allow":["GET"]}}],"collection":[{"href":"https:\/\/realoptions.net\/es\/wp-json\/wp\/v2\/pages"}],"about":[{"href":"https:\/\/realoptions.net\/es\/wp-json\/wp\/v2\/types\/page"}],"author":[{"embeddable":true,"href":"https:\/\/realoptions.net\/es\/wp-json\/wp\/v2\/users\/11"}],"replies":[{"embeddable":true,"href":"https:\/\/realoptions.net\/es\/wp-json\/wp\/v2\/comments?post=1528"}],"version-history":[{"count":11,"href":"https:\/\/realoptions.net\/es\/wp-json\/wp\/v2\/pages\/1528\/revisions"}],"predecessor-version":[{"id":14706,"href":"https:\/\/realoptions.net\/es\/wp-json\/wp\/v2\/pages\/1528\/revisions\/14706"}],"wp:attachment":[{"href":"https:\/\/realoptions.net\/es\/wp-json\/wp\/v2\/media?parent=1528"}],"curies":[{"name":"wp","href":"https:\/\/api.w.org\/{rel}","templated":true}]}}