{"id":1522,"date":"2024-05-29T12:38:30","date_gmt":"2024-05-29T12:38:30","guid":{"rendered":"http:\/\/dev.realoptions.net\/?page_id=1522"},"modified":"2025-12-16T22:06:21","modified_gmt":"2025-12-17T06:06:21","slug":"informacion-aborto","status":"publish","type":"page","link":"https:\/\/realoptions.net\/es\/informacion-aborto\/","title":{"rendered":"Informaci\u00f3n sobre el Aborto"},"content":{"rendered":"<div id=\"pl-1522\" class=\"panel-layout\">\n<div id=\"pg-1522-0\" class=\"panel-grid panel-no-style\">\n<div id=\"pgc-1522-0-0\" class=\"panel-grid-cell\" data-weight=\"1\">\n<div id=\"panel-1522-0-0-0\" class=\"so-panel widget widget_sow-editor panel-first-child panel-last-child widgetopts-SO\" data-index=\"0\" data-style=\"{&quot;padding&quot;:&quot;0px 50px 0px 50px&quot;,&quot;background_image_attachment&quot;:false,&quot;background_display&quot;:&quot;tile&quot;}\">\n<div class=\"panel-widget-style panel-widget-style-for-1522-0-0-0\">\n<div class=\"so-widget-sow-editor so-widget-sow-editor-base\">\n<div class=\"siteorigin-widget-tinymce textwidget\">\n<h3 class=\"content_header\">Los Hechos<\/h3>\n<p>Nuestros entrenadores de\u00a0salud \u00f3ptimos certificados\u00a0y el personal de enfermer\u00eda est\u00e1n disponibles para discutir con usted cualquier pregunta que pueda tener con respecto a tener un aborto, las barreras para continuar un embarazo, as\u00ed como los procedimientos de aborto y los riesgos asociados con el aborto.<\/p>\n<p>Hay medicamentos y procedimientos de aborto quir\u00fargico. El tipo de procedimiento de aborto depender\u00e1 de qu\u00e9 tan avanzado est\u00e9 su embarazo y qu\u00e9 ofrece el proveedor que elija.<\/p>\n<p>Es importante que determine qu\u00e9 es lo mejor para usted, ahora y en el futuro. Tiene derecho a obtener todos los hechos.<\/p>\n<p>Brindamos\u00a0<a href=\"https:\/\/obria.org\/abortion\/\" target=\"_blank\" rel=\"noopener nofollow external noreferrer\" data-wpel-link=\"external\">ex\u00e1menes de detecci\u00f3n previos al aborto<\/a>\u00a0y\u00a0<a href=\"https:\/\/realoptions.net\/es\/consultas-sobre-opciones-de-embarazo\/\" data-wpel-link=\"internal\">consultas sobre opciones de embarazo<\/a>, pero no referimos ni realizamos abortos en nuestras cl\u00ednicas. \u200b<\/p>\n<p>Estamos aqu\u00ed para ayudarlo a comprender todas sus opciones para que pueda tomar una decisi\u00f3n informada. Es su embarazo, su derecho a saber y su decisi\u00f3n. Llame o\u00a0<a href=\"https:\/\/api.leadconnectorhq.com\/widget\/survey\/e4IR6RquMy1IKaiKIamb\" data-wpel-link=\"external\" target=\"_blank\" rel=\"nofollow external noopener noreferrer\">programe una cita<\/a>\u00a0en RealOptions Obria Medical Clinics.\u200b<\/p>\n<h3>Procedimientos de Aborto<\/h3>\n<p>Durante un procedimiento de aborto, las c\u00e9lulas infectadas con clamidia o gonorrea pueden viajar desde el cuello uterino hasta el \u00fatero. Cuando la infecci\u00f3n viaja y no se trata, corre un mayor riesgo de desarrollar una infecci\u00f3n secundaria llamada enfermedad inflamatoria p\u00e9lvica. La EPI puede tener consecuencias graves, como infertilidad, embarazo ect\u00f3pico, formaci\u00f3n de abscesos y dolor p\u00e9lvico cr\u00f3nico. (Referencia 5)<\/p>\n<p>Para evitar complicaciones m\u00e9dicas, haga que sea una prioridad hacerse ex\u00e1menes de detecci\u00f3n y recibir tratamiento para las infecciones de transmisi\u00f3n sexual antes de un procedimiento de aborto. Tomar antibi\u00f3ticos reducir\u00e1 en gran medida el riesgo de complicaciones por la infecci\u00f3n. RealOptions proporciona pruebas y tratamiento de ETS, y le recetar\u00e1 un tratamiento con antibi\u00f3ticos si obtiene un resultado positivo para la gonorrea o la clamidia.<\/p>\n<p>Mire aqu\u00ed para obtener m\u00e1s informaci\u00f3n sobre las\u00a0<a href=\"https:\/\/realoptions.net\/accordions\/sexual-health\/\" data-wpel-link=\"external\" target=\"_blank\" rel=\"nofollow external noopener noreferrer\">ETS<\/a>\u00a0y las\u00a0<a href=\"https:\/\/realoptions.net\/reproductive-healthcare\/womens-health\/std-testing-treatment\/\" data-wpel-link=\"external\" target=\"_blank\" rel=\"nofollow external noopener noreferrer\">pruebas de ETS<\/a>.<\/p>\n<\/div>\n<\/div>\n<\/div>\n<\/div>\n<\/div>\n<\/div>\n<\/div>\n","protected":false},"excerpt":{"rendered":"<p>Los Hechos Nuestros entrenadores de\u00a0salud \u00f3ptimos certificados\u00a0y el personal de enfermer\u00eda est\u00e1n disponibles para discutir con usted cualquier pregunta que pueda tener con respecto a tener un aborto, las barreras para continuar un embarazo, as\u00ed<\/p>\n","protected":false},"author":11,"featured_media":0,"parent":0,"menu_order":0,"comment_status":"open","ping_status":"closed","template":"","meta":{"_acf_changed":false,"footnotes":"","_links_to":"","_links_to_target":""},"class_list":["post-1522","page","type-page","status-publish","hentry"],"acf":[],"yoast_head":"<!-- This site is optimized with the Yoast SEO plugin v27.4 - https:\/\/yoast.com\/product\/yoast-seo-wordpress\/ -->\n<title>Abortos Info San Jose-Union City | RealOptions Obria<\/title>\n<meta name=\"description\" content=\"Si busca una cl\u00ednica de abortos en el este de San Jos\u00e9, el centro de San Jos\u00e9 o en Union City, \u00a1llame hoy mismo!\" \/>\n<meta name=\"robots\" content=\"index, follow, max-snippet:-1, max-image-preview:large, max-video-preview:-1\" \/>\n<link rel=\"canonical\" href=\"https:\/\/realoptions.net\/es\/informacion-aborto\/\" \/>\n<meta property=\"og:locale\" content=\"es_ES\" \/>\n<meta property=\"og:type\" content=\"article\" \/>\n<meta property=\"og:title\" content=\"Abortos Info San Jose-Union City | RealOptions Obria\" \/>\n<meta property=\"og:description\" content=\"Si busca una cl\u00ednica de abortos en el este de San Jos\u00e9, el centro de San Jos\u00e9 o en Union City, \u00a1llame hoy mismo!\" \/>\n<meta property=\"og:url\" content=\"https:\/\/realoptions.net\/es\/informacion-aborto\/\" \/>\n<meta property=\"og:site_name\" content=\"RealOptions Obria Medical Clinic\" \/>\n<meta property=\"article:publisher\" content=\"https:\/\/www.facebook.com\/realoptions.centralsanjose\/\" \/>\n<meta property=\"article:modified_time\" content=\"2025-12-17T06:06:21+00:00\" \/>\n<meta name=\"twitter:card\" content=\"summary_large_image\" \/>\n<meta name=\"twitter:label1\" content=\"Tiempo de lectura\" \/>\n\t<meta name=\"twitter:data1\" content=\"2 minutos\" \/>\n<!-- \/ Yoast SEO plugin. -->","yoast_head_json":{"title":"Abortos Info San Jose-Union City | RealOptions Obria","description":"Si busca una cl\u00ednica de abortos en el este de San Jos\u00e9, el centro de San Jos\u00e9 o en Union City, \u00a1llame hoy mismo!","robots":{"index":"index","follow":"follow","max-snippet":"max-snippet:-1","max-image-preview":"max-image-preview:large","max-video-preview":"max-video-preview:-1"},"canonical":"https:\/\/realoptions.net\/es\/informacion-aborto\/","og_locale":"es_ES","og_type":"article","og_title":"Abortos Info San Jose-Union City | RealOptions Obria","og_description":"Si busca una cl\u00ednica de abortos en el este de San Jos\u00e9, el centro de San Jos\u00e9 o en Union City, \u00a1llame hoy mismo!","og_url":"https:\/\/realoptions.net\/es\/informacion-aborto\/","og_site_name":"RealOptions Obria Medical Clinic","article_publisher":"https:\/\/www.facebook.com\/realoptions.centralsanjose\/","article_modified_time":"2025-12-17T06:06:21+00:00","twitter_card":"summary_large_image","twitter_misc":{"Tiempo de lectura":"2 minutos"},"schema":{"@context":"https:\/\/schema.org","@graph":[{"@type":"WebPage","@id":"https:\/\/realoptions.net\/es\/informacion-aborto\/","url":"https:\/\/realoptions.net\/es\/informacion-aborto\/","name":"Abortos Info San Jose-Union City | RealOptions Obria","isPartOf":{"@id":"https:\/\/realoptions.net\/es\/#website"},"datePublished":"2024-05-29T12:38:30+00:00","dateModified":"2025-12-17T06:06:21+00:00","description":"Si busca una cl\u00ednica de abortos en el este de San Jos\u00e9, el centro de San Jos\u00e9 o en Union City, \u00a1llame hoy mismo!","breadcrumb":{"@id":"https:\/\/realoptions.net\/es\/informacion-aborto\/#breadcrumb"},"inLanguage":"es","potentialAction":[{"@type":"ReadAction","target":["https:\/\/realoptions.net\/es\/informacion-aborto\/"]}]},{"@type":"BreadcrumbList","@id":"https:\/\/realoptions.net\/es\/informacion-aborto\/#breadcrumb","itemListElement":[{"@type":"ListItem","position":1,"name":"Home","item":"https:\/\/realoptions.net\/es\/"},{"@type":"ListItem","position":2,"name":"Informaci\u00f3n sobre el Aborto"}]},{"@type":"WebSite","@id":"https:\/\/realoptions.net\/es\/#website","url":"https:\/\/realoptions.net\/es\/","name":"RealOptions Obria Medical Clinic","description":"","publisher":{"@id":"https:\/\/realoptions.net\/es\/#organization"},"potentialAction":[{"@type":"SearchAction","target":{"@type":"EntryPoint","urlTemplate":"https:\/\/realoptions.net\/es\/?s={search_term_string}"},"query-input":{"@type":"PropertyValueSpecification","valueRequired":true,"valueName":"search_term_string"}}],"inLanguage":"es"},{"@type":"Organization","@id":"https:\/\/realoptions.net\/es\/#organization","name":"Real Options Obria Medical Clinics","url":"https:\/\/realoptions.net\/es\/","logo":{"@type":"ImageObject","inLanguage":"es","@id":"https:\/\/realoptions.net\/es\/#\/schema\/logo\/image\/","url":"https:\/\/realoptions.net\/wp-content\/uploads\/2022\/04\/branding.webp","contentUrl":"https:\/\/realoptions.net\/wp-content\/uploads\/2022\/04\/branding.webp","width":450,"height":155,"caption":"Real Options Obria Medical Clinics"},"image":{"@id":"https:\/\/realoptions.net\/es\/#\/schema\/logo\/image\/"},"sameAs":["https:\/\/www.facebook.com\/realoptions.centralsanjose\/"]}]}},"_links":{"self":[{"href":"https:\/\/realoptions.net\/es\/wp-json\/wp\/v2\/pages\/1522","targetHints":{"allow":["GET"]}}],"collection":[{"href":"https:\/\/realoptions.net\/es\/wp-json\/wp\/v2\/pages"}],"about":[{"href":"https:\/\/realoptions.net\/es\/wp-json\/wp\/v2\/types\/page"}],"author":[{"embeddable":true,"href":"https:\/\/realoptions.net\/es\/wp-json\/wp\/v2\/users\/11"}],"replies":[{"embeddable":true,"href":"https:\/\/realoptions.net\/es\/wp-json\/wp\/v2\/comments?post=1522"}],"version-history":[{"count":13,"href":"https:\/\/realoptions.net\/es\/wp-json\/wp\/v2\/pages\/1522\/revisions"}],"predecessor-version":[{"id":14641,"href":"https:\/\/realoptions.net\/es\/wp-json\/wp\/v2\/pages\/1522\/revisions\/14641"}],"wp:attachment":[{"href":"https:\/\/realoptions.net\/es\/wp-json\/wp\/v2\/media?parent=1522"}],"curies":[{"name":"wp","href":"https:\/\/api.w.org\/{rel}","templated":true}]}}