{"id":1497,"date":"2024-05-29T12:38:35","date_gmt":"2024-05-29T12:38:35","guid":{"rendered":"http:\/\/dev.realoptions.net\/?page_id=1497"},"modified":"2024-05-29T12:38:35","modified_gmt":"2024-05-29T12:38:35","slug":"cuidado-prenatal","status":"publish","type":"page","link":"https:\/\/realoptions.net\/es\/cuidado-prenatal\/","title":{"rendered":"Cuidado Prenatal"},"content":{"rendered":"<div id=\"pl-1497\" class=\"panel-layout\">\n<div id=\"pg-1497-0\" class=\"panel-grid panel-has-style\" data-style=\"{&quot;padding&quot;:&quot;0px 50px 0px 50px&quot;,&quot;background_image_attachment&quot;:false,&quot;background_display&quot;:&quot;tile&quot;,&quot;cell_alignment&quot;:&quot;flex-start&quot;}\">\n<div class=\"panel-row-style panel-row-style-for-1497-0\">\n<div id=\"pgc-1497-0-0\" class=\"panel-grid-cell\" data-weight=\"1\">\n<div id=\"panel-1497-0-0-0\" class=\"so-panel widget widget_sow-editor panel-first-child panel-last-child widgetopts-SO\" data-index=\"0\" data-style=\"{&quot;background_image_attachment&quot;:false,&quot;background_display&quot;:&quot;tile&quot;}\">\n<div class=\"so-widget-sow-editor so-widget-sow-editor-base\">\n<div class=\"siteorigin-widget-tinymce textwidget\">\n<p>Obtener <a href=\"https:\/\/www.mayoclinic.org\/healthy-lifestyle\/pregnancy-week-by-week\/in-depth\/prenatal-care\/art-20044882\" data-wpel-link=\"external\" target=\"_blank\" rel=\"nofollow external noopener noreferrer\">atenci\u00f3n prenatal<\/a> temprana y regular mejora las posibilidades de un embarazo saludable para usted y su beb\u00e9. Durante su visita, el obstetra o la enfermera practicante solicitar\u00e1n an\u00e1lisis de laboratorio, realizar\u00e1n un an\u00e1lisis de orina, un examen f\u00edsico y un ultrasonido si es necesario. Tambi\u00e9n lo educar\u00e1n sobre c\u00f3mo manejar un embarazo saludable.<\/p>\n<p>A trav\u00e9s de los servicios de atenci\u00f3n prenatal ofrecidos por Obria, usted se mantiene informada sobre la salud de su embarazo, recibe educaci\u00f3n adicional sobre qu\u00e9 esperar, manejo de complicaciones y respuestas a sus preguntas. Tambi\u00e9n proporcionamos la informaci\u00f3n que necesita para solicitar Medi-Cal o un seguro privado y tenemos acuerdos de transferencia con hospitales locales para pacientes de alto riesgo. Llame o reserve una cita en l\u00ednea en una de nuestras ubicaciones.<\/p>\n<\/div>\n<\/div>\n<\/div>\n<\/div>\n<\/div>\n<\/div>\n<div id=\"pg-1497-1\" class=\"panel-grid panel-has-style\" data-style=\"{&quot;class&quot;:&quot;gray&quot;,&quot;background_image_attachment&quot;:false,&quot;background_display&quot;:&quot;tile&quot;,&quot;cell_alignment&quot;:&quot;flex-start&quot;}\" data-ratio=\"1\" data-ratio-direction=\"right\">\n<div class=\"gray panel-row-style panel-row-style-for-1497-1\">\n<div id=\"pgc-1497-1-0\" class=\"panel-grid-cell\" data-weight=\"1\">\n<div id=\"panel-1497-1-0-0\" class=\"so-panel widget widget_sow-editor panel-first-child panel-last-child widgetopts-SO\" data-index=\"1\" data-style=\"{&quot;background_image_attachment&quot;:false,&quot;background_display&quot;:&quot;tile&quot;}\">\n<div class=\"so-widget-sow-editor so-widget-sow-editor-base\">\n<div class=\"siteorigin-widget-tinymce textwidget\">\n<p style=\"text-align: center;\"><a class=\"btn btn-primary btn-large\" href=\"https:\/\/api.leadconnectorhq.com\/widget\/survey\/e4IR6RquMy1IKaiKIamb\" target=\"_blank\" rel=\"noopener noreferrer nofollow external\" data-wpel-link=\"external\">PROGRAME EN-L\u00cdNEA<\/a><\/p>\n<\/div>\n<\/div>\n<\/div>\n<\/div>\n<\/div>\n<\/div>\n<div id=\"pg-1497-2\" class=\"panel-grid panel-has-style\" data-style=\"{&quot;padding&quot;:&quot;0px 50px 0px 50px&quot;,&quot;background_image_attachment&quot;:false,&quot;background_display&quot;:&quot;tile&quot;,&quot;cell_alignment&quot;:&quot;flex-start&quot;}\">\n<div class=\"panel-row-style panel-row-style-for-1497-2\">\n<div id=\"pgc-1497-2-0\" class=\"panel-grid-cell\" data-weight=\"1\">\n<div id=\"panel-1497-2-0-0\" class=\"so-panel widget widget_sow-editor panel-first-child panel-last-child widgetopts-SO\" data-index=\"2\" data-style=\"{&quot;background_image_attachment&quot;:false,&quot;background_display&quot;:&quot;tile&quot;}\">\n<div class=\"so-widget-sow-editor so-widget-sow-editor-base\">\n<div class=\"siteorigin-widget-tinymce textwidget\">\n<p><b><i>RealOptions ofrece consultas confidenciales y m\u00e9dicamente precisas sobre todas las opciones de embarazo. No proporcionamos servicios de aborto en nuestras cl\u00ednicas.<\/i><\/b><\/p>\n<\/div>\n<\/div>\n<\/div>\n<\/div>\n<\/div>\n<\/div>\n<\/div>\n","protected":false},"excerpt":{"rendered":"<p>A trav\u00e9s de los servicios de atenci\u00f3n prenatal que ofrece RealOptions, puede mantenerse informada sobre la salud de su embarazo, recibir m\u00e1s informaci\u00f3n sobre qu\u00e9 esperar, controlar las complicaciones y obtener respuestas a sus preguntas.<\/p>\n","protected":false},"author":11,"featured_media":0,"parent":0,"menu_order":5,"comment_status":"open","ping_status":"closed","template":"","meta":{"_acf_changed":false,"footnotes":"","_links_to":"","_links_to_target":""},"class_list":["post-1497","page","type-page","status-publish","hentry"],"acf":[],"yoast_head":"<!-- This site is optimized with the Yoast SEO plugin v27.3 - https:\/\/yoast.com\/product\/yoast-seo-wordpress\/ -->\n<title>Atenci\u00f3n Prenatal | San Jose-Union City | RealOptions Obria<\/title>\n<meta name=\"description\" content=\"RealOptions Obria Medical Clinics ofrece atenci\u00f3n prenatal. Proporcionamos la informaci\u00f3n que necesita para solicitar Medi-Cal o un seguro privado y tenemos acuerdos de transferencia con hospitales locales para pacientes de alto riesgo.\" \/>\n<meta name=\"robots\" content=\"index, follow, max-snippet:-1, max-image-preview:large, max-video-preview:-1\" \/>\n<link rel=\"canonical\" href=\"https:\/\/realoptions.net\/es\/cuidado-prenatal\/\" \/>\n<meta property=\"og:locale\" content=\"es_ES\" \/>\n<meta property=\"og:type\" content=\"article\" \/>\n<meta property=\"og:title\" content=\"Atenci\u00f3n Prenatal | San Jose-Union City | RealOptions Obria\" \/>\n<meta property=\"og:description\" content=\"RealOptions Obria Medical Clinics ofrece atenci\u00f3n prenatal. Proporcionamos la informaci\u00f3n que necesita para solicitar Medi-Cal o un seguro privado y tenemos acuerdos de transferencia con hospitales locales para pacientes de alto riesgo.\" \/>\n<meta property=\"og:url\" content=\"https:\/\/realoptions.net\/es\/cuidado-prenatal\/\" \/>\n<meta property=\"og:site_name\" content=\"RealOptions Obria Medical Clinic\" \/>\n<meta property=\"article:publisher\" content=\"https:\/\/www.facebook.com\/realoptions.centralsanjose\/\" \/>\n<meta name=\"twitter:card\" content=\"summary_large_image\" \/>\n<meta name=\"twitter:label1\" content=\"Tiempo de lectura\" \/>\n\t<meta name=\"twitter:data1\" content=\"1 minuto\" \/>\n<!-- \/ Yoast SEO plugin. -->","yoast_head_json":{"title":"Atenci\u00f3n Prenatal | San Jose-Union City | RealOptions Obria","description":"RealOptions Obria Medical Clinics ofrece atenci\u00f3n prenatal. Proporcionamos la informaci\u00f3n que necesita para solicitar Medi-Cal o un seguro privado y tenemos acuerdos de transferencia con hospitales locales para pacientes de alto riesgo.","robots":{"index":"index","follow":"follow","max-snippet":"max-snippet:-1","max-image-preview":"max-image-preview:large","max-video-preview":"max-video-preview:-1"},"canonical":"https:\/\/realoptions.net\/es\/cuidado-prenatal\/","og_locale":"es_ES","og_type":"article","og_title":"Atenci\u00f3n Prenatal | San Jose-Union City | RealOptions Obria","og_description":"RealOptions Obria Medical Clinics ofrece atenci\u00f3n prenatal. Proporcionamos la informaci\u00f3n que necesita para solicitar Medi-Cal o un seguro privado y tenemos acuerdos de transferencia con hospitales locales para pacientes de alto riesgo.","og_url":"https:\/\/realoptions.net\/es\/cuidado-prenatal\/","og_site_name":"RealOptions Obria Medical Clinic","article_publisher":"https:\/\/www.facebook.com\/realoptions.centralsanjose\/","twitter_card":"summary_large_image","twitter_misc":{"Tiempo de lectura":"1 minuto"},"schema":{"@context":"https:\/\/schema.org","@graph":[{"@type":"WebPage","@id":"https:\/\/realoptions.net\/es\/cuidado-prenatal\/","url":"https:\/\/realoptions.net\/es\/cuidado-prenatal\/","name":"Atenci\u00f3n Prenatal | San Jose-Union City | RealOptions Obria","isPartOf":{"@id":"https:\/\/realoptions.net\/es\/#website"},"datePublished":"2024-05-29T12:38:35+00:00","description":"RealOptions Obria Medical Clinics ofrece atenci\u00f3n prenatal. Proporcionamos la informaci\u00f3n que necesita para solicitar Medi-Cal o un seguro privado y tenemos acuerdos de transferencia con hospitales locales para pacientes de alto riesgo.","breadcrumb":{"@id":"https:\/\/realoptions.net\/es\/cuidado-prenatal\/#breadcrumb"},"inLanguage":"es","potentialAction":[{"@type":"ReadAction","target":["https:\/\/realoptions.net\/es\/cuidado-prenatal\/"]}]},{"@type":"BreadcrumbList","@id":"https:\/\/realoptions.net\/es\/cuidado-prenatal\/#breadcrumb","itemListElement":[{"@type":"ListItem","position":1,"name":"Home","item":"https:\/\/realoptions.net\/es\/"},{"@type":"ListItem","position":2,"name":"Cuidado Prenatal"}]},{"@type":"WebSite","@id":"https:\/\/realoptions.net\/es\/#website","url":"https:\/\/realoptions.net\/es\/","name":"RealOptions Obria Medical Clinic","description":"","publisher":{"@id":"https:\/\/realoptions.net\/es\/#organization"},"potentialAction":[{"@type":"SearchAction","target":{"@type":"EntryPoint","urlTemplate":"https:\/\/realoptions.net\/es\/?s={search_term_string}"},"query-input":{"@type":"PropertyValueSpecification","valueRequired":true,"valueName":"search_term_string"}}],"inLanguage":"es"},{"@type":"Organization","@id":"https:\/\/realoptions.net\/es\/#organization","name":"Real Options Obria Medical Clinics","url":"https:\/\/realoptions.net\/es\/","logo":{"@type":"ImageObject","inLanguage":"es","@id":"https:\/\/realoptions.net\/es\/#\/schema\/logo\/image\/","url":"https:\/\/realoptions.net\/wp-content\/uploads\/2022\/04\/branding.webp","contentUrl":"https:\/\/realoptions.net\/wp-content\/uploads\/2022\/04\/branding.webp","width":450,"height":155,"caption":"Real Options Obria Medical Clinics"},"image":{"@id":"https:\/\/realoptions.net\/es\/#\/schema\/logo\/image\/"},"sameAs":["https:\/\/www.facebook.com\/realoptions.centralsanjose\/"]}]}},"_links":{"self":[{"href":"https:\/\/realoptions.net\/es\/wp-json\/wp\/v2\/pages\/1497","targetHints":{"allow":["GET"]}}],"collection":[{"href":"https:\/\/realoptions.net\/es\/wp-json\/wp\/v2\/pages"}],"about":[{"href":"https:\/\/realoptions.net\/es\/wp-json\/wp\/v2\/types\/page"}],"author":[{"embeddable":true,"href":"https:\/\/realoptions.net\/es\/wp-json\/wp\/v2\/users\/11"}],"replies":[{"embeddable":true,"href":"https:\/\/realoptions.net\/es\/wp-json\/wp\/v2\/comments?post=1497"}],"version-history":[{"count":7,"href":"https:\/\/realoptions.net\/es\/wp-json\/wp\/v2\/pages\/1497\/revisions"}],"predecessor-version":[{"id":11784,"href":"https:\/\/realoptions.net\/es\/wp-json\/wp\/v2\/pages\/1497\/revisions\/11784"}],"wp:attachment":[{"href":"https:\/\/realoptions.net\/es\/wp-json\/wp\/v2\/media?parent=1497"}],"curies":[{"name":"wp","href":"https:\/\/api.w.org\/{rel}","templated":true}]}}