{"id":1490,"date":"2024-05-29T12:38:36","date_gmt":"2024-05-29T12:38:36","guid":{"rendered":"http:\/\/dev.realoptions.net\/?page_id=1490"},"modified":"2026-03-03T01:34:13","modified_gmt":"2026-03-03T09:34:13","slug":"consultas-sobre-opciones-de-embarazo","status":"publish","type":"page","link":"https:\/\/realoptions.net\/es\/consultas-sobre-opciones-de-embarazo\/","title":{"rendered":"Consultas Sobre Opciones de Embarazo"},"content":{"rendered":"<div id=\"pl-1490\" class=\"panel-layout\">\n<div id=\"pg-1490-0\" class=\"panel-grid panel-has-style\" data-style=\"{&quot;padding&quot;:&quot;0px 50px 0px 50px&quot;,&quot;background_image_attachment&quot;:false,&quot;background_display&quot;:&quot;tile&quot;,&quot;cell_alignment&quot;:&quot;flex-start&quot;}\">\n<div class=\"panel-row-style panel-row-style-for-1490-0\">\n<div id=\"pgc-1490-0-0\" class=\"panel-grid-cell\" data-weight=\"1\">\n<div id=\"panel-1490-0-0-0\" class=\"so-panel widget widget_sow-editor panel-first-child panel-last-child widgetopts-SO\" data-index=\"0\" data-style=\"{&quot;background_image_attachment&quot;:false,&quot;background_display&quot;:&quot;tile&quot;}\">\n<div class=\"so-widget-sow-editor so-widget-sow-editor-base\">\n<div class=\"siteorigin-widget-tinymce textwidget\">\n<p>Si acaba de descubrir que est\u00e1 embarazada y no est\u00e1 segura de lo que quiere hacer, RealOptions Obria Medical Clinics ofrece consultas sobre opciones de embarazo. Nos comprometemos a brindarle el conocimiento y el apoyo que necesita para tomar una decisi\u00f3n informada. Nuestros defensores de pacientes y enfermeras altamente capacitados est\u00e1n disponibles para discutir sus opciones y responder preguntas que pueda tener. Le proporcionar\u00e1n informaci\u00f3n sobre el aborto, la adopci\u00f3n y la crianza de los hijos en un entorno seguro.Si est\u00e1 considerando un aborto, RealOptions Obria Medical Clinics ofrece evaluaciones previas a la interrupci\u00f3n para ayudarla a navegar sus decisiones de aborto y embarazo.<\/p>\n<p>Antes de decidir el resultado de su embarazo, es importante responder estas tres preguntas:<\/p>\n<ul>\n<li>\n<h2><i>\u00bfTerminar\u00e1 mi embarazo naturalmente??<\/i><i><br \/>\n<\/i><\/h2>\n<p>Una prueba de embarazo positiva no significa que su embarazo continuar\u00e1. Hasta<a href=\"https:\/\/www.mayoclinic.org\/diseases-conditions\/pregnancy-loss-miscarriage\/symptoms-causes\/syc-20354298\" data-wpel-link=\"external\" target=\"_blank\" rel=\"nofollow external noopener noreferrer\"> uno de cada cuatro embarazos<\/a> terminan naturalmente solos, la mayor\u00eda de las veces antes de las 7 semanas. Tenga en cuenta que se sabe que algunas cl\u00ednicas de aborto ofrecen abortos sin confirmar un embarazo viable. No arriesgue su salud (ni gaste su dinero) para abortar un embarazo que ya puede estar terminando naturalmente.<\/li>\n<li>\n<h2><i>\u00bfQu\u00e9 tan avanzado estoy?<\/i><i><br \/>\n<\/i><\/h2>\n<p>La edad gestacional determina el tipo y el costo de los procedimientos de aborto para los que podr\u00eda ser elegible. La edad gestacional se puede estimar desde el primer d\u00eda de su \u00faltimo per\u00edodo menstrual, pero solo un examen de ultrasonido puede determinar con precisi\u00f3n qu\u00e9 tan avanzado est\u00e1 su embarazo. Seg\u00fan el <a href=\"https:\/\/www.guttmacher.org\/united-states\/abortion\/insurance-coverage\" data-wpel-link=\"external\" target=\"_blank\" rel=\"nofollow external noopener noreferrer\">Instituto Guttmacher<\/a>, el costo promedio de un aborto temprano con medicamentos en los Estados Unidos es de $ 504. El costo promedio para un aborto en el segundo trimestre es de $ 1,195. El aborto a t\u00e9rmino posterior puede costar $ 3,000 o m\u00e1s.<\/li>\n<li>\n<h2><i>\u00bfTengo una ETS?<\/i><i><br \/>\n<\/i><\/h2>\n<p>Tener cualquier tipo de aborto con una ETS no tratada pone en <a href=\"https:\/\/patient.info\/womens-health\/pelvic-pain-in-women\/pelvic-inflammatory-disease\" data-wpel-link=\"external\" target=\"_blank\" rel=\"nofollow external noopener noreferrer\">peligro<\/a> la salud de una mujer al aumentar su riesgo de infecci\u00f3n y otras complicaciones. Dado que m\u00e1s del 70% de las mujeres que tienen clamidia no tienen ning\u00fan s\u00edntoma, es fundamental hacerse la prueba antes de abortar.<\/li>\n<\/ul>\n<p>Si est\u00e1 tratando de decidir si la adopci\u00f3n es adecuada para usted, puede resultarle \u00fatil aprender m\u00e1s sobre la adopci\u00f3n abierta. Lea <a href=\"https:\/\/www.unplannedgood.org\/i-chose-adoption\/\" data-wpel-link=\"external\" target=\"_blank\" rel=\"nofollow external noopener noreferrer\">historias reales de mujeres que decidieron hacer un plan de adopci\u00f3n<\/a>. Cuando considera elegir padres y hacer un plan de <a href=\"https:\/\/americanpregnancy.org\/child-adoption\/benefits-of-adoption\/\" data-wpel-link=\"external\" target=\"_blank\" rel=\"nofollow external noopener noreferrer\">adopci\u00f3n<\/a>, desempe\u00f1a un papel activo en cada parte del proceso. La adopci\u00f3n puede traer un final positivo a una situaci\u00f3n problem\u00e1tica y puede beneficiar a todos los involucrados. Entendemos que hacer un plan de adopci\u00f3n puede ser dif\u00edcil, y nuestros defensores solidarios est\u00e1n aqu\u00ed para hacer que el proceso sea lo m\u00e1s f\u00e1cil posible para usted.<\/p>\n<p>A muchas personas les gustar\u00eda ser padres en alg\u00fan momento de sus vidas. Aunque el momento y su situaci\u00f3n actual pueden no ser lo que imagin\u00f3, su embarazo a\u00fan le ofrece la oportunidad de experimentar la alegr\u00eda de convertirse en padre. Podemos ayudarlo a comprender y evaluar de manera realista sus opciones para determinar si la <a href=\"https:\/\/americanpregnancy.org\/options-for-unplanned-pregnancy\/types-of-parenting\/\" data-wpel-link=\"external\" target=\"_blank\" rel=\"nofollow external noopener noreferrer\">crianza<\/a> de los hijos es adecuada para usted.<\/p>\n<p>Si ha decidido ser padre o hacer un plan de adopci\u00f3n, cuidar bien de su beb\u00e9 significa cuidarse a s\u00ed misma. Su salud f\u00edsica y bienestar emocional son importantes, al igual que un estilo de vida saludable. Brindamos atenci\u00f3n prenatal y podemos ayudarla con recursos y programas de apoyo. Tambi\u00e9n tenemos relaciones con muchas organizaciones comunitarias locales y podemos ayudarlo con referencias.<\/p>\n<p>Es muy importante que determine qu\u00e9 es lo mejor para usted ahora y en el futuro. Llame o <a href=\"https:\/\/api.leadconnectorhq.com\/widget\/survey\/e4IR6RquMy1IKaiKIamb\" target=\"_blank\" rel=\"noopener noreferrer nofollow external\" data-wpel-link=\"external\">reserve una cita en l\u00ednea<\/a> en una de nuestras ubicaciones.<\/p>\n<\/div>\n<\/div>\n<\/div>\n<\/div>\n<\/div>\n<\/div>\n<div id=\"pg-1490-1\" class=\"panel-grid panel-has-style\" data-style=\"{&quot;class&quot;:&quot;gray&quot;,&quot;background_image_attachment&quot;:false,&quot;background_display&quot;:&quot;tile&quot;,&quot;cell_alignment&quot;:&quot;flex-start&quot;}\" data-ratio=\"1\" data-ratio-direction=\"right\">\n<div class=\"gray panel-row-style panel-row-style-for-1490-1\">\n<div id=\"pgc-1490-1-0\" class=\"panel-grid-cell\" data-weight=\"1\">\n<div id=\"panel-1490-1-0-0\" class=\"so-panel widget widget_sow-editor panel-first-child panel-last-child widgetopts-SO\" data-index=\"1\" data-style=\"{&quot;background_image_attachment&quot;:false,&quot;background_display&quot;:&quot;tile&quot;}\">\n<div class=\"so-widget-sow-editor so-widget-sow-editor-base\">\n<div class=\"siteorigin-widget-tinymce textwidget\">\n<p style=\"text-align: center;\"><a class=\"btn btn-primary btn-large\" href=\"https:\/\/api.leadconnectorhq.com\/widget\/survey\/e4IR6RquMy1IKaiKIamb\" target=\"_blank\" rel=\"noopener noreferrer nofollow external\" data-wpel-link=\"external\">Programe En-L\u00ednea<\/a><\/p>\n<\/div>\n<\/div>\n<\/div>\n<\/div>\n<\/div>\n<\/div>\n<\/div>\n","protected":false},"excerpt":{"rendered":"<p>Si acaba de descubrir que est\u00e1 embarazada y no est\u00e1 segura de lo que quiere hacer, RealOptions Obria Medical Clinics ofrece consultas sobre opciones de embarazo. Nos comprometemos a brindarle el conocimiento y el apoyo<\/p>\n","protected":false},"author":11,"featured_media":0,"parent":0,"menu_order":2,"comment_status":"open","ping_status":"closed","template":"","meta":{"_acf_changed":false,"footnotes":"","_links_to":"","_links_to_target":""},"class_list":["post-1490","page","type-page","status-publish","hentry"],"acf":[],"yoast_head":"<!-- This site is optimized with the Yoast SEO plugin v27.3 - https:\/\/yoast.com\/product\/yoast-seo-wordpress\/ -->\n<title>Consultas sobre opciones de embarazo | RealOptions<\/title>\n<meta name=\"description\" content=\"Recibe consultas confidenciales sobre opciones de embarazo, aborto, adopci\u00f3n y crianza con apoyo m\u00e9dico y evaluaciones previas en RealOptions.\" \/>\n<meta name=\"robots\" content=\"index, follow, max-snippet:-1, max-image-preview:large, max-video-preview:-1\" \/>\n<link rel=\"canonical\" href=\"https:\/\/realoptions.net\/es\/consultas-sobre-opciones-de-embarazo\/\" \/>\n<meta property=\"og:locale\" content=\"es_ES\" \/>\n<meta property=\"og:type\" content=\"article\" \/>\n<meta property=\"og:title\" content=\"Consultas sobre opciones de embarazo | RealOptions\" \/>\n<meta property=\"og:description\" content=\"Recibe consultas confidenciales sobre opciones de embarazo, aborto, adopci\u00f3n y crianza con apoyo m\u00e9dico y evaluaciones previas en RealOptions.\" \/>\n<meta property=\"og:url\" content=\"https:\/\/realoptions.net\/es\/consultas-sobre-opciones-de-embarazo\/\" \/>\n<meta property=\"og:site_name\" content=\"RealOptions Obria Medical Clinic\" \/>\n<meta property=\"article:publisher\" content=\"https:\/\/www.facebook.com\/realoptions.centralsanjose\/\" \/>\n<meta property=\"article:modified_time\" content=\"2026-03-03T09:34:13+00:00\" \/>\n<meta name=\"twitter:card\" content=\"summary_large_image\" \/>\n<meta name=\"twitter:label1\" content=\"Tiempo de lectura\" \/>\n\t<meta name=\"twitter:data1\" content=\"3 minutos\" \/>\n<!-- \/ Yoast SEO plugin. -->","yoast_head_json":{"title":"Consultas sobre opciones de embarazo | RealOptions","description":"Recibe consultas confidenciales sobre opciones de embarazo, aborto, adopci\u00f3n y crianza con apoyo m\u00e9dico y evaluaciones previas en RealOptions.","robots":{"index":"index","follow":"follow","max-snippet":"max-snippet:-1","max-image-preview":"max-image-preview:large","max-video-preview":"max-video-preview:-1"},"canonical":"https:\/\/realoptions.net\/es\/consultas-sobre-opciones-de-embarazo\/","og_locale":"es_ES","og_type":"article","og_title":"Consultas sobre opciones de embarazo | RealOptions","og_description":"Recibe consultas confidenciales sobre opciones de embarazo, aborto, adopci\u00f3n y crianza con apoyo m\u00e9dico y evaluaciones previas en RealOptions.","og_url":"https:\/\/realoptions.net\/es\/consultas-sobre-opciones-de-embarazo\/","og_site_name":"RealOptions Obria Medical Clinic","article_publisher":"https:\/\/www.facebook.com\/realoptions.centralsanjose\/","article_modified_time":"2026-03-03T09:34:13+00:00","twitter_card":"summary_large_image","twitter_misc":{"Tiempo de lectura":"3 minutos"},"schema":{"@context":"https:\/\/schema.org","@graph":[{"@type":"WebPage","@id":"https:\/\/realoptions.net\/es\/consultas-sobre-opciones-de-embarazo\/","url":"https:\/\/realoptions.net\/es\/consultas-sobre-opciones-de-embarazo\/","name":"Consultas sobre opciones de embarazo | RealOptions","isPartOf":{"@id":"https:\/\/realoptions.net\/es\/#website"},"datePublished":"2024-05-29T12:38:36+00:00","dateModified":"2026-03-03T09:34:13+00:00","description":"Recibe consultas confidenciales sobre opciones de embarazo, aborto, adopci\u00f3n y crianza con apoyo m\u00e9dico y evaluaciones previas en RealOptions.","breadcrumb":{"@id":"https:\/\/realoptions.net\/es\/consultas-sobre-opciones-de-embarazo\/#breadcrumb"},"inLanguage":"es","potentialAction":[{"@type":"ReadAction","target":["https:\/\/realoptions.net\/es\/consultas-sobre-opciones-de-embarazo\/"]}]},{"@type":"BreadcrumbList","@id":"https:\/\/realoptions.net\/es\/consultas-sobre-opciones-de-embarazo\/#breadcrumb","itemListElement":[{"@type":"ListItem","position":1,"name":"Home","item":"https:\/\/realoptions.net\/es\/"},{"@type":"ListItem","position":2,"name":"Consultas Sobre Opciones de Embarazo"}]},{"@type":"WebSite","@id":"https:\/\/realoptions.net\/es\/#website","url":"https:\/\/realoptions.net\/es\/","name":"RealOptions Obria Medical Clinic","description":"","publisher":{"@id":"https:\/\/realoptions.net\/es\/#organization"},"potentialAction":[{"@type":"SearchAction","target":{"@type":"EntryPoint","urlTemplate":"https:\/\/realoptions.net\/es\/?s={search_term_string}"},"query-input":{"@type":"PropertyValueSpecification","valueRequired":true,"valueName":"search_term_string"}}],"inLanguage":"es"},{"@type":"Organization","@id":"https:\/\/realoptions.net\/es\/#organization","name":"Real Options Obria Medical Clinics","url":"https:\/\/realoptions.net\/es\/","logo":{"@type":"ImageObject","inLanguage":"es","@id":"https:\/\/realoptions.net\/es\/#\/schema\/logo\/image\/","url":"https:\/\/realoptions.net\/wp-content\/uploads\/2022\/04\/branding.webp","contentUrl":"https:\/\/realoptions.net\/wp-content\/uploads\/2022\/04\/branding.webp","width":450,"height":155,"caption":"Real Options Obria Medical Clinics"},"image":{"@id":"https:\/\/realoptions.net\/es\/#\/schema\/logo\/image\/"},"sameAs":["https:\/\/www.facebook.com\/realoptions.centralsanjose\/"]}]}},"_links":{"self":[{"href":"https:\/\/realoptions.net\/es\/wp-json\/wp\/v2\/pages\/1490","targetHints":{"allow":["GET"]}}],"collection":[{"href":"https:\/\/realoptions.net\/es\/wp-json\/wp\/v2\/pages"}],"about":[{"href":"https:\/\/realoptions.net\/es\/wp-json\/wp\/v2\/types\/page"}],"author":[{"embeddable":true,"href":"https:\/\/realoptions.net\/es\/wp-json\/wp\/v2\/users\/11"}],"replies":[{"embeddable":true,"href":"https:\/\/realoptions.net\/es\/wp-json\/wp\/v2\/comments?post=1490"}],"version-history":[{"count":13,"href":"https:\/\/realoptions.net\/es\/wp-json\/wp\/v2\/pages\/1490\/revisions"}],"predecessor-version":[{"id":14942,"href":"https:\/\/realoptions.net\/es\/wp-json\/wp\/v2\/pages\/1490\/revisions\/14942"}],"wp:attachment":[{"href":"https:\/\/realoptions.net\/es\/wp-json\/wp\/v2\/media?parent=1490"}],"curies":[{"name":"wp","href":"https:\/\/api.w.org\/{rel}","templated":true}]}}