{"id":1486,"date":"2024-05-29T12:38:36","date_gmt":"2024-05-29T12:38:36","guid":{"rendered":"http:\/\/dev.realoptions.net\/?page_id=1486"},"modified":"2026-03-03T01:45:54","modified_gmt":"2026-03-03T09:45:54","slug":"imagenes-por-ultrasonido-2","status":"publish","type":"page","link":"https:\/\/realoptions.net\/es\/imagenes-por-ultrasonido-2\/","title":{"rendered":"Im\u00e1genes por ultrasonido"},"content":{"rendered":"<div id=\"pl-1486\" class=\"panel-layout\">\n<div id=\"pg-1486-0\" class=\"panel-grid panel-has-style\" data-style=\"{&quot;padding&quot;:&quot;0px 50px 0px 50px&quot;,&quot;background_image_attachment&quot;:false,&quot;background_display&quot;:&quot;tile&quot;,&quot;full_height&quot;:&quot;&quot;,&quot;cell_alignment&quot;:&quot;flex-start&quot;}\">\n<div class=\"panel-row-style panel-row-style-for-1486-0\">\n<div id=\"pgc-1486-0-0\" class=\"panel-grid-cell\" data-weight=\"1\">\n<div id=\"panel-1486-0-0-0\" class=\"so-panel widget widget_sow-editor panel-first-child panel-last-child widgetopts-SO\" data-index=\"0\" data-style=\"{&quot;background_image_attachment&quot;:false,&quot;background_display&quot;:&quot;tile&quot;,&quot;background_image_size&quot;:&quot;full&quot;,&quot;background_image_opacity&quot;:&quot;100&quot;,&quot;border_thickness&quot;:&quot;1px&quot;}\">\n<div class=\"so-widget-sow-editor so-widget-sow-editor-base\">\n<div class=\"siteorigin-widget-tinymce textwidget\">\n<h2>\u00bfCrees que puedes estar embarazada?<\/h2>\n<p>Una ecograf\u00eda es importante si sospecha que est\u00e1 embarazada. Como proveedor de Medi-Cal y de elegibilidad presunta, RealOptions Obria Medical Clinics ofrece servicios de bajo costo o gratuitos con o sin seguro.<\/p>\n<h2>\u00bfPor qu\u00e9 hacerse una ecograf\u00eda?<\/h2>\n<ul>\n<li>Una ecograf\u00eda es la \u00fanica forma de determinar el estado de su embarazo.<\/li>\n<li>Esta exploraci\u00f3n identificar\u00e1 si su embarazo es viable.<\/li>\n<li>Descartar\u00e1 un embarazo ect\u00f3pico o un aborto espont\u00e1neo<\/li>\n<li>Determina si su embarazo se encuentra ubicado en su \u00fatero. Si el embarazo se localiza fuera del \u00fatero, lo que se denomina embarazo ect\u00f3pico, este resultado requiere evaluaci\u00f3n y tratamiento m\u00e9dico inmediato.<\/li>\n<\/ul>\n<h2>En RealOptions, las ecograf\u00edas obst\u00e9tricas se realizan para:<\/h2>\n<p><strong>Determinar si hay un latido del coraz\u00f3n fetal.<\/strong><\/p>\n<p>Un embarazo viable significa que se detecta un latido del coraz\u00f3n y no ha tenido un aborto espont\u00e1neo. Si el embarazo no es viable, es probable que su cuerpo lo expulse de forma natural.<\/p>\n<p><strong>Fecha del embarazo<\/strong><\/p>\n<p>Es importante conocer la edad gestacional de su embarazo. Esto se refiere al n\u00famero de semanas que llevas embarazada. Si est\u00e1 considerando abortar, el m\u00e9todo est\u00e1 determinado por esta informaci\u00f3n. La ecograf\u00eda tambi\u00e9n revelar\u00e1 la fecha estimada de parto.<\/p>\n<p><strong>Encuentra d\u00f3nde se encuentra el embarazo.<\/strong><\/p>\n<p>Algunos embarazos se desarrollan fuera del \u00fatero, lo que se denomina embarazo ect\u00f3pico. Una ecograf\u00eda revelar\u00e1 si el embarazo se localiza o no en el \u00fatero. Un embarazo ect\u00f3pico puede poner en peligro la vida y requiere atenci\u00f3n m\u00e9dica inmediata.<\/p>\n<h2>\u00bfQu\u00e9 debo hacer despu\u00e9s de la ecograf\u00eda?<\/h2>\n<p>Una vez que haya recibido un resultado positivo de la prueba de embarazo y haya confirmado su embarazo con una ecograf\u00eda, es hora de hablar sobre sus <a href=\"https:\/\/realoptions.net\/es\/consultas-sobre-opciones-de-embarazo\/\" data-wpel-link=\"internal\">opciones<\/a>. Queremos que tome una decisi\u00f3n segura y empoderada sobre su embarazo y eso significa obtener la mayor cantidad de informaci\u00f3n posible. <a href=\"https:\/\/api.leadconnectorhq.com\/widget\/survey\/e4IR6RquMy1IKaiKIamb\" data-wpel-link=\"external\" target=\"_blank\" rel=\"nofollow external noopener noreferrer\">Programe<\/a> una cita de bajo costo o sin costo hoy.<\/p>\n<\/div>\n<\/div>\n<\/div>\n<\/div>\n<\/div>\n<\/div>\n<div id=\"pg-1486-1\" class=\"panel-grid panel-has-style\" data-style=\"{&quot;class&quot;:&quot;gray&quot;,&quot;background_image_attachment&quot;:false,&quot;background_display&quot;:&quot;tile&quot;,&quot;full_height&quot;:&quot;&quot;,&quot;cell_alignment&quot;:&quot;flex-start&quot;}\">\n<div class=\"gray panel-row-style panel-row-style-for-1486-1\">\n<div id=\"pgc-1486-1-0\" class=\"panel-grid-cell\" data-weight=\"1\">\n<div id=\"panel-1486-1-0-0\" class=\"so-panel widget widget_sow-editor panel-first-child panel-last-child widgetopts-SO\" data-index=\"1\" data-style=\"{&quot;background_image_attachment&quot;:false,&quot;background_display&quot;:&quot;tile&quot;}\">\n<div class=\"so-widget-sow-editor so-widget-sow-editor-base\">\n<div class=\"siteorigin-widget-tinymce textwidget\">\n<p style=\"text-align: center;\"><a class=\"btn btn-primary btn-large\" href=\"https:\/\/api.leadconnectorhq.com\/widget\/survey\/e4IR6RquMy1IKaiKIamb\" target=\"_blank\" rel=\"noopener noreferrer nofollow external\" data-wpel-link=\"external\">PROGRAME EN-L\u00cdNEA<\/a><\/p>\n<\/div>\n<\/div>\n<\/div>\n<\/div>\n<\/div>\n<\/div>\n<\/div>\n","protected":false},"excerpt":{"rendered":"<p>\u00bfCrees que puedes estar embarazada? Una ecograf\u00eda es importante si sospecha que est\u00e1 embarazada. Como proveedor de Medi-Cal y de elegibilidad presunta, RealOptions Obria Medical Clinics ofrece servicios de bajo costo o gratuitos con o<\/p>\n","protected":false},"author":11,"featured_media":0,"parent":0,"menu_order":4,"comment_status":"open","ping_status":"closed","template":"","meta":{"_acf_changed":false,"footnotes":"","_links_to":"","_links_to_target":""},"class_list":["post-1486","page","type-page","status-publish","hentry"],"acf":[],"yoast_head":"<!-- This site is optimized with the Yoast SEO plugin v27.3 - https:\/\/yoast.com\/product\/yoast-seo-wordpress\/ -->\n<title>Ecograf\u00eda de Embarazo | RealOptions Obria Medical Clinics<\/title>\n<meta name=\"description\" content=\"Confirma tu embarazo con una ecograf\u00eda gratuita o de bajo costo. RealOptions ofrece servicios con o sin seguro en el \u00c1rea de la Bah\u00eda.\" \/>\n<meta name=\"robots\" content=\"index, follow, max-snippet:-1, max-image-preview:large, max-video-preview:-1\" \/>\n<link rel=\"canonical\" href=\"https:\/\/realoptions.net\/es\/imagenes-por-ultrasonido-2\/\" \/>\n<meta property=\"og:locale\" content=\"es_ES\" \/>\n<meta property=\"og:type\" content=\"article\" \/>\n<meta property=\"og:title\" content=\"Ecograf\u00eda de Embarazo | RealOptions Obria Medical Clinics\" \/>\n<meta property=\"og:description\" content=\"Confirma tu embarazo con una ecograf\u00eda gratuita o de bajo costo. RealOptions ofrece servicios con o sin seguro en el \u00c1rea de la Bah\u00eda.\" \/>\n<meta property=\"og:url\" content=\"https:\/\/realoptions.net\/es\/imagenes-por-ultrasonido-2\/\" \/>\n<meta property=\"og:site_name\" content=\"RealOptions Obria Medical Clinic\" \/>\n<meta property=\"article:publisher\" content=\"https:\/\/www.facebook.com\/realoptions.centralsanjose\/\" \/>\n<meta property=\"article:modified_time\" content=\"2026-03-03T09:45:54+00:00\" \/>\n<meta name=\"twitter:card\" content=\"summary_large_image\" \/>\n<meta name=\"twitter:label1\" content=\"Tiempo de lectura\" \/>\n\t<meta name=\"twitter:data1\" content=\"2 minutos\" \/>\n<!-- \/ Yoast SEO plugin. -->","yoast_head_json":{"title":"Ecograf\u00eda de Embarazo | RealOptions Obria Medical Clinics","description":"Confirma tu embarazo con una ecograf\u00eda gratuita o de bajo costo. RealOptions ofrece servicios con o sin seguro en el \u00c1rea de la Bah\u00eda.","robots":{"index":"index","follow":"follow","max-snippet":"max-snippet:-1","max-image-preview":"max-image-preview:large","max-video-preview":"max-video-preview:-1"},"canonical":"https:\/\/realoptions.net\/es\/imagenes-por-ultrasonido-2\/","og_locale":"es_ES","og_type":"article","og_title":"Ecograf\u00eda de Embarazo | RealOptions Obria Medical Clinics","og_description":"Confirma tu embarazo con una ecograf\u00eda gratuita o de bajo costo. RealOptions ofrece servicios con o sin seguro en el \u00c1rea de la Bah\u00eda.","og_url":"https:\/\/realoptions.net\/es\/imagenes-por-ultrasonido-2\/","og_site_name":"RealOptions Obria Medical Clinic","article_publisher":"https:\/\/www.facebook.com\/realoptions.centralsanjose\/","article_modified_time":"2026-03-03T09:45:54+00:00","twitter_card":"summary_large_image","twitter_misc":{"Tiempo de lectura":"2 minutos"},"schema":{"@context":"https:\/\/schema.org","@graph":[{"@type":"WebPage","@id":"https:\/\/realoptions.net\/es\/imagenes-por-ultrasonido-2\/","url":"https:\/\/realoptions.net\/es\/imagenes-por-ultrasonido-2\/","name":"Ecograf\u00eda de Embarazo | RealOptions Obria Medical Clinics","isPartOf":{"@id":"https:\/\/realoptions.net\/es\/#website"},"datePublished":"2024-05-29T12:38:36+00:00","dateModified":"2026-03-03T09:45:54+00:00","description":"Confirma tu embarazo con una ecograf\u00eda gratuita o de bajo costo. RealOptions ofrece servicios con o sin seguro en el \u00c1rea de la Bah\u00eda.","breadcrumb":{"@id":"https:\/\/realoptions.net\/es\/imagenes-por-ultrasonido-2\/#breadcrumb"},"inLanguage":"es","potentialAction":[{"@type":"ReadAction","target":["https:\/\/realoptions.net\/es\/imagenes-por-ultrasonido-2\/"]}]},{"@type":"BreadcrumbList","@id":"https:\/\/realoptions.net\/es\/imagenes-por-ultrasonido-2\/#breadcrumb","itemListElement":[{"@type":"ListItem","position":1,"name":"Home","item":"https:\/\/realoptions.net\/es\/"},{"@type":"ListItem","position":2,"name":"Im\u00e1genes por ultrasonido"}]},{"@type":"WebSite","@id":"https:\/\/realoptions.net\/es\/#website","url":"https:\/\/realoptions.net\/es\/","name":"RealOptions Obria Medical Clinic","description":"","publisher":{"@id":"https:\/\/realoptions.net\/es\/#organization"},"potentialAction":[{"@type":"SearchAction","target":{"@type":"EntryPoint","urlTemplate":"https:\/\/realoptions.net\/es\/?s={search_term_string}"},"query-input":{"@type":"PropertyValueSpecification","valueRequired":true,"valueName":"search_term_string"}}],"inLanguage":"es"},{"@type":"Organization","@id":"https:\/\/realoptions.net\/es\/#organization","name":"Real Options Obria Medical Clinics","url":"https:\/\/realoptions.net\/es\/","logo":{"@type":"ImageObject","inLanguage":"es","@id":"https:\/\/realoptions.net\/es\/#\/schema\/logo\/image\/","url":"https:\/\/realoptions.net\/wp-content\/uploads\/2022\/04\/branding.webp","contentUrl":"https:\/\/realoptions.net\/wp-content\/uploads\/2022\/04\/branding.webp","width":450,"height":155,"caption":"Real Options Obria Medical Clinics"},"image":{"@id":"https:\/\/realoptions.net\/es\/#\/schema\/logo\/image\/"},"sameAs":["https:\/\/www.facebook.com\/realoptions.centralsanjose\/"]}]}},"_links":{"self":[{"href":"https:\/\/realoptions.net\/es\/wp-json\/wp\/v2\/pages\/1486","targetHints":{"allow":["GET"]}}],"collection":[{"href":"https:\/\/realoptions.net\/es\/wp-json\/wp\/v2\/pages"}],"about":[{"href":"https:\/\/realoptions.net\/es\/wp-json\/wp\/v2\/types\/page"}],"author":[{"embeddable":true,"href":"https:\/\/realoptions.net\/es\/wp-json\/wp\/v2\/users\/11"}],"replies":[{"embeddable":true,"href":"https:\/\/realoptions.net\/es\/wp-json\/wp\/v2\/comments?post=1486"}],"version-history":[{"count":13,"href":"https:\/\/realoptions.net\/es\/wp-json\/wp\/v2\/pages\/1486\/revisions"}],"predecessor-version":[{"id":14951,"href":"https:\/\/realoptions.net\/es\/wp-json\/wp\/v2\/pages\/1486\/revisions\/14951"}],"wp:attachment":[{"href":"https:\/\/realoptions.net\/es\/wp-json\/wp\/v2\/media?parent=1486"}],"curies":[{"name":"wp","href":"https:\/\/api.w.org\/{rel}","templated":true}]}}