{"id":1478,"date":"2024-05-29T12:38:36","date_gmt":"2024-05-29T12:38:36","guid":{"rendered":"http:\/\/dev.realoptions.net\/?page_id=1478"},"modified":"2026-03-03T01:30:20","modified_gmt":"2026-03-03T09:30:20","slug":"prueba-de-embarazo-3","status":"publish","type":"page","link":"https:\/\/realoptions.net\/es\/prueba-de-embarazo-3\/","title":{"rendered":"Prueba de Embarazo"},"content":{"rendered":"<h2>Here are some other common symptoms:<\/h2>\n<div id=\"pl-1478\" class=\"panel-layout\">\n<div id=\"pg-1478-0\" class=\"panel-grid panel-has-style\" data-style=\"{&quot;padding&quot;:&quot;0px 50px 0px 50px&quot;,&quot;background_image_attachment&quot;:false,&quot;background_display&quot;:&quot;tile&quot;,&quot;cell_alignment&quot;:&quot;flex-start&quot;}\">\n<div class=\"panel-row-style panel-row-style-for-1478-0\">\n<div id=\"pgc-1478-0-0\" class=\"panel-grid-cell\" data-weight=\"1\">\n<div id=\"panel-1478-0-0-0\" class=\"so-panel widget widget_sow-editor panel-first-child panel-last-child widgetopts-SO\" data-index=\"0\" data-style=\"{&quot;background_image_attachment&quot;:false,&quot;background_display&quot;:&quot;tile&quot;}\">\n<div class=\"so-widget-sow-editor so-widget-sow-editor-base\">\n<div class=\"siteorigin-widget-tinymce textwidget\">\n<p>Aunque las pruebas de embarazo en el hogar son generalmente precisas, es posible que desee confirmar los resultados con un profesional m\u00e9dico solo para estar seguro. Las cl\u00ednicas m\u00e9dicas de RealOptions Obria lo ayudar\u00e1n a verificar sus resultados en un ambiente seguro y c\u00f3modo.Un per\u00edodo perdido es el indicador m\u00e1s com\u00fan de que puede estar embarazada, pero no el \u00fanico. Aqu\u00ed hay algunos otros s\u00edntomas comunes:<\/p>\n<ul>\n<li>Micci\u00f3n frecuente<\/li>\n<li>Mareo<\/li>\n<li>N\u00e1usea<\/li>\n<li>Cambio de apetito<\/li>\n<li>Sensibilidad en los senos<\/li>\n<li>Fatiga<\/li>\n<\/ul>\n<p>Si cree que est\u00e1 embarazada, programe una cita o visite una de nuestras cl\u00ednicas ubicadas en el centro de San Jos\u00e9, el este de San Jos\u00e9, Oakland, Redwood City o Union City. Nuestro equipo m\u00e9dico y nuestro personal est\u00e1n altamente capacitados y dedicados a satisfacer sus necesidades de atenci\u00f3n m\u00e9dica.<\/p>\n<\/div>\n<\/div>\n<\/div>\n<\/div>\n<\/div>\n<\/div>\n<div id=\"pg-1478-1\" class=\"panel-grid panel-has-style\" data-style=\"{&quot;class&quot;:&quot;gray&quot;,&quot;background_image_attachment&quot;:false,&quot;background_display&quot;:&quot;tile&quot;,&quot;cell_alignment&quot;:&quot;flex-start&quot;}\" data-ratio=\"1\" data-ratio-direction=\"right\">\n<div class=\"gray panel-row-style panel-row-style-for-1478-1\">\n<div id=\"pgc-1478-1-0\" class=\"panel-grid-cell\" data-weight=\"1\">\n<div id=\"panel-1478-1-0-0\" class=\"so-panel widget widget_sow-editor panel-first-child panel-last-child widgetopts-SO\" data-index=\"1\" data-style=\"{&quot;background_image_attachment&quot;:false,&quot;background_display&quot;:&quot;tile&quot;}\">\n<div class=\"so-widget-sow-editor so-widget-sow-editor-base\">\n<div class=\"siteorigin-widget-tinymce textwidget\">\n<p style=\"text-align: center;\"><a class=\"btn btn-primary btn-large\" href=\"https:\/\/api.leadconnectorhq.com\/widget\/survey\/e4IR6RquMy1IKaiKIamb\" target=\"_blank\" rel=\"noopener noreferrer nofollow external\" data-wpel-link=\"external\">Programe En-L\u00ednea<\/a><\/p>\n<\/div>\n<\/div>\n<\/div>\n<\/div>\n<\/div>\n<\/div>\n<\/div>\n","protected":false},"excerpt":{"rendered":"<p>Here are some other common symptoms: Aunque las pruebas de embarazo en el hogar son generalmente precisas, es posible que desee confirmar los resultados con un profesional m\u00e9dico solo para estar seguro. Las cl\u00ednicas m\u00e9dicas<\/p>\n","protected":false},"author":11,"featured_media":0,"parent":0,"menu_order":3,"comment_status":"open","ping_status":"closed","template":"","meta":{"_acf_changed":false,"footnotes":"","_links_to":"","_links_to_target":""},"class_list":["post-1478","page","type-page","status-publish","hentry"],"acf":[],"yoast_head":"<!-- This site is optimized with the Yoast SEO plugin v27.4 - https:\/\/yoast.com\/product\/yoast-seo-wordpress\/ -->\n<title>Realice pruebas de embarazo | San Jos\u00e9, Oakland y Union City<\/title>\n<meta name=\"description\" content=\"At Real Options Pregnancy Medical Clinics we provide pregnancy testing, ultrasound exams and medical consultations. We are conveniently located in East San Jose, Central San Jose, and Union City.\" \/>\n<meta name=\"robots\" content=\"index, follow, max-snippet:-1, max-image-preview:large, max-video-preview:-1\" \/>\n<link rel=\"canonical\" href=\"https:\/\/realoptions.net\/es\/prueba-de-embarazo-3\/\" \/>\n<meta property=\"og:locale\" content=\"es_ES\" \/>\n<meta property=\"og:type\" content=\"article\" \/>\n<meta property=\"og:title\" content=\"Realice pruebas de embarazo | San Jos\u00e9, Oakland y Union City\" \/>\n<meta property=\"og:description\" content=\"At Real Options Pregnancy Medical Clinics we provide pregnancy testing, ultrasound exams and medical consultations. We are conveniently located in East San Jose, Central San Jose, and Union City.\" \/>\n<meta property=\"og:url\" content=\"https:\/\/realoptions.net\/es\/prueba-de-embarazo-3\/\" \/>\n<meta property=\"og:site_name\" content=\"RealOptions Obria Medical Clinic\" \/>\n<meta property=\"article:publisher\" content=\"https:\/\/www.facebook.com\/realoptions.centralsanjose\/\" \/>\n<meta property=\"article:modified_time\" content=\"2026-03-03T09:30:20+00:00\" \/>\n<meta name=\"twitter:card\" content=\"summary_large_image\" \/>\n<meta name=\"twitter:label1\" content=\"Tiempo de lectura\" \/>\n\t<meta name=\"twitter:data1\" content=\"1 minuto\" \/>\n<!-- \/ Yoast SEO plugin. -->","yoast_head_json":{"title":"Realice pruebas de embarazo | San Jos\u00e9, Oakland y Union City","description":"At Real Options Pregnancy Medical Clinics we provide pregnancy testing, ultrasound exams and medical consultations. We are conveniently located in East San Jose, Central San Jose, and Union City.","robots":{"index":"index","follow":"follow","max-snippet":"max-snippet:-1","max-image-preview":"max-image-preview:large","max-video-preview":"max-video-preview:-1"},"canonical":"https:\/\/realoptions.net\/es\/prueba-de-embarazo-3\/","og_locale":"es_ES","og_type":"article","og_title":"Realice pruebas de embarazo | San Jos\u00e9, Oakland y Union City","og_description":"At Real Options Pregnancy Medical Clinics we provide pregnancy testing, ultrasound exams and medical consultations. We are conveniently located in East San Jose, Central San Jose, and Union City.","og_url":"https:\/\/realoptions.net\/es\/prueba-de-embarazo-3\/","og_site_name":"RealOptions Obria Medical Clinic","article_publisher":"https:\/\/www.facebook.com\/realoptions.centralsanjose\/","article_modified_time":"2026-03-03T09:30:20+00:00","twitter_card":"summary_large_image","twitter_misc":{"Tiempo de lectura":"1 minuto"},"schema":{"@context":"https:\/\/schema.org","@graph":[{"@type":"WebPage","@id":"https:\/\/realoptions.net\/es\/prueba-de-embarazo-3\/","url":"https:\/\/realoptions.net\/es\/prueba-de-embarazo-3\/","name":"Realice pruebas de embarazo | San Jos\u00e9, Oakland y Union City","isPartOf":{"@id":"https:\/\/realoptions.net\/es\/#website"},"datePublished":"2024-05-29T12:38:36+00:00","dateModified":"2026-03-03T09:30:20+00:00","description":"At Real Options Pregnancy Medical Clinics we provide pregnancy testing, ultrasound exams and medical consultations. We are conveniently located in East San Jose, Central San Jose, and Union City.","breadcrumb":{"@id":"https:\/\/realoptions.net\/es\/prueba-de-embarazo-3\/#breadcrumb"},"inLanguage":"es","potentialAction":[{"@type":"ReadAction","target":["https:\/\/realoptions.net\/es\/prueba-de-embarazo-3\/"]}]},{"@type":"BreadcrumbList","@id":"https:\/\/realoptions.net\/es\/prueba-de-embarazo-3\/#breadcrumb","itemListElement":[{"@type":"ListItem","position":1,"name":"Home","item":"https:\/\/realoptions.net\/es\/"},{"@type":"ListItem","position":2,"name":"Prueba de Embarazo"}]},{"@type":"WebSite","@id":"https:\/\/realoptions.net\/es\/#website","url":"https:\/\/realoptions.net\/es\/","name":"RealOptions Obria Medical Clinic","description":"","publisher":{"@id":"https:\/\/realoptions.net\/es\/#organization"},"potentialAction":[{"@type":"SearchAction","target":{"@type":"EntryPoint","urlTemplate":"https:\/\/realoptions.net\/es\/?s={search_term_string}"},"query-input":{"@type":"PropertyValueSpecification","valueRequired":true,"valueName":"search_term_string"}}],"inLanguage":"es"},{"@type":"Organization","@id":"https:\/\/realoptions.net\/es\/#organization","name":"Real Options Obria Medical Clinics","url":"https:\/\/realoptions.net\/es\/","logo":{"@type":"ImageObject","inLanguage":"es","@id":"https:\/\/realoptions.net\/es\/#\/schema\/logo\/image\/","url":"https:\/\/realoptions.net\/wp-content\/uploads\/2022\/04\/branding.webp","contentUrl":"https:\/\/realoptions.net\/wp-content\/uploads\/2022\/04\/branding.webp","width":450,"height":155,"caption":"Real Options Obria Medical Clinics"},"image":{"@id":"https:\/\/realoptions.net\/es\/#\/schema\/logo\/image\/"},"sameAs":["https:\/\/www.facebook.com\/realoptions.centralsanjose\/"]}]}},"_links":{"self":[{"href":"https:\/\/realoptions.net\/es\/wp-json\/wp\/v2\/pages\/1478","targetHints":{"allow":["GET"]}}],"collection":[{"href":"https:\/\/realoptions.net\/es\/wp-json\/wp\/v2\/pages"}],"about":[{"href":"https:\/\/realoptions.net\/es\/wp-json\/wp\/v2\/types\/page"}],"author":[{"embeddable":true,"href":"https:\/\/realoptions.net\/es\/wp-json\/wp\/v2\/users\/11"}],"replies":[{"embeddable":true,"href":"https:\/\/realoptions.net\/es\/wp-json\/wp\/v2\/comments?post=1478"}],"version-history":[{"count":9,"href":"https:\/\/realoptions.net\/es\/wp-json\/wp\/v2\/pages\/1478\/revisions"}],"predecessor-version":[{"id":14940,"href":"https:\/\/realoptions.net\/es\/wp-json\/wp\/v2\/pages\/1478\/revisions\/14940"}],"wp:attachment":[{"href":"https:\/\/realoptions.net\/es\/wp-json\/wp\/v2\/media?parent=1478"}],"curies":[{"name":"wp","href":"https:\/\/api.w.org\/{rel}","templated":true}]}}