{"id":1413,"date":"2024-05-29T12:38:36","date_gmt":"2024-05-29T12:38:36","guid":{"rendered":"http:\/\/dev.realoptions.net\/?page_id=1413"},"modified":"2025-12-17T02:16:04","modified_gmt":"2025-12-17T10:16:04","slug":"aborto-central-san-jose","status":"publish","type":"page","link":"https:\/\/realoptions.net\/es\/aborto-central-san-jose\/","title":{"rendered":"Aborto Central San Jose"},"content":{"rendered":"<div id=\"pl-1413\" class=\"panel-layout\">\n<div id=\"pg-1413-0\" class=\"panel-grid panel-has-style\" data-style=\"{&quot;padding&quot;:&quot;0px 50px 0px 50px&quot;,&quot;background_image_attachment&quot;:false,&quot;background_display&quot;:&quot;tile&quot;,&quot;cell_alignment&quot;:&quot;flex-start&quot;}\">\n<div class=\"panel-row-style panel-row-style-for-1413-0\">\n<div id=\"pgc-1413-0-0\" class=\"panel-grid-cell\" data-weight=\"1\">\n<div id=\"panel-1413-0-0-0\" class=\"so-panel widget widget_sow-editor panel-first-child panel-last-child widgetopts-SO\" data-index=\"0\" data-style=\"{&quot;background_image_attachment&quot;:false,&quot;background_display&quot;:&quot;tile&quot;}\">\n<div class=\"so-widget-sow-editor so-widget-sow-editor-base\">\n<div class=\"siteorigin-widget-tinymce textwidget\">\n<p><img decoding=\"async\" class=\"wp-image-483 size-full alignnone\" src=\"https:\/\/realoptions.net\/wp-content\/uploads\/2019\/10\/espanol.jpg\" alt=\"\" width=\"980\" height=\"350\" \/><\/p>\n<p><span style=\"font-weight: 400;\">Si est\u00e1 embarazada y est\u00e1 considerando un aborto, <\/span><a href=\"https:\/\/realoptions.net\/\" data-wpel-link=\"external\" target=\"_blank\" rel=\"nofollow external noopener noreferrer\"><span style=\"font-weight: 400;\">RealOptions Obria Medical Clinics<\/span><\/a><span style=\"font-weight: 400;\"> quiere ayudarla a tomar una decisi\u00f3n informada que sea mejor para su salud y bienestar. Brindamos atenci\u00f3n compasiva y confidencial; informaci\u00f3n m\u00e9dica sobre todas sus opciones; y apoyo sin prejuicios, sin importar lo que decida hacer sobre su embarazo.<\/span><\/p>\n<h2><b>Aseg\u00farese De Que Est\u00e1 Embarazada<\/b><\/h2>\n<p><span style=\"font-weight: 400;\">Antes de un aborto, recomendamos una evaluaci\u00f3n previa al aborto. Un embarazo viable puede confirmarse mediante una prueba de embarazo de grado de laboratorio y una ecograf\u00eda. Estad\u00edsticamente, <\/span><a href=\"https:\/\/www.mayoclinic.org\/diseases-conditions\/pregnancy-loss-miscarriage\/symptoms-causes\/syc-20354298\" data-wpel-link=\"external\" target=\"_blank\" rel=\"nofollow external noopener noreferrer\"><span style=\"font-weight: 400;\">uno de cada cuatro embarazos<\/span><\/a><span style=\"font-weight: 400;\"> dentro del primer trimestre puede no ser viable y puede terminar en un aborto espont\u00e1neo natural.<\/span><\/p>\n<p><span style=\"font-weight: 400;\">Un ultrasonido proporcionar\u00e1 confirmaci\u00f3n basada en evidencia y dataci\u00f3n de su embarazo. Existen medicamentos y procedimientos de aborto quir\u00fargico. El tipo de procedimiento de aborto depende de factores como qu\u00e9 tan avanzado est\u00e1 su embarazo.<\/span><\/p>\n<p><span style=\"font-weight: 400;\">Nuestros <\/span><b>servicios de detecci\u00f3n previa<\/b><span style=\"font-weight: 400;\"> al aborto pueden incluir:<\/span><\/p>\n<ul>\n<li style=\"font-weight: 400;\"><span style=\"font-weight: 400;\">Consulta de decisi\u00f3n de embarazo<\/span><\/li>\n<li style=\"font-weight: 400;\"><span style=\"font-weight: 400;\">Prueba de embarazo en orina de laboratorio<\/span><\/li>\n<li style=\"font-weight: 400;\"><span style=\"font-weight: 400;\">Examen de ultrasonido si la prueba es positiva<\/span><\/li>\n<li style=\"font-weight: 400;\"><span style=\"font-weight: 400;\">Verificaci\u00f3n de prueba de embarazo<\/span><\/li>\n<li style=\"font-weight: 400;\"><span style=\"font-weight: 400;\">Pruebas y tratamiento de ETS<\/span><\/li>\n<\/ul>\n<p><span style=\"font-weight: 400;\">Algunos m\u00e9dicos u otras cl\u00ednicas requieren verificaci\u00f3n de embarazo antes de permitirle hacer una cita con ellos con respecto a su embarazo. Esta verificaci\u00f3n de embarazo es el documento oficial que sirve como prueba de embarazo para las compa\u00f1\u00edas de seguros, agencias comunitarias que brindan servicios como el W.I.C. programa, y ser\u00e1 necesario si obtiene un aborto cerca del Valle de Almaden. Tenga en cuenta que no brindamos servicios de aborto en nuestras cl\u00ednicas. Haga <\/span><a href=\"https:\/\/www.dhcs.ca.gov\/services\/medi-cal\/eligibility\/Pages\/SingleStreamApps.aspx\" data-wpel-link=\"external\" target=\"_blank\" rel=\"nofollow external noopener noreferrer\"><span style=\"font-weight: 400;\">clic aqu\u00ed<\/span><\/a><span style=\"font-weight: 400;\"> para ver los <\/span><b>formularios de Medi-Cal<\/b><span style=\"font-weight: 400;\">. Haga <\/span><a href=\"https:\/\/www.fns.usda.gov\/wic\/apply\" data-wpel-link=\"external\" target=\"_blank\" rel=\"nofollow external noopener noreferrer\"><span style=\"font-weight: 400;\">clic aqu\u00ed<\/span><\/a><span style=\"font-weight: 400;\"> para ver los <\/span><b>formularios de WIC<\/b><span style=\"font-weight: 400;\">.<\/span><\/p>\n<p><span style=\"font-weight: 400;\">Recomendamos que tambi\u00e9n se haga una prueba de enfermedades de transmisi\u00f3n sexual (ETS). Es muy importante que una <\/span><a href=\"https:\/\/patient.info\/womens-health\/pelvic-pain-in-women\/pelvic-inflammatory-disease\" data-wpel-link=\"external\" target=\"_blank\" rel=\"nofollow external noopener noreferrer\"><span style=\"font-weight: 400;\">infecci\u00f3n<\/span><\/a><span style=\"font-weight: 400;\"> se trate antes de un aborto para prevenir la propagaci\u00f3n de la infecci\u00f3n durante el procedimiento de aborto.<\/span><\/p>\n<p><span style=\"font-weight: 400;\">Estamos aqu\u00ed para ayudarlo a comprender todas sus opciones para que pueda tomar una decisi\u00f3n informada. <\/span><b>Si le preocupa su capacidad financiera para pagar un servicio, puede ser elegible para un programa de ayuda financiera financiado por el estado que le proporcionar\u00eda servicios sin costo cerca del centro de San Jos\u00e9 en San Jos\u00e9.<\/b><\/p>\n<p><span style=\"font-weight: 400;\">Bienvenido al <strong>centro de San Jos\u00e9<\/strong>: oficialmente la ciudad de San Jos\u00e9, es el centro econ\u00f3mico, cultural y pol\u00edtico de<a href=\"https:\/\/en.wikipedia.org\/wiki\/Silicon_Valley\" data-wpel-link=\"external\" target=\"_blank\" rel=\"nofollow external noopener noreferrer\"> Silicon Valley<\/a> y la ciudad m\u00e1s grande del <a href=\"https:\/\/en.wikipedia.org\/wiki\/Northern_California\" data-wpel-link=\"external\" target=\"_blank\" rel=\"nofollow external noopener noreferrer\">norte de California<\/a>. Con una poblaci\u00f3n estimada en 2015 de 1.026.908, es la <a href=\"https:\/\/en.wikipedia.org\/wiki\/List_of_largest_California_cities_by_population\" data-wpel-link=\"external\" target=\"_blank\" rel=\"nofollow external noopener noreferrer\">tercera ciudad m\u00e1s poblada<\/a> de California (despu\u00e9s de <a href=\"https:\/\/en.wikipedia.org\/wiki\/Los_Angeles\" data-wpel-link=\"external\" target=\"_blank\" rel=\"nofollow external noopener noreferrer\">Los \u00c1ngeles<\/a> y <a href=\"https:\/\/en.wikipedia.org\/wiki\/San_Diego\" data-wpel-link=\"external\" target=\"_blank\" rel=\"nofollow external noopener noreferrer\">San Diego<\/a>) y la <a href=\"https:\/\/en.wikipedia.org\/wiki\/List_of_United_States_cities_by_population\" data-wpel-link=\"external\" target=\"_blank\" rel=\"nofollow external noopener noreferrer\">d\u00e9cima m\u00e1s poblada<\/a> de los Estados Unidos. [14] Ubicado en el centro del <a href=\"https:\/\/en.wikipedia.org\/wiki\/Santa_Clara_Valley\" data-wpel-link=\"external\" target=\"_blank\" rel=\"nofollow external noopener noreferrer\">Valle de Santa Clara<\/a>, en la costa sur de la Bah\u00eda de <a href=\"https:\/\/en.wikipedia.org\/wiki\/San_Francisco_Bay\" data-wpel-link=\"external\" target=\"_blank\" rel=\"nofollow external noopener noreferrer\">San Francisco<\/a>. Las principales compa\u00f1\u00edas tecnol\u00f3gicas mundiales, como <a href=\"https:\/\/en.wikipedia.org\/wiki\/Cisco_Systems\" data-wpel-link=\"external\" target=\"_blank\" rel=\"nofollow external noopener noreferrer\">Cisco Systems<\/a>, <a href=\"https:\/\/en.wikipedia.org\/wiki\/EBay\" data-wpel-link=\"external\" target=\"_blank\" rel=\"nofollow external noopener noreferrer\">eBay<\/a>, <a href=\"https:\/\/en.wikipedia.org\/wiki\/Adobe_Inc.\" data-wpel-link=\"external\" target=\"_blank\" rel=\"nofollow external noopener noreferrer\">Adobe Systems<\/a>, <a href=\"https:\/\/en.wikipedia.org\/wiki\/PayPal\" data-wpel-link=\"external\" target=\"_blank\" rel=\"nofollow external noopener noreferrer\">PayPal<\/a>, <a href=\"https:\/\/en.wikipedia.org\/wiki\/Brocade_Communications_Systems\" data-wpel-link=\"external\" target=\"_blank\" rel=\"nofollow external noopener noreferrer\">Brocade<\/a>, <a href=\"https:\/\/en.wikipedia.org\/wiki\/Samsung\" data-wpel-link=\"external\" target=\"_blank\" rel=\"nofollow external noopener noreferrer\">Samsung<\/a>, <a href=\"https:\/\/en.wikipedia.org\/wiki\/Acer_Inc.\" data-wpel-link=\"external\" target=\"_blank\" rel=\"nofollow external noopener noreferrer\">Acer<\/a> y <a href=\"https:\/\/en.wikipedia.org\/wiki\/Western_Digital\" data-wpel-link=\"external\" target=\"_blank\" rel=\"nofollow external noopener noreferrer\">Western Digital<\/a>, mantienen su sede en San Jos\u00e9, en el centro de Silicon Valley.<\/span><\/p>\n<\/div>\n<\/div>\n<\/div>\n<\/div>\n<\/div>\n<\/div>\n<\/div>\n","protected":false},"excerpt":{"rendered":"<p>Si est\u00e1 embarazada y est\u00e1 considerando un aborto, RealOptions Obria Medical Clinics quiere ayudarla a tomar una decisi\u00f3n informada que sea mejor para su salud y bienestar. Brindamos atenci\u00f3n compasiva y confidencial; informaci\u00f3n m\u00e9dica sobre<\/p>\n","protected":false},"author":11,"featured_media":0,"parent":0,"menu_order":0,"comment_status":"open","ping_status":"closed","template":"","meta":{"_acf_changed":false,"footnotes":"","_links_to":"","_links_to_target":""},"class_list":["post-1413","page","type-page","status-publish","hentry"],"acf":[],"yoast_head":"<!-- This site is optimized with the Yoast SEO plugin v27.3 - https:\/\/yoast.com\/product\/yoast-seo-wordpress\/ -->\n<title>Aborto Information Central San Jose | RealOptions Obria<\/title>\n<meta name=\"description\" content=\"\u00bfEst\u00e1 considerando el aborto en el centro de San Jos\u00e9? Reciba nuestra atenci\u00f3n m\u00e9dica compasiva y consultas a bajo costo o sin costo alguno.\" \/>\n<meta name=\"robots\" content=\"index, follow, max-snippet:-1, max-image-preview:large, max-video-preview:-1\" \/>\n<link rel=\"canonical\" href=\"https:\/\/realoptions.net\/es\/aborto-central-san-jose\/\" \/>\n<meta property=\"og:locale\" content=\"es_ES\" \/>\n<meta property=\"og:type\" content=\"article\" \/>\n<meta property=\"og:title\" content=\"Aborto Information Central San Jose | RealOptions Obria\" \/>\n<meta property=\"og:description\" content=\"\u00bfEst\u00e1 considerando el aborto en el centro de San Jos\u00e9? Reciba nuestra atenci\u00f3n m\u00e9dica compasiva y consultas a bajo costo o sin costo alguno.\" \/>\n<meta property=\"og:url\" content=\"https:\/\/realoptions.net\/es\/aborto-central-san-jose\/\" \/>\n<meta property=\"og:site_name\" content=\"RealOptions Obria Medical Clinic\" \/>\n<meta property=\"article:publisher\" content=\"https:\/\/www.facebook.com\/realoptions.centralsanjose\/\" \/>\n<meta property=\"article:modified_time\" content=\"2025-12-17T10:16:04+00:00\" \/>\n<meta property=\"og:image\" content=\"https:\/\/realoptions.net\/wp-content\/uploads\/2019\/10\/espanol.jpg\" \/>\n<meta name=\"twitter:card\" content=\"summary_large_image\" \/>\n<meta name=\"twitter:label1\" content=\"Tiempo de lectura\" \/>\n\t<meta name=\"twitter:data1\" content=\"3 minutos\" \/>\n<!-- \/ Yoast SEO plugin. -->","yoast_head_json":{"title":"Aborto Information Central San Jose | RealOptions Obria","description":"\u00bfEst\u00e1 considerando el aborto en el centro de San Jos\u00e9? Reciba nuestra atenci\u00f3n m\u00e9dica compasiva y consultas a bajo costo o sin costo alguno.","robots":{"index":"index","follow":"follow","max-snippet":"max-snippet:-1","max-image-preview":"max-image-preview:large","max-video-preview":"max-video-preview:-1"},"canonical":"https:\/\/realoptions.net\/es\/aborto-central-san-jose\/","og_locale":"es_ES","og_type":"article","og_title":"Aborto Information Central San Jose | RealOptions Obria","og_description":"\u00bfEst\u00e1 considerando el aborto en el centro de San Jos\u00e9? Reciba nuestra atenci\u00f3n m\u00e9dica compasiva y consultas a bajo costo o sin costo alguno.","og_url":"https:\/\/realoptions.net\/es\/aborto-central-san-jose\/","og_site_name":"RealOptions Obria Medical Clinic","article_publisher":"https:\/\/www.facebook.com\/realoptions.centralsanjose\/","article_modified_time":"2025-12-17T10:16:04+00:00","og_image":[{"url":"https:\/\/realoptions.net\/wp-content\/uploads\/2019\/10\/espanol.jpg","type":"","width":"","height":""}],"twitter_card":"summary_large_image","twitter_misc":{"Tiempo de lectura":"3 minutos"},"schema":{"@context":"https:\/\/schema.org","@graph":[{"@type":"WebPage","@id":"https:\/\/realoptions.net\/es\/aborto-central-san-jose\/","url":"https:\/\/realoptions.net\/es\/aborto-central-san-jose\/","name":"Aborto Information Central San Jose | RealOptions Obria","isPartOf":{"@id":"https:\/\/realoptions.net\/es\/#website"},"primaryImageOfPage":{"@id":"https:\/\/realoptions.net\/es\/aborto-central-san-jose\/#primaryimage"},"image":{"@id":"https:\/\/realoptions.net\/es\/aborto-central-san-jose\/#primaryimage"},"thumbnailUrl":"https:\/\/realoptions.net\/wp-content\/uploads\/2019\/10\/espanol.jpg","datePublished":"2024-05-29T12:38:36+00:00","dateModified":"2025-12-17T10:16:04+00:00","description":"\u00bfEst\u00e1 considerando el aborto en el centro de San Jos\u00e9? Reciba nuestra atenci\u00f3n m\u00e9dica compasiva y consultas a bajo costo o sin costo alguno.","breadcrumb":{"@id":"https:\/\/realoptions.net\/es\/aborto-central-san-jose\/#breadcrumb"},"inLanguage":"es","potentialAction":[{"@type":"ReadAction","target":["https:\/\/realoptions.net\/es\/aborto-central-san-jose\/"]}]},{"@type":"ImageObject","inLanguage":"es","@id":"https:\/\/realoptions.net\/es\/aborto-central-san-jose\/#primaryimage","url":"https:\/\/realoptions.net\/wp-content\/uploads\/2019\/10\/espanol.jpg","contentUrl":"https:\/\/realoptions.net\/wp-content\/uploads\/2019\/10\/espanol.jpg"},{"@type":"BreadcrumbList","@id":"https:\/\/realoptions.net\/es\/aborto-central-san-jose\/#breadcrumb","itemListElement":[{"@type":"ListItem","position":1,"name":"Home","item":"https:\/\/realoptions.net\/es\/"},{"@type":"ListItem","position":2,"name":"Aborto Central San Jose"}]},{"@type":"WebSite","@id":"https:\/\/realoptions.net\/es\/#website","url":"https:\/\/realoptions.net\/es\/","name":"RealOptions Obria Medical Clinic","description":"","publisher":{"@id":"https:\/\/realoptions.net\/es\/#organization"},"potentialAction":[{"@type":"SearchAction","target":{"@type":"EntryPoint","urlTemplate":"https:\/\/realoptions.net\/es\/?s={search_term_string}"},"query-input":{"@type":"PropertyValueSpecification","valueRequired":true,"valueName":"search_term_string"}}],"inLanguage":"es"},{"@type":"Organization","@id":"https:\/\/realoptions.net\/es\/#organization","name":"Real Options Obria Medical Clinics","url":"https:\/\/realoptions.net\/es\/","logo":{"@type":"ImageObject","inLanguage":"es","@id":"https:\/\/realoptions.net\/es\/#\/schema\/logo\/image\/","url":"https:\/\/realoptions.net\/wp-content\/uploads\/2022\/04\/branding.webp","contentUrl":"https:\/\/realoptions.net\/wp-content\/uploads\/2022\/04\/branding.webp","width":450,"height":155,"caption":"Real Options Obria Medical Clinics"},"image":{"@id":"https:\/\/realoptions.net\/es\/#\/schema\/logo\/image\/"},"sameAs":["https:\/\/www.facebook.com\/realoptions.centralsanjose\/"]}]}},"_links":{"self":[{"href":"https:\/\/realoptions.net\/es\/wp-json\/wp\/v2\/pages\/1413","targetHints":{"allow":["GET"]}}],"collection":[{"href":"https:\/\/realoptions.net\/es\/wp-json\/wp\/v2\/pages"}],"about":[{"href":"https:\/\/realoptions.net\/es\/wp-json\/wp\/v2\/types\/page"}],"author":[{"embeddable":true,"href":"https:\/\/realoptions.net\/es\/wp-json\/wp\/v2\/users\/11"}],"replies":[{"embeddable":true,"href":"https:\/\/realoptions.net\/es\/wp-json\/wp\/v2\/comments?post=1413"}],"version-history":[{"count":9,"href":"https:\/\/realoptions.net\/es\/wp-json\/wp\/v2\/pages\/1413\/revisions"}],"predecessor-version":[{"id":14743,"href":"https:\/\/realoptions.net\/es\/wp-json\/wp\/v2\/pages\/1413\/revisions\/14743"}],"wp:attachment":[{"href":"https:\/\/realoptions.net\/es\/wp-json\/wp\/v2\/media?parent=1413"}],"curies":[{"name":"wp","href":"https:\/\/api.w.org\/{rel}","templated":true}]}}