{"id":13741,"date":"2024-08-28T12:36:29","date_gmt":"2024-08-28T19:36:29","guid":{"rendered":"https:\/\/realoptions.net\/?page_id=13741"},"modified":"2025-12-16T21:36:54","modified_gmt":"2025-12-17T05:36:54","slug":"nuestros-servicios-2","status":"publish","type":"page","link":"https:\/\/realoptions.net\/es\/nuestros-servicios-2\/","title":{"rendered":"Nuestros Servicios"},"content":{"rendered":"<div id=\"pl-1462\"  class=\"panel-layout\" >\n<div id=\"pg-1462-0\"  class=\"panel-grid panel-has-style\"  data-style=\"{&quot;padding&quot;:&quot;0px 50px 0px 50px&quot;,&quot;background_image_attachment&quot;:false,&quot;background_display&quot;:&quot;tile&quot;,&quot;full_height&quot;:&quot;&quot;,&quot;cell_alignment&quot;:&quot;flex-start&quot;}\" >\n<div class=\"panel-row-style panel-row-style-for-1462-0\" >\n<div id=\"pgc-1462-0-0\"  class=\"panel-grid-cell\"  data-weight=\"1\" >\n<div id=\"panel-1462-0-0-0\" class=\"so-panel widget widget_sow-editor panel-first-child panel-last-child widgetopts-SO\" data-index=\"0\" data-style=\"{&quot;background_image_attachment&quot;:false,&quot;background_display&quot;:&quot;tile&quot;}\" >\n<div\n\t\t\t\n\t\t\tclass=\"so-widget-sow-editor so-widget-sow-editor-base\"\n\t\t\t\n\t\t><\/p>\n<div class=\"siteorigin-widget-tinymce textwidget\">\n<p>&nbsp;<\/p>\n<h2>Bienvenido a RealOptions<\/h2>\n<p>Las cl\u00ednicas m\u00e9dicas de RealOptions Obria han prestado servicios en los condados de Santa Clara y Alameda desde 1981. Brindamos atenci\u00f3n m\u00e9dica reproductiva compasiva, integral y de alta calidad. Somos cl\u00ednicas de atenci\u00f3n comunitaria con licencia completa que brindan atenci\u00f3n para mujeres sanas, que incluyen: pruebas de Papanicolaou, ex\u00e1menes de detecci\u00f3n de c\u00e1ncer de cuello uterino y ex\u00e1menes de los senos. Tambi\u00e9n proporcionamos pruebas y tratamiento de ETS, pruebas de embarazo, ultrasonidos, ex\u00e1menes de detecci\u00f3n antes del aborto, atenci\u00f3n prenatal, tratamiento de reversi\u00f3n de p\u00edldoras abortivas, educaci\u00f3n para la salud, servicios de apoyo y referencias. Brindamos el apoyo y las respuestas que necesita con respecto a su salud sexual. Su salud y bienestar son importantes para nosotros. Estamos dedicados a cuidar a nuestros pacientes de manera integral y estamos dedicados al m\u00e1s alto nivel de atenci\u00f3n m\u00e9dica en un ambiente reconfortante y de apoyo. Miles de mujeres y hombres conf\u00edan en nosotros cada a\u00f1o.<\/p>\n<\/div>\n<\/div>\n<\/div>\n<\/div>\n<\/div>\n<\/div>\n<div id=\"pg-1462-1\"  class=\"panel-grid panel-has-style\"  data-style=\"{&quot;padding&quot;:&quot;0px 50px 0px 50px&quot;,&quot;background_image_attachment&quot;:false,&quot;background_display&quot;:&quot;tile&quot;,&quot;full_height&quot;:&quot;&quot;,&quot;cell_alignment&quot;:&quot;flex-start&quot;}\" >\n<div class=\"panel-row-style panel-row-style-for-1462-1\" >\n<div id=\"pgc-1462-1-0\"  class=\"panel-grid-cell\"  data-weight=\"1\" >\n<div id=\"panel-1462-1-0-0\" class=\"so-panel widget widget_sow-editor panel-first-child panel-last-child widgetopts-SO\" data-index=\"1\" data-style=\"{&quot;background_image_attachment&quot;:false,&quot;background_display&quot;:&quot;tile&quot;}\" >\n<div\n\t\t\t\n\t\t\tclass=\"so-widget-sow-editor so-widget-sow-editor-base\"\n\t\t\t\n\t\t><\/p>\n<div class=\"siteorigin-widget-tinymce textwidget\">\n<p>&nbsp;<\/p>\n<h2>Nuestros Servicios Incluyen<\/h2>\n<\/div>\n<\/div>\n<\/div>\n<\/div>\n<\/div>\n<\/div>\n<div id=\"pg-1462-2\"  class=\"panel-grid panel-has-style\"  data-style=\"{&quot;padding&quot;:&quot;0px 50px 0px 50px&quot;,&quot;background_image_attachment&quot;:false,&quot;background_display&quot;:&quot;tile&quot;,&quot;full_height&quot;:&quot;&quot;,&quot;cell_alignment&quot;:&quot;flex-start&quot;}\"  data-ratio=\"1\"  data-ratio-direction=\"right\" >\n<div class=\"panel-row-style panel-row-style-for-1462-2\" >\n<div id=\"pgc-1462-2-0\"  class=\"panel-grid-cell\"  data-weight=\"0.33333333333333\" >\n<div id=\"panel-1462-2-0-0\" class=\"so-panel widget widget_sow-editor panel-first-child panel-last-child widgetopts-SO\" data-index=\"2\" data-style=\"{&quot;background_image_attachment&quot;:false,&quot;background_display&quot;:&quot;tile&quot;}\" >\n<div\n\t\t\t\n\t\t\tclass=\"so-widget-sow-editor so-widget-sow-editor-base\"\n\t\t\t\n\t\t><\/p>\n<div class=\"siteorigin-widget-tinymce textwidget\">\n<p>&nbsp;<\/p>\n<p align=\"center\"><img decoding=\"async\" class=\"alignnone size-full wp-image-64\" src=\"https:\/\/realoptions.net\/wp-content\/uploads\/2019\/10\/blue_plus_icon.png\" alt=\"\" width=\"92\" height=\"92\" \/><\/p>\n<h3 style=\"text-align: center;\">Cl\u00ednico<\/h3>\n<p style=\"text-align: center;\">Cuidado de Mujer<br \/>\nPruebas y Tratamiento de ETS<br \/>\nPruebas de Embarazo<br \/>\nConsulta de Opciones de Embarazo<br \/>\nEvaluaciones Previas al Aborto<br \/>\nImagen Obst\u00e9trica de Ultrasonido<br \/>\nCuidado Prenatal<br \/>\nTratamiento de Reversi\u00f3n de la P\u00edldora Abortiva<\/p>\n<\/div>\n<\/div>\n<\/div>\n<\/div>\n<div id=\"pgc-1462-2-1\"  class=\"panel-grid-cell\"  data-weight=\"0.33333333333333\" >\n<div id=\"panel-1462-2-1-0\" class=\"so-panel widget widget_sow-editor panel-first-child panel-last-child widgetopts-SO\" data-index=\"3\" data-style=\"{&quot;background_image_attachment&quot;:false,&quot;background_display&quot;:&quot;tile&quot;,&quot;background_image_size&quot;:&quot;full&quot;,&quot;border_thickness&quot;:&quot;1px&quot;}\" >\n<div\n\t\t\t\n\t\t\tclass=\"so-widget-sow-editor so-widget-sow-editor-base\"\n\t\t\t\n\t\t><\/p>\n<div class=\"siteorigin-widget-tinymce textwidget\">\n<p>&nbsp;<\/p>\n<p align=\"center\"><img decoding=\"async\" class=\"alignnone size-full wp-image-62\" src=\"https:\/\/realoptions.net\/wp-content\/uploads\/2019\/10\/red_hands_icon.png\" alt=\"\" width=\"91\" height=\"92\" \/><\/p>\n<h3 style=\"text-align: center;\">Servicios de Apoyo<\/h3>\n<p style=\"text-align: center;\">L\u00ednea de Ayuda Despu\u00e9s Del Horario Laboral 800 712-HELP<br \/>\nLa Defensa Del Paciente<br \/>\nDespu\u00e9s Del Apoyo Al Aborto<br \/>\nDespu\u00e9s De La Adopci\u00f3n De Apoyo<br \/>\nSanaci\u00f3n de P\u00e9rdida Reproductiva<\/p>\n<\/div>\n<\/div>\n<\/div>\n<\/div>\n<div id=\"pgc-1462-2-2\"  class=\"panel-grid-cell\"  data-weight=\"0.33333333333333\" >\n<div id=\"panel-1462-2-2-0\" class=\"so-panel widget widget_sow-editor panel-first-child panel-last-child widgetopts-SO\" data-index=\"4\" data-style=\"{&quot;background_image_attachment&quot;:false,&quot;background_display&quot;:&quot;tile&quot;,&quot;background_image_size&quot;:&quot;full&quot;,&quot;border_thickness&quot;:&quot;1px&quot;}\" >\n<div\n\t\t\t\n\t\t\tclass=\"so-widget-sow-editor so-widget-sow-editor-base\"\n\t\t\t\n\t\t><\/p>\n<div class=\"siteorigin-widget-tinymce textwidget\">\n<p>&nbsp;<\/p>\n<p align=\"center\"><img decoding=\"async\" class=\"alignnone size-full wp-image-61\" src=\"https:\/\/realoptions.net\/wp-content\/uploads\/2019\/10\/gray_education_icon.png\" alt=\"\" width=\"93\" height=\"95\" \/><\/p>\n<h3 style=\"text-align: center;\">Recursos y Educaci\u00f3n<\/h3>\n<p style=\"text-align: center;\">Clases De Parto<br \/>\nRopa De Maternidad y Beb\u00e9<br \/>\nEducaci\u00f3n De Salud Sexual<br \/>\nReferencias De Asistencia Comunitaria<\/p>\n<\/div>\n<\/div>\n<\/div>\n<\/div>\n<\/div>\n<\/div>\n<div id=\"pg-1462-3\"  class=\"panel-grid panel-has-style\"  data-style=\"{&quot;class&quot;:&quot;gray&quot;,&quot;padding&quot;:&quot;0px 50px 0px 50px&quot;,&quot;background_image_attachment&quot;:false,&quot;background_display&quot;:&quot;tile&quot;,&quot;full_height&quot;:&quot;&quot;,&quot;cell_alignment&quot;:&quot;flex-start&quot;}\"  data-ratio=\"1\"  data-ratio-direction=\"right\" >\n<div class=\"gray panel-row-style panel-row-style-for-1462-3\" >\n<div id=\"pgc-1462-3-0\"  class=\"panel-grid-cell\"  data-weight=\"1\" >\n<div id=\"panel-1462-3-0-0\" class=\"so-panel widget widget_sow-editor panel-first-child panel-last-child widgetopts-SO\" data-index=\"5\" data-style=\"{&quot;background_image_attachment&quot;:false,&quot;background_display&quot;:&quot;tile&quot;}\" >\n<div\n\t\t\t\n\t\t\tclass=\"so-widget-sow-editor so-widget-sow-editor-base\"\n\t\t\t\n\t\t><\/p>\n<div class=\"siteorigin-widget-tinymce textwidget\">\n<p style=\"text-align: center;\"><a class=\"btn btn-primary btn-large\" href=\"https:\/\/api.leadconnectorhq.com\/widget\/survey\/e4IR6RquMy1IKaiKIamb\" target=\"_blank\" rel=\"noopener noreferrer nofollow external\" data-wpel-link=\"external\">Programe En L\u00ednea<\/a><\/p>\n<\/div>\n<\/div>\n<\/div>\n<\/div>\n<\/div>\n<\/div>\n<\/div>\n","protected":false},"excerpt":{"rendered":"<p>&nbsp; Bienvenido a RealOptions Las cl\u00ednicas m\u00e9dicas de RealOptions Obria han prestado servicios en los condados de Santa Clara y Alameda desde 1981. Brindamos atenci\u00f3n m\u00e9dica reproductiva compasiva, integral y de alta calidad. Somos cl\u00ednicas<\/p>\n","protected":false},"author":10,"featured_media":0,"parent":0,"menu_order":0,"comment_status":"open","ping_status":"closed","template":"","meta":{"_acf_changed":false,"footnotes":"","_links_to":"","_links_to_target":""},"class_list":["post-13741","page","type-page","status-publish","hentry"],"acf":[],"yoast_head":"<!-- This site is optimized with the Yoast SEO plugin v27.3 - https:\/\/yoast.com\/product\/yoast-seo-wordpress\/ -->\n<title>Abortion Consultation Services | RealOptions Obria<\/title>\n<meta name=\"description\" content=\"We are licensed community care clinics offering medical consultations, pregnancy tests, STD testing, prenatal care, and more. Contact us today!\" \/>\n<meta name=\"robots\" content=\"index, follow, max-snippet:-1, max-image-preview:large, max-video-preview:-1\" \/>\n<link rel=\"canonical\" href=\"https:\/\/realoptions.net\/es\/nuestros-servicios-2\/\" \/>\n<meta property=\"og:locale\" content=\"es_ES\" \/>\n<meta property=\"og:type\" content=\"article\" \/>\n<meta property=\"og:title\" content=\"Abortion Consultation Services | RealOptions Obria\" \/>\n<meta property=\"og:description\" content=\"We are licensed community care clinics offering medical consultations, pregnancy tests, STD testing, prenatal care, and more. Contact us today!\" \/>\n<meta property=\"og:url\" content=\"https:\/\/realoptions.net\/es\/nuestros-servicios-2\/\" \/>\n<meta property=\"og:site_name\" content=\"RealOptions Obria Medical Clinic\" \/>\n<meta property=\"article:publisher\" content=\"https:\/\/www.facebook.com\/realoptions.centralsanjose\/\" \/>\n<meta property=\"article:modified_time\" content=\"2025-12-17T05:36:54+00:00\" \/>\n<meta property=\"og:image\" content=\"https:\/\/realoptions.net\/wp-content\/uploads\/2019\/10\/blue_plus_icon.png\" \/>\n<meta name=\"twitter:card\" content=\"summary_large_image\" \/>\n<meta name=\"twitter:label1\" content=\"Tiempo de lectura\" \/>\n\t<meta name=\"twitter:data1\" content=\"2 minutos\" \/>\n<!-- \/ Yoast SEO plugin. -->","yoast_head_json":{"title":"Abortion Consultation Services | RealOptions Obria","description":"We are licensed community care clinics offering medical consultations, pregnancy tests, STD testing, prenatal care, and more. Contact us today!","robots":{"index":"index","follow":"follow","max-snippet":"max-snippet:-1","max-image-preview":"max-image-preview:large","max-video-preview":"max-video-preview:-1"},"canonical":"https:\/\/realoptions.net\/es\/nuestros-servicios-2\/","og_locale":"es_ES","og_type":"article","og_title":"Abortion Consultation Services | RealOptions Obria","og_description":"We are licensed community care clinics offering medical consultations, pregnancy tests, STD testing, prenatal care, and more. Contact us today!","og_url":"https:\/\/realoptions.net\/es\/nuestros-servicios-2\/","og_site_name":"RealOptions Obria Medical Clinic","article_publisher":"https:\/\/www.facebook.com\/realoptions.centralsanjose\/","article_modified_time":"2025-12-17T05:36:54+00:00","og_image":[{"url":"https:\/\/realoptions.net\/wp-content\/uploads\/2019\/10\/blue_plus_icon.png","type":"","width":"","height":""}],"twitter_card":"summary_large_image","twitter_misc":{"Tiempo de lectura":"2 minutos"},"schema":{"@context":"https:\/\/schema.org","@graph":[{"@type":"WebPage","@id":"https:\/\/realoptions.net\/es\/nuestros-servicios-2\/","url":"https:\/\/realoptions.net\/es\/nuestros-servicios-2\/","name":"Abortion Consultation Services | RealOptions Obria","isPartOf":{"@id":"https:\/\/realoptions.net\/es\/#website"},"primaryImageOfPage":{"@id":"https:\/\/realoptions.net\/es\/nuestros-servicios-2\/#primaryimage"},"image":{"@id":"https:\/\/realoptions.net\/es\/nuestros-servicios-2\/#primaryimage"},"thumbnailUrl":"https:\/\/realoptions.net\/wp-content\/uploads\/2019\/10\/blue_plus_icon.png","datePublished":"2024-08-28T19:36:29+00:00","dateModified":"2025-12-17T05:36:54+00:00","description":"We are licensed community care clinics offering medical consultations, pregnancy tests, STD testing, prenatal care, and more. Contact us today!","breadcrumb":{"@id":"https:\/\/realoptions.net\/es\/nuestros-servicios-2\/#breadcrumb"},"inLanguage":"es","potentialAction":[{"@type":"ReadAction","target":["https:\/\/realoptions.net\/es\/nuestros-servicios-2\/"]}]},{"@type":"ImageObject","inLanguage":"es","@id":"https:\/\/realoptions.net\/es\/nuestros-servicios-2\/#primaryimage","url":"https:\/\/realoptions.net\/wp-content\/uploads\/2019\/10\/blue_plus_icon.png","contentUrl":"https:\/\/realoptions.net\/wp-content\/uploads\/2019\/10\/blue_plus_icon.png"},{"@type":"BreadcrumbList","@id":"https:\/\/realoptions.net\/es\/nuestros-servicios-2\/#breadcrumb","itemListElement":[{"@type":"ListItem","position":1,"name":"Home","item":"https:\/\/realoptions.net\/es\/"},{"@type":"ListItem","position":2,"name":"Nuestros Servicios"}]},{"@type":"WebSite","@id":"https:\/\/realoptions.net\/es\/#website","url":"https:\/\/realoptions.net\/es\/","name":"RealOptions Obria Medical Clinic","description":"","publisher":{"@id":"https:\/\/realoptions.net\/es\/#organization"},"potentialAction":[{"@type":"SearchAction","target":{"@type":"EntryPoint","urlTemplate":"https:\/\/realoptions.net\/es\/?s={search_term_string}"},"query-input":{"@type":"PropertyValueSpecification","valueRequired":true,"valueName":"search_term_string"}}],"inLanguage":"es"},{"@type":"Organization","@id":"https:\/\/realoptions.net\/es\/#organization","name":"Real Options Obria Medical Clinics","url":"https:\/\/realoptions.net\/es\/","logo":{"@type":"ImageObject","inLanguage":"es","@id":"https:\/\/realoptions.net\/es\/#\/schema\/logo\/image\/","url":"https:\/\/realoptions.net\/wp-content\/uploads\/2022\/04\/branding.webp","contentUrl":"https:\/\/realoptions.net\/wp-content\/uploads\/2022\/04\/branding.webp","width":450,"height":155,"caption":"Real Options Obria Medical Clinics"},"image":{"@id":"https:\/\/realoptions.net\/es\/#\/schema\/logo\/image\/"},"sameAs":["https:\/\/www.facebook.com\/realoptions.centralsanjose\/"]}]}},"_links":{"self":[{"href":"https:\/\/realoptions.net\/es\/wp-json\/wp\/v2\/pages\/13741","targetHints":{"allow":["GET"]}}],"collection":[{"href":"https:\/\/realoptions.net\/es\/wp-json\/wp\/v2\/pages"}],"about":[{"href":"https:\/\/realoptions.net\/es\/wp-json\/wp\/v2\/types\/page"}],"author":[{"embeddable":true,"href":"https:\/\/realoptions.net\/es\/wp-json\/wp\/v2\/users\/10"}],"replies":[{"embeddable":true,"href":"https:\/\/realoptions.net\/es\/wp-json\/wp\/v2\/comments?post=13741"}],"version-history":[{"count":2,"href":"https:\/\/realoptions.net\/es\/wp-json\/wp\/v2\/pages\/13741\/revisions"}],"predecessor-version":[{"id":14620,"href":"https:\/\/realoptions.net\/es\/wp-json\/wp\/v2\/pages\/13741\/revisions\/14620"}],"wp:attachment":[{"href":"https:\/\/realoptions.net\/es\/wp-json\/wp\/v2\/media?parent=13741"}],"curies":[{"name":"wp","href":"https:\/\/api.w.org\/{rel}","templated":true}]}}