{"id":12380,"date":"2020-07-18T03:52:42","date_gmt":"2020-07-18T10:52:42","guid":{"rendered":"https:\/\/realoptions.net\/sanidad-reproductiva\/salud-de-la-mujer\/educacion-sobre-fertilidad\/"},"modified":"2026-03-03T01:25:15","modified_gmt":"2026-03-03T09:25:15","slug":"educacion-sobre-fertilidad","status":"publish","type":"page","link":"https:\/\/realoptions.net\/es\/sanidad-reproductiva\/salud-de-la-mujer\/educacion-sobre-fertilidad\/","title":{"rendered":"Educaci\u00f3n sobre fertilidad"},"content":{"rendered":"<p>Nuestras enfermeras est\u00e1n formadas en Educaci\u00f3n sobre Fertilidad y Gesti\u00f3n M\u00e9dica (FEMM), que puede ser beneficiosa para muchos problemas femeninos, como el s\u00edndrome premenstrual, la infertilidad, el desequilibrio hormonal y otros.<\/p>\n<h2>\u00bfPor qu\u00e9 FEMM?<\/h2>\n<p>La FEMM es un programa integral de salud femenina basado en la ciencia. Nuestro programa educativo ense\u00f1a a las mujeres sobre sus ciclos mensuales y el importante papel que desempe\u00f1an en su salud general.La <a href=\"https:\/\/femmhealth.org\/\" target=\"_blank\" rel=\"noopener nofollow external noreferrer\" data-wpel-link=\"external\">aplicaci\u00f3n FEMM <\/a>facilita la gesti\u00f3n, el seguimiento y la comprensi\u00f3n de la salud y la fertilidad. La FEMM invierte en investigaci\u00f3n y formaci\u00f3n m\u00e9dica continuas para aportar los mejores y m\u00e1s actualizados conocimientos a las mujeres y sus m\u00e9dicos.<\/p>\n<p>Nuestro programa integrado permite obtener toda la ayuda e informaci\u00f3n que necesitas en un solo lugar. Nuestros protocolos m\u00e9dicos proporcionan un diagn\u00f3stico y un tratamiento precisos de los desequilibrios hormonales, los problemas de fertilidad y los problemas relacionados, no s\u00f3lo la gesti\u00f3n o supresi\u00f3n de los s\u00edntomas. La FEMM te ayuda a obtener la asistencia sanitaria que mereces.<\/p>\n<p>Si quieres tomar las riendas de tu salud reproductiva, conocer los patrones de tu ciclo ovulatorio y tomar decisiones informadas que adem\u00e1s sean saludables para ti, ll\u00e1manos hoy mismo y concierta una cita.<\/p>\n<p>Nuestra aplicaci\u00f3n gratuita Salud FEMM aprovecha lo \u00faltimo en ciencia de la fertilidad para ayudarte a gestionar y alcanzar tus objetivos de salud reproductiva y crear un cambio duradero.<\/p>\n<ul>\n<li>Conoce tus constantes vitales para saber si tu ciclo es normal, haz un seguimiento de tu ovulaci\u00f3n y menstruaci\u00f3n para mantener y controlar tu bienestar general.<\/li>\n<li>Obt\u00e9n una evaluaci\u00f3n personalizada de la salud hormonal basada en protocolos m\u00e9dicos y en la ciencia moderna de la fertilidad.<\/li>\n<li>Recibe herramientas interactivas para comprender los biomarcadores y patrones de tu cuerpo.<\/li>\n<li>Consigue apoyo 1 a 1 con nuestros profesores certificados de FEMM y profesionales de la salud.<\/li>\n<\/ul>\n<h2>Elige el objetivo que se adapte a tus necesidades<\/h2>\n<p><img decoding=\"async\" src=\"https:\/\/realoptions.net\/wp-content\/uploads\/2021\/08\/track_health_icon.png\" alt=\"\" width=\"152\" height=\"151\" \/><\/p>\n<h2>CONTROLA TU SALUD<\/h2>\n<p>Aprende c\u00f3mo es un ciclo saludable y obt\u00e9n el apoyo que necesitas si detectas s\u00edntomas o desequilibrios.<\/p>\n<p><img decoding=\"async\" src=\"https:\/\/realoptions.net\/wp-content\/uploads\/2021\/08\/avoid_icon.png\" alt=\"\" width=\"152\" height=\"151\" \/><\/p>\n<h2>EVITAR EL EMBARAZO<\/h2>\n<p>Comprende tu fertilidad y aprende a trabajar con tu cuerpo para evitar o posponer el embarazo.<\/p>\n<p><img decoding=\"async\" src=\"https:\/\/realoptions.net\/wp-content\/uploads\/2021\/08\/achieve_icon.png\" alt=\"\" width=\"152\" height=\"151\" \/><\/p>\n<h2>LOGRAR EL EMBARAZO<\/h2>\n<p>Comprende tus d\u00edas f\u00e9rtiles y aprende a trabajar con tu cuerpo para lograr tu objetivo de embarazo.<\/p>\n","protected":false},"excerpt":{"rendered":"<p>Nuestras enfermeras est\u00e1n formadas en Educaci\u00f3n sobre Fertilidad y Gesti\u00f3n M\u00e9dica (FEMM), que puede ser beneficiosa para muchos problemas femeninos, como el s\u00edndrome premenstrual, la infertilidad, el desequilibrio hormonal y otros. \u00bfPor qu\u00e9 FEMM? La<\/p>\n","protected":false},"author":11,"featured_media":14426,"parent":11903,"menu_order":4,"comment_status":"closed","ping_status":"closed","template":"","meta":{"_acf_changed":false,"footnotes":"","_links_to":"","_links_to_target":""},"class_list":["post-12380","page","type-page","status-publish","has-post-thumbnail","hentry"],"acf":[],"yoast_head":"<!-- This site is optimized with the Yoast SEO plugin v27.4 - https:\/\/yoast.com\/product\/yoast-seo-wordpress\/ -->\n<title>Educaci\u00f3n sobre fertilidad y programa FEMM | RealOptions<\/title>\n<meta name=\"description\" content=\"Aprenda sobre Educaci\u00f3n sobre Fertilidad con el programa FEMM, para apoyar la salud hormonal, los ciclos menstruales y la fertilidad femenina.\" \/>\n<meta name=\"robots\" content=\"index, follow, max-snippet:-1, max-image-preview:large, max-video-preview:-1\" \/>\n<link rel=\"canonical\" href=\"https:\/\/realoptions.net\/es\/sanidad-reproductiva\/salud-de-la-mujer\/educacion-sobre-fertilidad\/\" \/>\n<meta property=\"og:locale\" content=\"es_ES\" \/>\n<meta property=\"og:type\" content=\"article\" \/>\n<meta property=\"og:title\" content=\"Educaci\u00f3n sobre fertilidad y programa FEMM | RealOptions\" \/>\n<meta property=\"og:description\" content=\"Aprenda sobre Educaci\u00f3n sobre Fertilidad con el programa FEMM, para apoyar la salud hormonal, los ciclos menstruales y la fertilidad femenina.\" \/>\n<meta property=\"og:url\" content=\"https:\/\/realoptions.net\/es\/sanidad-reproductiva\/salud-de-la-mujer\/educacion-sobre-fertilidad\/\" \/>\n<meta property=\"og:site_name\" content=\"RealOptions Obria Medical Clinic\" \/>\n<meta property=\"article:publisher\" content=\"https:\/\/www.facebook.com\/realoptions.centralsanjose\/\" \/>\n<meta property=\"article:modified_time\" content=\"2026-03-03T09:25:15+00:00\" \/>\n<meta property=\"og:image\" content=\"https:\/\/realoptions.clmstaging.com\/wp-content\/uploads\/2025\/12\/shutterstock_2328778761-scaled-1.jpg\" \/>\n\t<meta property=\"og:image:width\" content=\"1920\" \/>\n\t<meta property=\"og:image:height\" content=\"793\" \/>\n\t<meta property=\"og:image:type\" content=\"image\/jpeg\" \/>\n<meta name=\"twitter:card\" content=\"summary_large_image\" \/>\n<meta name=\"twitter:label1\" content=\"Tiempo de lectura\" \/>\n\t<meta name=\"twitter:data1\" content=\"3 minutos\" \/>\n<!-- \/ Yoast SEO plugin. -->","yoast_head_json":{"title":"Educaci\u00f3n sobre fertilidad y programa FEMM | RealOptions","description":"Aprenda sobre Educaci\u00f3n sobre Fertilidad con el programa FEMM, para apoyar la salud hormonal, los ciclos menstruales y la fertilidad femenina.","robots":{"index":"index","follow":"follow","max-snippet":"max-snippet:-1","max-image-preview":"max-image-preview:large","max-video-preview":"max-video-preview:-1"},"canonical":"https:\/\/realoptions.net\/es\/sanidad-reproductiva\/salud-de-la-mujer\/educacion-sobre-fertilidad\/","og_locale":"es_ES","og_type":"article","og_title":"Educaci\u00f3n sobre fertilidad y programa FEMM | RealOptions","og_description":"Aprenda sobre Educaci\u00f3n sobre Fertilidad con el programa FEMM, para apoyar la salud hormonal, los ciclos menstruales y la fertilidad femenina.","og_url":"https:\/\/realoptions.net\/es\/sanidad-reproductiva\/salud-de-la-mujer\/educacion-sobre-fertilidad\/","og_site_name":"RealOptions Obria Medical Clinic","article_publisher":"https:\/\/www.facebook.com\/realoptions.centralsanjose\/","article_modified_time":"2026-03-03T09:25:15+00:00","og_image":[{"width":1920,"height":793,"url":"https:\/\/realoptions.clmstaging.com\/wp-content\/uploads\/2025\/12\/shutterstock_2328778761-scaled-1.jpg","type":"image\/jpeg"}],"twitter_card":"summary_large_image","twitter_misc":{"Tiempo de lectura":"3 minutos"},"schema":{"@context":"https:\/\/schema.org","@graph":[{"@type":"WebPage","@id":"https:\/\/realoptions.net\/es\/sanidad-reproductiva\/salud-de-la-mujer\/educacion-sobre-fertilidad\/","url":"https:\/\/realoptions.net\/es\/sanidad-reproductiva\/salud-de-la-mujer\/educacion-sobre-fertilidad\/","name":"Educaci\u00f3n sobre fertilidad y programa FEMM | RealOptions","isPartOf":{"@id":"https:\/\/realoptions.net\/es\/#website"},"primaryImageOfPage":{"@id":"https:\/\/realoptions.net\/es\/sanidad-reproductiva\/salud-de-la-mujer\/educacion-sobre-fertilidad\/#primaryimage"},"image":{"@id":"https:\/\/realoptions.net\/es\/sanidad-reproductiva\/salud-de-la-mujer\/educacion-sobre-fertilidad\/#primaryimage"},"thumbnailUrl":"https:\/\/realoptions.net\/wp-content\/uploads\/2025\/12\/shutterstock_2328778761-scaled-1.jpg","datePublished":"2020-07-18T10:52:42+00:00","dateModified":"2026-03-03T09:25:15+00:00","description":"Aprenda sobre Educaci\u00f3n sobre Fertilidad con el programa FEMM, para apoyar la salud hormonal, los ciclos menstruales y la fertilidad femenina.","breadcrumb":{"@id":"https:\/\/realoptions.net\/es\/sanidad-reproductiva\/salud-de-la-mujer\/educacion-sobre-fertilidad\/#breadcrumb"},"inLanguage":"es","potentialAction":[{"@type":"ReadAction","target":["https:\/\/realoptions.net\/es\/sanidad-reproductiva\/salud-de-la-mujer\/educacion-sobre-fertilidad\/"]}]},{"@type":"ImageObject","inLanguage":"es","@id":"https:\/\/realoptions.net\/es\/sanidad-reproductiva\/salud-de-la-mujer\/educacion-sobre-fertilidad\/#primaryimage","url":"https:\/\/realoptions.net\/wp-content\/uploads\/2025\/12\/shutterstock_2328778761-scaled-1.jpg","contentUrl":"https:\/\/realoptions.net\/wp-content\/uploads\/2025\/12\/shutterstock_2328778761-scaled-1.jpg","width":1920,"height":793,"caption":"Fertility Education Banner"},{"@type":"BreadcrumbList","@id":"https:\/\/realoptions.net\/es\/sanidad-reproductiva\/salud-de-la-mujer\/educacion-sobre-fertilidad\/#breadcrumb","itemListElement":[{"@type":"ListItem","position":1,"name":"Home","item":"https:\/\/realoptions.net\/es\/"},{"@type":"ListItem","position":2,"name":"Sanidad Reproductiva","item":"https:\/\/realoptions.net\/es\/sanidad-reproductiva\/"},{"@type":"ListItem","position":3,"name":"Salud de la mujer","item":"https:\/\/realoptions.net\/es\/sanidad-reproductiva\/salud-de-la-mujer\/"},{"@type":"ListItem","position":4,"name":"Educaci\u00f3n sobre fertilidad"}]},{"@type":"WebSite","@id":"https:\/\/realoptions.net\/es\/#website","url":"https:\/\/realoptions.net\/es\/","name":"RealOptions Obria Medical Clinic","description":"","publisher":{"@id":"https:\/\/realoptions.net\/es\/#organization"},"potentialAction":[{"@type":"SearchAction","target":{"@type":"EntryPoint","urlTemplate":"https:\/\/realoptions.net\/es\/?s={search_term_string}"},"query-input":{"@type":"PropertyValueSpecification","valueRequired":true,"valueName":"search_term_string"}}],"inLanguage":"es"},{"@type":"Organization","@id":"https:\/\/realoptions.net\/es\/#organization","name":"Real Options Obria Medical Clinics","url":"https:\/\/realoptions.net\/es\/","logo":{"@type":"ImageObject","inLanguage":"es","@id":"https:\/\/realoptions.net\/es\/#\/schema\/logo\/image\/","url":"https:\/\/realoptions.net\/wp-content\/uploads\/2022\/04\/branding.webp","contentUrl":"https:\/\/realoptions.net\/wp-content\/uploads\/2022\/04\/branding.webp","width":450,"height":155,"caption":"Real Options Obria Medical Clinics"},"image":{"@id":"https:\/\/realoptions.net\/es\/#\/schema\/logo\/image\/"},"sameAs":["https:\/\/www.facebook.com\/realoptions.centralsanjose\/"]}]}},"_links":{"self":[{"href":"https:\/\/realoptions.net\/es\/wp-json\/wp\/v2\/pages\/12380","targetHints":{"allow":["GET"]}}],"collection":[{"href":"https:\/\/realoptions.net\/es\/wp-json\/wp\/v2\/pages"}],"about":[{"href":"https:\/\/realoptions.net\/es\/wp-json\/wp\/v2\/types\/page"}],"author":[{"embeddable":true,"href":"https:\/\/realoptions.net\/es\/wp-json\/wp\/v2\/users\/11"}],"replies":[{"embeddable":true,"href":"https:\/\/realoptions.net\/es\/wp-json\/wp\/v2\/comments?post=12380"}],"version-history":[{"count":10,"href":"https:\/\/realoptions.net\/es\/wp-json\/wp\/v2\/pages\/12380\/revisions"}],"predecessor-version":[{"id":14938,"href":"https:\/\/realoptions.net\/es\/wp-json\/wp\/v2\/pages\/12380\/revisions\/14938"}],"up":[{"embeddable":true,"href":"https:\/\/realoptions.net\/es\/wp-json\/wp\/v2\/pages\/11903"}],"wp:featuredmedia":[{"embeddable":true,"href":"https:\/\/realoptions.net\/es\/wp-json\/wp\/v2\/media\/14426"}],"wp:attachment":[{"href":"https:\/\/realoptions.net\/es\/wp-json\/wp\/v2\/media?parent=12380"}],"curies":[{"name":"wp","href":"https:\/\/api.w.org\/{rel}","templated":true}]}}