{"id":12378,"date":"2020-03-20T00:00:00","date_gmt":"2020-03-20T07:00:00","guid":{"rendered":"https:\/\/realoptions.net\/opiniones-de-clientes-de-san-jose-este\/"},"modified":"2026-03-03T01:39:06","modified_gmt":"2026-03-03T09:39:06","slug":"opiniones-de-clientes-de-san-jose-este","status":"publish","type":"page","link":"https:\/\/realoptions.net\/es\/opiniones-de-clientes-de-san-jose-este\/","title":{"rendered":"Opiniones de clientes de San Jos\u00e9 Este"},"content":{"rendered":"<h2>Por Qu\u00e9 Las Pacientes Conf\u00edan en Nuestra Cl\u00ednica en San Jos\u00e9 Este<\/h2>\n<div id=\"pl-214\" class=\"panel-layout\">\n<div id=\"pg-214-0\" class=\"panel-grid panel-has-style\" data-style=\"{\">\n<div class=\"panel-row-style panel-row-style-for-214-0\">\n<div id=\"pgc-214-0-0\" class=\"panel-grid-cell\" data-weight=\"1\">\n<div id=\"panel-214-0-0-0\" class=\"so-panel widget widget_sow-editor panel-first-child panel-last-child\" data-index=\"0\">\n<div class=\"so-widget-sow-editor so-widget-sow-editor-base\">\n<div class=\"siteorigin-widget-tinymce textwidget\">\n<p><script src=\"https:\/\/sotellus.com\/js\/sotellus_widget.js?client=realoptions-obria-medical-clinics-of-east-san-jose&amp;width=100%25&amp;height=500\" async=\"\"><\/script><\/p>\n<\/div>\n<\/div>\n<\/div>\n<\/div>\n<\/div>\n<\/div>\n<\/div>\n","protected":false},"excerpt":{"rendered":"<p>Por Qu\u00e9 Las Pacientes Conf\u00edan en Nuestra Cl\u00ednica en San Jos\u00e9 Este<\/p>\n","protected":false},"author":11,"featured_media":0,"parent":0,"menu_order":0,"comment_status":"open","ping_status":"closed","template":"","meta":{"_acf_changed":false,"footnotes":"","_links_to":"","_links_to_target":""},"class_list":["post-12378","page","type-page","status-publish","hentry"],"acf":[],"yoast_head":"<!-- This site is optimized with the Yoast SEO plugin v27.3 - https:\/\/yoast.com\/product\/yoast-seo-wordpress\/ -->\n<title>Opiniones de clientes de East San Jose | RealOptions<\/title>\n<meta name=\"description\" content=\"Descubra por qu\u00e9 RealOptions Obria Medical Clinics of East San Jose es una opci\u00f3n de atenci\u00f3n m\u00e9dica confiable a trav\u00e9s de rese\u00f1as positivas.\" \/>\n<meta name=\"robots\" content=\"index, follow, max-snippet:-1, max-image-preview:large, max-video-preview:-1\" \/>\n<link rel=\"canonical\" href=\"https:\/\/realoptions.net\/es\/opiniones-de-clientes-de-san-jose-este\/\" \/>\n<meta property=\"og:locale\" content=\"es_ES\" \/>\n<meta property=\"og:type\" content=\"article\" \/>\n<meta property=\"og:title\" content=\"Opiniones de clientes de East San Jose | RealOptions\" \/>\n<meta property=\"og:description\" content=\"Descubra por qu\u00e9 RealOptions Obria Medical Clinics of East San Jose es una opci\u00f3n de atenci\u00f3n m\u00e9dica confiable a trav\u00e9s de rese\u00f1as positivas.\" \/>\n<meta property=\"og:url\" content=\"https:\/\/realoptions.net\/es\/opiniones-de-clientes-de-san-jose-este\/\" \/>\n<meta property=\"og:site_name\" content=\"RealOptions Obria Medical Clinic\" \/>\n<meta property=\"article:publisher\" content=\"https:\/\/www.facebook.com\/realoptions.centralsanjose\/\" \/>\n<meta property=\"article:modified_time\" content=\"2026-03-03T09:39:06+00:00\" \/>\n<meta name=\"twitter:card\" content=\"summary_large_image\" \/>\n<!-- \/ Yoast SEO plugin. -->","yoast_head_json":{"title":"Opiniones de clientes de East San Jose | RealOptions","description":"Descubra por qu\u00e9 RealOptions Obria Medical Clinics of East San Jose es una opci\u00f3n de atenci\u00f3n m\u00e9dica confiable a trav\u00e9s de rese\u00f1as positivas.","robots":{"index":"index","follow":"follow","max-snippet":"max-snippet:-1","max-image-preview":"max-image-preview:large","max-video-preview":"max-video-preview:-1"},"canonical":"https:\/\/realoptions.net\/es\/opiniones-de-clientes-de-san-jose-este\/","og_locale":"es_ES","og_type":"article","og_title":"Opiniones de clientes de East San Jose | RealOptions","og_description":"Descubra por qu\u00e9 RealOptions Obria Medical Clinics of East San Jose es una opci\u00f3n de atenci\u00f3n m\u00e9dica confiable a trav\u00e9s de rese\u00f1as positivas.","og_url":"https:\/\/realoptions.net\/es\/opiniones-de-clientes-de-san-jose-este\/","og_site_name":"RealOptions Obria Medical Clinic","article_publisher":"https:\/\/www.facebook.com\/realoptions.centralsanjose\/","article_modified_time":"2026-03-03T09:39:06+00:00","twitter_card":"summary_large_image","schema":{"@context":"https:\/\/schema.org","@graph":[{"@type":"WebPage","@id":"https:\/\/realoptions.net\/es\/opiniones-de-clientes-de-san-jose-este\/","url":"https:\/\/realoptions.net\/es\/opiniones-de-clientes-de-san-jose-este\/","name":"Opiniones de clientes de East San Jose | RealOptions","isPartOf":{"@id":"https:\/\/realoptions.net\/es\/#website"},"datePublished":"2020-03-20T07:00:00+00:00","dateModified":"2026-03-03T09:39:06+00:00","description":"Descubra por qu\u00e9 RealOptions Obria Medical Clinics of East San Jose es una opci\u00f3n de atenci\u00f3n m\u00e9dica confiable a trav\u00e9s de rese\u00f1as positivas.","breadcrumb":{"@id":"https:\/\/realoptions.net\/es\/opiniones-de-clientes-de-san-jose-este\/#breadcrumb"},"inLanguage":"es","potentialAction":[{"@type":"ReadAction","target":["https:\/\/realoptions.net\/es\/opiniones-de-clientes-de-san-jose-este\/"]}]},{"@type":"BreadcrumbList","@id":"https:\/\/realoptions.net\/es\/opiniones-de-clientes-de-san-jose-este\/#breadcrumb","itemListElement":[{"@type":"ListItem","position":1,"name":"Home","item":"https:\/\/realoptions.net\/es\/"},{"@type":"ListItem","position":2,"name":"Opiniones de clientes de San Jos\u00e9 Este"}]},{"@type":"WebSite","@id":"https:\/\/realoptions.net\/es\/#website","url":"https:\/\/realoptions.net\/es\/","name":"RealOptions Obria Medical Clinic","description":"","publisher":{"@id":"https:\/\/realoptions.net\/es\/#organization"},"potentialAction":[{"@type":"SearchAction","target":{"@type":"EntryPoint","urlTemplate":"https:\/\/realoptions.net\/es\/?s={search_term_string}"},"query-input":{"@type":"PropertyValueSpecification","valueRequired":true,"valueName":"search_term_string"}}],"inLanguage":"es"},{"@type":"Organization","@id":"https:\/\/realoptions.net\/es\/#organization","name":"Real Options Obria Medical Clinics","url":"https:\/\/realoptions.net\/es\/","logo":{"@type":"ImageObject","inLanguage":"es","@id":"https:\/\/realoptions.net\/es\/#\/schema\/logo\/image\/","url":"https:\/\/realoptions.net\/wp-content\/uploads\/2022\/04\/branding.webp","contentUrl":"https:\/\/realoptions.net\/wp-content\/uploads\/2022\/04\/branding.webp","width":450,"height":155,"caption":"Real Options Obria Medical Clinics"},"image":{"@id":"https:\/\/realoptions.net\/es\/#\/schema\/logo\/image\/"},"sameAs":["https:\/\/www.facebook.com\/realoptions.centralsanjose\/"]}]}},"_links":{"self":[{"href":"https:\/\/realoptions.net\/es\/wp-json\/wp\/v2\/pages\/12378","targetHints":{"allow":["GET"]}}],"collection":[{"href":"https:\/\/realoptions.net\/es\/wp-json\/wp\/v2\/pages"}],"about":[{"href":"https:\/\/realoptions.net\/es\/wp-json\/wp\/v2\/types\/page"}],"author":[{"embeddable":true,"href":"https:\/\/realoptions.net\/es\/wp-json\/wp\/v2\/users\/11"}],"replies":[{"embeddable":true,"href":"https:\/\/realoptions.net\/es\/wp-json\/wp\/v2\/comments?post=12378"}],"version-history":[{"count":3,"href":"https:\/\/realoptions.net\/es\/wp-json\/wp\/v2\/pages\/12378\/revisions"}],"predecessor-version":[{"id":14946,"href":"https:\/\/realoptions.net\/es\/wp-json\/wp\/v2\/pages\/12378\/revisions\/14946"}],"wp:attachment":[{"href":"https:\/\/realoptions.net\/es\/wp-json\/wp\/v2\/media?parent=12378"}],"curies":[{"name":"wp","href":"https:\/\/api.w.org\/{rel}","templated":true}]}}