{"id":12362,"date":"2020-09-14T19:54:16","date_gmt":"2020-09-15T02:54:16","guid":{"rendered":"https:\/\/realoptions.net\/informacion-sobre-el-coste-del-aborto-en-el-centro-de-san-jose\/"},"modified":"2026-03-05T03:45:31","modified_gmt":"2026-03-05T11:45:31","slug":"informacion-sobre-el-coste-del-aborto-en-el-centro-de-san-jose","status":"publish","type":"page","link":"https:\/\/realoptions.net\/es\/informacion-sobre-el-coste-del-aborto-en-el-centro-de-san-jose\/","title":{"rendered":"Informaci\u00f3n sobre el coste del aborto en el centro de San Jos\u00e9"},"content":{"rendered":"<div id=\"pl-3396\" class=\"panel-layout\">\n<div id=\"pg-3396-0\" class=\"panel-grid panel-has-style\" data-style=\"{\">\n<div class=\"panel-row-style panel-row-style-for-3396-0\">\n<div id=\"pgc-3396-0-0\" class=\"panel-grid-cell\" data-weight=\"1\">\n<div id=\"panel-3396-0-0-0\" class=\"so-panel widget widget_sow-editor panel-first-child panel-last-child widgetopts-SO\" data-index=\"0\" data-style=\"{\">\n<div class=\"so-widget-sow-editor so-widget-sow-editor-base\">\n<div class=\"siteorigin-widget-tinymce textwidget\">\n<p><img decoding=\"async\" class=\"aligncenter wp-image-4199 size-full\" src=\"https:\/\/realoptions.net\/wp-content\/uploads\/2021\/01\/abortion_cost_as.jpg\" alt=\"informaci\u00f3n sobre el coste del aborto\" width=\"980\" height=\"653\" srcset=\"https:\/\/realoptions.net\/wp-content\/uploads\/2021\/01\/abortion_cost_as.jpg 980w, https:\/\/realoptions.net\/wp-content\/uploads\/2021\/01\/abortion_cost_as-300x200.jpg 300w, https:\/\/realoptions.net\/wp-content\/uploads\/2021\/01\/abortion_cost_as-768x512.jpg 768w, https:\/\/realoptions.net\/wp-content\/uploads\/2021\/01\/abortion_cost_as-272x182.jpg 272w\" sizes=\"(max-width: 980px) 100vw, 980px\" \/><\/p>\n<p>&nbsp;<\/p>\n<h2>\u00bfCu\u00e1nto cuesta un aborto en Almaden Valley? <\/h2>\n<p><span style=\"font-weight: 400;\">Si est\u00e1s pensando en abortar e investigando tus opciones en Almaden Valley, esta informaci\u00f3n puede responder a algunas de tus preguntas.<\/span><\/p>\n<p>Los servicios de aborto pueden ser gratuitos a trav\u00e9s de Medi-Cal. Si no tienes derecho a Medi-Cal ni un seguro m\u00e9dico que cubra el aborto, es posible que tengas que pagar de tu bolsillo. El coste aproximado de un aborto oscila entre 280 y 2500 $.<\/p>\n<p>Las tasas de aborto var\u00edan en funci\u00f3n de la cl\u00ednica y el proveedor que elijas y de lo avanzado que est\u00e9 tu embarazo. Una <a href=\"https:\/\/realoptions.net\/es\/estas-pensando-en-abortar\/deteccion-preaborto\/\" data-wpel-link=\"internal\">exploraci\u00f3n previa al aborto<\/a> en las Cl\u00ednicas M\u00e9dicas RealOptions Obria incluye una prueba de embarazo de laboratorio, una ecograf\u00eda si tu prueba es positiva y una consulta con una enfermera diplomada.<\/p>\n<p>Tomar una decisi\u00f3n sobre si abortar o no es una elecci\u00f3n profundamente personal y dif\u00edcil que a menudo est\u00e1 cargada de emoci\u00f3n e incertidumbre. Si est\u00e1s pensando en abortar, es importante que tengas acceso a informaci\u00f3n precisa y apoyo para que puedas tomar una decisi\u00f3n informada que sea adecuada para ti. Entendemos que la situaci\u00f3n de cada mujer es \u00fanica, y estamos aqu\u00ed para ayudarte a explorar todas tus <a href=\"https:\/\/realoptions.net\/considering-abortion\/options-consultation\/\" data-wpel-link=\"external\" target=\"_blank\" rel=\"nofollow external noopener noreferrer\">opciones<\/a>.<\/p>\n<p>Seg\u00fan la <a href=\"https:\/\/www.mayoclinic.org\/tests-procedures\/medical-abortion\/about\/pac-20394687\" data-wpel-link=\"external\" target=\"_blank\" rel=\"nofollow external noopener noreferrer\">Cl\u00ednica Mayo<\/a>, es importante tener en cuenta los resultados, riesgos y efectos secundarios de un aborto. Pueden ser una hemorragia intensa y prolongada, una infecci\u00f3n o un aborto incompleto, que puede requerir un aborto quir\u00fargico. Abortar con medicamentos es una decisi\u00f3n importante con consecuencias emocionales y psicol\u00f3gicas. Si est\u00e1s considerando este procedimiento, aseg\u00farate de que entiendes lo que implica, los efectos secundarios, los posibles riesgos, las complicaciones y las alternativas.<\/p>\n<p><a href=\"https:\/\/realoptions.net\/oakland\/abortion-information-berkeley\/\" data-wpel-link=\"external\" target=\"_blank\" rel=\"nofollow external noopener noreferrer\">Haz clic aqu\u00ed<\/a> para obtener m\u00e1s informaci\u00f3n sobre la p\u00edldora abortiva o los procedimientos de aborto quir\u00fargico.<\/p>\n<p>Independientemente de que te plantees abortar, adoptar o ser madre, es posible que necesites una verificaci\u00f3n del embarazo y la dataci\u00f3n de tu embarazo para recibir servicios de organismos comunitarios.<\/p>\n<p>&#8220;Proporcionamos informaci\u00f3n a la paciente para que pueda tomar una decisi\u00f3n informada. Estamos ah\u00ed para proporcionar informaci\u00f3n, educaci\u00f3n y apoyo en lo que ella decida. Creemos que toda mujer tiene derecho a tomar sus propias decisiones sobre su cuerpo y su futuro, y estamos aqu\u00ed para apoyarla en cada paso del camino&#8221;, dijo Christine Kulle, enfermera practicante de RealOptions.<\/p>\n<p>&#8220;Lo primero que tienes que saber es si est\u00e1s realmente embarazada o no&#8221;, dice Kulle. RealOptions te ofrece pruebas de embarazo y una ecograf\u00eda si tienes un test de embarazo positivo.<\/p>\n<p>Adem\u00e1s, en nuestra cl\u00ednica m\u00e9dica puedes recibir una verificaci\u00f3n oficial del embarazo y la dataci\u00f3n de tu embarazo. Son esenciales porque tus opciones de embarazo vienen determinadas por lo avanzado que est\u00e9s.<\/p>\n<h2>\u00bfQu\u00e9 es exactamente una verificaci\u00f3n del embarazo y por qu\u00e9 la necesito?<\/h2>\n<p>Cuando un centro m\u00e9dico autorizado, como las Cl\u00ednicas M\u00e9dicas RealOptions Obria, realiza una prueba de embarazo, te expide una verificaci\u00f3n de embarazo si la prueba es positiva o negativa, y por qu\u00e9 m\u00e9todo se ha verificado. Esta verificaci\u00f3n del embarazo es el documento oficial que sirve como prueba de la prueba de embarazo y puede utilizarse para compa\u00f1\u00edas de seguros, empleadores, <a href=\"https:\/\/www.dhcs.ca.gov\/Documents\/myMediCal.pdf\" data-wpel-link=\"external\" target=\"_blank\" rel=\"nofollow external noopener noreferrer\">Medi-Cal<\/a> y organismos comunitarios que prestan servicios como el programa <a href=\"https:\/\/myfamily.wic.ca.gov\/\" data-wpel-link=\"external\" target=\"_blank\" rel=\"nofollow external noopener noreferrer\">W.I.C<\/a>., y puede ser necesaria para obtener un aborto.<\/p>\n<h2>\u00bfPor qu\u00e9 es importante la fecha de mi embarazo?<\/h2>\n<p>Los procedimientos de aborto difieren seg\u00fan lo avanzado que est\u00e9 el embarazo. Ser\u00e1 dif\u00edcil tomar cualquier decisi\u00f3n sobre un procedimiento abortivo u otras opciones de embarazo hasta que no sepas en qu\u00e9 fase se encuentra el embarazo.<\/p>\n<p>En RealOptions se puede realizar una <a href=\"https:\/\/realoptions.net\/es\/que-es-un-examen-de-ultrasonido-fetal\/\" data-wpel-link=\"internal\">ecograf\u00eda<\/a> fetal durante el primer trimestre para confirmar la viabilidad del embarazo y estimar el tiempo de gestaci\u00f3n.<\/p>\n<p>Entendemos que puede ser un momento dif\u00edcil y abrumador, pero estamos aqu\u00ed para ayudarte. Te animamos a que nos visites en Internet leyendo nuestras rese\u00f1as en <a href=\"https:\/\/www.google.com\/search?q=realoptions%20san%20jose&amp;rlz=1C5CHFA_enUS996US996&amp;oq=realoptions+san+jose&amp;aqs=chrome..69i57j69i59j0i22i30l2j0i22i30i625j69i65l2j69i60.5242j0j7&amp;sourceid=chrome&amp;ie=UTF-8&amp;tbs=lf:1,lf_ui:2&amp;tbm=lcl&amp;rflfq=1&amp;num=10&amp;rldimm=12681566713800275059&amp;lqi=ChRyZWFsb3B0aW9ucyBzYW4gam9zZUjH0o3u5YCAgAhaHhAAGAAYARgCIhRyZWFsb3B0aW9ucyBzYW4gam9zZZIBHG9ic3RldHJpY3NfZ3luZWNvbG9neV9jbGluaWOaASNDaFpEU1VoTk1HOW5TMFZKUTBGblNVTlBOWFV5VFdGUkVBRaoBNBABGh8QASIbs6rtk6-UFMTBpK8CqtnG3Bh6MEbMwkg1cfgfKg8iC3JlYWxvcHRpb25zKADgAQA&amp;ved=2ahUKEwjW6J-7t6z9AhWTAjQIHbo5BNsQvS56BAgUEAE&amp;sa=X&amp;rlst=f#rlfi=hd:;si:12681566713800275059,l,ChRyZWFsb3B0aW9ucyBzYW4gam9zZUjH0o3u5YCAgAhaHhAAGAAYARgCIhRyZWFsb3B0aW9ucyBzYW4gam9zZZIBHG9ic3RldHJpY3NfZ3luZWNvbG9neV9jbGluaWOaASNDaFpEU1VoTk1HOW5TMFZKUTBGblNVTlBOWFV5VFdGUkVBRaoBNBABGh8QASIbs6rtk6-UFMTBpK8CqtnG3Bh6MEbMwkg1cfgfKg8iC3JlYWxvcHRpb25zKADgAQA;mv:%5B%5B37.3681687,-121.82265029999999%5D,%5B37.3348171,-121.924453%5D%5D;tbs:lrf:!1m4!1u3!2m2!3m1!1e1!1m4!1u2!2m2!2m1!1e1!2m1!1e2!2m1!1e3!3sIAE,lf:1,lf_ui:2\" data-wpel-link=\"external\" target=\"_blank\" rel=\"nofollow external noopener noreferrer\">Google <\/a>y <a href=\"https:\/\/www.yelp.com\/biz\/realoptions-obria-medical-clinics-of-central-san-jose-san-jose\" data-wpel-link=\"external\" target=\"_blank\" rel=\"nofollow external noopener noreferrer\">Yelp<\/a>. <a href=\"https:\/\/api.leadconnectorhq.com\/widget\/survey\/e4IR6RquMy1IKaiKIamb\" data-wpel-link=\"external\" target=\"_blank\" rel=\"nofollow external noopener noreferrer\">Programa una cita en l\u00ednea<\/a> o acude hoy mismo para hablar con una de nuestras enfermeras y recibir la informaci\u00f3n y el apoyo que necesitas para tomar una decisi\u00f3n informada sobre tu embarazo.<\/p>\n<p>RealOptions Obria Medical Clinics ofrece <a href=\"https:\/\/realoptions.net\/considering-abortion\/options-consultation\/\" data-wpel-link=\"external\" target=\"_blank\" rel=\"nofollow external noopener noreferrer\">consultas<\/a> confidenciales y m\u00e9dicamente precisas sobre todas las opciones de embarazo. Si buscas informaci\u00f3n sobre los costes del aborto o sobre cualquier otro aspecto de las opciones de embarazo, RealOptions es un buen lugar para empezar.<\/p>\n<p>Al final, la decisi\u00f3n sobre si abortar o no es tuya y s\u00f3lo tuya. Es importante que te tomes tiempo para reunir informaci\u00f3n y considerar tus opciones antes de tomar una decisi\u00f3n que afectar\u00e1 a tu vida de forma significativa. Recuerda que tienes el poder de elegir la direcci\u00f3n de tu vida y que hay recursos disponibles para ayudarte a tomar una decisi\u00f3n.<\/p>\n<p>Llama, <a href=\"https:\/\/api.leadconnectorhq.com\/widget\/survey\/e4IR6RquMy1IKaiKIamb\" data-wpel-link=\"external\" target=\"_blank\" rel=\"nofollow external noopener noreferrer\">programa tu cita online<\/a> o acude hoy mismo.<\/p>\n<p>&nbsp;<\/p>\n<p><span style=\"font-weight: 400;\">Bienvenido al Centro de San Jos\u00e9: Oficialmente la<\/span> <a href=\"https:\/\/en.wikipedia.org\/wiki\/San_Jose,_California\" data-wpel-link=\"external\" target=\"_blank\" rel=\"nofollow external noopener noreferrer\"><br \/>\n<b>Ciudad de San Jos\u00e9<\/b><br \/>\n<\/a><span style=\"font-weight: 400;\">es el centro econ\u00f3mico, cultural y pol\u00edtico de <\/span><a href=\"https:\/\/en.wikipedia.org\/wiki\/Silicon_Valley\" data-wpel-link=\"external\" target=\"_blank\" rel=\"nofollow external noopener noreferrer\"><br \/>\n<span style=\"font-weight: 400;\">Valle del Silicio<\/span><br \/>\n<\/a><span style=\"font-weight: 400;\"> y la ciudad m\u00e1s grande del <\/span><a href=\"https:\/\/en.wikipedia.org\/wiki\/Northern_California\" data-wpel-link=\"external\" target=\"_blank\" rel=\"nofollow external noopener noreferrer\"><br \/>\n<span style=\"font-weight: 400;\">California del Norte<\/span><br \/>\n<\/a><span style=\"font-weight: 400;\">. Con una poblaci\u00f3n estimada en 2015 de 1.026.908 habitantes, es el <\/span><a href=\"https:\/\/en.wikipedia.org\/wiki\/List_of_largest_California_cities_by_population\" data-wpel-link=\"external\" target=\"_blank\" rel=\"nofollow external noopener noreferrer\"><br \/>\n<span style=\"font-weight: 400;\">tercera ciudad m\u00e1s poblada de California<\/span><br \/>\n<\/a><span style=\"font-weight: 400;\"> (despu\u00e9s de <\/span><a href=\"https:\/\/en.wikipedia.org\/wiki\/Los_Angeles\" data-wpel-link=\"external\" target=\"_blank\" rel=\"nofollow external noopener noreferrer\"><br \/>\n<span style=\"font-weight: 400;\">Los \u00c1ngeles<\/span><br \/>\n<\/a><span style=\"font-weight: 400;\"> y <\/span><a href=\"https:\/\/en.wikipedia.org\/wiki\/San_Diego\" data-wpel-link=\"external\" target=\"_blank\" rel=\"nofollow external noopener noreferrer\"><br \/>\n<span style=\"font-weight: 400;\">San Diego<\/span><br \/>\n<\/a><span style=\"font-weight: 400;\">) y la <\/span><a href=\"https:\/\/en.wikipedia.org\/wiki\/List_of_United_States_cities_by_population\" data-wpel-link=\"external\" target=\"_blank\" rel=\"nofollow external noopener noreferrer\"><br \/>\n<span style=\"font-weight: 400;\">d\u00e9cima m\u00e1s poblada de Estados Unidos<\/span><br \/>\n<\/a><span style=\"font-weight: 400;\">.<\/span><a href=\"https:\/\/en.wikipedia.org\/wiki\/San_Jose,_California#cite_note-14\" data-wpel-link=\"external\" target=\"_blank\" rel=\"nofollow external noopener noreferrer\"><span style=\"font-weight: 400;\">[14]<\/span><\/a> <span style=\"font-weight: 400;\"> Situado en el centro del <\/span><a href=\"https:\/\/en.wikipedia.org\/wiki\/Santa_Clara_Valley\" data-wpel-link=\"external\" target=\"_blank\" rel=\"nofollow external noopener noreferrer\"><br \/>\n<span style=\"font-weight: 400;\">Valle de Santa Clara<\/span><br \/>\n<\/a><span style=\"font-weight: 400;\">en la orilla sur de la <\/span><a href=\"https:\/\/en.wikipedia.org\/wiki\/San_Francisco_Bay\" data-wpel-link=\"external\" target=\"_blank\" rel=\"nofollow external noopener noreferrer\"><br \/>\n<span style=\"font-weight: 400;\">Bah\u00eda de San Francisco<\/span><br \/>\n<\/a><span style=\"font-weight: 400;\">. Grandes empresas tecnol\u00f3gicas mundiales, como <\/span><a href=\"https:\/\/en.wikipedia.org\/wiki\/Cisco_Systems\" data-wpel-link=\"external\" target=\"_blank\" rel=\"nofollow external noopener noreferrer\"><span style=\"font-weight: 400;\">Sistemas Cisco<\/span><\/a><span style=\"font-weight: 400;\">, <\/span><a href=\"https:\/\/en.wikipedia.org\/wiki\/EBay\" data-wpel-link=\"external\" target=\"_blank\" rel=\"nofollow external noopener noreferrer\"><span style=\"font-weight: 400;\">eBay<\/span><\/a><span style=\"font-weight: 400;\">, <\/span><a href=\"https:\/\/en.wikipedia.org\/wiki\/Adobe_Systems\" data-wpel-link=\"external\" target=\"_blank\" rel=\"nofollow external noopener noreferrer\"><span style=\"font-weight: 400;\">Sistemas Adobe<\/span><\/a><span style=\"font-weight: 400;\">, <\/span><a href=\"https:\/\/en.wikipedia.org\/wiki\/PayPal\" data-wpel-link=\"external\" target=\"_blank\" rel=\"nofollow external noopener noreferrer\"><span style=\"font-weight: 400;\">PayPal<\/span><\/a><span style=\"font-weight: 400;\">, <\/span><a href=\"https:\/\/en.wikipedia.org\/wiki\/Brocade_Communications_Systems\" data-wpel-link=\"external\" target=\"_blank\" rel=\"nofollow external noopener noreferrer\"><span style=\"font-weight: 400;\">Brocade<\/span><\/a><span style=\"font-weight: 400;\">, <\/span><a href=\"https:\/\/en.wikipedia.org\/wiki\/Samsung\" data-wpel-link=\"external\" target=\"_blank\" rel=\"nofollow external noopener noreferrer\"><span style=\"font-weight: 400;\">Samsung<\/span><\/a><span style=\"font-weight: 400;\">, <\/span><a href=\"https:\/\/en.wikipedia.org\/wiki\/Acer_Inc.\" data-wpel-link=\"external\" target=\"_blank\" rel=\"nofollow external noopener noreferrer\"><span style=\"font-weight: 400;\">Acer<\/span><\/a><span style=\"font-weight: 400;\">y <\/span><a href=\"https:\/\/en.wikipedia.org\/wiki\/Western_Digital\" data-wpel-link=\"external\" target=\"_blank\" rel=\"nofollow external noopener noreferrer\"><span style=\"font-weight: 400;\">Western Digital<\/span><\/a><span style=\"font-weight: 400;\"> mantienen su sede en San Jos\u00e9, en el centro de Silicon Valley.<\/span><\/p>\n<p><span style=\"font-weight: 400;\">Costes del aborto 95124, 95125, 95126, 95008, 95117, 95128, 95139, 95110, 95112, 95113<\/span><\/p>\n<\/div>\n<\/div>\n<\/div>\n<\/div>\n<\/div>\n<\/div>\n<\/div>\n","protected":false},"excerpt":{"rendered":"<p>&nbsp; \u00bfCu\u00e1nto cuesta un aborto en Almaden Valley? Si est\u00e1s pensando en abortar e investigando tus opciones en Almaden Valley, esta informaci\u00f3n puede responder a algunas de tus preguntas. Los servicios de aborto pueden ser<\/p>\n","protected":false},"author":11,"featured_media":10614,"parent":0,"menu_order":0,"comment_status":"closed","ping_status":"closed","template":"","meta":{"_acf_changed":false,"footnotes":"","_links_to":"","_links_to_target":""},"class_list":["post-12362","page","type-page","status-publish","has-post-thumbnail","hentry"],"acf":[],"yoast_head":"<!-- This site is optimized with the Yoast SEO plugin v27.4 - https:\/\/yoast.com\/product\/yoast-seo-wordpress\/ -->\n<title>\u00bfCu\u00e1l es el costo del aborto en San Jos\u00e9 Almaden Valley?<\/title>\n<meta name=\"description\" content=\"Inf\u00f3rmese sobre el costo del aborto y la evaluaci\u00f3n previa al aborto en el centro de San Jos\u00e9 en las Cl\u00ednicas Realoptions.\" \/>\n<meta name=\"robots\" content=\"index, follow, max-snippet:-1, max-image-preview:large, max-video-preview:-1\" \/>\n<link rel=\"canonical\" href=\"https:\/\/realoptions.net\/es\/informacion-sobre-el-coste-del-aborto-en-el-centro-de-san-jose\/\" \/>\n<meta property=\"og:locale\" content=\"es_ES\" \/>\n<meta property=\"og:type\" content=\"article\" \/>\n<meta property=\"og:title\" content=\"\u00bfCu\u00e1l es el costo del aborto en San Jos\u00e9 Almaden Valley?\" \/>\n<meta property=\"og:description\" content=\"Inf\u00f3rmese sobre el costo del aborto y la evaluaci\u00f3n previa al aborto en el centro de San Jos\u00e9 en las Cl\u00ednicas Realoptions.\" \/>\n<meta property=\"og:url\" content=\"https:\/\/realoptions.net\/es\/informacion-sobre-el-coste-del-aborto-en-el-centro-de-san-jose\/\" \/>\n<meta property=\"og:site_name\" content=\"RealOptions Obria Medical Clinic\" \/>\n<meta property=\"article:publisher\" content=\"https:\/\/www.facebook.com\/realoptions.centralsanjose\/\" \/>\n<meta property=\"article:modified_time\" content=\"2026-03-05T11:45:31+00:00\" \/>\n<meta property=\"og:image\" content=\"https:\/\/realoptions.net\/wp-content\/uploads\/2020\/06\/apr.jpg\" \/>\n\t<meta property=\"og:image:width\" content=\"1920\" \/>\n\t<meta property=\"og:image:height\" content=\"850\" \/>\n\t<meta property=\"og:image:type\" content=\"image\/jpeg\" \/>\n<meta name=\"twitter:card\" content=\"summary_large_image\" \/>\n<meta name=\"twitter:label1\" content=\"Tiempo de lectura\" \/>\n\t<meta name=\"twitter:data1\" content=\"5 minutos\" \/>\n<!-- \/ Yoast SEO plugin. -->","yoast_head_json":{"title":"\u00bfCu\u00e1l es el costo del aborto en San Jos\u00e9 Almaden Valley?","description":"Inf\u00f3rmese sobre el costo del aborto y la evaluaci\u00f3n previa al aborto en el centro de San Jos\u00e9 en las Cl\u00ednicas Realoptions.","robots":{"index":"index","follow":"follow","max-snippet":"max-snippet:-1","max-image-preview":"max-image-preview:large","max-video-preview":"max-video-preview:-1"},"canonical":"https:\/\/realoptions.net\/es\/informacion-sobre-el-coste-del-aborto-en-el-centro-de-san-jose\/","og_locale":"es_ES","og_type":"article","og_title":"\u00bfCu\u00e1l es el costo del aborto en San Jos\u00e9 Almaden Valley?","og_description":"Inf\u00f3rmese sobre el costo del aborto y la evaluaci\u00f3n previa al aborto en el centro de San Jos\u00e9 en las Cl\u00ednicas Realoptions.","og_url":"https:\/\/realoptions.net\/es\/informacion-sobre-el-coste-del-aborto-en-el-centro-de-san-jose\/","og_site_name":"RealOptions Obria Medical Clinic","article_publisher":"https:\/\/www.facebook.com\/realoptions.centralsanjose\/","article_modified_time":"2026-03-05T11:45:31+00:00","og_image":[{"width":1920,"height":850,"url":"https:\/\/realoptions.net\/wp-content\/uploads\/2020\/06\/apr.jpg","type":"image\/jpeg"}],"twitter_card":"summary_large_image","twitter_misc":{"Tiempo de lectura":"5 minutos"},"schema":{"@context":"https:\/\/schema.org","@graph":[{"@type":"WebPage","@id":"https:\/\/realoptions.net\/es\/informacion-sobre-el-coste-del-aborto-en-el-centro-de-san-jose\/","url":"https:\/\/realoptions.net\/es\/informacion-sobre-el-coste-del-aborto-en-el-centro-de-san-jose\/","name":"\u00bfCu\u00e1l es el costo del aborto en San Jos\u00e9 Almaden Valley?","isPartOf":{"@id":"https:\/\/realoptions.net\/es\/#website"},"primaryImageOfPage":{"@id":"https:\/\/realoptions.net\/es\/informacion-sobre-el-coste-del-aborto-en-el-centro-de-san-jose\/#primaryimage"},"image":{"@id":"https:\/\/realoptions.net\/es\/informacion-sobre-el-coste-del-aborto-en-el-centro-de-san-jose\/#primaryimage"},"thumbnailUrl":"https:\/\/realoptions.net\/wp-content\/uploads\/2020\/06\/apr.jpg","datePublished":"2020-09-15T02:54:16+00:00","dateModified":"2026-03-05T11:45:31+00:00","description":"Inf\u00f3rmese sobre el costo del aborto y la evaluaci\u00f3n previa al aborto en el centro de San Jos\u00e9 en las Cl\u00ednicas Realoptions.","breadcrumb":{"@id":"https:\/\/realoptions.net\/es\/informacion-sobre-el-coste-del-aborto-en-el-centro-de-san-jose\/#breadcrumb"},"inLanguage":"es","potentialAction":[{"@type":"ReadAction","target":["https:\/\/realoptions.net\/es\/informacion-sobre-el-coste-del-aborto-en-el-centro-de-san-jose\/"]}]},{"@type":"ImageObject","inLanguage":"es","@id":"https:\/\/realoptions.net\/es\/informacion-sobre-el-coste-del-aborto-en-el-centro-de-san-jose\/#primaryimage","url":"https:\/\/realoptions.net\/wp-content\/uploads\/2020\/06\/apr.jpg","contentUrl":"https:\/\/realoptions.net\/wp-content\/uploads\/2020\/06\/apr.jpg","width":1920,"height":850},{"@type":"BreadcrumbList","@id":"https:\/\/realoptions.net\/es\/informacion-sobre-el-coste-del-aborto-en-el-centro-de-san-jose\/#breadcrumb","itemListElement":[{"@type":"ListItem","position":1,"name":"Home","item":"https:\/\/realoptions.net\/es\/"},{"@type":"ListItem","position":2,"name":"Informaci\u00f3n sobre el coste del aborto en el centro de San Jos\u00e9"}]},{"@type":"WebSite","@id":"https:\/\/realoptions.net\/es\/#website","url":"https:\/\/realoptions.net\/es\/","name":"RealOptions Obria Medical Clinic","description":"","publisher":{"@id":"https:\/\/realoptions.net\/es\/#organization"},"potentialAction":[{"@type":"SearchAction","target":{"@type":"EntryPoint","urlTemplate":"https:\/\/realoptions.net\/es\/?s={search_term_string}"},"query-input":{"@type":"PropertyValueSpecification","valueRequired":true,"valueName":"search_term_string"}}],"inLanguage":"es"},{"@type":"Organization","@id":"https:\/\/realoptions.net\/es\/#organization","name":"Real Options Obria Medical Clinics","url":"https:\/\/realoptions.net\/es\/","logo":{"@type":"ImageObject","inLanguage":"es","@id":"https:\/\/realoptions.net\/es\/#\/schema\/logo\/image\/","url":"https:\/\/realoptions.net\/wp-content\/uploads\/2022\/04\/branding.webp","contentUrl":"https:\/\/realoptions.net\/wp-content\/uploads\/2022\/04\/branding.webp","width":450,"height":155,"caption":"Real Options Obria Medical Clinics"},"image":{"@id":"https:\/\/realoptions.net\/es\/#\/schema\/logo\/image\/"},"sameAs":["https:\/\/www.facebook.com\/realoptions.centralsanjose\/"]}]}},"_links":{"self":[{"href":"https:\/\/realoptions.net\/es\/wp-json\/wp\/v2\/pages\/12362","targetHints":{"allow":["GET"]}}],"collection":[{"href":"https:\/\/realoptions.net\/es\/wp-json\/wp\/v2\/pages"}],"about":[{"href":"https:\/\/realoptions.net\/es\/wp-json\/wp\/v2\/types\/page"}],"author":[{"embeddable":true,"href":"https:\/\/realoptions.net\/es\/wp-json\/wp\/v2\/users\/11"}],"replies":[{"embeddable":true,"href":"https:\/\/realoptions.net\/es\/wp-json\/wp\/v2\/comments?post=12362"}],"version-history":[{"count":13,"href":"https:\/\/realoptions.net\/es\/wp-json\/wp\/v2\/pages\/12362\/revisions"}],"predecessor-version":[{"id":15007,"href":"https:\/\/realoptions.net\/es\/wp-json\/wp\/v2\/pages\/12362\/revisions\/15007"}],"wp:featuredmedia":[{"embeddable":true,"href":"https:\/\/realoptions.net\/es\/wp-json\/wp\/v2\/media\/10614"}],"wp:attachment":[{"href":"https:\/\/realoptions.net\/es\/wp-json\/wp\/v2\/media?parent=12362"}],"curies":[{"name":"wp","href":"https:\/\/api.w.org\/{rel}","templated":true}]}}