{"id":12025,"date":"2024-04-24T12:31:14","date_gmt":"2024-04-24T19:31:14","guid":{"rendered":"https:\/\/realoptions.net\/sanidad-reproductiva\/salud-masculina\/apoyo-a-las-opciones-de-embarazo\/"},"modified":"2025-12-29T07:57:39","modified_gmt":"2025-12-29T15:57:39","slug":"apoyo-a-las-opciones-de-embarazo","status":"publish","type":"page","link":"https:\/\/realoptions.net\/es\/sanidad-reproductiva\/salud-masculina\/apoyo-a-las-opciones-de-embarazo\/","title":{"rendered":"Apoyo a las opciones de embarazo"},"content":{"rendered":"<h2>Los hombres son bienvenidos<\/h2>\n<p>Te aplaudimos por tu apoyo a tu pareja durante estas decisiones que cambian la vida. RealOptions ofrece Coaching de Salud \u00d3ptima masculino, que es un servicio gratuito para ayudar a los hombres que se enfrentan a decisiones sobre el embarazo con su pareja. Puedes estar emocionada, contenta, nerviosa, triste, enfadada o simplemente abrumada. Estamos aqu\u00ed para escucharte y apoyarte sin juzgarte ni tener una agenda. Tu voz es importante, necesaria y v\u00e1lida. Entonces, \u00bfcu\u00e1l es tu siguiente paso?<\/p>\n<p>TAMBI\u00c9N HAY AYUDA PARA TI<\/p>\n<p>\u00bfTe est\u00e1s preguntando&#8230;<\/p>\n<ul>\n<li aria-level=\"1\">&#8220;\u00bfEst\u00e1 realmente embarazada?&#8221;<\/li>\n<li aria-level=\"1\">&#8220;\u00bfQu\u00e9 debo hacer ahora?&#8221;<\/li>\n<li aria-level=\"1\">&#8220;\u00bfEstoy preparado para ser padre?&#8221;<\/li>\n<li aria-level=\"1\">&#8220;\u00bfC\u00f3mo debo apoyarla?&#8221;<\/li>\n<\/ul>\n<p>Estas preguntas son v\u00e1lidas y mereces respuestas. En las Cl\u00ednicas M\u00e9dicas Obria de RealOptions, podemos confirmar que est\u00e1 realmente embarazada y ayudaros a ambos a navegar por el &#8220;\u00bfy ahora qu\u00e9?&#8221;.<\/p>\n<h3>TUS PRIMEROS PASOS<\/h3>\n<p>Comienza tu viaje en RealOptions. Es importante que acudas a las citas con ella. Os ayudaremos a ambos a comprender vuestras opciones para que pod\u00e1is tomar una decisi\u00f3n con pleno conocimiento de causa.<\/p>\n<ul>\n<li aria-level=\"1\">Pruebas cl\u00ednicas confidenciales de embarazo<\/li>\n<li aria-level=\"1\">Ecograf\u00eda en caso de prueba de embarazo positiva para confirmar un embarazo viable<\/li>\n<li aria-level=\"1\">Discute las opciones y los recursos disponibles<\/li>\n<\/ul>\n<h3>TU ENTRENADOR PERSONAL DE SALUD \u00d3PTIMA<\/h3>\n<p>Tanto si este embarazo fue planificado como si no, es probable que tengas dudas o preguntas sobre tus opciones. Tu Entrenador de Salud \u00d3ptima est\u00e1 aqu\u00ed para ayudarte. Aunque ya no est\u00e9is juntos como pareja o no ve\u00e1is un futuro juntos, ambos form\u00e1is parte de la ecuaci\u00f3n. Tu voz importa.<\/p>\n<h3>TUS OPCIONES<\/h3>\n<p>Una vez confirmado un embarazo viable, querr\u00e1s conocer tus opciones.<\/p>\n<h4>PARA PADRES<\/h4>\n<p>Tal vez quieras ser padre pero no ten\u00edas previsto serlo tan pronto. Puede que las circunstancias no sean ideales (\u00bflo son alguna vez?). Ser padre o madre tiene sus retos, pero tambi\u00e9n puede ser la funci\u00f3n m\u00e1s satisfactoria y generadora de prop\u00f3sitos imaginable. Aunque la madre del ni\u00f1o y t\u00fa ya no est\u00e9is juntos, puedes seguir siendo un padre implicado. Si decides ser padre o copadre, tenemos servicios de apoyo y recursos para ambos.<\/p>\n<h4>ABORTO<\/h4>\n<p>Si te est\u00e1s planteando un aborto farmacol\u00f3gico o quir\u00fargico, hay informaci\u00f3n importante que debes conocer cuando tomes esta decisi\u00f3n. En RealOptions no somos un proveedor de abortos, pero realizamos ex\u00e1menes previos al aborto que te proporcionar\u00e1n toda la informaci\u00f3n que necesitas para tomar una decisi\u00f3n con pleno conocimiento de causa.<\/p>\n<p>Muchas de nuestras pacientes nos han dicho que si su pareja quisiera el beb\u00e9, no elegir\u00edan ni abogar\u00edan por el aborto. Si no quieres que aborte, habla.<\/p>\n<h4>ADOPCI\u00d3N<\/h4>\n<p>Elegir un <a href=\"https:\/\/americanpregnancy.org\/child-adoption\/benefits-of-adoption\/\" data-wpel-link=\"external\" target=\"_blank\" rel=\"nofollow external noopener noreferrer\">plan de<\/a> adopci\u00f3n puede ser dif\u00edcil, pero tambi\u00e9n es valiente. Significa que tu pareja y t\u00fa pon\u00e9is las necesidades de vuestro hijo por encima de las vuestras. Tenemos servicios de apoyo y referencias de agencias de adopci\u00f3n de confianza para compartir con vosotros.<\/p>\n<p>UNA \u00daLTIMA REFLEXI\u00d3N<\/p>\n<p>En \u00faltima instancia, es decisi\u00f3n de tu pareja. Sin embargo, tus pensamientos y sentimientos importan. Tienes voz y voto. El padre del beb\u00e9 es la persona m\u00e1s influyente en la vida de la mujer, y su propio padre es el segundo. Necesita conocer tus pensamientos y sentimientos. Tienes voz. RealOptions tiene a tu disposici\u00f3n en cualquiera de nuestras cinco cl\u00ednicas de la zona de la Bah\u00eda de San Francisco a Asesores de Salud \u00d3ptima masculinos formados para atenderte:<\/p>\n<p>Llama, reserva <a href=\"https:\/\/api.leadconnectorhq.com\/widget\/survey\/e4IR6RquMy1IKaiKIamb\" data-wpel-link=\"external\" target=\"_blank\" rel=\"nofollow external noopener noreferrer\">cita por Internet<\/a> o ac\u00e9rcate a uno de nuestros centros.<\/p>\n","protected":false},"excerpt":{"rendered":"<p>Te aplaudimos por tu apoyo a tu pareja durante estas decisiones que cambian la vida. RealOptions ofrece Coaching de Salud \u00d3ptima masculino, que es un servicio gratuito para ayudar a los hombres que se enfrentan a decisiones sobre el embarazo con su pareja.<\/p>\n","protected":false},"author":10,"featured_media":14441,"parent":11902,"menu_order":3,"comment_status":"closed","ping_status":"closed","template":"","meta":{"_acf_changed":false,"footnotes":"","_links_to":"","_links_to_target":""},"class_list":["post-12025","page","type-page","status-publish","has-post-thumbnail","hentry"],"acf":[],"yoast_head":"<!-- This site is optimized with the Yoast SEO plugin v27.3 - https:\/\/yoast.com\/product\/yoast-seo-wordpress\/ -->\n<title>Apoyo durante el embarazo para hombres | RealOptions<\/title>\n<meta name=\"description\" content=\"RealOptions Obria Medical Clinic offers no-cost pregnancy services. Read more about Apoyo a las opciones de embarazo in this page. Contact us\" \/>\n<meta name=\"robots\" content=\"index, follow, max-snippet:-1, max-image-preview:large, max-video-preview:-1\" \/>\n<link rel=\"canonical\" href=\"https:\/\/realoptions.net\/es\/sanidad-reproductiva\/salud-masculina\/apoyo-a-las-opciones-de-embarazo\/\" \/>\n<meta property=\"og:locale\" content=\"es_ES\" \/>\n<meta property=\"og:type\" content=\"article\" \/>\n<meta property=\"og:title\" content=\"Apoyo durante el embarazo para hombres | RealOptions\" \/>\n<meta property=\"og:description\" content=\"RealOptions Obria Medical Clinic offers no-cost pregnancy services. Read more about Apoyo a las opciones de embarazo in this page. Contact us\" \/>\n<meta property=\"og:url\" content=\"https:\/\/realoptions.net\/es\/sanidad-reproductiva\/salud-masculina\/apoyo-a-las-opciones-de-embarazo\/\" \/>\n<meta property=\"og:site_name\" content=\"RealOptions Obria Medical Clinic\" \/>\n<meta property=\"article:publisher\" content=\"https:\/\/www.facebook.com\/realoptions.centralsanjose\/\" \/>\n<meta property=\"article:modified_time\" content=\"2025-12-29T15:57:39+00:00\" \/>\n<meta property=\"og:image\" content=\"https:\/\/realoptions.clmstaging.com\/wp-content\/uploads\/2025\/12\/shutterstock_2041931591.jpg\" \/>\n\t<meta property=\"og:image:width\" content=\"1920\" \/>\n\t<meta property=\"og:image:height\" content=\"698\" \/>\n\t<meta property=\"og:image:type\" content=\"image\/jpeg\" \/>\n<meta name=\"twitter:card\" content=\"summary_large_image\" \/>\n<meta name=\"twitter:label1\" content=\"Tiempo de lectura\" \/>\n\t<meta name=\"twitter:data1\" content=\"3 minutos\" \/>\n<!-- \/ Yoast SEO plugin. -->","yoast_head_json":{"title":"Apoyo durante el embarazo para hombres | RealOptions","description":"RealOptions Obria Medical Clinic offers no-cost pregnancy services. Read more about Apoyo a las opciones de embarazo in this page. Contact us","robots":{"index":"index","follow":"follow","max-snippet":"max-snippet:-1","max-image-preview":"max-image-preview:large","max-video-preview":"max-video-preview:-1"},"canonical":"https:\/\/realoptions.net\/es\/sanidad-reproductiva\/salud-masculina\/apoyo-a-las-opciones-de-embarazo\/","og_locale":"es_ES","og_type":"article","og_title":"Apoyo durante el embarazo para hombres | RealOptions","og_description":"RealOptions Obria Medical Clinic offers no-cost pregnancy services. Read more about Apoyo a las opciones de embarazo in this page. Contact us","og_url":"https:\/\/realoptions.net\/es\/sanidad-reproductiva\/salud-masculina\/apoyo-a-las-opciones-de-embarazo\/","og_site_name":"RealOptions Obria Medical Clinic","article_publisher":"https:\/\/www.facebook.com\/realoptions.centralsanjose\/","article_modified_time":"2025-12-29T15:57:39+00:00","og_image":[{"width":1920,"height":698,"url":"https:\/\/realoptions.clmstaging.com\/wp-content\/uploads\/2025\/12\/shutterstock_2041931591.jpg","type":"image\/jpeg"}],"twitter_card":"summary_large_image","twitter_misc":{"Tiempo de lectura":"3 minutos"},"schema":{"@context":"https:\/\/schema.org","@graph":[{"@type":"WebPage","@id":"https:\/\/realoptions.net\/es\/sanidad-reproductiva\/salud-masculina\/apoyo-a-las-opciones-de-embarazo\/","url":"https:\/\/realoptions.net\/es\/sanidad-reproductiva\/salud-masculina\/apoyo-a-las-opciones-de-embarazo\/","name":"Apoyo durante el embarazo para hombres | RealOptions","isPartOf":{"@id":"https:\/\/realoptions.net\/es\/#website"},"primaryImageOfPage":{"@id":"https:\/\/realoptions.net\/es\/sanidad-reproductiva\/salud-masculina\/apoyo-a-las-opciones-de-embarazo\/#primaryimage"},"image":{"@id":"https:\/\/realoptions.net\/es\/sanidad-reproductiva\/salud-masculina\/apoyo-a-las-opciones-de-embarazo\/#primaryimage"},"thumbnailUrl":"https:\/\/realoptions.net\/wp-content\/uploads\/2025\/12\/shutterstock_2041931591.jpg","datePublished":"2024-04-24T19:31:14+00:00","dateModified":"2025-12-29T15:57:39+00:00","description":"RealOptions Obria Medical Clinic offers no-cost pregnancy services. Read more about Apoyo a las opciones de embarazo in this page. Contact us","breadcrumb":{"@id":"https:\/\/realoptions.net\/es\/sanidad-reproductiva\/salud-masculina\/apoyo-a-las-opciones-de-embarazo\/#breadcrumb"},"inLanguage":"es","potentialAction":[{"@type":"ReadAction","target":["https:\/\/realoptions.net\/es\/sanidad-reproductiva\/salud-masculina\/apoyo-a-las-opciones-de-embarazo\/"]}]},{"@type":"ImageObject","inLanguage":"es","@id":"https:\/\/realoptions.net\/es\/sanidad-reproductiva\/salud-masculina\/apoyo-a-las-opciones-de-embarazo\/#primaryimage","url":"https:\/\/realoptions.net\/wp-content\/uploads\/2025\/12\/shutterstock_2041931591.jpg","contentUrl":"https:\/\/realoptions.net\/wp-content\/uploads\/2025\/12\/shutterstock_2041931591.jpg","width":1920,"height":698,"caption":"Pregnancy Options Support"},{"@type":"BreadcrumbList","@id":"https:\/\/realoptions.net\/es\/sanidad-reproductiva\/salud-masculina\/apoyo-a-las-opciones-de-embarazo\/#breadcrumb","itemListElement":[{"@type":"ListItem","position":1,"name":"Home","item":"https:\/\/realoptions.net\/es\/"},{"@type":"ListItem","position":2,"name":"Sanidad Reproductiva","item":"https:\/\/realoptions.clmstaging.com\/reproductive-healthcare\/"},{"@type":"ListItem","position":3,"name":"Salud masculina","item":"https:\/\/realoptions.clmstaging.com\/reproductive-healthcare\/pregnancy-decision-support-for-men\/"},{"@type":"ListItem","position":4,"name":"Apoyo a las opciones de embarazo"}]},{"@type":"WebSite","@id":"https:\/\/realoptions.net\/es\/#website","url":"https:\/\/realoptions.net\/es\/","name":"RealOptions Obria Medical Clinic","description":"","publisher":{"@id":"https:\/\/realoptions.net\/es\/#organization"},"potentialAction":[{"@type":"SearchAction","target":{"@type":"EntryPoint","urlTemplate":"https:\/\/realoptions.net\/es\/?s={search_term_string}"},"query-input":{"@type":"PropertyValueSpecification","valueRequired":true,"valueName":"search_term_string"}}],"inLanguage":"es"},{"@type":"Organization","@id":"https:\/\/realoptions.net\/es\/#organization","name":"Real Options Obria Medical Clinics","url":"https:\/\/realoptions.net\/es\/","logo":{"@type":"ImageObject","inLanguage":"es","@id":"https:\/\/realoptions.net\/es\/#\/schema\/logo\/image\/","url":"https:\/\/realoptions.net\/wp-content\/uploads\/2022\/04\/branding.webp","contentUrl":"https:\/\/realoptions.net\/wp-content\/uploads\/2022\/04\/branding.webp","width":450,"height":155,"caption":"Real Options Obria Medical Clinics"},"image":{"@id":"https:\/\/realoptions.net\/es\/#\/schema\/logo\/image\/"},"sameAs":["https:\/\/www.facebook.com\/realoptions.centralsanjose\/"]}]}},"_links":{"self":[{"href":"https:\/\/realoptions.net\/es\/wp-json\/wp\/v2\/pages\/12025","targetHints":{"allow":["GET"]}}],"collection":[{"href":"https:\/\/realoptions.net\/es\/wp-json\/wp\/v2\/pages"}],"about":[{"href":"https:\/\/realoptions.net\/es\/wp-json\/wp\/v2\/types\/page"}],"author":[{"embeddable":true,"href":"https:\/\/realoptions.net\/es\/wp-json\/wp\/v2\/users\/10"}],"replies":[{"embeddable":true,"href":"https:\/\/realoptions.net\/es\/wp-json\/wp\/v2\/comments?post=12025"}],"version-history":[{"count":2,"href":"https:\/\/realoptions.net\/es\/wp-json\/wp\/v2\/pages\/12025\/revisions"}],"predecessor-version":[{"id":14509,"href":"https:\/\/realoptions.net\/es\/wp-json\/wp\/v2\/pages\/12025\/revisions\/14509"}],"up":[{"embeddable":true,"href":"https:\/\/realoptions.net\/es\/wp-json\/wp\/v2\/pages\/11902"}],"wp:featuredmedia":[{"embeddable":true,"href":"https:\/\/realoptions.net\/es\/wp-json\/wp\/v2\/media\/14441"}],"wp:attachment":[{"href":"https:\/\/realoptions.net\/es\/wp-json\/wp\/v2\/media?parent=12025"}],"curies":[{"name":"wp","href":"https:\/\/api.w.org\/{rel}","templated":true}]}}