{"id":12024,"date":"2024-04-02T10:38:24","date_gmt":"2024-04-02T17:38:24","guid":{"rendered":"https:\/\/realoptions.net\/perdida-reproductiva\/grupos-de-apoyo-en-linea-para-la-perdida-de-la-reproduccion\/"},"modified":"2026-01-23T13:54:33","modified_gmt":"2026-01-23T21:54:33","slug":"grupos-de-apoyo-en-linea-para-la-perdida-de-la-reproduccion","status":"publish","type":"page","link":"https:\/\/realoptions.net\/es\/perdida-reproductiva\/grupos-de-apoyo-en-linea-para-la-perdida-de-la-reproduccion\/","title":{"rendered":"Grupos de apoyo en l\u00ednea para la p\u00e9rdida de la reproducci\u00f3n"},"content":{"rendered":"<h2>Grupo de Apoyo Esperanza<\/h2>\n<p><strong>Estamos aqu\u00ed para ayudarte.<\/strong><\/p>\n<p>Cada persona sufre de forma diferente, y no hay una respuesta &#8220;correcta&#8221; sobre c\u00f3mo afrontar el impacto del <strong>aborto, la adopci\u00f3n, la infertilidad, el aborto espont\u00e1neo y la muerte fetal. <\/strong>Pero no tienes por qu\u00e9 estar sola en este proceso. No importa cu\u00e1nto tiempo lleves de duelo, ofrecemos un lugar seguro y compasivo para explorar las complejas emociones de la p\u00e9rdida y proporcionar herramientas y estrategias basadas en la fe mientras construimos una comunidad de esperanza y conexi\u00f3n. <strong>Los Grupos de Apoyo Esperanza en l\u00ednea est\u00e1n abiertos a todos los que se hayan visto afectados directa o indirectamente por una p\u00e9rdida reproductiva de cualquier tipo.<\/strong><\/p>\n<p><span data-olk-copy-source=\"MessageBody\">CU\u00c1NDO:<br \/>\n<\/span>Cada\u00a0Primer\u00a0y tercer martes\u00a0del mes\u00a0Zoom<br \/>\nDe 18:30 a 19:30<\/p>\n<p>Correo electr\u00f3nico Hope<a title=\"mailto:jenn@realoptions.net\" href=\"mailto:jenn@realoptions.net\" data-linkindex=\"3\">@realoptions.net<\/a>\u00a0para el enlace Zoom<\/p>\n<p>No es necesario inscribirse.<\/p>\n<p>Para m\u00e1s informaci\u00f3n, env\u00eda un mensaje de texto o llama al 408.444.5472 o env\u00eda un correo electr\u00f3nico a hope<a title=\"mailto:jenn@realoptions.net\" href=\"mailto:jenn@realoptions.net\" data-linkindex=\"4\">@realoptions.net<\/a>.<\/p>\n<p>Si te sientes abrumada o necesitas apoyo local, no dudes en llamarnos al 408.444.5472 o\u00a0<a title=\"https:\/\/api.leadconnectorhq.com\/widget\/survey\/e4IR6RquMy1IKaiKIamb\" href=\"https:\/\/api.leadconnectorhq.com\/widget\/survey\/e4IR6RquMy1IKaiKIamb\" target=\"_blank\" rel=\"noopener external noreferrer nofollow\" data-auth=\"NotApplicable\" data-linkindex=\"5\" data-wpel-link=\"external\">concierta una cita<\/a>\u00a0con nuestro atento equipo, que ha experimentado sentimientos similares.<\/p>\n<p><strong>Este sitio no es un sitio de asesoramiento profesional, ni pretende sustituir al asesoramiento profesional. A veces, una experiencia de p\u00e9rdida reproductiva puede crear emociones intensas con las que quiz\u00e1 no te sientas preparado para lidiar por ti mismo. Llama al Tel\u00e9fono Nacional de Prevenci\u00f3n del Suicidio 1-800-273-TALK (1-800-273-8255) si est\u00e1s pensando o planeas hacerte da\u00f1o.<\/strong><\/p>\n<h2>V\u00edas de curaci\u00f3n en l\u00ednea<\/h2>\n<p>Es habitual que algunas personas que han pasado por un aborto experimenten pensamientos y emociones dif\u00edciles de procesar. Estas sensaciones de malestar pueden aparecer inmediatamente o golpearte de repente semanas o incluso a\u00f1os despu\u00e9s de la intervenci\u00f3n.<\/p>\n<p>\u00bfSe ha visto afectada tu mente, tu cuerpo o tu alma? RealOptions Cl\u00ednicas M\u00e9dicas Obria est\u00e1 trabajando con un programa online de atenci\u00f3n postaborto llamado <a href=\"https:\/\/yourabortionexperience.org\/en\" target=\"_blank\" rel=\"noopener nofollow external noreferrer\" data-wpel-link=\"external\">Tu Experiencia Aborto<\/a>. Es un espacio confidencial que sirve de refugio a quienes desean iniciar el proceso de curaci\u00f3n. Este proceso incluye crear apoyo, explorar las emociones e identificar la p\u00e9rdida. Esta v\u00eda de curaci\u00f3n es un punto de partida para la reflexi\u00f3n y la curaci\u00f3n respecto al impacto personal del aborto. Cada persona pasar\u00e1 por el proceso de forma diferente. Te animamos a que explores el sitio.<\/p>\n<p>Ingl\u00e9s <a href=\"https:\/\/yourabortionexperience.org\/es\" target=\"_blank\" rel=\"noopener nofollow external noreferrer\" data-wpel-link=\"external\">yourabortionexperience<\/a> <a href=\"https:\/\/yourabortionexperience.org\/en\" target=\"_blank\" rel=\"noopener nofollow external noreferrer\" data-wpel-link=\"external\">.org\/es<\/a> | Espa\u00f1ol <a href=\"https:\/\/yourabortionexperience.org\/es\" target=\"_blank\" rel=\"noopener nofollow external noreferrer\" data-wpel-link=\"external\">yourabortionexperience.org\/es<\/a><\/p>\n<p>Si te sientes abrumada o necesitas apoyo local, no dudes en llamarnos al 408.444.5472 o <a href=\"https:\/\/api.leadconnectorhq.com\/widget\/survey\/e4IR6RquMy1IKaiKIamb\" target=\"_blank\" rel=\"noopener nofollow external noreferrer\" data-wpel-link=\"external\">concierta una cita<\/a> con nuestro especialista en duelo por p\u00e9rdida reproductiva.<\/p>\n<p><strong>Este sitio no es un sitio de asesoramiento profesional, ni pretende sustituir al asesoramiento profesional. A veces, una experiencia de p\u00e9rdida reproductiva puede crear emociones intensas con las que quiz\u00e1 no te sientas preparado para lidiar por ti mismo. Llama al Tel\u00e9fono Nacional de Prevenci\u00f3n del Suicidio 1-800-273-TALK (1-800-273-8255) si est\u00e1s pensando o planeas hacerte da\u00f1o.<\/strong><\/p>\n","protected":false},"excerpt":{"rendered":"<p>Cada persona sufre de forma diferente, y no hay una respuesta &#8220;correcta&#8221; sobre c\u00f3mo afrontar el impacto del aborto, la adopci\u00f3n, la infertilidad, el aborto espont\u00e1neo y la muerte fetal. Pero no tienes por qu\u00e9 estar solo en este proceso. No importa cu\u00e1nto tiempo lleves de duelo, ofrecemos un lugar seguro y compasivo para explorar las complejas emociones de la p\u00e9rdida y proporcionar herramientas y estrategias basadas en la fe mientras construimos una comunidad de esperanza y conexi\u00f3n.<\/p>\n","protected":false},"author":10,"featured_media":14458,"parent":11916,"menu_order":1,"comment_status":"closed","ping_status":"closed","template":"","meta":{"_acf_changed":false,"footnotes":"","_links_to":"","_links_to_target":""},"class_list":["post-12024","page","type-page","status-publish","has-post-thumbnail","hentry"],"acf":[],"yoast_head":"<!-- This site is optimized with the Yoast SEO plugin v27.3 - https:\/\/yoast.com\/product\/yoast-seo-wordpress\/ -->\n<title>Grupo de Apoyo Esperanza | RealOptions Obria Medical Clinics<\/title>\n<meta name=\"description\" content=\"Encuentra apoyo compasivo tras aborto, adopci\u00f3n, infertilidad o p\u00e9rdida reproductiva. \u00danete gratis a nuestros grupos en l\u00ednea de San Jos\u00e9.\" \/>\n<meta name=\"robots\" content=\"index, follow, max-snippet:-1, max-image-preview:large, max-video-preview:-1\" \/>\n<link rel=\"canonical\" href=\"https:\/\/realoptions.net\/es\/perdida-reproductiva\/grupos-de-apoyo-en-linea-para-la-perdida-de-la-reproduccion\/\" \/>\n<meta property=\"og:locale\" content=\"es_ES\" \/>\n<meta property=\"og:type\" content=\"article\" \/>\n<meta property=\"og:title\" content=\"Grupo de Apoyo Esperanza | RealOptions Obria Medical Clinics\" \/>\n<meta property=\"og:description\" content=\"Encuentra apoyo compasivo tras aborto, adopci\u00f3n, infertilidad o p\u00e9rdida reproductiva. \u00danete gratis a nuestros grupos en l\u00ednea de San Jos\u00e9.\" \/>\n<meta property=\"og:url\" content=\"https:\/\/realoptions.net\/es\/perdida-reproductiva\/grupos-de-apoyo-en-linea-para-la-perdida-de-la-reproduccion\/\" \/>\n<meta property=\"og:site_name\" content=\"RealOptions Obria Medical Clinic\" \/>\n<meta property=\"article:publisher\" content=\"https:\/\/www.facebook.com\/realoptions.centralsanjose\/\" \/>\n<meta property=\"article:modified_time\" content=\"2026-01-23T21:54:33+00:00\" \/>\n<meta property=\"og:image\" content=\"https:\/\/realoptions.clmstaging.com\/wp-content\/uploads\/2025\/12\/shutterstock_2302289493.jpg\" \/>\n\t<meta property=\"og:image:width\" content=\"1920\" \/>\n\t<meta property=\"og:image:height\" content=\"615\" \/>\n\t<meta property=\"og:image:type\" content=\"image\/jpeg\" \/>\n<meta name=\"twitter:card\" content=\"summary_large_image\" \/>\n<meta name=\"twitter:label1\" content=\"Tiempo de lectura\" \/>\n\t<meta name=\"twitter:data1\" content=\"3 minutos\" \/>\n<!-- \/ Yoast SEO plugin. -->","yoast_head_json":{"title":"Grupo de Apoyo Esperanza | RealOptions Obria Medical Clinics","description":"Encuentra apoyo compasivo tras aborto, adopci\u00f3n, infertilidad o p\u00e9rdida reproductiva. \u00danete gratis a nuestros grupos en l\u00ednea de San Jos\u00e9.","robots":{"index":"index","follow":"follow","max-snippet":"max-snippet:-1","max-image-preview":"max-image-preview:large","max-video-preview":"max-video-preview:-1"},"canonical":"https:\/\/realoptions.net\/es\/perdida-reproductiva\/grupos-de-apoyo-en-linea-para-la-perdida-de-la-reproduccion\/","og_locale":"es_ES","og_type":"article","og_title":"Grupo de Apoyo Esperanza | RealOptions Obria Medical Clinics","og_description":"Encuentra apoyo compasivo tras aborto, adopci\u00f3n, infertilidad o p\u00e9rdida reproductiva. \u00danete gratis a nuestros grupos en l\u00ednea de San Jos\u00e9.","og_url":"https:\/\/realoptions.net\/es\/perdida-reproductiva\/grupos-de-apoyo-en-linea-para-la-perdida-de-la-reproduccion\/","og_site_name":"RealOptions Obria Medical Clinic","article_publisher":"https:\/\/www.facebook.com\/realoptions.centralsanjose\/","article_modified_time":"2026-01-23T21:54:33+00:00","og_image":[{"width":1920,"height":615,"url":"https:\/\/realoptions.clmstaging.com\/wp-content\/uploads\/2025\/12\/shutterstock_2302289493.jpg","type":"image\/jpeg"}],"twitter_card":"summary_large_image","twitter_misc":{"Tiempo de lectura":"3 minutos"},"schema":{"@context":"https:\/\/schema.org","@graph":[{"@type":"WebPage","@id":"https:\/\/realoptions.net\/es\/perdida-reproductiva\/grupos-de-apoyo-en-linea-para-la-perdida-de-la-reproduccion\/","url":"https:\/\/realoptions.net\/es\/perdida-reproductiva\/grupos-de-apoyo-en-linea-para-la-perdida-de-la-reproduccion\/","name":"Grupo de Apoyo Esperanza | RealOptions Obria Medical Clinics","isPartOf":{"@id":"https:\/\/realoptions.net\/es\/#website"},"primaryImageOfPage":{"@id":"https:\/\/realoptions.net\/es\/perdida-reproductiva\/grupos-de-apoyo-en-linea-para-la-perdida-de-la-reproduccion\/#primaryimage"},"image":{"@id":"https:\/\/realoptions.net\/es\/perdida-reproductiva\/grupos-de-apoyo-en-linea-para-la-perdida-de-la-reproduccion\/#primaryimage"},"thumbnailUrl":"https:\/\/realoptions.net\/wp-content\/uploads\/2025\/12\/shutterstock_2302289493.jpg","datePublished":"2024-04-02T17:38:24+00:00","dateModified":"2026-01-23T21:54:33+00:00","description":"Encuentra apoyo compasivo tras aborto, adopci\u00f3n, infertilidad o p\u00e9rdida reproductiva. \u00danete gratis a nuestros grupos en l\u00ednea de San Jos\u00e9.","breadcrumb":{"@id":"https:\/\/realoptions.net\/es\/perdida-reproductiva\/grupos-de-apoyo-en-linea-para-la-perdida-de-la-reproduccion\/#breadcrumb"},"inLanguage":"es","potentialAction":[{"@type":"ReadAction","target":["https:\/\/realoptions.net\/es\/perdida-reproductiva\/grupos-de-apoyo-en-linea-para-la-perdida-de-la-reproduccion\/"]}]},{"@type":"ImageObject","inLanguage":"es","@id":"https:\/\/realoptions.net\/es\/perdida-reproductiva\/grupos-de-apoyo-en-linea-para-la-perdida-de-la-reproduccion\/#primaryimage","url":"https:\/\/realoptions.net\/wp-content\/uploads\/2025\/12\/shutterstock_2302289493.jpg","contentUrl":"https:\/\/realoptions.net\/wp-content\/uploads\/2025\/12\/shutterstock_2302289493.jpg","width":1920,"height":615,"caption":"Online Reproductive Loss Support Groups"},{"@type":"BreadcrumbList","@id":"https:\/\/realoptions.net\/es\/perdida-reproductiva\/grupos-de-apoyo-en-linea-para-la-perdida-de-la-reproduccion\/#breadcrumb","itemListElement":[{"@type":"ListItem","position":1,"name":"Home","item":"https:\/\/realoptions.net\/es\/"},{"@type":"ListItem","position":2,"name":"P\u00e9rdida reproductiva","item":"https:\/\/realoptions.clmstaging.com\/hope\/"},{"@type":"ListItem","position":3,"name":"Grupos de apoyo en l\u00ednea para la p\u00e9rdida de la reproducci\u00f3n"}]},{"@type":"WebSite","@id":"https:\/\/realoptions.net\/es\/#website","url":"https:\/\/realoptions.net\/es\/","name":"RealOptions Obria Medical Clinic","description":"","publisher":{"@id":"https:\/\/realoptions.net\/es\/#organization"},"potentialAction":[{"@type":"SearchAction","target":{"@type":"EntryPoint","urlTemplate":"https:\/\/realoptions.net\/es\/?s={search_term_string}"},"query-input":{"@type":"PropertyValueSpecification","valueRequired":true,"valueName":"search_term_string"}}],"inLanguage":"es"},{"@type":"Organization","@id":"https:\/\/realoptions.net\/es\/#organization","name":"Real Options Obria Medical Clinics","url":"https:\/\/realoptions.net\/es\/","logo":{"@type":"ImageObject","inLanguage":"es","@id":"https:\/\/realoptions.net\/es\/#\/schema\/logo\/image\/","url":"https:\/\/realoptions.net\/wp-content\/uploads\/2022\/04\/branding.webp","contentUrl":"https:\/\/realoptions.net\/wp-content\/uploads\/2022\/04\/branding.webp","width":450,"height":155,"caption":"Real Options Obria Medical Clinics"},"image":{"@id":"https:\/\/realoptions.net\/es\/#\/schema\/logo\/image\/"},"sameAs":["https:\/\/www.facebook.com\/realoptions.centralsanjose\/"]}]}},"_links":{"self":[{"href":"https:\/\/realoptions.net\/es\/wp-json\/wp\/v2\/pages\/12024","targetHints":{"allow":["GET"]}}],"collection":[{"href":"https:\/\/realoptions.net\/es\/wp-json\/wp\/v2\/pages"}],"about":[{"href":"https:\/\/realoptions.net\/es\/wp-json\/wp\/v2\/types\/page"}],"author":[{"embeddable":true,"href":"https:\/\/realoptions.net\/es\/wp-json\/wp\/v2\/users\/10"}],"replies":[{"embeddable":true,"href":"https:\/\/realoptions.net\/es\/wp-json\/wp\/v2\/comments?post=12024"}],"version-history":[{"count":6,"href":"https:\/\/realoptions.net\/es\/wp-json\/wp\/v2\/pages\/12024\/revisions"}],"predecessor-version":[{"id":14818,"href":"https:\/\/realoptions.net\/es\/wp-json\/wp\/v2\/pages\/12024\/revisions\/14818"}],"up":[{"embeddable":true,"href":"https:\/\/realoptions.net\/es\/wp-json\/wp\/v2\/pages\/11916"}],"wp:featuredmedia":[{"embeddable":true,"href":"https:\/\/realoptions.net\/es\/wp-json\/wp\/v2\/media\/14458"}],"wp:attachment":[{"href":"https:\/\/realoptions.net\/es\/wp-json\/wp\/v2\/media?parent=12024"}],"curies":[{"name":"wp","href":"https:\/\/api.w.org\/{rel}","templated":true}]}}