{"id":12023,"date":"2024-04-24T12:05:47","date_gmt":"2024-04-24T19:05:47","guid":{"rendered":"https:\/\/realoptions.net\/sanidad-reproductiva\/salud-de-la-mujer\/prueba-de-embarazo\/"},"modified":"2026-03-05T01:18:20","modified_gmt":"2026-03-05T09:18:20","slug":"prueba-de-embarazo","status":"publish","type":"page","link":"https:\/\/realoptions.net\/es\/sanidad-reproductiva\/salud-de-la-mujer\/prueba-de-embarazo\/","title":{"rendered":"Prueba de embarazo para mujeres"},"content":{"rendered":"<p>Aunque las pruebas de embarazo caseras suelen ser precisas, tal vez quieras confirmar los resultados con un profesional m\u00e9dico para estar segura. Las Cl\u00ednicas M\u00e9dicas Obria de RealOptions te ayudar\u00e1n a verificar tus resultados en un entorno seguro y c\u00f3modo.<\/p>\n<p>La ausencia de menstruaci\u00f3n es el indicador m\u00e1s com\u00fan de que puedes estar embarazada, pero no el \u00fanico. <\/p>\n<h2>Aqu\u00ed tienes otros s\u00edntomas frecuentes:<\/h2>\n<ul>\n<li>Micci\u00f3n frecuente<\/li>\n<li>Mareos<\/li>\n<li>N\u00e1useas<\/li>\n<li>Cambio de apetito<\/li>\n<li>Sensibilidad mamaria<\/li>\n<li>Fatiga<\/li>\n<\/ul>\n<p>Si crees que est\u00e1s embarazada, pide cita o p\u00e1sate por una de nuestras cl\u00ednicas situadas en el centro de San Jos\u00e9, el este de San Jos\u00e9, Oakland, Redwood City o Union City. Nuestro equipo m\u00e9dico y nuestro personal est\u00e1n altamente capacitados y dedicados a satisfacer tus necesidades sanitarias.<\/p>\n<p><a class=\"btn\" href=\"https:\/\/realoptions.net\/contact\/\" target=\"_blank\" rel=\"noopener nofollow external noreferrer\" data-wpel-link=\"external\"> Reserva en l\u00ednea<\/a><\/p>\n","protected":false},"excerpt":{"rendered":"<p>Aunque las pruebas de embarazo caseras suelen ser precisas, tal vez quieras confirmar los resultados con un profesional m\u00e9dico para estar segura. Las Cl\u00ednicas M\u00e9dicas Obria de RealOptions te ayudar\u00e1n a verificar tus resultados en un entorno seguro y c\u00f3modo.<\/p>\n","protected":false},"author":10,"featured_media":13488,"parent":11903,"menu_order":5,"comment_status":"closed","ping_status":"closed","template":"","meta":{"_acf_changed":false,"footnotes":"","_links_to":"","_links_to_target":""},"class_list":["post-12023","page","type-page","status-publish","has-post-thumbnail","hentry"],"acf":[],"yoast_head":"<!-- This site is optimized with the Yoast SEO plugin v27.3 - https:\/\/yoast.com\/product\/yoast-seo-wordpress\/ -->\n<title>Pruebas de embarazo confiables | Apoyo seguro | CA<\/title>\n<meta name=\"description\" content=\"RealOptions Obria Medical Clinic offers no-cost pregnancy services. Read more about Prueba de embarazo para mujeres in this page. Contact us\" \/>\n<meta name=\"robots\" content=\"index, follow, max-snippet:-1, max-image-preview:large, max-video-preview:-1\" \/>\n<link rel=\"canonical\" href=\"https:\/\/realoptions.net\/es\/sanidad-reproductiva\/salud-de-la-mujer\/prueba-de-embarazo\/\" \/>\n<meta property=\"og:locale\" content=\"es_ES\" \/>\n<meta property=\"og:type\" content=\"article\" \/>\n<meta property=\"og:title\" content=\"Pruebas de embarazo confiables | Apoyo seguro | CA\" \/>\n<meta property=\"og:description\" content=\"RealOptions Obria Medical Clinic offers no-cost pregnancy services. Read more about Prueba de embarazo para mujeres in this page. Contact us\" \/>\n<meta property=\"og:url\" content=\"https:\/\/realoptions.net\/es\/sanidad-reproductiva\/salud-de-la-mujer\/prueba-de-embarazo\/\" \/>\n<meta property=\"og:site_name\" content=\"RealOptions Obria Medical Clinic\" \/>\n<meta property=\"article:publisher\" content=\"https:\/\/www.facebook.com\/realoptions.centralsanjose\/\" \/>\n<meta property=\"article:modified_time\" content=\"2026-03-05T09:18:20+00:00\" \/>\n<meta property=\"og:image\" content=\"https:\/\/realoptions.clmstaging.com\/wp-content\/uploads\/2024\/04\/shutterstock_2354305989.jpg\" \/>\n\t<meta property=\"og:image:width\" content=\"1920\" \/>\n\t<meta property=\"og:image:height\" content=\"652\" \/>\n\t<meta property=\"og:image:type\" content=\"image\/jpeg\" \/>\n<meta name=\"twitter:card\" content=\"summary_large_image\" \/>\n<meta name=\"twitter:label1\" content=\"Tiempo de lectura\" \/>\n\t<meta name=\"twitter:data1\" content=\"1 minuto\" \/>\n<!-- \/ Yoast SEO plugin. -->","yoast_head_json":{"title":"Pruebas de embarazo confiables | Apoyo seguro | CA","description":"RealOptions Obria Medical Clinic offers no-cost pregnancy services. Read more about Prueba de embarazo para mujeres in this page. Contact us","robots":{"index":"index","follow":"follow","max-snippet":"max-snippet:-1","max-image-preview":"max-image-preview:large","max-video-preview":"max-video-preview:-1"},"canonical":"https:\/\/realoptions.net\/es\/sanidad-reproductiva\/salud-de-la-mujer\/prueba-de-embarazo\/","og_locale":"es_ES","og_type":"article","og_title":"Pruebas de embarazo confiables | Apoyo seguro | CA","og_description":"RealOptions Obria Medical Clinic offers no-cost pregnancy services. Read more about Prueba de embarazo para mujeres in this page. Contact us","og_url":"https:\/\/realoptions.net\/es\/sanidad-reproductiva\/salud-de-la-mujer\/prueba-de-embarazo\/","og_site_name":"RealOptions Obria Medical Clinic","article_publisher":"https:\/\/www.facebook.com\/realoptions.centralsanjose\/","article_modified_time":"2026-03-05T09:18:20+00:00","og_image":[{"width":1920,"height":652,"url":"https:\/\/realoptions.clmstaging.com\/wp-content\/uploads\/2024\/04\/shutterstock_2354305989.jpg","type":"image\/jpeg"}],"twitter_card":"summary_large_image","twitter_misc":{"Tiempo de lectura":"1 minuto"},"schema":{"@context":"https:\/\/schema.org","@graph":[{"@type":"WebPage","@id":"https:\/\/realoptions.net\/es\/sanidad-reproductiva\/salud-de-la-mujer\/prueba-de-embarazo\/","url":"https:\/\/realoptions.net\/es\/sanidad-reproductiva\/salud-de-la-mujer\/prueba-de-embarazo\/","name":"Pruebas de embarazo confiables | Apoyo seguro | CA","isPartOf":{"@id":"https:\/\/realoptions.net\/es\/#website"},"primaryImageOfPage":{"@id":"https:\/\/realoptions.net\/es\/sanidad-reproductiva\/salud-de-la-mujer\/prueba-de-embarazo\/#primaryimage"},"image":{"@id":"https:\/\/realoptions.net\/es\/sanidad-reproductiva\/salud-de-la-mujer\/prueba-de-embarazo\/#primaryimage"},"thumbnailUrl":"https:\/\/realoptions.net\/wp-content\/uploads\/2024\/04\/shutterstock_2354305989.jpg","datePublished":"2024-04-24T19:05:47+00:00","dateModified":"2026-03-05T09:18:20+00:00","description":"RealOptions Obria Medical Clinic offers no-cost pregnancy services. Read more about Prueba de embarazo para mujeres in this page. Contact us","breadcrumb":{"@id":"https:\/\/realoptions.net\/es\/sanidad-reproductiva\/salud-de-la-mujer\/prueba-de-embarazo\/#breadcrumb"},"inLanguage":"es","potentialAction":[{"@type":"ReadAction","target":["https:\/\/realoptions.net\/es\/sanidad-reproductiva\/salud-de-la-mujer\/prueba-de-embarazo\/"]}]},{"@type":"ImageObject","inLanguage":"es","@id":"https:\/\/realoptions.net\/es\/sanidad-reproductiva\/salud-de-la-mujer\/prueba-de-embarazo\/#primaryimage","url":"https:\/\/realoptions.net\/wp-content\/uploads\/2024\/04\/shutterstock_2354305989.jpg","contentUrl":"https:\/\/realoptions.net\/wp-content\/uploads\/2024\/04\/shutterstock_2354305989.jpg","width":1920,"height":652},{"@type":"BreadcrumbList","@id":"https:\/\/realoptions.net\/es\/sanidad-reproductiva\/salud-de-la-mujer\/prueba-de-embarazo\/#breadcrumb","itemListElement":[{"@type":"ListItem","position":1,"name":"Home","item":"https:\/\/realoptions.net\/es\/"},{"@type":"ListItem","position":2,"name":"Sanidad Reproductiva","item":"https:\/\/realoptions.clmstaging.com\/reproductive-healthcare\/"},{"@type":"ListItem","position":3,"name":"Salud de la mujer","item":"https:\/\/realoptions.clmstaging.com\/reproductive-healthcare\/womens-health\/"},{"@type":"ListItem","position":4,"name":"Prueba de embarazo para mujeres"}]},{"@type":"WebSite","@id":"https:\/\/realoptions.net\/es\/#website","url":"https:\/\/realoptions.net\/es\/","name":"RealOptions Obria Medical Clinic","description":"","publisher":{"@id":"https:\/\/realoptions.net\/es\/#organization"},"potentialAction":[{"@type":"SearchAction","target":{"@type":"EntryPoint","urlTemplate":"https:\/\/realoptions.net\/es\/?s={search_term_string}"},"query-input":{"@type":"PropertyValueSpecification","valueRequired":true,"valueName":"search_term_string"}}],"inLanguage":"es"},{"@type":"Organization","@id":"https:\/\/realoptions.net\/es\/#organization","name":"Real Options Obria Medical Clinics","url":"https:\/\/realoptions.net\/es\/","logo":{"@type":"ImageObject","inLanguage":"es","@id":"https:\/\/realoptions.net\/es\/#\/schema\/logo\/image\/","url":"https:\/\/realoptions.net\/wp-content\/uploads\/2022\/04\/branding.webp","contentUrl":"https:\/\/realoptions.net\/wp-content\/uploads\/2022\/04\/branding.webp","width":450,"height":155,"caption":"Real Options Obria Medical Clinics"},"image":{"@id":"https:\/\/realoptions.net\/es\/#\/schema\/logo\/image\/"},"sameAs":["https:\/\/www.facebook.com\/realoptions.centralsanjose\/"]}]}},"_links":{"self":[{"href":"https:\/\/realoptions.net\/es\/wp-json\/wp\/v2\/pages\/12023","targetHints":{"allow":["GET"]}}],"collection":[{"href":"https:\/\/realoptions.net\/es\/wp-json\/wp\/v2\/pages"}],"about":[{"href":"https:\/\/realoptions.net\/es\/wp-json\/wp\/v2\/types\/page"}],"author":[{"embeddable":true,"href":"https:\/\/realoptions.net\/es\/wp-json\/wp\/v2\/users\/10"}],"replies":[{"embeddable":true,"href":"https:\/\/realoptions.net\/es\/wp-json\/wp\/v2\/comments?post=12023"}],"version-history":[{"count":6,"href":"https:\/\/realoptions.net\/es\/wp-json\/wp\/v2\/pages\/12023\/revisions"}],"predecessor-version":[{"id":14978,"href":"https:\/\/realoptions.net\/es\/wp-json\/wp\/v2\/pages\/12023\/revisions\/14978"}],"up":[{"embeddable":true,"href":"https:\/\/realoptions.net\/es\/wp-json\/wp\/v2\/pages\/11903"}],"wp:featuredmedia":[{"embeddable":true,"href":"https:\/\/realoptions.net\/es\/wp-json\/wp\/v2\/media\/13488"}],"wp:attachment":[{"href":"https:\/\/realoptions.net\/es\/wp-json\/wp\/v2\/media?parent=12023"}],"curies":[{"name":"wp","href":"https:\/\/api.w.org\/{rel}","templated":true}]}}