{"id":12022,"date":"2024-04-24T12:02:28","date_gmt":"2024-04-24T19:02:28","guid":{"rendered":"https:\/\/realoptions.net\/sanidad-reproductiva\/salud-de-la-mujer\/ecografia\/"},"modified":"2026-03-05T01:24:02","modified_gmt":"2026-03-05T09:24:02","slug":"ecografia","status":"publish","type":"page","link":"https:\/\/realoptions.net\/es\/sanidad-reproductiva\/salud-de-la-mujer\/ecografia\/","title":{"rendered":"Ecograf\u00eda para mujeres"},"content":{"rendered":"<h2>\u00bfCrees que puedes estar embarazada?<\/h2>\n<p>Una ecograf\u00eda es importante si sospechas que est\u00e1s embarazada. Como proveedor de Medi-Cal y de presunta elegibilidad, RealOptions Obria Medical Clinics ofrece servicios de bajo coste o gratuitos, con o sin seguro.<\/p>\n<h2>\u00bfPor qu\u00e9 hacerse una ecograf\u00eda?<\/h2>\n<ul>\n<li aria-level=\"1\">Una ecograf\u00eda es la \u00fanica forma de determinar el estado de tu embarazo.<\/li>\n<li aria-level=\"1\">Esta exploraci\u00f3n identificar\u00e1 si tu embarazo es viable.<\/li>\n<li aria-level=\"1\">Descartar\u00e1 un embarazo ect\u00f3pico o un aborto espont\u00e1neo.<\/li>\n<li aria-level=\"1\">Determina si tu embarazo est\u00e1 localizado en el \u00fatero. Si el embarazo se localiza fuera del \u00fatero, lo que se denomina embarazo ect\u00f3pico, este resultado requiere una evaluaci\u00f3n y un tratamiento m\u00e9dicos inmediatos.<\/li>\n<\/ul>\n<h2>En RealOptions, las ecograf\u00edas obst\u00e9tricas se realizan para:<\/h2>\n<p><strong>Determinar si hay latido fetal<\/strong><\/p>\n<p>Un embarazo viable significa que se detecta un latido y que no has tenido un aborto espont\u00e1neo. Si el embarazo no es viable, es probable que tu cuerpo lo expulse de forma natural.<\/p>\n<p><strong>Fecha del embarazo <\/strong><\/p>\n<p>Es importante conocer la edad gestacional de tu embarazo. Se refiere al n\u00famero de semanas que llevas embarazada. Si est\u00e1s pensando en abortar, el m\u00e9todo viene determinado por esta informaci\u00f3n. La ecograf\u00eda tambi\u00e9n revelar\u00e1 la fecha estimada del parto.<\/p>\n<p><strong>Averigua d\u00f3nde se encuentra el embarazo<\/strong><\/p>\n<p>Algunos embarazos se desarrollan fuera del \u00fatero, lo que se denomina embarazo ect\u00f3pico. Una ecograf\u00eda revelar\u00e1 si el embarazo est\u00e1 o no localizado en el \u00fatero. Un embarazo ect\u00f3pico puede poner en peligro la vida y requiere atenci\u00f3n m\u00e9dica inmediata.<\/p>\n<h2>\u00bfQu\u00e9 debo hacer despu\u00e9s de la ecograf\u00eda?<\/h2>\n<p>Una vez que has recibido un resultado positivo de la prueba de embarazo y has confirmado tu embarazo con una ecograf\u00eda, es hora de hablar de tus <a href=\"https:\/\/realoptions.net\/considering-abortion\/options-consultation\/\" data-wpel-link=\"external\" target=\"_blank\" rel=\"nofollow external noopener noreferrer\">opciones<\/a>. Queremos que tomes una decisi\u00f3n segura y capacitada sobre tu embarazo, y eso significa obtener toda la informaci\u00f3n posible. <a href=\"https:\/\/realoptions.net\/contact\/\" data-wpel-link=\"external\" target=\"_blank\" rel=\"nofollow external noopener noreferrer\">Programa<\/a> hoy mismo una cita gratuita o de bajo coste.<\/p>\n<p><a class=\"btn\" href=\"https:\/\/api.leadconnectorhq.com\/widget\/survey\/e4IR6RquMy1IKaiKIamb\" target=\"_blank\" rel=\"noopener noreferrer nofollow external\" data-wpel-link=\"external\">RESERVA ONLINE<\/a><\/p>\n","protected":false},"excerpt":{"rendered":"<p>Una ecograf\u00eda es importante si sospechas que est\u00e1s embarazada. Como proveedor de Medi-Cal y de presunta elegibilidad, RealOptions Obria Medical Clinics ofrece servicios de bajo coste o gratuitos, con o sin seguro. <\/p>\n","protected":false},"author":10,"featured_media":14473,"parent":11903,"menu_order":6,"comment_status":"closed","ping_status":"closed","template":"","meta":{"_acf_changed":false,"footnotes":"","_links_to":"","_links_to_target":""},"class_list":["post-12022","page","type-page","status-publish","has-post-thumbnail","hentry"],"acf":[],"yoast_head":"<!-- This site is optimized with the Yoast SEO plugin v27.3 - https:\/\/yoast.com\/product\/yoast-seo-wordpress\/ -->\n<title>Ecograf\u00eda Obst\u00e9trica | Salud de la Mujer | CA<\/title>\n<meta name=\"description\" content=\"RealOptions Obria Medical Clinic offers no-cost pregnancy services. Read more about Ecograf\u00eda para mujeres in this page. Contact us\" \/>\n<meta name=\"robots\" content=\"index, follow, max-snippet:-1, max-image-preview:large, max-video-preview:-1\" \/>\n<link rel=\"canonical\" href=\"https:\/\/realoptions.net\/es\/sanidad-reproductiva\/salud-de-la-mujer\/ecografia\/\" \/>\n<meta property=\"og:locale\" content=\"es_ES\" \/>\n<meta property=\"og:type\" content=\"article\" \/>\n<meta property=\"og:title\" content=\"Ecograf\u00eda Obst\u00e9trica | Salud de la Mujer | CA\" \/>\n<meta property=\"og:description\" content=\"RealOptions Obria Medical Clinic offers no-cost pregnancy services. Read more about Ecograf\u00eda para mujeres in this page. Contact us\" \/>\n<meta property=\"og:url\" content=\"https:\/\/realoptions.net\/es\/sanidad-reproductiva\/salud-de-la-mujer\/ecografia\/\" \/>\n<meta property=\"og:site_name\" content=\"RealOptions Obria Medical Clinic\" \/>\n<meta property=\"article:publisher\" content=\"https:\/\/www.facebook.com\/realoptions.centralsanjose\/\" \/>\n<meta property=\"article:modified_time\" content=\"2026-03-05T09:24:02+00:00\" \/>\n<meta property=\"og:image\" content=\"https:\/\/realoptions.clmstaging.com\/wp-content\/uploads\/2025\/12\/shutterstock_153759023-1-e1714502743359.jpg\" \/>\n\t<meta property=\"og:image:width\" content=\"1920\" \/>\n\t<meta property=\"og:image:height\" content=\"873\" \/>\n\t<meta property=\"og:image:type\" content=\"image\/jpeg\" \/>\n<meta name=\"twitter:card\" content=\"summary_large_image\" \/>\n<meta name=\"twitter:label1\" content=\"Tiempo de lectura\" \/>\n\t<meta name=\"twitter:data1\" content=\"2 minutos\" \/>\n<!-- \/ Yoast SEO plugin. -->","yoast_head_json":{"title":"Ecograf\u00eda Obst\u00e9trica | Salud de la Mujer | CA","description":"RealOptions Obria Medical Clinic offers no-cost pregnancy services. Read more about Ecograf\u00eda para mujeres in this page. Contact us","robots":{"index":"index","follow":"follow","max-snippet":"max-snippet:-1","max-image-preview":"max-image-preview:large","max-video-preview":"max-video-preview:-1"},"canonical":"https:\/\/realoptions.net\/es\/sanidad-reproductiva\/salud-de-la-mujer\/ecografia\/","og_locale":"es_ES","og_type":"article","og_title":"Ecograf\u00eda Obst\u00e9trica | Salud de la Mujer | CA","og_description":"RealOptions Obria Medical Clinic offers no-cost pregnancy services. Read more about Ecograf\u00eda para mujeres in this page. Contact us","og_url":"https:\/\/realoptions.net\/es\/sanidad-reproductiva\/salud-de-la-mujer\/ecografia\/","og_site_name":"RealOptions Obria Medical Clinic","article_publisher":"https:\/\/www.facebook.com\/realoptions.centralsanjose\/","article_modified_time":"2026-03-05T09:24:02+00:00","og_image":[{"width":1920,"height":873,"url":"https:\/\/realoptions.clmstaging.com\/wp-content\/uploads\/2025\/12\/shutterstock_153759023-1-e1714502743359.jpg","type":"image\/jpeg"}],"twitter_card":"summary_large_image","twitter_misc":{"Tiempo de lectura":"2 minutos"},"schema":{"@context":"https:\/\/schema.org","@graph":[{"@type":"WebPage","@id":"https:\/\/realoptions.net\/es\/sanidad-reproductiva\/salud-de-la-mujer\/ecografia\/","url":"https:\/\/realoptions.net\/es\/sanidad-reproductiva\/salud-de-la-mujer\/ecografia\/","name":"Ecograf\u00eda Obst\u00e9trica | Salud de la Mujer | CA","isPartOf":{"@id":"https:\/\/realoptions.net\/es\/#website"},"primaryImageOfPage":{"@id":"https:\/\/realoptions.net\/es\/sanidad-reproductiva\/salud-de-la-mujer\/ecografia\/#primaryimage"},"image":{"@id":"https:\/\/realoptions.net\/es\/sanidad-reproductiva\/salud-de-la-mujer\/ecografia\/#primaryimage"},"thumbnailUrl":"https:\/\/realoptions.net\/wp-content\/uploads\/2025\/12\/shutterstock_153759023-1-e1714502743359.jpg","datePublished":"2024-04-24T19:02:28+00:00","dateModified":"2026-03-05T09:24:02+00:00","description":"RealOptions Obria Medical Clinic offers no-cost pregnancy services. Read more about Ecograf\u00eda para mujeres in this page. Contact us","breadcrumb":{"@id":"https:\/\/realoptions.net\/es\/sanidad-reproductiva\/salud-de-la-mujer\/ecografia\/#breadcrumb"},"inLanguage":"es","potentialAction":[{"@type":"ReadAction","target":["https:\/\/realoptions.net\/es\/sanidad-reproductiva\/salud-de-la-mujer\/ecografia\/"]}]},{"@type":"ImageObject","inLanguage":"es","@id":"https:\/\/realoptions.net\/es\/sanidad-reproductiva\/salud-de-la-mujer\/ecografia\/#primaryimage","url":"https:\/\/realoptions.net\/wp-content\/uploads\/2025\/12\/shutterstock_153759023-1-e1714502743359.jpg","contentUrl":"https:\/\/realoptions.net\/wp-content\/uploads\/2025\/12\/shutterstock_153759023-1-e1714502743359.jpg","width":1920,"height":873},{"@type":"BreadcrumbList","@id":"https:\/\/realoptions.net\/es\/sanidad-reproductiva\/salud-de-la-mujer\/ecografia\/#breadcrumb","itemListElement":[{"@type":"ListItem","position":1,"name":"Home","item":"https:\/\/realoptions.net\/es\/"},{"@type":"ListItem","position":2,"name":"Sanidad Reproductiva","item":"https:\/\/realoptions.clmstaging.com\/reproductive-healthcare\/"},{"@type":"ListItem","position":3,"name":"Salud de la mujer","item":"https:\/\/realoptions.clmstaging.com\/reproductive-healthcare\/womens-health\/"},{"@type":"ListItem","position":4,"name":"Ecograf\u00eda para mujeres"}]},{"@type":"WebSite","@id":"https:\/\/realoptions.net\/es\/#website","url":"https:\/\/realoptions.net\/es\/","name":"RealOptions Obria Medical Clinic","description":"","publisher":{"@id":"https:\/\/realoptions.net\/es\/#organization"},"potentialAction":[{"@type":"SearchAction","target":{"@type":"EntryPoint","urlTemplate":"https:\/\/realoptions.net\/es\/?s={search_term_string}"},"query-input":{"@type":"PropertyValueSpecification","valueRequired":true,"valueName":"search_term_string"}}],"inLanguage":"es"},{"@type":"Organization","@id":"https:\/\/realoptions.net\/es\/#organization","name":"Real Options Obria Medical Clinics","url":"https:\/\/realoptions.net\/es\/","logo":{"@type":"ImageObject","inLanguage":"es","@id":"https:\/\/realoptions.net\/es\/#\/schema\/logo\/image\/","url":"https:\/\/realoptions.net\/wp-content\/uploads\/2022\/04\/branding.webp","contentUrl":"https:\/\/realoptions.net\/wp-content\/uploads\/2022\/04\/branding.webp","width":450,"height":155,"caption":"Real Options Obria Medical Clinics"},"image":{"@id":"https:\/\/realoptions.net\/es\/#\/schema\/logo\/image\/"},"sameAs":["https:\/\/www.facebook.com\/realoptions.centralsanjose\/"]}]}},"_links":{"self":[{"href":"https:\/\/realoptions.net\/es\/wp-json\/wp\/v2\/pages\/12022","targetHints":{"allow":["GET"]}}],"collection":[{"href":"https:\/\/realoptions.net\/es\/wp-json\/wp\/v2\/pages"}],"about":[{"href":"https:\/\/realoptions.net\/es\/wp-json\/wp\/v2\/types\/page"}],"author":[{"embeddable":true,"href":"https:\/\/realoptions.net\/es\/wp-json\/wp\/v2\/users\/10"}],"replies":[{"embeddable":true,"href":"https:\/\/realoptions.net\/es\/wp-json\/wp\/v2\/comments?post=12022"}],"version-history":[{"count":6,"href":"https:\/\/realoptions.net\/es\/wp-json\/wp\/v2\/pages\/12022\/revisions"}],"predecessor-version":[{"id":14981,"href":"https:\/\/realoptions.net\/es\/wp-json\/wp\/v2\/pages\/12022\/revisions\/14981"}],"up":[{"embeddable":true,"href":"https:\/\/realoptions.net\/es\/wp-json\/wp\/v2\/pages\/11903"}],"wp:featuredmedia":[{"embeddable":true,"href":"https:\/\/realoptions.net\/es\/wp-json\/wp\/v2\/media\/14473"}],"wp:attachment":[{"href":"https:\/\/realoptions.net\/es\/wp-json\/wp\/v2\/media?parent=12022"}],"curies":[{"name":"wp","href":"https:\/\/api.w.org\/{rel}","templated":true}]}}