{"id":12021,"date":"2024-04-02T10:29:21","date_gmt":"2024-04-02T17:29:21","guid":{"rendered":"https:\/\/realoptions.net\/perdida-reproductiva\/recursos\/"},"modified":"2026-03-03T01:44:04","modified_gmt":"2026-03-03T09:44:04","slug":"recursos","status":"publish","type":"page","link":"https:\/\/realoptions.net\/es\/perdida-reproductiva\/recursos\/","title":{"rendered":"Recursos"},"content":{"rendered":"<h2>T\u00edtulo IX de las Enmiendas Educativas de 1972<\/h2>\n<p>El T\u00edtulo IX de las Enmiendas Educativas de 1972 (&#8220;T\u00edtulo IX&#8221;), 20 U.S.C. \u00a71681 <i>y ss.,<\/i> es una ley federal de derechos civiles que proh\u00edbe la discriminaci\u00f3n por raz\u00f3n de sexo -incluidos el embarazo y la paternidad- en los programas y actividades educativos.<\/p>\n<p>Todas las escuelas p\u00fablicas y privadas, distritos escolares, facultades y universidades que reciban fondos federales (&#8220;escuelas&#8221;) deben cumplir el T\u00edtulo IX.<\/p>\n<p>Informaci\u00f3n sobre el T\u00edtulo IX del Departamento de Educaci\u00f3n de EE.UU.: <a href=\"https:\/\/www.ed.gov\/laws-and-policy\/civil-rights-laws\/sex-discrimination\/know-your-rights-pregnant-or-parenting-title-ix-protects-you-from-discrimination-at-school\" target=\"_blank\" rel=\"noopener nofollow external noreferrer\" data-wpel-link=\"external\">https:\/\/www2.ed.gov\/about\/offices\/list\/ocr\/docs\/dcl-know-rights-201306-title-ix.html<\/a><\/p>\n<p>Tu centro de estudios tiene una oficina y un funcionario del T\u00edtulo IX que se encargan de ayudar a las estudiantes embarazadas y con hijos a acceder a los recursos y adaptaciones que necesitan para equilibrar las responsabilidades de la paternidad con los retos de la vida estudiantil. Si no est\u00e1s seguro de c\u00f3mo ponerte en contacto con ellos, env\u00eda un correo electr\u00f3nico o llama al Director de Difusi\u00f3n del Campus de RealOptions al (408) 229-9836 Ext. 1007 o <a href=\"mailto:cco@realoptions.net\">cco@realoptions.net<\/a> para que te ayuden.<\/p>\n<h2>Directorios de recursos<\/h2>\n<p>Si eres estudiante y no ves tu campus en la lista, a\u00fan podemos ayudarte a encontrar los recursos que necesitas. Para m\u00e1s informaci\u00f3n, ponte en contacto con el Director de Relaciones con el Campus de RealOptions en el (408) 229-9836 Ext. 1007 o en <a href=\"mailto:cco@realoptions.net\">cco@realoptions.net<\/a>.<\/p>\n<p><a class=\"btn\" href=\"https:\/\/realoptions.net\/wp-content\/uploads\/2020\/04\/CPST-Resource-Guide_R3_WEB-1.pdf\" target=\"_blank\" rel=\"noopener nofollow external noreferrer\" data-wpel-link=\"external\">DIRECTORIO DE RECURSOS DEL CAMPUS DE LA SJSU<\/a><\/p>\n<p><a class=\"btn\" href=\"https:\/\/realoptions.net\/wp-content\/uploads\/2020\/04\/RO-General-Resource-Directory_R2.pdf\" target=\"_blank\" rel=\"noopener nofollow external noreferrer\" data-wpel-link=\"external\">DIRECTORIO GENERAL DE RECURSOS<\/a><\/p>\n","protected":false},"excerpt":{"rendered":"<p>\u00bfEres estudiante y est\u00e1s embarazada o eres madre? Tienes m\u00e1s derechos de los que crees.  <\/p>\n","protected":false},"author":10,"featured_media":0,"parent":11916,"menu_order":3,"comment_status":"closed","ping_status":"closed","template":"","meta":{"_acf_changed":false,"footnotes":"","_links_to":"","_links_to_target":""},"class_list":["post-12021","page","type-page","status-publish","hentry"],"acf":[],"yoast_head":"<!-- This site is optimized with the Yoast SEO plugin v27.4 - https:\/\/yoast.com\/product\/yoast-seo-wordpress\/ -->\n<title>Recursos | RealOptions Obria Medical Clinic | San Jose, CA<\/title>\n<meta name=\"description\" content=\"RealOptions Obria Medical Clinic offers no-cost pregnancy services. Read more about Recursos in this page. Contact us\" \/>\n<meta name=\"robots\" content=\"index, follow, max-snippet:-1, max-image-preview:large, max-video-preview:-1\" \/>\n<link rel=\"canonical\" href=\"https:\/\/realoptions.net\/es\/perdida-reproductiva\/recursos\/\" \/>\n<meta property=\"og:locale\" content=\"es_ES\" \/>\n<meta property=\"og:type\" content=\"article\" \/>\n<meta property=\"og:title\" content=\"Recursos | RealOptions Obria Medical Clinic | San Jose, CA\" \/>\n<meta property=\"og:description\" content=\"RealOptions Obria Medical Clinic offers no-cost pregnancy services. Read more about Recursos in this page. Contact us\" \/>\n<meta property=\"og:url\" content=\"https:\/\/realoptions.net\/es\/perdida-reproductiva\/recursos\/\" \/>\n<meta property=\"og:site_name\" content=\"RealOptions Obria Medical Clinic\" \/>\n<meta property=\"article:publisher\" content=\"https:\/\/www.facebook.com\/realoptions.centralsanjose\/\" \/>\n<meta property=\"article:modified_time\" content=\"2026-03-03T09:44:04+00:00\" \/>\n<meta name=\"twitter:card\" content=\"summary_large_image\" \/>\n<meta name=\"twitter:label1\" content=\"Tiempo de lectura\" \/>\n\t<meta name=\"twitter:data1\" content=\"1 minuto\" \/>\n<!-- \/ Yoast SEO plugin. -->","yoast_head_json":{"title":"Recursos | RealOptions Obria Medical Clinic | San Jose, CA","description":"RealOptions Obria Medical Clinic offers no-cost pregnancy services. Read more about Recursos in this page. Contact us","robots":{"index":"index","follow":"follow","max-snippet":"max-snippet:-1","max-image-preview":"max-image-preview:large","max-video-preview":"max-video-preview:-1"},"canonical":"https:\/\/realoptions.net\/es\/perdida-reproductiva\/recursos\/","og_locale":"es_ES","og_type":"article","og_title":"Recursos | RealOptions Obria Medical Clinic | San Jose, CA","og_description":"RealOptions Obria Medical Clinic offers no-cost pregnancy services. Read more about Recursos in this page. Contact us","og_url":"https:\/\/realoptions.net\/es\/perdida-reproductiva\/recursos\/","og_site_name":"RealOptions Obria Medical Clinic","article_publisher":"https:\/\/www.facebook.com\/realoptions.centralsanjose\/","article_modified_time":"2026-03-03T09:44:04+00:00","twitter_card":"summary_large_image","twitter_misc":{"Tiempo de lectura":"1 minuto"},"schema":{"@context":"https:\/\/schema.org","@graph":[{"@type":"WebPage","@id":"https:\/\/realoptions.net\/es\/perdida-reproductiva\/recursos\/","url":"https:\/\/realoptions.net\/es\/perdida-reproductiva\/recursos\/","name":"Recursos | RealOptions Obria Medical Clinic | San Jose, CA","isPartOf":{"@id":"https:\/\/realoptions.net\/es\/#website"},"datePublished":"2024-04-02T17:29:21+00:00","dateModified":"2026-03-03T09:44:04+00:00","description":"RealOptions Obria Medical Clinic offers no-cost pregnancy services. Read more about Recursos in this page. Contact us","breadcrumb":{"@id":"https:\/\/realoptions.net\/es\/perdida-reproductiva\/recursos\/#breadcrumb"},"inLanguage":"es","potentialAction":[{"@type":"ReadAction","target":["https:\/\/realoptions.net\/es\/perdida-reproductiva\/recursos\/"]}]},{"@type":"BreadcrumbList","@id":"https:\/\/realoptions.net\/es\/perdida-reproductiva\/recursos\/#breadcrumb","itemListElement":[{"@type":"ListItem","position":1,"name":"Home","item":"https:\/\/realoptions.net\/es\/"},{"@type":"ListItem","position":2,"name":"P\u00e9rdida reproductiva","item":"https:\/\/realoptions.clmstaging.com\/hope\/"},{"@type":"ListItem","position":3,"name":"Recursos"}]},{"@type":"WebSite","@id":"https:\/\/realoptions.net\/es\/#website","url":"https:\/\/realoptions.net\/es\/","name":"RealOptions Obria Medical Clinic","description":"","publisher":{"@id":"https:\/\/realoptions.net\/es\/#organization"},"potentialAction":[{"@type":"SearchAction","target":{"@type":"EntryPoint","urlTemplate":"https:\/\/realoptions.net\/es\/?s={search_term_string}"},"query-input":{"@type":"PropertyValueSpecification","valueRequired":true,"valueName":"search_term_string"}}],"inLanguage":"es"},{"@type":"Organization","@id":"https:\/\/realoptions.net\/es\/#organization","name":"Real Options Obria Medical Clinics","url":"https:\/\/realoptions.net\/es\/","logo":{"@type":"ImageObject","inLanguage":"es","@id":"https:\/\/realoptions.net\/es\/#\/schema\/logo\/image\/","url":"https:\/\/realoptions.net\/wp-content\/uploads\/2022\/04\/branding.webp","contentUrl":"https:\/\/realoptions.net\/wp-content\/uploads\/2022\/04\/branding.webp","width":450,"height":155,"caption":"Real Options Obria Medical Clinics"},"image":{"@id":"https:\/\/realoptions.net\/es\/#\/schema\/logo\/image\/"},"sameAs":["https:\/\/www.facebook.com\/realoptions.centralsanjose\/"]}]}},"_links":{"self":[{"href":"https:\/\/realoptions.net\/es\/wp-json\/wp\/v2\/pages\/12021","targetHints":{"allow":["GET"]}}],"collection":[{"href":"https:\/\/realoptions.net\/es\/wp-json\/wp\/v2\/pages"}],"about":[{"href":"https:\/\/realoptions.net\/es\/wp-json\/wp\/v2\/types\/page"}],"author":[{"embeddable":true,"href":"https:\/\/realoptions.net\/es\/wp-json\/wp\/v2\/users\/10"}],"replies":[{"embeddable":true,"href":"https:\/\/realoptions.net\/es\/wp-json\/wp\/v2\/comments?post=12021"}],"version-history":[{"count":4,"href":"https:\/\/realoptions.net\/es\/wp-json\/wp\/v2\/pages\/12021\/revisions"}],"predecessor-version":[{"id":14950,"href":"https:\/\/realoptions.net\/es\/wp-json\/wp\/v2\/pages\/12021\/revisions\/14950"}],"up":[{"embeddable":true,"href":"https:\/\/realoptions.net\/es\/wp-json\/wp\/v2\/pages\/11916"}],"wp:attachment":[{"href":"https:\/\/realoptions.net\/es\/wp-json\/wp\/v2\/media?parent=12021"}],"curies":[{"name":"wp","href":"https:\/\/api.w.org\/{rel}","templated":true}]}}