{"id":12017,"date":"2023-09-15T07:59:50","date_gmt":"2023-09-15T14:59:50","guid":{"rendered":"https:\/\/realoptions.net\/sanidad-reproductiva\/salud-masculina\/coaching-para-una-salud-optima\/"},"modified":"2026-03-03T02:10:56","modified_gmt":"2026-03-03T10:10:56","slug":"coaching-para-una-salud-optima","status":"publish","type":"page","link":"https:\/\/realoptions.net\/es\/sanidad-reproductiva\/salud-masculina\/coaching-para-una-salud-optima\/","title":{"rendered":"Coaching para una salud \u00f3ptima para hombres"},"content":{"rendered":"<p><span style=\"font-weight: 400;\">Como cl\u00ednica de atenci\u00f3n sanitaria integral, RealOptions entiende que tu salud f\u00edsica y sexual es s\u00f3lo un componente de tu vida. Por eso nos dedicamos a prestar servicios con una visi\u00f3n hol\u00edstica caracterizada por el tratamiento de la persona en su totalidad. Tenemos en cuenta los factores sociales y mentales, no s\u00f3lo los s\u00edntomas f\u00edsicos. <\/span><a href=\"https:\/\/www.thewellnessconnection.com\/optimal-health-manifesto\/\" target=\"_blank\" rel=\"noopener nofollow external noreferrer\" data-wpel-link=\"external\"><br \/>\n<span style=\"font-weight: 400;\">Las investigaciones demuestran<\/span><br \/>\n<\/a><span style=\"font-weight: 400;\"> que las personas sanas tienen relaciones sanas.<\/span><\/p>\n<h2>Te mereces vivir tu vida al m\u00e1ximo: feliz, sana y plena.<\/h2>\n<p><span style=\"font-weight: 400;\">RealOptions cuenta con entrenadores certificados en salud \u00f3ptima y con un programa m\u00e9dicamente preciso, adecuado a la edad e informado sobre traumas. <\/span><\/p>\n<p><span style=\"font-weight: 400;\">\u00bfQu\u00e9 significa &#8220;salud \u00f3ptima&#8221;? <\/span><\/p>\n<p><span style=\"font-weight: 400;\">Salud f\u00edsica, mental, emocional, social y espiritual: tu salud abarca muchos \u00e1mbitos interconectados. La Salud \u00d3ptima aborda estos elementos. <\/span><\/p>\n<p><span style=\"font-weight: 400;\">Cuidados integrales para ti<\/span><span style=\"font-weight: 400;\"> es un principio rector en RealOptions. Nuestro atento equipo de atenci\u00f3n sanitaria se dedica a proporcionar asesoramiento sanitario personalizado para responder a todas las preguntas y preocupaciones que tengas sobre tu salud. Tambi\u00e9n podemos proporcionarte grandes recursos para ayudarte a optimizar tu salud y bienestar. El conocimiento es poder, y disponer de estos recursos puede ayudarte a alcanzar tu m\u00e1ximo potencial. <\/span><\/p>\n<h2>\u00bfQu\u00e9 explora nuestro programa de Coaching para una Salud \u00d3ptima?<\/h2>\n<p><span style=\"font-weight: 400;\">RealOptions Obria Medical Clinics es un lugar seguro para hacer preguntas, aprender, crecer y encontrar las respuestas que buscas. \u00a1Ninguna pregunta est\u00e1 prohibida! Somos una zona libre de juicios. <\/span><\/p>\n<p><span style=\"font-weight: 400;\">Nuestras sesiones de Coaching para una Salud \u00d3ptima tratar\u00e1n temas como el autodescubrimiento, los objetivos vitales, la pasi\u00f3n y el prop\u00f3sito, y el establecimiento de relaciones sanas. <\/span><\/p>\n<h4><span style=\"font-weight: 400;\">Ofrecemos sesiones de coaching sobre los siguientes temas: <\/span><\/h4>\n<ul>\n<li style=\"font-weight: 400;\" aria-level=\"1\"><span style=\"font-weight: 400;\">Habilidades de comunicaci\u00f3n eficaces <\/span><\/li>\n<li style=\"font-weight: 400;\" aria-level=\"1\"><span style=\"font-weight: 400;\">Formas sanas de resolver los conflictos <\/span><\/li>\n<li style=\"font-weight: 400;\" aria-level=\"1\"><span style=\"font-weight: 400;\">Formas de tomar decisiones sanas e intencionadas <\/span><\/li>\n<li style=\"font-weight: 400;\" aria-level=\"1\"><span style=\"font-weight: 400;\">Planificar tu futuro y crear una visi\u00f3n para tu vida <\/span><\/li>\n<li style=\"font-weight: 400;\" aria-level=\"1\"><span style=\"font-weight: 400;\">Liderazgo y preparaci\u00f3n laboral <\/span><\/li>\n<\/ul>\n<h2>Las Sesiones de Coaching para una Salud \u00d3ptima son sensibles al Trauma e Informadas <\/h2>\n<p><span style=\"font-weight: 400;\">Nuestro enfoque basado en el trauma pretende facilitar la curaci\u00f3n y cultivar un entorno confidencial, en el que te sientas respetada y capacitada, y que sea sensible a tus necesidades f\u00edsicas y emocionales. <\/span><\/p>\n<p><span style=\"font-weight: 400;\">El Coaching para una Salud \u00d3ptima no sustituye a los servicios de salud mental, sino que, como aliado, te acompa\u00f1aremos en tu camino hacia la recuperaci\u00f3n y te ayudaremos a superar los obst\u00e1culos que puede dejar vivir con un trauma. Podemos ayudar a encontrar recursos y derivaciones para obtener m\u00e1s ayuda seg\u00fan sea necesario. Estamos a tu disposici\u00f3n. \u00a1Pide cita hoy mismo! <\/span><\/p>\n<p><span style=\"font-weight: 400;\">Nuestro programa de Coaching para una Salud \u00d3ptima va al encuentro de cada persona all\u00ed donde se encuentre y le capacita para construir una vida de elecciones m\u00e1s saludables y mejores resultados.<\/span><span style=\"font-weight: 400;\">.<\/span><\/p>\n","protected":false},"excerpt":{"rendered":"<p>Como cl\u00ednica de atenci\u00f3n sanitaria integral, RealOptions entiende que tu salud f\u00edsica y sexual es s\u00f3lo un componente de tu vida. Por eso nos dedicamos a prestar servicios con una visi\u00f3n hol\u00edstica caracterizada por el tratamiento de la persona en su totalidad.<\/p>\n","protected":false},"author":11,"featured_media":14288,"parent":11902,"menu_order":2,"comment_status":"closed","ping_status":"closed","template":"","meta":{"_acf_changed":false,"footnotes":"","_links_to":"","_links_to_target":""},"class_list":["post-12017","page","type-page","status-publish","has-post-thumbnail","hentry"],"acf":[],"yoast_head":"<!-- This site is optimized with the Yoast SEO plugin v27.4 - https:\/\/yoast.com\/product\/yoast-seo-wordpress\/ -->\n<title>Coaching para una salud \u00f3ptima para hombres | California<\/title>\n<meta name=\"description\" content=\"RealOptions Obria Medical Clinic offers no-cost pregnancy services. Read more about Coaching para una salud \u00f3ptima para hombres in this page. Contact us\" \/>\n<meta name=\"robots\" content=\"index, follow, max-snippet:-1, max-image-preview:large, max-video-preview:-1\" \/>\n<link rel=\"canonical\" href=\"https:\/\/realoptions.net\/es\/sanidad-reproductiva\/salud-masculina\/coaching-para-una-salud-optima\/\" \/>\n<meta property=\"og:locale\" content=\"es_ES\" \/>\n<meta property=\"og:type\" content=\"article\" \/>\n<meta property=\"og:title\" content=\"Coaching para una salud \u00f3ptima para hombres | California\" \/>\n<meta property=\"og:description\" content=\"RealOptions Obria Medical Clinic offers no-cost pregnancy services. Read more about Coaching para una salud \u00f3ptima para hombres in this page. Contact us\" \/>\n<meta property=\"og:url\" content=\"https:\/\/realoptions.net\/es\/sanidad-reproductiva\/salud-masculina\/coaching-para-una-salud-optima\/\" \/>\n<meta property=\"og:site_name\" content=\"RealOptions Obria Medical Clinic\" \/>\n<meta property=\"article:publisher\" content=\"https:\/\/www.facebook.com\/realoptions.centralsanjose\/\" \/>\n<meta property=\"article:modified_time\" content=\"2026-03-03T10:10:56+00:00\" \/>\n<meta property=\"og:image\" content=\"https:\/\/realoptions.net\/wp-content\/uploads\/2025\/12\/Optimal-Health-Coaching-Banner.jpg\" \/>\n\t<meta property=\"og:image:width\" content=\"1920\" \/>\n\t<meta property=\"og:image:height\" content=\"698\" \/>\n\t<meta property=\"og:image:type\" content=\"image\/jpeg\" \/>\n<meta name=\"twitter:card\" content=\"summary_large_image\" \/>\n<meta name=\"twitter:label1\" content=\"Tiempo de lectura\" \/>\n\t<meta name=\"twitter:data1\" content=\"3 minutos\" \/>\n<!-- \/ Yoast SEO plugin. -->","yoast_head_json":{"title":"Coaching para una salud \u00f3ptima para hombres | California","description":"RealOptions Obria Medical Clinic offers no-cost pregnancy services. Read more about Coaching para una salud \u00f3ptima para hombres in this page. Contact us","robots":{"index":"index","follow":"follow","max-snippet":"max-snippet:-1","max-image-preview":"max-image-preview:large","max-video-preview":"max-video-preview:-1"},"canonical":"https:\/\/realoptions.net\/es\/sanidad-reproductiva\/salud-masculina\/coaching-para-una-salud-optima\/","og_locale":"es_ES","og_type":"article","og_title":"Coaching para una salud \u00f3ptima para hombres | California","og_description":"RealOptions Obria Medical Clinic offers no-cost pregnancy services. Read more about Coaching para una salud \u00f3ptima para hombres in this page. Contact us","og_url":"https:\/\/realoptions.net\/es\/sanidad-reproductiva\/salud-masculina\/coaching-para-una-salud-optima\/","og_site_name":"RealOptions Obria Medical Clinic","article_publisher":"https:\/\/www.facebook.com\/realoptions.centralsanjose\/","article_modified_time":"2026-03-03T10:10:56+00:00","og_image":[{"width":1920,"height":698,"url":"https:\/\/realoptions.net\/wp-content\/uploads\/2025\/12\/Optimal-Health-Coaching-Banner.jpg","type":"image\/jpeg"}],"twitter_card":"summary_large_image","twitter_misc":{"Tiempo de lectura":"3 minutos"},"schema":{"@context":"https:\/\/schema.org","@graph":[{"@type":"WebPage","@id":"https:\/\/realoptions.net\/es\/sanidad-reproductiva\/salud-masculina\/coaching-para-una-salud-optima\/","url":"https:\/\/realoptions.net\/es\/sanidad-reproductiva\/salud-masculina\/coaching-para-una-salud-optima\/","name":"Coaching para una salud \u00f3ptima para hombres | California","isPartOf":{"@id":"https:\/\/realoptions.net\/es\/#website"},"primaryImageOfPage":{"@id":"https:\/\/realoptions.net\/es\/sanidad-reproductiva\/salud-masculina\/coaching-para-una-salud-optima\/#primaryimage"},"image":{"@id":"https:\/\/realoptions.net\/es\/sanidad-reproductiva\/salud-masculina\/coaching-para-una-salud-optima\/#primaryimage"},"thumbnailUrl":"https:\/\/realoptions.net\/wp-content\/uploads\/2025\/12\/Optimal-Health-Coaching-Banner.jpg","datePublished":"2023-09-15T14:59:50+00:00","dateModified":"2026-03-03T10:10:56+00:00","description":"RealOptions Obria Medical Clinic offers no-cost pregnancy services. Read more about Coaching para una salud \u00f3ptima para hombres in this page. Contact us","breadcrumb":{"@id":"https:\/\/realoptions.net\/es\/sanidad-reproductiva\/salud-masculina\/coaching-para-una-salud-optima\/#breadcrumb"},"inLanguage":"es","potentialAction":[{"@type":"ReadAction","target":["https:\/\/realoptions.net\/es\/sanidad-reproductiva\/salud-masculina\/coaching-para-una-salud-optima\/"]}]},{"@type":"ImageObject","inLanguage":"es","@id":"https:\/\/realoptions.net\/es\/sanidad-reproductiva\/salud-masculina\/coaching-para-una-salud-optima\/#primaryimage","url":"https:\/\/realoptions.net\/wp-content\/uploads\/2025\/12\/Optimal-Health-Coaching-Banner.jpg","contentUrl":"https:\/\/realoptions.net\/wp-content\/uploads\/2025\/12\/Optimal-Health-Coaching-Banner.jpg","width":1920,"height":698,"caption":"Optimal Health Coaching Banner"},{"@type":"BreadcrumbList","@id":"https:\/\/realoptions.net\/es\/sanidad-reproductiva\/salud-masculina\/coaching-para-una-salud-optima\/#breadcrumb","itemListElement":[{"@type":"ListItem","position":1,"name":"Home","item":"https:\/\/realoptions.net\/es\/"},{"@type":"ListItem","position":2,"name":"Sanidad Reproductiva","item":"https:\/\/realoptions.net\/es\/sanidad-reproductiva\/"},{"@type":"ListItem","position":3,"name":"Salud masculina","item":"https:\/\/realoptions.net\/es\/sanidad-reproductiva\/salud-masculina\/"},{"@type":"ListItem","position":4,"name":"Coaching para una salud \u00f3ptima para hombres"}]},{"@type":"WebSite","@id":"https:\/\/realoptions.net\/es\/#website","url":"https:\/\/realoptions.net\/es\/","name":"RealOptions Obria Medical Clinic","description":"","publisher":{"@id":"https:\/\/realoptions.net\/es\/#organization"},"potentialAction":[{"@type":"SearchAction","target":{"@type":"EntryPoint","urlTemplate":"https:\/\/realoptions.net\/es\/?s={search_term_string}"},"query-input":{"@type":"PropertyValueSpecification","valueRequired":true,"valueName":"search_term_string"}}],"inLanguage":"es"},{"@type":"Organization","@id":"https:\/\/realoptions.net\/es\/#organization","name":"Real Options Obria Medical Clinics","url":"https:\/\/realoptions.net\/es\/","logo":{"@type":"ImageObject","inLanguage":"es","@id":"https:\/\/realoptions.net\/es\/#\/schema\/logo\/image\/","url":"https:\/\/realoptions.net\/wp-content\/uploads\/2022\/04\/branding.webp","contentUrl":"https:\/\/realoptions.net\/wp-content\/uploads\/2022\/04\/branding.webp","width":450,"height":155,"caption":"Real Options Obria Medical Clinics"},"image":{"@id":"https:\/\/realoptions.net\/es\/#\/schema\/logo\/image\/"},"sameAs":["https:\/\/www.facebook.com\/realoptions.centralsanjose\/"]}]}},"_links":{"self":[{"href":"https:\/\/realoptions.net\/es\/wp-json\/wp\/v2\/pages\/12017","targetHints":{"allow":["GET"]}}],"collection":[{"href":"https:\/\/realoptions.net\/es\/wp-json\/wp\/v2\/pages"}],"about":[{"href":"https:\/\/realoptions.net\/es\/wp-json\/wp\/v2\/types\/page"}],"author":[{"embeddable":true,"href":"https:\/\/realoptions.net\/es\/wp-json\/wp\/v2\/users\/11"}],"replies":[{"embeddable":true,"href":"https:\/\/realoptions.net\/es\/wp-json\/wp\/v2\/comments?post=12017"}],"version-history":[{"count":5,"href":"https:\/\/realoptions.net\/es\/wp-json\/wp\/v2\/pages\/12017\/revisions"}],"predecessor-version":[{"id":14967,"href":"https:\/\/realoptions.net\/es\/wp-json\/wp\/v2\/pages\/12017\/revisions\/14967"}],"up":[{"embeddable":true,"href":"https:\/\/realoptions.net\/es\/wp-json\/wp\/v2\/pages\/11902"}],"wp:featuredmedia":[{"embeddable":true,"href":"https:\/\/realoptions.net\/es\/wp-json\/wp\/v2\/media\/14288"}],"wp:attachment":[{"href":"https:\/\/realoptions.net\/es\/wp-json\/wp\/v2\/media?parent=12017"}],"curies":[{"name":"wp","href":"https:\/\/api.w.org\/{rel}","templated":true}]}}