{"id":12010,"date":"2022-06-11T00:16:00","date_gmt":"2022-06-11T07:16:00","guid":{"rendered":"https:\/\/realoptions.net\/talleres-de-educacion-para-una-salud-optima\/"},"modified":"2026-03-05T01:17:29","modified_gmt":"2026-03-05T09:17:29","slug":"talleres-de-educacion-para-una-salud-optima","status":"publish","type":"page","link":"https:\/\/realoptions.net\/es\/talleres-de-educacion-para-una-salud-optima\/","title":{"rendered":"Talleres de Educaci\u00f3n para una Salud \u00d3ptima"},"content":{"rendered":"<p><!--vcv no format--><!-- vcwb\/dynamicElementComment:14acaeef --><\/p>\n<div class=\"vce-row-container\">\n<div class=\"vce-row vce-element--has-background vce-row--col-gap-30 vce-row-no-paddings vce-row-equal-height vce-row-content--top\" data-vce-full-width=\"true\" data-vce-stretch-content=\"true\" id=\"el-14acaeef\" data-vce-do-apply=\"all el-14acaeef\">\n<div class=\"vce-content-background-container\">\n<div class=\"vce-asset-background-simple-container vce-visible-all-only vce-asset-background-simple--style-cover vce-asset-background-simple--position-center-center\">\n<div class=\"vce-asset-background-simple\">\n<div class=\"vce-asset-background-simple-item vcv-lozad\" data-background-image=\"|!|vcvUploadUrl|!|\/2022\/02\/EDohp.png\"><\/div>\n<p>              <noscript><\/p>\n<div class=\"vce-asset-background-simple-item\" style=\"background-image: url(|!|vcvUploadUrl|!|\/2022\/02\/EDohp.png)\"><\/div>\n<p>              <\/noscript>\n            <\/div>\n<\/div>\n<\/div>\n<div class=\"vce-row-content\" data-vce-element-content=\"true\"><!-- vcwb\/dynamicElementComment:997ffb80 --><\/p>\n<div class=\"vce-col vce-col--md-auto vce-col--xs-1 vce-col--xs-last vce-col--xs-first vce-col--sm-last vce-col--sm-first vce-col--md-last vce-col--lg-last vce-col--xl-last vce-col--md-first vce-col--lg-first vce-col--xl-first\" id=\"el-997ffb80\">\n<div class=\"vce-col-inner\" data-vce-do-apply=\"border margin background el-997ffb80\">\n<div class=\"vce-content-background-container\"><\/div>\n<div class=\"vce-col-content\" data-vce-element-content=\"true\" data-vce-do-apply=\"padding el-997ffb80\"><\/div>\n<\/div>\n<\/div>\n<p><!-- \/vcwb\/dynamicElementComment:997ffb80 --><\/div>\n<\/div>\n<\/div>\n<p><!-- \/vcwb\/dynamicElementComment:14acaeef --><!-- vcwb\/dynamicElementComment:6f2a8e2c --><\/p>\n<div class=\"vce-row-container\">\n<div class=\"vce-row vce-row--col-gap-5 vce-row-no-paddings vce-row-equal-height vce-row-content--top\" data-vce-full-width=\"true\" data-vce-stretch-content=\"true\" id=\"el-6f2a8e2c\" data-vce-do-apply=\"all el-6f2a8e2c\">\n<div class=\"vce-content-background-container\"><\/div>\n<div class=\"vce-row-content\" data-vce-element-content=\"true\"><!-- vcwb\/dynamicElementComment:1d989808 --><\/p>\n<div class=\"vce-col vce-col--md-auto vce-col--xs-1 vce-col--xs-last vce-col--xs-first vce-col--sm-last vce-col--sm-first vce-col--md-last vce-col--lg-last vce-col--xl-last vce-col--md-first vce-col--lg-first vce-col--xl-first\" id=\"el-1d989808\">\n<div class=\"vce-col-inner\" data-vce-do-apply=\"border margin background el-1d989808\">\n<div class=\"vce-col-content\" data-vce-element-content=\"true\" data-vce-do-apply=\"padding el-1d989808\"><!-- vcwb\/dynamicElementComment:28e6e1c0 --><\/p>\n<div class=\"vce-basic-menu-container\" id=\"el-28e6e1c0\" data-vce-basic-menu=\"true\" data-vce-basic-menu-to-sandwich=\"false\">\n<div class=\"vce-basic-menu-inner vce vce-basic-menu--style-text--color-b-255-255-255 vce-basic-menu--style-sub-menu-text--color-3E3D3D vce-basic-menu--style-sub-menu-background--color-ffffff vce-basic-menu--style-sub-menu-outline--color-EDEDED\" data-vce-do-apply=\"margin padding border background el-28e6e1c0\">\n<div class=\"vce-basic-menu\" style=\"font-size: 14px;\">\n<div class=\"vce-basic-menu-wrapper vce-basic-menu--alignment-center\">[vcv_menu key=&#8221;student-support&#8221;]<\/div>\n<\/div>\n<\/div>\n<\/div>\n<p><!-- \/vcwb\/dynamicElementComment:28e6e1c0 --><\/div>\n<\/div>\n<\/div>\n<p><!-- \/vcwb\/dynamicElementComment:1d989808 --><\/div>\n<\/div>\n<\/div>\n<p><!-- \/vcwb\/dynamicElementComment:6f2a8e2c --><!-- vcwb\/dynamicElementComment:df20f659 --><\/p>\n<div class=\"vce-row-container\">\n<div class=\"vce-row vce-element--has-background vce-row--col-gap-30 vce-row-equal-height vce-row-content--top vcv-state--show-resizer\" data-vce-full-width=\"true\" id=\"el-df20f659\" data-vce-do-apply=\"all el-df20f659\">\n<div class=\"vce-content-background-container\"><\/div>\n<div class=\"vce-row-content\" data-vce-element-content=\"true\"><!-- vcwb\/dynamicElementComment:cac259a5 --><\/p>\n<div class=\"vce-col vce-col--md-auto vce-col--xs-1 vce-col--xs-last vce-col--xs-first vce-col--sm-last vce-col--sm-first vce-col--md-last vce-col--lg-last vce-col--xl-last vce-col--md-first vce-col--lg-first vce-col--xl-first\" id=\"el-cac259a5\">\n<div class=\"vce-col-inner\" data-vce-do-apply=\"border margin background el-cac259a5\">\n<div class=\"vce-content-background-container\"><\/div>\n<div class=\"vce-col-content\" data-vce-element-content=\"true\" data-vce-do-apply=\"padding el-cac259a5\"><!-- vcwb\/dynamicElementComment:9e99fd86 --><\/p>\n<div class=\"vce-text-block\">\n<div class=\"vce-text-block-wrapper vce\" id=\"el-9e99fd86\" data-vce-do-apply=\"all el-9e99fd86\">\n<p><span style=\"font-weight: 400;\">Creemos que la salud va m\u00e1s all\u00e1 del bienestar f\u00edsico y que, en cambio, es un equilibrio hol\u00edstico de bienestar f\u00edsico, emocional, social, espiritual y econ\u00f3mico. Ofrecemos talleres recurrentes a los estudiantes del campus para que aprendan a cuidar mejor de s\u00ed mismos y de sus seres queridos.<\/span><\/p>\n<p><h2>Temas que tratamos:<\/h2>\n<\/p>\n<ul>\n<li style=\"font-weight: 400;\" aria-level=\"1\"><span style=\"font-weight: 400;\">Relaciones sanas<\/span><\/li>\n<li style=\"font-weight: 400;\" aria-level=\"1\"><span style=\"font-weight: 400;\">L\u00edmites<\/span><\/li>\n<li style=\"font-weight: 400;\" aria-level=\"1\"><span style=\"font-weight: 400;\">Conocerse a s\u00ed mismo\/Necesidades<\/span><\/li>\n<li style=\"font-weight: 400;\" aria-level=\"1\"><span style=\"font-weight: 400;\">Gesti\u00f3n del estr\u00e9s&nbsp;<\/span><\/li>\n<li style=\"font-weight: 400;\" aria-level=\"1\"><span style=\"font-weight: 400;\">Salud integral de la persona&nbsp;<\/span><\/li>\n<li style=\"font-weight: 400;\" aria-level=\"1\"><span style=\"font-weight: 400;\">Acoso sexual\/Consentimiento<\/span><\/li>\n<li style=\"font-weight: 400;\" aria-level=\"1\"><span style=\"font-weight: 400;\">ETS<\/span><\/li>\n<li style=\"font-weight: 400;\" aria-level=\"1\"><span style=\"font-weight: 400;\">Embarazo\/Edad fetal\/Control del parto<\/span><\/li>\n<\/ul>\n<p><span style=\"font-weight: 400;\">Para obtener m\u00e1s informaci\u00f3n o programar una sesi\u00f3n en tu campus, ponte en contacto con Director de Extensi\u00f3n Universitaria en <\/span><a href=\"mailto:cco@realoptions.net\"><br \/>\n  <span style=\"font-weight: 400;\">cco@realoptions.net <\/span><br \/>\n<\/a><span style=\"font-weight: 400;\">o llama al (669) 777-5814.<\/span><\/p>\n<\/div>\n<\/div>\n<p><!-- \/vcwb\/dynamicElementComment:9e99fd86 --><\/div>\n<\/div>\n<\/div>\n<p><!-- \/vcwb\/dynamicElementComment:cac259a5 --><\/div>\n<\/div>\n<\/div>\n<p><!-- \/vcwb\/dynamicElementComment:df20f659 --><!--vcv no format--><\/p>\n","protected":false},"excerpt":{"rendered":"<p>[vcv_menu key=&#8221;student-support&#8221;] Creemos que la salud va m\u00e1s all\u00e1 del bienestar f\u00edsico y que, en cambio, es un equilibrio hol\u00edstico de bienestar f\u00edsico, emocional, social, espiritual y econ\u00f3mico. Ofrecemos talleres recurrentes a los estudiantes del<\/p>\n","protected":false},"author":11,"featured_media":0,"parent":0,"menu_order":0,"comment_status":"closed","ping_status":"closed","template":"","meta":{"_acf_changed":false,"footnotes":"","_links_to":"","_links_to_target":""},"class_list":["post-12010","page","type-page","status-publish","hentry"],"acf":[],"yoast_head":"<!-- This site is optimized with the Yoast SEO plugin v27.3 - https:\/\/yoast.com\/product\/yoast-seo-wordpress\/ -->\n<title>Education for Optimal Health Workshops | RealOptions<\/title>\n<meta name=\"description\" content=\"RealOptions ofrece talleres recurrentes a los estudiantes del campus para que aprendan a cuidar mejor de s\u00ed mismos y de sus seres queridos.\" \/>\n<meta name=\"robots\" content=\"index, follow, max-snippet:-1, max-image-preview:large, max-video-preview:-1\" \/>\n<link rel=\"canonical\" href=\"https:\/\/realoptions.net\/es\/talleres-de-educacion-para-una-salud-optima\/\" \/>\n<meta property=\"og:locale\" content=\"es_ES\" \/>\n<meta property=\"og:type\" content=\"article\" \/>\n<meta property=\"og:title\" content=\"Education for Optimal Health Workshops | RealOptions\" \/>\n<meta property=\"og:description\" content=\"RealOptions ofrece talleres recurrentes a los estudiantes del campus para que aprendan a cuidar mejor de s\u00ed mismos y de sus seres queridos.\" \/>\n<meta property=\"og:url\" content=\"https:\/\/realoptions.net\/es\/talleres-de-educacion-para-una-salud-optima\/\" \/>\n<meta property=\"og:site_name\" content=\"RealOptions Obria Medical Clinic\" \/>\n<meta property=\"article:publisher\" content=\"https:\/\/www.facebook.com\/realoptions.centralsanjose\/\" \/>\n<meta property=\"article:modified_time\" content=\"2026-03-05T09:17:29+00:00\" \/>\n<meta name=\"twitter:card\" content=\"summary_large_image\" \/>\n<meta name=\"twitter:label1\" content=\"Tiempo de lectura\" \/>\n\t<meta name=\"twitter:data1\" content=\"1 minuto\" \/>\n<!-- \/ Yoast SEO plugin. -->","yoast_head_json":{"title":"Education for Optimal Health Workshops | RealOptions","description":"RealOptions ofrece talleres recurrentes a los estudiantes del campus para que aprendan a cuidar mejor de s\u00ed mismos y de sus seres queridos.","robots":{"index":"index","follow":"follow","max-snippet":"max-snippet:-1","max-image-preview":"max-image-preview:large","max-video-preview":"max-video-preview:-1"},"canonical":"https:\/\/realoptions.net\/es\/talleres-de-educacion-para-una-salud-optima\/","og_locale":"es_ES","og_type":"article","og_title":"Education for Optimal Health Workshops | RealOptions","og_description":"RealOptions ofrece talleres recurrentes a los estudiantes del campus para que aprendan a cuidar mejor de s\u00ed mismos y de sus seres queridos.","og_url":"https:\/\/realoptions.net\/es\/talleres-de-educacion-para-una-salud-optima\/","og_site_name":"RealOptions Obria Medical Clinic","article_publisher":"https:\/\/www.facebook.com\/realoptions.centralsanjose\/","article_modified_time":"2026-03-05T09:17:29+00:00","twitter_card":"summary_large_image","twitter_misc":{"Tiempo de lectura":"1 minuto"},"schema":{"@context":"https:\/\/schema.org","@graph":[{"@type":"WebPage","@id":"https:\/\/realoptions.net\/es\/talleres-de-educacion-para-una-salud-optima\/","url":"https:\/\/realoptions.net\/es\/talleres-de-educacion-para-una-salud-optima\/","name":"Education for Optimal Health Workshops | RealOptions","isPartOf":{"@id":"https:\/\/realoptions.net\/es\/#website"},"datePublished":"2022-06-11T07:16:00+00:00","dateModified":"2026-03-05T09:17:29+00:00","description":"RealOptions ofrece talleres recurrentes a los estudiantes del campus para que aprendan a cuidar mejor de s\u00ed mismos y de sus seres queridos.","breadcrumb":{"@id":"https:\/\/realoptions.net\/es\/talleres-de-educacion-para-una-salud-optima\/#breadcrumb"},"inLanguage":"es","potentialAction":[{"@type":"ReadAction","target":["https:\/\/realoptions.net\/es\/talleres-de-educacion-para-una-salud-optima\/"]}]},{"@type":"BreadcrumbList","@id":"https:\/\/realoptions.net\/es\/talleres-de-educacion-para-una-salud-optima\/#breadcrumb","itemListElement":[{"@type":"ListItem","position":1,"name":"Home","item":"https:\/\/realoptions.net\/es\/"},{"@type":"ListItem","position":2,"name":"Talleres de Educaci\u00f3n para una Salud \u00d3ptima"}]},{"@type":"WebSite","@id":"https:\/\/realoptions.net\/es\/#website","url":"https:\/\/realoptions.net\/es\/","name":"RealOptions Obria Medical Clinic","description":"","publisher":{"@id":"https:\/\/realoptions.net\/es\/#organization"},"potentialAction":[{"@type":"SearchAction","target":{"@type":"EntryPoint","urlTemplate":"https:\/\/realoptions.net\/es\/?s={search_term_string}"},"query-input":{"@type":"PropertyValueSpecification","valueRequired":true,"valueName":"search_term_string"}}],"inLanguage":"es"},{"@type":"Organization","@id":"https:\/\/realoptions.net\/es\/#organization","name":"Real Options Obria Medical Clinics","url":"https:\/\/realoptions.net\/es\/","logo":{"@type":"ImageObject","inLanguage":"es","@id":"https:\/\/realoptions.net\/es\/#\/schema\/logo\/image\/","url":"https:\/\/realoptions.net\/wp-content\/uploads\/2022\/04\/branding.webp","contentUrl":"https:\/\/realoptions.net\/wp-content\/uploads\/2022\/04\/branding.webp","width":450,"height":155,"caption":"Real Options Obria Medical Clinics"},"image":{"@id":"https:\/\/realoptions.net\/es\/#\/schema\/logo\/image\/"},"sameAs":["https:\/\/www.facebook.com\/realoptions.centralsanjose\/"]}]}},"_links":{"self":[{"href":"https:\/\/realoptions.net\/es\/wp-json\/wp\/v2\/pages\/12010","targetHints":{"allow":["GET"]}}],"collection":[{"href":"https:\/\/realoptions.net\/es\/wp-json\/wp\/v2\/pages"}],"about":[{"href":"https:\/\/realoptions.net\/es\/wp-json\/wp\/v2\/types\/page"}],"author":[{"embeddable":true,"href":"https:\/\/realoptions.net\/es\/wp-json\/wp\/v2\/users\/11"}],"replies":[{"embeddable":true,"href":"https:\/\/realoptions.net\/es\/wp-json\/wp\/v2\/comments?post=12010"}],"version-history":[{"count":2,"href":"https:\/\/realoptions.net\/es\/wp-json\/wp\/v2\/pages\/12010\/revisions"}],"predecessor-version":[{"id":14977,"href":"https:\/\/realoptions.net\/es\/wp-json\/wp\/v2\/pages\/12010\/revisions\/14977"}],"wp:attachment":[{"href":"https:\/\/realoptions.net\/es\/wp-json\/wp\/v2\/media?parent=12010"}],"curies":[{"name":"wp","href":"https:\/\/api.w.org\/{rel}","templated":true}]}}