{"id":12008,"date":"2022-06-10T20:21:54","date_gmt":"2022-06-11T03:21:54","guid":{"rendered":"https:\/\/realoptions.net\/embarazo-y-apoyo-a-la-crianza-de-los-hijos-para-estudiantes\/"},"modified":"2026-03-03T01:47:39","modified_gmt":"2026-03-03T09:47:39","slug":"embarazo-y-apoyo-a-la-crianza-de-los-hijos-para-estudiantes","status":"publish","type":"page","link":"https:\/\/realoptions.net\/es\/embarazo-y-apoyo-a-la-crianza-de-los-hijos-para-estudiantes\/","title":{"rendered":"Embarazo y apoyo a la crianza de los hijos para estudiantes"},"content":{"rendered":"<h2>Apoyo Integral para Estudiantes Embarazadas y Padres Universitarios<\/h2>\n<p><!--vcv no format--><!-- vcwb\/dynamicElementComment:14acaeef --><\/p>\n<div class=\"vce-row-container\">\n<div id=\"el-14acaeef\" class=\"vce-row vce-element--has-background vce-row--col-gap-30 vce-row-no-paddings vce-row-equal-height vce-row-content--top\" data-vce-full-width=\"true\" data-vce-stretch-content=\"true\" data-vce-do-apply=\"all el-14acaeef\">\n<div class=\"vce-content-background-container\">\n<div class=\"vce-asset-background-simple-container vce-visible-all-only vce-asset-background-simple--style-cover vce-asset-background-simple--position-center-center\">\n<div class=\"vce-asset-background-simple\">\n<div class=\"vce-asset-background-simple-item vcv-lozad\" data-background-image=\"|!|vcvUploadUrl|!|\/2022\/06\/student-support.png\"><\/div>\n<\/div>\n<\/div>\n<\/div>\n<\/div>\n<\/div>\n<div class=\"vce-row-container\">\n<div id=\"el-df20f659\" class=\"vce-row vce-element--has-background vce-row--col-gap-30 vce-row-equal-height vce-row-content--top\" data-vce-full-width=\"true\" data-vce-do-apply=\"all el-df20f659\">\n<div class=\"vce-row-content\" data-vce-element-content=\"true\">\n<div id=\"el-cac259a5\" class=\"vce-col vce-col--md-auto vce-col--xs-1 vce-col--xs-last vce-col--xs-first vce-col--sm-last vce-col--sm-first vce-col--md-last vce-col--lg-last vce-col--xl-last vce-col--md-first vce-col--lg-first vce-col--xl-first\">\n<div class=\"vce-col-inner\" data-vce-do-apply=\"border margin background el-cac259a5\">\n<div class=\"vce-col-content\" data-vce-element-content=\"true\" data-vce-do-apply=\"padding el-cac259a5\">\n<p><!-- vcwb\/dynamicElementComment:9e99fd86 --><\/p>\n<div class=\"vce-text-block\">\n<div id=\"el-9e99fd86\" class=\"vce-text-block-wrapper vce\" data-vce-do-apply=\"all el-9e99fd86\">\n<h4 style=\"line-height: 2;\"><span style=\"font-weight: 400;\">Misi\u00f3n: Nuestro Equipo de Extensi\u00f3n Universitaria existe para apoyar a las estudiantes embarazadas y con hijos en el \u00c1rea de la Bah\u00eda. Valoramos la educaci\u00f3n y el \u00e9xito acad\u00e9mico, y creemos que todo estudiante tiene derecho a continuar su carrera universitaria, sean cuales sean sus circunstancias. Proporcionamos un espacio seguro y compasivo para apoyar a las estudiantes que son madres, est\u00e1n embarazadas o se enfrentan a una decisi\u00f3n de embarazo para lograr el \u00e9xito acad\u00e9mico y una salud \u00f3ptima. <\/span><\/h4>\n<p style=\"text-align: center;\"><span style=\"font-weight: 400;\">\u00a1S\u00edguenos en IG!<\/span><\/p>\n<\/div>\n<\/div>\n<p><!-- \/vcwb\/dynamicElementComment:9e99fd86 --><!-- vcwb\/dynamicElementComment:cee57ce5 --><\/p>\n<div id=\"el-cee57ce5\" class=\"vce-mono-social-icons vce vce-mono-social-icons--size-large vce-mono-social-icons--style-outlined-circle vce-mono-social-icons--alignment-center vce-mono-social-icons--color-b-126-197-204 vce-mono-social-icons--hover-color-b-112-172-178 vce-mono-social-icons--gap-10 vce-mono-social-icons--style--shape-color-b-126-197-204 vce-mono-social-icons--style--shape-color-hover-b-112-172-178\" data-vce-do-apply=\"all el-cee57ce5\">\n<div class=\"vce-mono-social-icons-inner\">\n<div class=\"vce-mono-social-icons-profile-icon\"><\/div>\n<\/div>\n<\/div>\n<p><!-- \/vcwb\/dynamicElementComment:cee57ce5 --><\/p>\n<\/div>\n<\/div>\n<\/div>\n<p><!-- \/vcwb\/dynamicElementComment:cac259a5 --><\/p>\n<\/div>\n<\/div>\n<\/div>\n<p><!-- \/vcwb\/dynamicElementComment:df20f659 --><!--vcv no format--><\/p>\n","protected":false},"excerpt":{"rendered":"<p>Apoyo Integral para Estudiantes Embarazadas y Padres Universitarios Misi\u00f3n: Nuestro Equipo de Extensi\u00f3n Universitaria existe para apoyar a las estudiantes embarazadas y con hijos en el \u00c1rea de la Bah\u00eda. Valoramos la educaci\u00f3n y el<\/p>\n","protected":false},"author":11,"featured_media":0,"parent":0,"menu_order":0,"comment_status":"closed","ping_status":"closed","template":"","meta":{"_acf_changed":false,"footnotes":"","_links_to":"","_links_to_target":""},"class_list":["post-12008","page","type-page","status-publish","hentry"],"acf":[],"yoast_head":"<!-- This site is optimized with the Yoast SEO plugin v27.4 - https:\/\/yoast.com\/product\/yoast-seo-wordpress\/ -->\n<title>Apoyo para estudiantes durante el embarazo y la crianza<\/title>\n<meta name=\"description\" content=\"RealOptions College Campus Outreach Team existe para apoyar a las estudiantes embarazadas y con hijos en el \u00c1rea de la Bah\u00eda.\" \/>\n<meta name=\"robots\" content=\"index, follow, max-snippet:-1, max-image-preview:large, max-video-preview:-1\" \/>\n<link rel=\"canonical\" href=\"https:\/\/realoptions.net\/es\/embarazo-y-apoyo-a-la-crianza-de-los-hijos-para-estudiantes\/\" \/>\n<meta property=\"og:locale\" content=\"es_ES\" \/>\n<meta property=\"og:type\" content=\"article\" \/>\n<meta property=\"og:title\" content=\"Apoyo para estudiantes durante el embarazo y la crianza\" \/>\n<meta property=\"og:description\" content=\"RealOptions College Campus Outreach Team existe para apoyar a las estudiantes embarazadas y con hijos en el \u00c1rea de la Bah\u00eda.\" \/>\n<meta property=\"og:url\" content=\"https:\/\/realoptions.net\/es\/embarazo-y-apoyo-a-la-crianza-de-los-hijos-para-estudiantes\/\" \/>\n<meta property=\"og:site_name\" content=\"RealOptions Obria Medical Clinic\" \/>\n<meta property=\"article:publisher\" content=\"https:\/\/www.facebook.com\/realoptions.centralsanjose\/\" \/>\n<meta property=\"article:modified_time\" content=\"2026-03-03T09:47:39+00:00\" \/>\n<meta name=\"twitter:card\" content=\"summary_large_image\" \/>\n<meta name=\"twitter:label1\" content=\"Tiempo de lectura\" \/>\n\t<meta name=\"twitter:data1\" content=\"1 minuto\" \/>\n<!-- \/ Yoast SEO plugin. -->","yoast_head_json":{"title":"Apoyo para estudiantes durante el embarazo y la crianza","description":"RealOptions College Campus Outreach Team existe para apoyar a las estudiantes embarazadas y con hijos en el \u00c1rea de la Bah\u00eda.","robots":{"index":"index","follow":"follow","max-snippet":"max-snippet:-1","max-image-preview":"max-image-preview:large","max-video-preview":"max-video-preview:-1"},"canonical":"https:\/\/realoptions.net\/es\/embarazo-y-apoyo-a-la-crianza-de-los-hijos-para-estudiantes\/","og_locale":"es_ES","og_type":"article","og_title":"Apoyo para estudiantes durante el embarazo y la crianza","og_description":"RealOptions College Campus Outreach Team existe para apoyar a las estudiantes embarazadas y con hijos en el \u00c1rea de la Bah\u00eda.","og_url":"https:\/\/realoptions.net\/es\/embarazo-y-apoyo-a-la-crianza-de-los-hijos-para-estudiantes\/","og_site_name":"RealOptions Obria Medical Clinic","article_publisher":"https:\/\/www.facebook.com\/realoptions.centralsanjose\/","article_modified_time":"2026-03-03T09:47:39+00:00","twitter_card":"summary_large_image","twitter_misc":{"Tiempo de lectura":"1 minuto"},"schema":{"@context":"https:\/\/schema.org","@graph":[{"@type":"WebPage","@id":"https:\/\/realoptions.net\/es\/embarazo-y-apoyo-a-la-crianza-de-los-hijos-para-estudiantes\/","url":"https:\/\/realoptions.net\/es\/embarazo-y-apoyo-a-la-crianza-de-los-hijos-para-estudiantes\/","name":"Apoyo para estudiantes durante el embarazo y la crianza","isPartOf":{"@id":"https:\/\/realoptions.net\/es\/#website"},"datePublished":"2022-06-11T03:21:54+00:00","dateModified":"2026-03-03T09:47:39+00:00","description":"RealOptions College Campus Outreach Team existe para apoyar a las estudiantes embarazadas y con hijos en el \u00c1rea de la Bah\u00eda.","breadcrumb":{"@id":"https:\/\/realoptions.net\/es\/embarazo-y-apoyo-a-la-crianza-de-los-hijos-para-estudiantes\/#breadcrumb"},"inLanguage":"es","potentialAction":[{"@type":"ReadAction","target":["https:\/\/realoptions.net\/es\/embarazo-y-apoyo-a-la-crianza-de-los-hijos-para-estudiantes\/"]}]},{"@type":"BreadcrumbList","@id":"https:\/\/realoptions.net\/es\/embarazo-y-apoyo-a-la-crianza-de-los-hijos-para-estudiantes\/#breadcrumb","itemListElement":[{"@type":"ListItem","position":1,"name":"Home","item":"https:\/\/realoptions.net\/es\/"},{"@type":"ListItem","position":2,"name":"Embarazo y apoyo a la crianza de los hijos para estudiantes"}]},{"@type":"WebSite","@id":"https:\/\/realoptions.net\/es\/#website","url":"https:\/\/realoptions.net\/es\/","name":"RealOptions Obria Medical Clinic","description":"","publisher":{"@id":"https:\/\/realoptions.net\/es\/#organization"},"potentialAction":[{"@type":"SearchAction","target":{"@type":"EntryPoint","urlTemplate":"https:\/\/realoptions.net\/es\/?s={search_term_string}"},"query-input":{"@type":"PropertyValueSpecification","valueRequired":true,"valueName":"search_term_string"}}],"inLanguage":"es"},{"@type":"Organization","@id":"https:\/\/realoptions.net\/es\/#organization","name":"Real Options Obria Medical Clinics","url":"https:\/\/realoptions.net\/es\/","logo":{"@type":"ImageObject","inLanguage":"es","@id":"https:\/\/realoptions.net\/es\/#\/schema\/logo\/image\/","url":"https:\/\/realoptions.net\/wp-content\/uploads\/2022\/04\/branding.webp","contentUrl":"https:\/\/realoptions.net\/wp-content\/uploads\/2022\/04\/branding.webp","width":450,"height":155,"caption":"Real Options Obria Medical Clinics"},"image":{"@id":"https:\/\/realoptions.net\/es\/#\/schema\/logo\/image\/"},"sameAs":["https:\/\/www.facebook.com\/realoptions.centralsanjose\/"]}]}},"_links":{"self":[{"href":"https:\/\/realoptions.net\/es\/wp-json\/wp\/v2\/pages\/12008","targetHints":{"allow":["GET"]}}],"collection":[{"href":"https:\/\/realoptions.net\/es\/wp-json\/wp\/v2\/pages"}],"about":[{"href":"https:\/\/realoptions.net\/es\/wp-json\/wp\/v2\/types\/page"}],"author":[{"embeddable":true,"href":"https:\/\/realoptions.net\/es\/wp-json\/wp\/v2\/users\/11"}],"replies":[{"embeddable":true,"href":"https:\/\/realoptions.net\/es\/wp-json\/wp\/v2\/comments?post=12008"}],"version-history":[{"count":3,"href":"https:\/\/realoptions.net\/es\/wp-json\/wp\/v2\/pages\/12008\/revisions"}],"predecessor-version":[{"id":14952,"href":"https:\/\/realoptions.net\/es\/wp-json\/wp\/v2\/pages\/12008\/revisions\/14952"}],"wp:attachment":[{"href":"https:\/\/realoptions.net\/es\/wp-json\/wp\/v2\/media?parent=12008"}],"curies":[{"name":"wp","href":"https:\/\/api.w.org\/{rel}","templated":true}]}}