{"id":11943,"date":"2019-10-04T00:00:00","date_gmt":"2019-10-04T07:00:00","guid":{"rendered":"https:\/\/realoptions.net\/sanidad-reproductiva\/salud-de-la-mujer\/anulacion-de-la-pildora-abortiva\/"},"modified":"2026-03-03T02:23:04","modified_gmt":"2026-03-03T10:23:04","slug":"anulacion-de-la-pildora-abortiva","status":"publish","type":"page","link":"https:\/\/realoptions.net\/es\/sanidad-reproductiva\/salud-de-la-mujer\/anulacion-de-la-pildora-abortiva\/","title":{"rendered":"Anulaci\u00f3n de la p\u00edldora abortiva"},"content":{"rendered":"<div id=\"pl-1990\" class=\"panel-layout\">\n<div id=\"pg-1990-0\" class=\"panel-grid panel-has-style\" data-style=\"{\">\n<div class=\"panel-row-style panel-row-style-for-1990-0\">\n<div id=\"pgc-1990-0-0\" class=\"panel-grid-cell\" data-weight=\"1\">\n<div id=\"panel-1990-0-0-0\" class=\"so-panel widget widget_sow-editor panel-first-child panel-last-child widgetopts-SO\" data-index=\"0\" data-style=\"{\">\n<div class=\"so-widget-sow-editor so-widget-sow-editor-base\">\n<div class=\"siteorigin-widget-tinymce textwidget\">\n<h2 class=\"content_header\" style=\"text-align: left;\">\u00bfTe arrepientes de haber tomado la p\u00edldora abortiva?<\/h2>\n<p><span style=\"font-weight: 400;\">\u00bfHas tomado la primera dosis de la p\u00edldora abortiva (Mifeprex o RU-486)? \u00bfTe arrepientes de tu decisi\u00f3n y desear\u00edas poder <\/span><a href=\"https:\/\/abortionpillreversal.com\/abortion-pill-reversal\/overview\" target=\"_blank\" rel=\"noopener nofollow external noreferrer\" data-wpel-link=\"external\"><br \/>\n<span style=\"font-weight: 400;\">invertir<\/span><br \/>\n<\/a><span style=\"font-weight: 400;\"> \u00bflos efectos de la p\u00edldora abortiva? <\/span><\/p>\n<p><span style=\"font-weight: 400;\">Quiz\u00e1 podamos ayudarte. Existe un proceso eficaz llamado <\/span><span style=\"font-weight: 400;\">anulaci\u00f3n de la p\u00edldora abortiva<\/span><span style=\"font-weight: 400;\">.<\/span><span style=\"font-weight: 400;\"> Ponte en contacto con nosotros; \u00a1el tiempo es oro! <\/span><\/p>\n<p><span style=\"font-weight: 400;\">La p\u00edldora abortiva es el nombre com\u00fan de un proceso de aborto qu\u00edmico que combina dos medicamentos: mifepristona y misoprostol. Tambi\u00e9n se conoce como aborto m\u00e9dico, aborto autogestionado o RU-486. Despu\u00e9s de tomar la primera p\u00edldora, algunas mujeres se arrepienten de su elecci\u00f3n y quieren dar marcha atr\u00e1s. Ah\u00ed es donde entra en juego la inversi\u00f3n de la p\u00edldora abortiva. <\/span><\/p>\n<p><span style=\"font-weight: 400;\">Sabemos que un embarazo no planificado puede asustar, y muchas mujeres toman la decisi\u00f3n de abortar cuando est\u00e1n temerosas y estresadas. Sabemos que, al cabo de un tiempo, muchas mujeres cambian de opini\u00f3n sobre el aborto qu\u00edmico.<\/span><b> PUEDE QUE NO SEA DEMASIADO TARDE PARA SALVAR TU EMBARAZO. <\/b><\/p>\n<h2>\u00bfEs demasiado tarde para anular la p\u00edldora abortiva?<\/h2>\n<p>El tiempo es esencial. Para quienes pretenden revertir los efectos de la p\u00edldora abortiva (tambi\u00e9n conocida como aborto qu\u00edmico o aborto m\u00e9dico), el objetivo es iniciar el protocolo en las 72 horas siguientes a la toma de la primera p\u00edldora abortiva, la mifepristona o RU-486.<\/p>\n<p><span style=\"font-weight: 400;\">Aunque hayan pasado 72 horas, llama a nuestro tel\u00e9fono de ayuda 877.558.0333. Estamos aqu\u00ed para ayudarte. Puede que no sea demasiado tarde.<\/span><\/p>\n<h2>\u00bfCu\u00e1nto costar\u00e1?<\/h2>\n<p><span style=\"font-weight: 400;\">El coste del tratamiento var\u00eda en funci\u00f3n de la progesterona utilizada. Los planes de seguro pueden cubrir el tratamiento. En caso de dificultades econ\u00f3micas, te ayudaremos a encontrar formas de reducir el coste del tratamiento.<\/span><\/p>\n<h2>\u00bfCu\u00e1l es el tratamiento para revertir la p\u00edldora abortiva?<\/h2>\n<p><span style=\"font-weight: 400;\">Se har\u00e1 una ecograf\u00eda lo antes posible para confirmar la frecuencia cardiaca, la ubicaci\u00f3n y la fecha del embarazo. El m\u00e9dico prescribir\u00e1 progesterona, administrada en forma de p\u00edldora para tomar por v\u00eda oral o vaginal o<\/span> <span style=\"font-weight: 400;\">posiblemente por inyecci\u00f3n intramuscular. El tratamiento suele continuar durante el primer trimestre de embarazo.<\/span><\/p>\n<h2>\u00bfCu\u00e1l es el porcentaje de \u00e9xito de la reversi\u00f3n de la p\u00edldora abortiva?<\/h2>\n<p>Una serie de casos descubri\u00f3 que la progesterona ten\u00eda una tasa de \u00e9xito <a href=\"https:\/\/pubmed.ncbi.nlm.nih.gov\/30831017\/\" target=\"_blank\" rel=\"noopener nofollow external noreferrer\" data-wpel-link=\"external\">del 64-68%<\/a> en los observados.<\/p>\n<p><span style=\"font-weight: 400;\">Sin el tratamiento APR, la mifepristona puede no abortar el embarazo por s\u00ed sola. En otras palabras, tu embarazo puede continuar incluso sin TAE si decides no tomar misoprostol, el segundo f\u00e1rmaco abortivo que probablemente te hayan recetado o proporcionado. <\/span><a href=\"https:\/\/americanpregnancy.org\/unplanned-pregnancy\/abortion-pill-reversal\/\" target=\"_blank\" rel=\"noopener nofollow external noreferrer\" data-wpel-link=\"external\"><span style=\"font-weight: 400;\">APR <\/span><\/a><span style=\"font-weight: 400;\">se ha demostrado que aumenta las probabilidades de permitir que contin\u00fae el embarazo. Sin embargo, no puede garantizarse el resultado de tu intento de reversi\u00f3n concreto.<\/span><\/p>\n<h2>En la cl\u00ednica abortiva me dijeron que tengo que completar el aborto; \u00bfes eso cierto?<\/h2>\n<p><span style=\"font-weight: 400;\">No, siempre es tu decisi\u00f3n cambiar de opini\u00f3n. Aunque hayas iniciado el proceso de aborto qu\u00edmico, la reversi\u00f3n puede ser una opci\u00f3n para ti.<\/span><\/p>\n<h2>\u00bfY si quiero revertir la p\u00edldora abortiva, pero he esperado demasiado? \u00bfQu\u00e9 hago entonces?<\/h2>\n<p><span style=\"font-weight: 400;\">Llama a nuestro n\u00famero de tel\u00e9fono de ayuda 877.558.0333. Puede que a\u00fan est\u00e9s embarazada. Puede que no sea demasiado tarde.<\/span><\/p>\n<h2>\u00bfY las otras pastillas que me dio la cl\u00ednica abortista?<\/h2>\n<p><span style=\"font-weight: 400;\">No tomes estas p\u00edldoras si deseas continuar con tu embarazo.<\/span><\/p>\n<p><span style=\"font-weight: 400;\">El segundo medicamento se llama misoprostol o Cytotec. Su finalidad es hacer que el \u00fatero se contraiga y expulse al beb\u00e9. El misoprostol\/Cytotec no es necesario si quieres intentar revertir el aborto qu\u00edmico.<\/span><\/p>\n<h2>\u00bfPor qu\u00e9 se utiliza la progesterona en la reversi\u00f3n?<\/h2>\n<p><span style=\"font-weight: 400;\">La progesterona es la hormona natural del cuerpo de la mujer necesaria para nutrir y mantener un embarazo. Al administrar progesterona adicional, esperamos superar a la mifepristona para invertir los efectos de la p\u00edldora abortiva (tambi\u00e9n conocida como mifepristona). La mifepristona bloquea la acci\u00f3n de la progesterona al unirse a los receptores de progesterona del \u00fatero y la placenta. <\/span><\/p>\n<h2>\u00bfLa p\u00edldora abortiva y la p\u00edldora del d\u00eda despu\u00e9s son lo mismo?<\/h2>\n<p><span style=\"font-weight: 400;\">No, son diferentes. En <\/span><span style=\"font-weight: 400;\">&#8220;p\u00edldora del d\u00eda despu\u00e9s&#8221;<\/span><span style=\"font-weight: 400;\"> es un m\u00e9todo anticonceptivo de emergencia. El preparado m\u00e1s utilizado contiene un alto nivel de progest\u00e1geno y puede tomarse hasta 72 horas despu\u00e9s del coito. Los nuevos conocimientos sobre su funcionamiento dejan claro que puede impedir la implantaci\u00f3n del embri\u00f3n en el revestimiento del \u00fatero. <\/span><\/p>\n<p><span style=\"font-weight: 400;\">La p\u00edldora abortiva, mifepristona, se toma hasta los 70 d\u00edas (10 semanas) de embarazo con la intenci\u00f3n de provocar un aborto. Act\u00faa bloqueando los receptores de progesterona. La progesterona es la hormona necesaria que nutre y favorece el embarazo.<\/span><\/p>\n<p><span style=\"font-weight: 400;\">La p\u00edldora del d\u00eda despu\u00e9s m\u00e1s reciente, Ella, es muy similar a la mifepristona en su acci\u00f3n, ya que bloquea los receptores de progesterona. Est\u00e1 aprobado por la FDA para su uso hasta cinco d\u00edas despu\u00e9s del coito y tambi\u00e9n tiene efectos abortivos.<\/span><\/p>\n<p><strong>Llama a una de nuestras Cl\u00ednicas M\u00e9dicas RealOptions Obria del \u00c1rea de la Bah\u00eda para que te ayuden.<\/strong><\/p>\n<\/div>\n<\/div>\n<\/div>\n<\/div>\n<\/div>\n<\/div>\n<div id=\"pg-1990-1\" class=\"panel-grid panel-has-style\" data-style=\"{\">\n<div class=\"gray panel-row-style panel-row-style-for-1990-1\">\n<div id=\"pgc-1990-1-0\" class=\"panel-grid-cell\" data-weight=\"1\">\n<div id=\"panel-1990-1-0-0\" class=\"so-panel widget widget_sow-editor panel-first-child panel-last-child widgetopts-SO\" data-index=\"1\" data-style=\"{\">\n<div class=\"so-widget-sow-editor so-widget-sow-editor-base\">\n<div class=\"siteorigin-widget-tinymce textwidget\">\n<p style=\"text-align: center;\"><a class=\"btn btn-primary btn-large\" href=\"https:\/\/realoptions.net\/es\/contacta-con-nosotros\/\" rel=\"noopener noreferrer\" data-wpel-link=\"internal\">RESERVA ONLINE<\/a><\/p>\n<\/div>\n<\/div>\n<\/div>\n<\/div>\n<\/div>\n<\/div>\n<\/div>\n","protected":false},"excerpt":{"rendered":"<p>Sabemos que un embarazo no planificado puede asustar, y muchas mujeres toman la decisi\u00f3n de abortar cuando est\u00e1n temerosas y estresadas. Sabemos que, al cabo de un tiempo, muchas mujeres cambian de opini\u00f3n sobre el aborto qu\u00edmico. Puede que no sea demasiado tarde para salvar tu embarazo.<\/p>\n","protected":false},"author":11,"featured_media":14327,"parent":11903,"menu_order":8,"comment_status":"open","ping_status":"closed","template":"","meta":{"_acf_changed":false,"footnotes":"","_links_to":"","_links_to_target":""},"class_list":["post-11943","page","type-page","status-publish","has-post-thumbnail","hentry"],"acf":[],"yoast_head":"<!-- This site is optimized with the Yoast SEO plugin v27.4 - https:\/\/yoast.com\/product\/yoast-seo-wordpress\/ -->\n<title>Informaci\u00f3n: C\u00f3mo cancelar la p\u00edldora abortiva | Realoptions<\/title>\n<meta name=\"description\" content=\"Obtenga informaci\u00f3n sobre la reversi\u00f3n de la p\u00edldora abortiva, los l\u00edmites de tiempo, las tasas de \u00e9xito y la confidencialidad.\" \/>\n<meta name=\"robots\" content=\"index, follow, max-snippet:-1, max-image-preview:large, max-video-preview:-1\" \/>\n<link rel=\"canonical\" href=\"https:\/\/realoptions.net\/es\/sanidad-reproductiva\/salud-de-la-mujer\/anulacion-de-la-pildora-abortiva\/\" \/>\n<meta property=\"og:locale\" content=\"es_ES\" \/>\n<meta property=\"og:type\" content=\"article\" \/>\n<meta property=\"og:title\" content=\"Informaci\u00f3n: C\u00f3mo cancelar la p\u00edldora abortiva | Realoptions\" \/>\n<meta property=\"og:description\" content=\"Obtenga informaci\u00f3n sobre la reversi\u00f3n de la p\u00edldora abortiva, los l\u00edmites de tiempo, las tasas de \u00e9xito y la confidencialidad.\" \/>\n<meta property=\"og:url\" content=\"https:\/\/realoptions.net\/es\/sanidad-reproductiva\/salud-de-la-mujer\/anulacion-de-la-pildora-abortiva\/\" \/>\n<meta property=\"og:site_name\" content=\"RealOptions Obria Medical Clinic\" \/>\n<meta property=\"article:publisher\" content=\"https:\/\/www.facebook.com\/realoptions.centralsanjose\/\" \/>\n<meta property=\"article:modified_time\" content=\"2026-03-03T10:23:04+00:00\" \/>\n<meta property=\"og:image\" content=\"https:\/\/realoptions.clmstaging.com\/wp-content\/uploads\/2025\/12\/shutterstock_1254091774.jpg\" \/>\n\t<meta property=\"og:image:width\" content=\"1920\" \/>\n\t<meta property=\"og:image:height\" content=\"740\" \/>\n\t<meta property=\"og:image:type\" content=\"image\/jpeg\" \/>\n<meta name=\"twitter:card\" content=\"summary_large_image\" \/>\n<meta name=\"twitter:label1\" content=\"Tiempo de lectura\" \/>\n\t<meta name=\"twitter:data1\" content=\"4 minutos\" \/>\n<!-- \/ Yoast SEO plugin. -->","yoast_head_json":{"title":"Informaci\u00f3n: C\u00f3mo cancelar la p\u00edldora abortiva | Realoptions","description":"Obtenga informaci\u00f3n sobre la reversi\u00f3n de la p\u00edldora abortiva, los l\u00edmites de tiempo, las tasas de \u00e9xito y la confidencialidad.","robots":{"index":"index","follow":"follow","max-snippet":"max-snippet:-1","max-image-preview":"max-image-preview:large","max-video-preview":"max-video-preview:-1"},"canonical":"https:\/\/realoptions.net\/es\/sanidad-reproductiva\/salud-de-la-mujer\/anulacion-de-la-pildora-abortiva\/","og_locale":"es_ES","og_type":"article","og_title":"Informaci\u00f3n: C\u00f3mo cancelar la p\u00edldora abortiva | Realoptions","og_description":"Obtenga informaci\u00f3n sobre la reversi\u00f3n de la p\u00edldora abortiva, los l\u00edmites de tiempo, las tasas de \u00e9xito y la confidencialidad.","og_url":"https:\/\/realoptions.net\/es\/sanidad-reproductiva\/salud-de-la-mujer\/anulacion-de-la-pildora-abortiva\/","og_site_name":"RealOptions Obria Medical Clinic","article_publisher":"https:\/\/www.facebook.com\/realoptions.centralsanjose\/","article_modified_time":"2026-03-03T10:23:04+00:00","og_image":[{"width":1920,"height":740,"url":"https:\/\/realoptions.clmstaging.com\/wp-content\/uploads\/2025\/12\/shutterstock_1254091774.jpg","type":"image\/jpeg"}],"twitter_card":"summary_large_image","twitter_misc":{"Tiempo de lectura":"4 minutos"},"schema":{"@context":"https:\/\/schema.org","@graph":[{"@type":"WebPage","@id":"https:\/\/realoptions.net\/es\/sanidad-reproductiva\/salud-de-la-mujer\/anulacion-de-la-pildora-abortiva\/","url":"https:\/\/realoptions.net\/es\/sanidad-reproductiva\/salud-de-la-mujer\/anulacion-de-la-pildora-abortiva\/","name":"Informaci\u00f3n: C\u00f3mo cancelar la p\u00edldora abortiva | Realoptions","isPartOf":{"@id":"https:\/\/realoptions.net\/es\/#website"},"primaryImageOfPage":{"@id":"https:\/\/realoptions.net\/es\/sanidad-reproductiva\/salud-de-la-mujer\/anulacion-de-la-pildora-abortiva\/#primaryimage"},"image":{"@id":"https:\/\/realoptions.net\/es\/sanidad-reproductiva\/salud-de-la-mujer\/anulacion-de-la-pildora-abortiva\/#primaryimage"},"thumbnailUrl":"https:\/\/realoptions.net\/wp-content\/uploads\/2025\/12\/shutterstock_1254091774.jpg","datePublished":"2019-10-04T07:00:00+00:00","dateModified":"2026-03-03T10:23:04+00:00","description":"Obtenga informaci\u00f3n sobre la reversi\u00f3n de la p\u00edldora abortiva, los l\u00edmites de tiempo, las tasas de \u00e9xito y la confidencialidad.","breadcrumb":{"@id":"https:\/\/realoptions.net\/es\/sanidad-reproductiva\/salud-de-la-mujer\/anulacion-de-la-pildora-abortiva\/#breadcrumb"},"inLanguage":"es","potentialAction":[{"@type":"ReadAction","target":["https:\/\/realoptions.net\/es\/sanidad-reproductiva\/salud-de-la-mujer\/anulacion-de-la-pildora-abortiva\/"]}]},{"@type":"ImageObject","inLanguage":"es","@id":"https:\/\/realoptions.net\/es\/sanidad-reproductiva\/salud-de-la-mujer\/anulacion-de-la-pildora-abortiva\/#primaryimage","url":"https:\/\/realoptions.net\/wp-content\/uploads\/2025\/12\/shutterstock_1254091774.jpg","contentUrl":"https:\/\/realoptions.net\/wp-content\/uploads\/2025\/12\/shutterstock_1254091774.jpg","width":1920,"height":740},{"@type":"BreadcrumbList","@id":"https:\/\/realoptions.net\/es\/sanidad-reproductiva\/salud-de-la-mujer\/anulacion-de-la-pildora-abortiva\/#breadcrumb","itemListElement":[{"@type":"ListItem","position":1,"name":"Home","item":"https:\/\/realoptions.net\/es\/"},{"@type":"ListItem","position":2,"name":"Sanidad Reproductiva","item":"https:\/\/realoptions.net\/es\/sanidad-reproductiva\/"},{"@type":"ListItem","position":3,"name":"Salud de la mujer","item":"https:\/\/realoptions.net\/es\/sanidad-reproductiva\/salud-de-la-mujer\/"},{"@type":"ListItem","position":4,"name":"Anulaci\u00f3n de la p\u00edldora abortiva"}]},{"@type":"WebSite","@id":"https:\/\/realoptions.net\/es\/#website","url":"https:\/\/realoptions.net\/es\/","name":"RealOptions Obria Medical Clinic","description":"","publisher":{"@id":"https:\/\/realoptions.net\/es\/#organization"},"potentialAction":[{"@type":"SearchAction","target":{"@type":"EntryPoint","urlTemplate":"https:\/\/realoptions.net\/es\/?s={search_term_string}"},"query-input":{"@type":"PropertyValueSpecification","valueRequired":true,"valueName":"search_term_string"}}],"inLanguage":"es"},{"@type":"Organization","@id":"https:\/\/realoptions.net\/es\/#organization","name":"Real Options Obria Medical Clinics","url":"https:\/\/realoptions.net\/es\/","logo":{"@type":"ImageObject","inLanguage":"es","@id":"https:\/\/realoptions.net\/es\/#\/schema\/logo\/image\/","url":"https:\/\/realoptions.net\/wp-content\/uploads\/2022\/04\/branding.webp","contentUrl":"https:\/\/realoptions.net\/wp-content\/uploads\/2022\/04\/branding.webp","width":450,"height":155,"caption":"Real Options Obria Medical Clinics"},"image":{"@id":"https:\/\/realoptions.net\/es\/#\/schema\/logo\/image\/"},"sameAs":["https:\/\/www.facebook.com\/realoptions.centralsanjose\/"]}]}},"_links":{"self":[{"href":"https:\/\/realoptions.net\/es\/wp-json\/wp\/v2\/pages\/11943","targetHints":{"allow":["GET"]}}],"collection":[{"href":"https:\/\/realoptions.net\/es\/wp-json\/wp\/v2\/pages"}],"about":[{"href":"https:\/\/realoptions.net\/es\/wp-json\/wp\/v2\/types\/page"}],"author":[{"embeddable":true,"href":"https:\/\/realoptions.net\/es\/wp-json\/wp\/v2\/users\/11"}],"replies":[{"embeddable":true,"href":"https:\/\/realoptions.net\/es\/wp-json\/wp\/v2\/comments?post=11943"}],"version-history":[{"count":8,"href":"https:\/\/realoptions.net\/es\/wp-json\/wp\/v2\/pages\/11943\/revisions"}],"predecessor-version":[{"id":14971,"href":"https:\/\/realoptions.net\/es\/wp-json\/wp\/v2\/pages\/11943\/revisions\/14971"}],"up":[{"embeddable":true,"href":"https:\/\/realoptions.net\/es\/wp-json\/wp\/v2\/pages\/11903"}],"wp:featuredmedia":[{"embeddable":true,"href":"https:\/\/realoptions.net\/es\/wp-json\/wp\/v2\/media\/14327"}],"wp:attachment":[{"href":"https:\/\/realoptions.net\/es\/wp-json\/wp\/v2\/media?parent=11943"}],"curies":[{"name":"wp","href":"https:\/\/api.w.org\/{rel}","templated":true}]}}