{"id":11938,"date":"2019-10-04T00:00:00","date_gmt":"2019-10-04T07:00:00","guid":{"rendered":"https:\/\/realoptions.net\/sanidad-reproductiva\/salud-de-la-mujer\/atencion-prenatal\/"},"modified":"2026-03-03T02:05:52","modified_gmt":"2026-03-03T10:05:52","slug":"atencion-prenatal","status":"publish","type":"page","link":"https:\/\/realoptions.net\/es\/sanidad-reproductiva\/salud-de-la-mujer\/atencion-prenatal\/","title":{"rendered":"Atenci\u00f3n prenatal"},"content":{"rendered":"<div id=\"pl-1988\">\n<div id=\"pg-1988-0\" data-style=\"{\">\n<div>\n<div id=\"pgc-1988-0-0\" data-weight=\"1\">\n<div id=\"panel-1988-0-0-0\" data-index=\"0\" data-style=\"{\">\n<div>\n<div>\n<p>Para recibir atenci\u00f3n prenatal en las Cl\u00ednicas M\u00e9dicas RealOptions Obria necesitas establecerte como paciente. En tu primera cita, programaremos una prueba de embarazo, y si la prueba es positiva, confirmaremos tu embarazo mediante una <a href=\"https:\/\/realoptions.net\/es\/sanidad-reproductiva\/salud-de-la-mujer\/atencion-prenatal\/\" data-wpel-link=\"internal\"><br \/>\necograf\u00eda<\/a>.<\/p>\n<p>Tu visita prenatal ser\u00e1 generalmente entre 8 y 10 semanas despu\u00e9s de tu FUR ( \u00faltima <a href=\"https:\/\/americanpregnancy.org\/womens-health\/what-is-menstruation\/\" target=\"_blank\" rel=\"noopener nofollow external noreferrer\" data-wpel-link=\"external\">menstrual<\/a> ). Madrugar y ser regular <a href=\"https:\/\/www.mayoclinic.org\/healthy-lifestyle\/pregnancy-week-by-week\/in-depth\/prenatal-care\/art-20044882\" target=\"_blank\" rel=\"noopener nofollow external noreferrer\" data-wpel-link=\"external\">atenci\u00f3n prenatal<\/a> mejora las posibilidades de un embarazo sano para ti y para tu beb\u00e9. Tambi\u00e9n puede mejorar tu experiencia general del parto. Durante la visita, el obstetra o la enfermera ordenar\u00e1n an\u00e1lisis de laboratorio y realizar\u00e1n un an\u00e1lisis de orina, una exploraci\u00f3n f\u00edsica y una ecograf\u00eda si es necesario. Tambi\u00e9n te instruir\u00e1n sobre c\u00f3mo llevar un embarazo sano.<\/p>\n<p>La atenci\u00f3n prenatal es la asistencia sanitaria que te prestamos mientras est\u00e1s embarazada. Incluye revisiones, educaci\u00f3n, pruebas y mucho m\u00e1s. Mantente informada sobre la salud de tu embarazo, qu\u00e9 esperar, controlar las complicaciones y obtener respuestas a tus preguntas.Aunque no seas madre primeriza, las visitas prenatales siguen siendo importantes, ya que cada embarazo es diferente. Esta visita inicial ser\u00e1 probablemente una de las m\u00e1s largas. Ser\u00e1 \u00fatil que llegues preparado con las fechas y la informaci\u00f3n importantes. Tambi\u00e9n es una buena oportunidad para llevar una lista de preguntas que t\u00fa y tu pareja teng\u00e1is sobre el embarazo, los cuidados prenatales y las opciones para el parto.<\/p>\n<h2>Qu\u00e9 esperar en tu primera consulta de embarazo<\/h2>\n<p>Tu profesional sanitario te preguntar\u00e1 por tu historial m\u00e9dico, incluyendo:<\/p>\n<ul>\n<li aria-level=\"1\">Problemas m\u00e9dicos y\/o psicosociales<\/li>\n<li aria-level=\"1\">Tensi\u00f3n arterial, altura y peso<\/li>\n<li aria-level=\"1\">Exploraci\u00f3n mamaria y cervical<\/li>\n<li aria-level=\"1\">Fecha de tu \u00faltima menstruaci\u00f3n (una FUR precisa es \u00fatil para determinar la edad gestacional y la fecha del parto)<\/li>\n<li aria-level=\"1\"><a href=\"https:\/\/americanpregnancy.org\/unplanned-pregnancy\/birth-control-pills-patches-and-devices\/types-of-birth-control\/\" target=\"_blank\" rel=\"noopener nofollow external noreferrer\" data-wpel-link=\"external\">M\u00e9todos anticonceptivos<\/a><\/li>\n<li aria-level=\"1\">Antecedentes de abortos y\/o <a href=\"https:\/\/americanpregnancy.org\/getting-pregnant\/pregnancy-loss\/signs-of-miscarriage\/\" target=\"_blank\" rel=\"noopener nofollow external noreferrer\" data-wpel-link=\"external\">abortos espont\u00e1neos<br \/>\n<\/a><\/li>\n<li aria-level=\"1\">Hospitalizaciones<\/li>\n<li aria-level=\"1\"><a href=\"https:\/\/americanpregnancy.org\/es\/\" target=\"_blank\" rel=\"noopener nofollow external noreferrer\" data-wpel-link=\"external\">Medicamentos<\/a> que est\u00e1s tomando<\/li>\n<li aria-level=\"1\">Alergias a medicamentos<\/li>\n<li aria-level=\"1\">El historial m\u00e9dico de tu familia<\/li>\n<\/ul>\n<p>Tambi\u00e9n proporcionamos la informaci\u00f3n que necesitas para solicitar Medi-Cal o un seguro privado y tenemos acuerdos de traslado con hospitales locales para pacientes de alto riesgo. Programa una cita confidencial en l\u00ednea o llama a una de nuestras Cl\u00ednicas M\u00e9dicas RealOptions Obria del \u00c1rea de la Bah\u00eda.<\/p>\n<p><a href=\"https:\/\/api.leadconnectorhq.com\/widget\/survey\/e4IR6RquMy1IKaiKIamb\" target=\"_blank\" rel=\"noopener noreferrer nofollow external\" data-wpel-link=\"external\">RESERVA ONLINE<\/a><\/p>\n<\/div>\n<\/div>\n<\/div>\n<\/div>\n<\/div>\n<\/div>\n<div id=\"pg-1988-2\" data-style=\"{\">\n<div>\n<div id=\"pgc-1988-2-0\" data-weight=\"1\">\n<div id=\"panel-1988-2-0-0\" data-index=\"2\" data-style=\"{\">\n<div>\n<div>\n<p>RealOptions ofrece consultas confidenciales y m\u00e9dicamente precisas sobre todas las opciones de embarazo. No prestamos servicios de aborto en nuestras cl\u00ednicas.<\/p>\n<\/div>\n<\/div>\n<\/div>\n<\/div>\n<\/div>\n<\/div>\n<\/div>\n","protected":false},"excerpt":{"rendered":"<p>Mediante los servicios de atenci\u00f3n prenatal que ofrece RealOptions, puedes mantenerte informada sobre la salud de tu embarazo, recibir m\u00e1s informaci\u00f3n sobre qu\u00e9 esperar, gestionar las complicaciones y obtener respuestas a tus preguntas.  <\/p>\n","protected":false},"author":11,"featured_media":0,"parent":11903,"menu_order":7,"comment_status":"open","ping_status":"closed","template":"","meta":{"_acf_changed":false,"footnotes":"","_links_to":"","_links_to_target":""},"class_list":["post-11938","page","type-page","status-publish","hentry"],"acf":[],"yoast_head":"<!-- This site is optimized with the Yoast SEO plugin v27.4 - https:\/\/yoast.com\/product\/yoast-seo-wordpress\/ -->\n<title>Cuidado Prenatal | San Jose-Union City | RealOptions Obria<\/title>\n<meta name=\"description\" content=\"RealOpciones Las Cl\u00ednicas M\u00e9dicas Obria ofrecen atenci\u00f3n prenatal. Te facilitamos la informaci\u00f3n que necesitas para solicitar Medi-Cal o un seguro privado.\" \/>\n<meta name=\"robots\" content=\"index, follow, max-snippet:-1, max-image-preview:large, max-video-preview:-1\" \/>\n<link rel=\"canonical\" href=\"https:\/\/realoptions.net\/es\/sanidad-reproductiva\/salud-de-la-mujer\/atencion-prenatal\/\" \/>\n<meta property=\"og:locale\" content=\"es_ES\" \/>\n<meta property=\"og:type\" content=\"article\" \/>\n<meta property=\"og:title\" content=\"Cuidado Prenatal | San Jose-Union City | RealOptions Obria\" \/>\n<meta property=\"og:description\" content=\"RealOpciones Las Cl\u00ednicas M\u00e9dicas Obria ofrecen atenci\u00f3n prenatal. Te facilitamos la informaci\u00f3n que necesitas para solicitar Medi-Cal o un seguro privado.\" \/>\n<meta property=\"og:url\" content=\"https:\/\/realoptions.net\/es\/sanidad-reproductiva\/salud-de-la-mujer\/atencion-prenatal\/\" \/>\n<meta property=\"og:site_name\" content=\"RealOptions Obria Medical Clinic\" \/>\n<meta property=\"article:publisher\" content=\"https:\/\/www.facebook.com\/realoptions.centralsanjose\/\" \/>\n<meta property=\"article:modified_time\" content=\"2026-03-03T10:05:52+00:00\" \/>\n<meta name=\"twitter:card\" content=\"summary_large_image\" \/>\n<meta name=\"twitter:label1\" content=\"Tiempo de lectura\" \/>\n\t<meta name=\"twitter:data1\" content=\"2 minutos\" \/>\n<!-- \/ Yoast SEO plugin. -->","yoast_head_json":{"title":"Cuidado Prenatal | San Jose-Union City | RealOptions Obria","description":"RealOpciones Las Cl\u00ednicas M\u00e9dicas Obria ofrecen atenci\u00f3n prenatal. Te facilitamos la informaci\u00f3n que necesitas para solicitar Medi-Cal o un seguro privado.","robots":{"index":"index","follow":"follow","max-snippet":"max-snippet:-1","max-image-preview":"max-image-preview:large","max-video-preview":"max-video-preview:-1"},"canonical":"https:\/\/realoptions.net\/es\/sanidad-reproductiva\/salud-de-la-mujer\/atencion-prenatal\/","og_locale":"es_ES","og_type":"article","og_title":"Cuidado Prenatal | San Jose-Union City | RealOptions Obria","og_description":"RealOpciones Las Cl\u00ednicas M\u00e9dicas Obria ofrecen atenci\u00f3n prenatal. Te facilitamos la informaci\u00f3n que necesitas para solicitar Medi-Cal o un seguro privado.","og_url":"https:\/\/realoptions.net\/es\/sanidad-reproductiva\/salud-de-la-mujer\/atencion-prenatal\/","og_site_name":"RealOptions Obria Medical Clinic","article_publisher":"https:\/\/www.facebook.com\/realoptions.centralsanjose\/","article_modified_time":"2026-03-03T10:05:52+00:00","twitter_card":"summary_large_image","twitter_misc":{"Tiempo de lectura":"2 minutos"},"schema":{"@context":"https:\/\/schema.org","@graph":[{"@type":"WebPage","@id":"https:\/\/realoptions.net\/es\/sanidad-reproductiva\/salud-de-la-mujer\/atencion-prenatal\/","url":"https:\/\/realoptions.net\/es\/sanidad-reproductiva\/salud-de-la-mujer\/atencion-prenatal\/","name":"Cuidado Prenatal | San Jose-Union City | RealOptions Obria","isPartOf":{"@id":"https:\/\/realoptions.net\/es\/#website"},"datePublished":"2019-10-04T07:00:00+00:00","dateModified":"2026-03-03T10:05:52+00:00","description":"RealOpciones Las Cl\u00ednicas M\u00e9dicas Obria ofrecen atenci\u00f3n prenatal. Te facilitamos la informaci\u00f3n que necesitas para solicitar Medi-Cal o un seguro privado.","breadcrumb":{"@id":"https:\/\/realoptions.net\/es\/sanidad-reproductiva\/salud-de-la-mujer\/atencion-prenatal\/#breadcrumb"},"inLanguage":"es","potentialAction":[{"@type":"ReadAction","target":["https:\/\/realoptions.net\/es\/sanidad-reproductiva\/salud-de-la-mujer\/atencion-prenatal\/"]}]},{"@type":"BreadcrumbList","@id":"https:\/\/realoptions.net\/es\/sanidad-reproductiva\/salud-de-la-mujer\/atencion-prenatal\/#breadcrumb","itemListElement":[{"@type":"ListItem","position":1,"name":"Home","item":"https:\/\/realoptions.net\/es\/"},{"@type":"ListItem","position":2,"name":"Sanidad Reproductiva","item":"https:\/\/realoptions.net\/es\/sanidad-reproductiva\/"},{"@type":"ListItem","position":3,"name":"Salud de la mujer","item":"https:\/\/realoptions.net\/es\/sanidad-reproductiva\/salud-de-la-mujer\/"},{"@type":"ListItem","position":4,"name":"Atenci\u00f3n prenatal"}]},{"@type":"WebSite","@id":"https:\/\/realoptions.net\/es\/#website","url":"https:\/\/realoptions.net\/es\/","name":"RealOptions Obria Medical Clinic","description":"","publisher":{"@id":"https:\/\/realoptions.net\/es\/#organization"},"potentialAction":[{"@type":"SearchAction","target":{"@type":"EntryPoint","urlTemplate":"https:\/\/realoptions.net\/es\/?s={search_term_string}"},"query-input":{"@type":"PropertyValueSpecification","valueRequired":true,"valueName":"search_term_string"}}],"inLanguage":"es"},{"@type":"Organization","@id":"https:\/\/realoptions.net\/es\/#organization","name":"Real Options Obria Medical Clinics","url":"https:\/\/realoptions.net\/es\/","logo":{"@type":"ImageObject","inLanguage":"es","@id":"https:\/\/realoptions.net\/es\/#\/schema\/logo\/image\/","url":"https:\/\/realoptions.net\/wp-content\/uploads\/2022\/04\/branding.webp","contentUrl":"https:\/\/realoptions.net\/wp-content\/uploads\/2022\/04\/branding.webp","width":450,"height":155,"caption":"Real Options Obria Medical Clinics"},"image":{"@id":"https:\/\/realoptions.net\/es\/#\/schema\/logo\/image\/"},"sameAs":["https:\/\/www.facebook.com\/realoptions.centralsanjose\/"]}]}},"_links":{"self":[{"href":"https:\/\/realoptions.net\/es\/wp-json\/wp\/v2\/pages\/11938","targetHints":{"allow":["GET"]}}],"collection":[{"href":"https:\/\/realoptions.net\/es\/wp-json\/wp\/v2\/pages"}],"about":[{"href":"https:\/\/realoptions.net\/es\/wp-json\/wp\/v2\/types\/page"}],"author":[{"embeddable":true,"href":"https:\/\/realoptions.net\/es\/wp-json\/wp\/v2\/users\/11"}],"replies":[{"embeddable":true,"href":"https:\/\/realoptions.net\/es\/wp-json\/wp\/v2\/comments?post=11938"}],"version-history":[{"count":14,"href":"https:\/\/realoptions.net\/es\/wp-json\/wp\/v2\/pages\/11938\/revisions"}],"predecessor-version":[{"id":14964,"href":"https:\/\/realoptions.net\/es\/wp-json\/wp\/v2\/pages\/11938\/revisions\/14964"}],"up":[{"embeddable":true,"href":"https:\/\/realoptions.net\/es\/wp-json\/wp\/v2\/pages\/11903"}],"wp:attachment":[{"href":"https:\/\/realoptions.net\/es\/wp-json\/wp\/v2\/media?parent=11938"}],"curies":[{"name":"wp","href":"https:\/\/api.w.org\/{rel}","templated":true}]}}