{"id":11934,"date":"2019-10-03T00:00:00","date_gmt":"2019-10-03T07:00:00","guid":{"rendered":"https:\/\/realoptions.net\/sanidad-reproductiva\/salud-de-la-mujer\/pruebas-y-tratamiento-de-ets\/"},"modified":"2026-01-29T02:15:55","modified_gmt":"2026-01-29T10:15:55","slug":"pruebas-y-tratamiento-de-ets","status":"publish","type":"page","link":"https:\/\/realoptions.net\/es\/sanidad-reproductiva\/salud-de-la-mujer\/pruebas-y-tratamiento-de-ets\/","title":{"rendered":"Pruebas y tratamiento de ETS para mujeres"},"content":{"rendered":"<h2>\u00bfRiesgo de contraer una ETS?<\/h2>\n<h3>\u00bfCu\u00e1ndo debo hacerme la prueba?<\/h3>\n<p>Si eres sexualmente activo, \u00a1hacerte las pruebas de ETS es una de las cosas m\u00e1s importantes que puedes hacer por tu salud! Nuestros servicios garantizan que comprendas la importancia de la concienciaci\u00f3n y la detecci\u00f3n precoz.<\/p>\n<h3>\u00bfPor qu\u00e9 elegir RealOptions?<\/h3>\n<p>RealOptions ofrece pruebas y tratamiento de ETS asequibles, lo que hace que las pruebas de ETS baratas sean una opci\u00f3n c\u00f3moda para las personas con o sin seguro que tienen franquicias elevadas, quieren confidencialidad y\/o cuyos m\u00e9dicos no les prescriben las pruebas de laboratorio que quieren hacerse.<\/p>\n<p>Facilitamos a los particulares la solicitud de pruebas comunes de ETS en sangre y orina. Obtener r\u00e1pidamente los resultados de los an\u00e1lisis de sangre o de orina es importante para tu tranquilidad, para obtener respuestas a tus preguntas m\u00e9dicas y para iniciar potencialmente un tratamiento; lo entendemos, por eso trabajamos con <a href=\"https:\/\/www.questdiagnostics.com\/patients\/get-tested\/prepare\" target=\"_blank\" rel=\"noopener nofollow external noreferrer\" data-wpel-link=\"external\">Quest Diagnostics<\/a> para hacerte llegar los resultados de tus an\u00e1lisis en un plazo de 3 a 4 d\u00edas laborables.<\/p>\n<p>Nuestros entrenadores y enfermeras formados en Salud \u00d3ptima est\u00e1n aqu\u00ed para ayudarte de lunes a viernes de 9 a 17 h PST. Tambi\u00e9n tenemos una L\u00ednea de Ayuda 24 horas al d\u00eda, 7 d\u00edas a la semana, si tus preguntas no pueden esperar: 1-800-712-4357. Se admiten personas sin cita previa.<\/p>\n<p><strong>Pruebas de ETS de panel completo disponibles:<\/strong><\/p>\n<ul>\n<li aria-level=\"1\">Gonorrea<\/li>\n<li aria-level=\"1\">Clamidia<\/li>\n<li aria-level=\"1\">S\u00edfilis<\/li>\n<li aria-level=\"1\">Hepatitis B y Hepatitis C<\/li>\n<li aria-level=\"1\">VIH<\/li>\n<li aria-level=\"1\">VPH y tricomoniasis (disponible mediante citolog\u00eda y\/o frotis vaginal)<\/li>\n<\/ul>\n<p><strong>Asequible<\/strong><\/p>\n<p>Pacientes asegurados:<\/p>\n<ul>\n<li aria-level=\"1\">20 $ por visita al consultorio<\/li>\n<li aria-level=\"1\">Recibe un formulario de solicitud de laboratorio para llevarlo a Quest para la recogida de muestras de orina y sangre.<\/li>\n<\/ul>\n<p>Pacientes no asegurados\/autopagados:<\/p>\n<ul>\n<li aria-level=\"1\">20 $ por visita al consultorio<\/li>\n<li aria-level=\"1\">Precios de las pruebas: Clamidia\/Gonorrea $18, VIH $10, HepB $7, HepC $8, S\u00edfilis $6, Panel completo $49. Se recoger\u00e1 una muestra de orina internamente y recibir\u00e1s un formulario de solicitud de laboratorio para que lo lleves a Quest para la extracci\u00f3n de sangre.<\/li>\n<\/ul>\n<p><strong>No necesitas cita previa<\/strong><\/p>\n<p>Todas nuestras cl\u00ednicas ofrecen visitas sin cita previa; no es necesario pedir cita, pero puedes <a href=\"https:\/\/api.leadconnectorhq.com\/widget\/survey\/e4IR6RquMy1IKaiKIamb\" data-wpel-link=\"external\" target=\"_blank\" rel=\"nofollow external noopener noreferrer\">solicitarla aqu\u00ed<\/a> para mayor comodidad y acortar los tiempos de espera.<\/p>\n<p><strong>Seguro y confidencial<\/strong><\/p>\n<p>RealOptions se rige por estrictas pr\u00e1cticas de privacidad y cumple la ley de acuerdo con la Norma de Privacidad HIPAA. Nuestros pacientes pueden esperar la m\u00e1xima privacidad. Cuando visites una de nuestras cl\u00ednicas, las pruebas seguir\u00e1n siendo confidenciales; tus resultados se gestionar\u00e1n de forma segura a trav\u00e9s de tu portal en l\u00ednea y se comunicar\u00e1n en privado con una de nuestras enfermeras por tel\u00e9fono y\/o carta certificada, seg\u00fan sea necesario.<\/p>\n<h3>\u00bfCu\u00e1nto dura una cita de ETS?<\/h3>\n<ul>\n<li>Hasta 45 minutos desde la hora de llegada hasta la salida<\/li>\n<\/ul>\n<p>Puedes acceder a una serie de servicios de ETS de bajo coste o gratuitos en uno de nuestros cinco centros de pruebas del \u00c1rea de la Bah\u00eda. Ofrecemos servicios sin cita previa y con cita previa, con o sin seguro.<\/p>\n<p>Te debes a ti mismo estar seguro. No ignores el importante paso de someterte a una prueba.<\/p>\n<p>Estamos aqu\u00ed para ayudarte. El atento personal de RealOptions ofrece consultas confidenciales (privadas) que tienen en cuenta tus necesidades y preocupaciones.<\/p>\n<p>Como cl\u00ednica integral de salud reproductiva, entendemos que tu salud f\u00edsica y sexual es s\u00f3lo un componente de tu vida. Nos dedicamos a prestar servicios con una visi\u00f3n y un tratamiento hol\u00edsticos de la persona en su totalidad, teniendo en cuenta los factores sociales y mentales junto con los s\u00edntomas f\u00edsicos. Nuestros entrenadores formados en Salud \u00d3ptima est\u00e1n a tu disposici\u00f3n para compartir contigo herramientas e informaci\u00f3n que te ayuden a establecer relaciones sanas y a vivir tu mejor vida.<\/p>\n<p><a class=\"btn\" href=\"https:\/\/api.leadconnectorhq.com\/widget\/survey\/e4IR6RquMy1IKaiKIamb\" target=\"_blank\" rel=\"noopener noreferrer nofollow external\" data-wpel-link=\"external\">RESERVA ONLINE<\/a><\/p>\n","protected":false},"excerpt":{"rendered":"<p>RealOptions ofrece pruebas y tratamiento de ETS asequibles, lo que hace que las pruebas de ETS baratas sean una opci\u00f3n c\u00f3moda para las personas con o sin seguro que tienen franquicias elevadas, quieren confidencialidad y\/o cuyos m\u00e9dicos no les prescriben las pruebas de laboratorio que quieren hacerse.<\/p>\n","protected":false},"author":11,"featured_media":0,"parent":11903,"menu_order":2,"comment_status":"open","ping_status":"closed","template":"","meta":{"_acf_changed":false,"footnotes":"","_links_to":"","_links_to_target":""},"class_list":["post-11934","page","type-page","status-publish","hentry"],"acf":[],"yoast_head":"<!-- This site is optimized with the Yoast SEO plugin v27.3 - https:\/\/yoast.com\/product\/yoast-seo-wordpress\/ -->\n<title>Pruebas y tratamientos de ETS asequibles | RealOptions<\/title>\n<meta name=\"description\" content=\"\u00a1Hazte las pruebas de ETS en San Jos\u00e9 con RealOptions! Diagn\u00f3stico y tratamiento de clamidia y gonorrea. \u00a1Programa tu cita hoy mismo y cuida tu salud!\" \/>\n<meta name=\"robots\" content=\"index, follow, max-snippet:-1, max-image-preview:large, max-video-preview:-1\" \/>\n<link rel=\"canonical\" href=\"https:\/\/realoptions.net\/es\/sanidad-reproductiva\/salud-de-la-mujer\/pruebas-y-tratamiento-de-ets\/\" \/>\n<meta property=\"og:locale\" content=\"es_ES\" \/>\n<meta property=\"og:type\" content=\"article\" \/>\n<meta property=\"og:title\" content=\"Pruebas y tratamientos de ETS asequibles | RealOptions\" \/>\n<meta property=\"og:description\" content=\"\u00a1Hazte las pruebas de ETS en San Jos\u00e9 con RealOptions! Diagn\u00f3stico y tratamiento de clamidia y gonorrea. \u00a1Programa tu cita hoy mismo y cuida tu salud!\" \/>\n<meta property=\"og:url\" content=\"https:\/\/realoptions.net\/es\/sanidad-reproductiva\/salud-de-la-mujer\/pruebas-y-tratamiento-de-ets\/\" \/>\n<meta property=\"og:site_name\" content=\"RealOptions Obria Medical Clinic\" \/>\n<meta property=\"article:publisher\" content=\"https:\/\/www.facebook.com\/realoptions.centralsanjose\/\" \/>\n<meta property=\"article:modified_time\" content=\"2026-01-29T10:15:55+00:00\" \/>\n<meta name=\"twitter:card\" content=\"summary_large_image\" \/>\n<meta name=\"twitter:label1\" content=\"Tiempo de lectura\" \/>\n\t<meta name=\"twitter:data1\" content=\"3 minutos\" \/>\n<!-- \/ Yoast SEO plugin. -->","yoast_head_json":{"title":"Pruebas y tratamientos de ETS asequibles | RealOptions","description":"\u00a1Hazte las pruebas de ETS en San Jos\u00e9 con RealOptions! Diagn\u00f3stico y tratamiento de clamidia y gonorrea. \u00a1Programa tu cita hoy mismo y cuida tu salud!","robots":{"index":"index","follow":"follow","max-snippet":"max-snippet:-1","max-image-preview":"max-image-preview:large","max-video-preview":"max-video-preview:-1"},"canonical":"https:\/\/realoptions.net\/es\/sanidad-reproductiva\/salud-de-la-mujer\/pruebas-y-tratamiento-de-ets\/","og_locale":"es_ES","og_type":"article","og_title":"Pruebas y tratamientos de ETS asequibles | RealOptions","og_description":"\u00a1Hazte las pruebas de ETS en San Jos\u00e9 con RealOptions! Diagn\u00f3stico y tratamiento de clamidia y gonorrea. \u00a1Programa tu cita hoy mismo y cuida tu salud!","og_url":"https:\/\/realoptions.net\/es\/sanidad-reproductiva\/salud-de-la-mujer\/pruebas-y-tratamiento-de-ets\/","og_site_name":"RealOptions Obria Medical Clinic","article_publisher":"https:\/\/www.facebook.com\/realoptions.centralsanjose\/","article_modified_time":"2026-01-29T10:15:55+00:00","twitter_card":"summary_large_image","twitter_misc":{"Tiempo de lectura":"3 minutos"},"schema":{"@context":"https:\/\/schema.org","@graph":[{"@type":"WebPage","@id":"https:\/\/realoptions.net\/es\/sanidad-reproductiva\/salud-de-la-mujer\/pruebas-y-tratamiento-de-ets\/","url":"https:\/\/realoptions.net\/es\/sanidad-reproductiva\/salud-de-la-mujer\/pruebas-y-tratamiento-de-ets\/","name":"Pruebas y tratamientos de ETS asequibles | RealOptions","isPartOf":{"@id":"https:\/\/realoptions.net\/es\/#website"},"datePublished":"2019-10-03T07:00:00+00:00","dateModified":"2026-01-29T10:15:55+00:00","description":"\u00a1Hazte las pruebas de ETS en San Jos\u00e9 con RealOptions! Diagn\u00f3stico y tratamiento de clamidia y gonorrea. \u00a1Programa tu cita hoy mismo y cuida tu salud!","breadcrumb":{"@id":"https:\/\/realoptions.net\/es\/sanidad-reproductiva\/salud-de-la-mujer\/pruebas-y-tratamiento-de-ets\/#breadcrumb"},"inLanguage":"es","potentialAction":[{"@type":"ReadAction","target":["https:\/\/realoptions.net\/es\/sanidad-reproductiva\/salud-de-la-mujer\/pruebas-y-tratamiento-de-ets\/"]}]},{"@type":"BreadcrumbList","@id":"https:\/\/realoptions.net\/es\/sanidad-reproductiva\/salud-de-la-mujer\/pruebas-y-tratamiento-de-ets\/#breadcrumb","itemListElement":[{"@type":"ListItem","position":1,"name":"Home","item":"https:\/\/realoptions.net\/es\/"},{"@type":"ListItem","position":2,"name":"Sanidad Reproductiva","item":"https:\/\/realoptions.clmstaging.com\/reproductive-healthcare\/"},{"@type":"ListItem","position":3,"name":"Salud de la mujer","item":"https:\/\/realoptions.clmstaging.com\/reproductive-healthcare\/womens-health\/"},{"@type":"ListItem","position":4,"name":"Pruebas y tratamiento de ETS para mujeres"}]},{"@type":"WebSite","@id":"https:\/\/realoptions.net\/es\/#website","url":"https:\/\/realoptions.net\/es\/","name":"RealOptions Obria Medical Clinic","description":"","publisher":{"@id":"https:\/\/realoptions.net\/es\/#organization"},"potentialAction":[{"@type":"SearchAction","target":{"@type":"EntryPoint","urlTemplate":"https:\/\/realoptions.net\/es\/?s={search_term_string}"},"query-input":{"@type":"PropertyValueSpecification","valueRequired":true,"valueName":"search_term_string"}}],"inLanguage":"es"},{"@type":"Organization","@id":"https:\/\/realoptions.net\/es\/#organization","name":"Real Options Obria Medical Clinics","url":"https:\/\/realoptions.net\/es\/","logo":{"@type":"ImageObject","inLanguage":"es","@id":"https:\/\/realoptions.net\/es\/#\/schema\/logo\/image\/","url":"https:\/\/realoptions.net\/wp-content\/uploads\/2022\/04\/branding.webp","contentUrl":"https:\/\/realoptions.net\/wp-content\/uploads\/2022\/04\/branding.webp","width":450,"height":155,"caption":"Real Options Obria Medical Clinics"},"image":{"@id":"https:\/\/realoptions.net\/es\/#\/schema\/logo\/image\/"},"sameAs":["https:\/\/www.facebook.com\/realoptions.centralsanjose\/"]}]}},"_links":{"self":[{"href":"https:\/\/realoptions.net\/es\/wp-json\/wp\/v2\/pages\/11934","targetHints":{"allow":["GET"]}}],"collection":[{"href":"https:\/\/realoptions.net\/es\/wp-json\/wp\/v2\/pages"}],"about":[{"href":"https:\/\/realoptions.net\/es\/wp-json\/wp\/v2\/types\/page"}],"author":[{"embeddable":true,"href":"https:\/\/realoptions.net\/es\/wp-json\/wp\/v2\/users\/11"}],"replies":[{"embeddable":true,"href":"https:\/\/realoptions.net\/es\/wp-json\/wp\/v2\/comments?post=11934"}],"version-history":[{"count":3,"href":"https:\/\/realoptions.net\/es\/wp-json\/wp\/v2\/pages\/11934\/revisions"}],"predecessor-version":[{"id":14852,"href":"https:\/\/realoptions.net\/es\/wp-json\/wp\/v2\/pages\/11934\/revisions\/14852"}],"up":[{"embeddable":true,"href":"https:\/\/realoptions.net\/es\/wp-json\/wp\/v2\/pages\/11903"}],"wp:attachment":[{"href":"https:\/\/realoptions.net\/es\/wp-json\/wp\/v2\/media?parent=11934"}],"curies":[{"name":"wp","href":"https:\/\/api.w.org\/{rel}","templated":true}]}}