{"id":11933,"date":"2019-10-08T00:00:00","date_gmt":"2019-10-08T07:00:00","guid":{"rendered":"https:\/\/realoptions.net\/sanidad-reproductiva\/salud-de-la-mujer\/apoyo-a-la-perdida-reproductiva\/"},"modified":"2025-12-29T03:37:37","modified_gmt":"2025-12-29T11:37:37","slug":"apoyo-a-la-perdida-reproductiva","status":"publish","type":"page","link":"https:\/\/realoptions.net\/es\/sanidad-reproductiva\/salud-de-la-mujer\/apoyo-a-la-perdida-reproductiva\/","title":{"rendered":"Apoyo a la p\u00e9rdida reproductiva"},"content":{"rendered":"<h2>Esperanza, ayuda y curaci\u00f3n en un espacio compasivo.<\/h2>\n<h2>Apoyo a toda persona afectada por una p\u00e9rdida reproductiva.<\/h2>\n<p>En RealOptions Obria Medical Clinics, reconocemos que la p\u00e9rdida reproductiva puede afectar significativamente a mujeres, hombres y seres queridos. Desde 1981, nuestro deseo ha sido ofrecer recursos valiosos y apoyo inclusivo en un lugar seguro para que los dolientes encuentren esperanza, ayuda y curaci\u00f3n. Ofrecemos diversas opciones para ayudar a mujeres, hombres y parejas a superar su duelo. Nuestra oferta de servicios incluye sesiones de coaching en la cl\u00ednica, grupos de apoyo online semanales y retiros de fin de semana cinco veces al a\u00f1o.<\/p>\n<p><strong>\u00bfQu\u00e9 es la p\u00e9rdida reproductiva?<\/strong><br \/>\nIdentificamos como p\u00e9rdida reproductiva, entre otras, el aborto, la adopci\u00f3n, la infertilidad, el aborto espont\u00e1neo y el mortinato. Independientemente del tipo de p\u00e9rdida reproductiva, cuando la vida no va como se esperaba, estas p\u00e9rdidas suelen producirse con falta de apoyo y pueden dar lugar a un duelo no resuelto.<\/p>\n<p>Si t\u00fa o alguien que conoces est\u00e1 sufriendo por una p\u00e9rdida reproductiva, estamos aqu\u00ed para apoyarte. Tu salud y tu bienestar son importantes para todos en las Cl\u00ednicas M\u00e9dicas RealOptions Obria, donde tu voz importa. Llama o <a href=\"https:\/\/api.leadconnectorhq.com\/widget\/survey\/e4IR6RquMy1IKaiKIamb\" data-wpel-link=\"external\" target=\"_blank\" rel=\"nofollow external noopener noreferrer\">concierta una cita online<\/a> en una de nuestras cinco sedes del \u00c1rea de la Bah\u00eda. \u00a1No est\u00e1s solo!<\/p>\n","protected":false},"excerpt":{"rendered":"<p>Cada persona sufre de forma diferente, y no hay una respuesta &#8220;correcta&#8221; sobre c\u00f3mo afrontar el impacto del aborto, la adopci\u00f3n, la infertilidad, el aborto espont\u00e1neo y la muerte fetal. Pero no tienes por qu\u00e9 estar solo en este proceso. No importa cu\u00e1nto tiempo lleves de duelo, ofrecemos un lugar seguro y compasivo para explorar las complejas emociones de la p\u00e9rdida y proporcionar herramientas y estrategias basadas en la fe mientras construimos una comunidad de esperanza y conexi\u00f3n.<\/p>\n","protected":false},"author":11,"featured_media":0,"parent":11903,"menu_order":9,"comment_status":"closed","ping_status":"closed","template":"","meta":{"_acf_changed":false,"footnotes":"","_links_to":"","_links_to_target":""},"class_list":["post-11933","page","type-page","status-publish","hentry"],"acf":[],"yoast_head":"<!-- This site is optimized with the Yoast SEO plugin v27.3 - https:\/\/yoast.com\/product\/yoast-seo-wordpress\/ -->\n<title>Apoyo por P\u00e9rdida Reproductiva San Jos\u00e9, Oakland, Union City<\/title>\n<meta name=\"description\" content=\"P\u00e9rdida Reproductiva San Jose-Union City-Redwood City-Oakland RealOptions est\u00e1 aqu\u00ed para ti con apoyo confidencial.\" \/>\n<meta name=\"robots\" content=\"index, follow, max-snippet:-1, max-image-preview:large, max-video-preview:-1\" \/>\n<link rel=\"canonical\" href=\"https:\/\/realoptions.net\/es\/sanidad-reproductiva\/salud-de-la-mujer\/apoyo-a-la-perdida-reproductiva\/\" \/>\n<meta property=\"og:locale\" content=\"es_ES\" \/>\n<meta property=\"og:type\" content=\"article\" \/>\n<meta property=\"og:title\" content=\"Apoyo por P\u00e9rdida Reproductiva San Jos\u00e9, Oakland, Union City\" \/>\n<meta property=\"og:description\" content=\"P\u00e9rdida Reproductiva San Jose-Union City-Redwood City-Oakland RealOptions est\u00e1 aqu\u00ed para ti con apoyo confidencial.\" \/>\n<meta property=\"og:url\" content=\"https:\/\/realoptions.net\/es\/sanidad-reproductiva\/salud-de-la-mujer\/apoyo-a-la-perdida-reproductiva\/\" \/>\n<meta property=\"og:site_name\" content=\"RealOptions Obria Medical Clinic\" \/>\n<meta property=\"article:publisher\" content=\"https:\/\/www.facebook.com\/realoptions.centralsanjose\/\" \/>\n<meta property=\"article:modified_time\" content=\"2025-12-29T11:37:37+00:00\" \/>\n<meta name=\"twitter:card\" content=\"summary_large_image\" \/>\n<meta name=\"twitter:label1\" content=\"Tiempo de lectura\" \/>\n\t<meta name=\"twitter:data1\" content=\"1 minuto\" \/>\n<!-- \/ Yoast SEO plugin. -->","yoast_head_json":{"title":"Apoyo por P\u00e9rdida Reproductiva San Jos\u00e9, Oakland, Union City","description":"P\u00e9rdida Reproductiva San Jose-Union City-Redwood City-Oakland RealOptions est\u00e1 aqu\u00ed para ti con apoyo confidencial.","robots":{"index":"index","follow":"follow","max-snippet":"max-snippet:-1","max-image-preview":"max-image-preview:large","max-video-preview":"max-video-preview:-1"},"canonical":"https:\/\/realoptions.net\/es\/sanidad-reproductiva\/salud-de-la-mujer\/apoyo-a-la-perdida-reproductiva\/","og_locale":"es_ES","og_type":"article","og_title":"Apoyo por P\u00e9rdida Reproductiva San Jos\u00e9, Oakland, Union City","og_description":"P\u00e9rdida Reproductiva San Jose-Union City-Redwood City-Oakland RealOptions est\u00e1 aqu\u00ed para ti con apoyo confidencial.","og_url":"https:\/\/realoptions.net\/es\/sanidad-reproductiva\/salud-de-la-mujer\/apoyo-a-la-perdida-reproductiva\/","og_site_name":"RealOptions Obria Medical Clinic","article_publisher":"https:\/\/www.facebook.com\/realoptions.centralsanjose\/","article_modified_time":"2025-12-29T11:37:37+00:00","twitter_card":"summary_large_image","twitter_misc":{"Tiempo de lectura":"1 minuto"},"schema":{"@context":"https:\/\/schema.org","@graph":[{"@type":"WebPage","@id":"https:\/\/realoptions.net\/es\/sanidad-reproductiva\/salud-de-la-mujer\/apoyo-a-la-perdida-reproductiva\/","url":"https:\/\/realoptions.net\/es\/sanidad-reproductiva\/salud-de-la-mujer\/apoyo-a-la-perdida-reproductiva\/","name":"Apoyo por P\u00e9rdida Reproductiva San Jos\u00e9, Oakland, Union City","isPartOf":{"@id":"https:\/\/realoptions.net\/es\/#website"},"datePublished":"2019-10-08T07:00:00+00:00","dateModified":"2025-12-29T11:37:37+00:00","description":"P\u00e9rdida Reproductiva San Jose-Union City-Redwood City-Oakland RealOptions est\u00e1 aqu\u00ed para ti con apoyo confidencial.","breadcrumb":{"@id":"https:\/\/realoptions.net\/es\/sanidad-reproductiva\/salud-de-la-mujer\/apoyo-a-la-perdida-reproductiva\/#breadcrumb"},"inLanguage":"es","potentialAction":[{"@type":"ReadAction","target":["https:\/\/realoptions.net\/es\/sanidad-reproductiva\/salud-de-la-mujer\/apoyo-a-la-perdida-reproductiva\/"]}]},{"@type":"BreadcrumbList","@id":"https:\/\/realoptions.net\/es\/sanidad-reproductiva\/salud-de-la-mujer\/apoyo-a-la-perdida-reproductiva\/#breadcrumb","itemListElement":[{"@type":"ListItem","position":1,"name":"Home","item":"https:\/\/realoptions.net\/es\/"},{"@type":"ListItem","position":2,"name":"Sanidad Reproductiva","item":"https:\/\/realoptions.clmstaging.com\/reproductive-healthcare\/"},{"@type":"ListItem","position":3,"name":"Salud de la mujer","item":"https:\/\/realoptions.clmstaging.com\/reproductive-healthcare\/womens-health\/"},{"@type":"ListItem","position":4,"name":"Apoyo a la p\u00e9rdida reproductiva"}]},{"@type":"WebSite","@id":"https:\/\/realoptions.net\/es\/#website","url":"https:\/\/realoptions.net\/es\/","name":"RealOptions Obria Medical Clinic","description":"","publisher":{"@id":"https:\/\/realoptions.net\/es\/#organization"},"potentialAction":[{"@type":"SearchAction","target":{"@type":"EntryPoint","urlTemplate":"https:\/\/realoptions.net\/es\/?s={search_term_string}"},"query-input":{"@type":"PropertyValueSpecification","valueRequired":true,"valueName":"search_term_string"}}],"inLanguage":"es"},{"@type":"Organization","@id":"https:\/\/realoptions.net\/es\/#organization","name":"Real Options Obria Medical Clinics","url":"https:\/\/realoptions.net\/es\/","logo":{"@type":"ImageObject","inLanguage":"es","@id":"https:\/\/realoptions.net\/es\/#\/schema\/logo\/image\/","url":"https:\/\/realoptions.net\/wp-content\/uploads\/2022\/04\/branding.webp","contentUrl":"https:\/\/realoptions.net\/wp-content\/uploads\/2022\/04\/branding.webp","width":450,"height":155,"caption":"Real Options Obria Medical Clinics"},"image":{"@id":"https:\/\/realoptions.net\/es\/#\/schema\/logo\/image\/"},"sameAs":["https:\/\/www.facebook.com\/realoptions.centralsanjose\/"]}]}},"_links":{"self":[{"href":"https:\/\/realoptions.net\/es\/wp-json\/wp\/v2\/pages\/11933","targetHints":{"allow":["GET"]}}],"collection":[{"href":"https:\/\/realoptions.net\/es\/wp-json\/wp\/v2\/pages"}],"about":[{"href":"https:\/\/realoptions.net\/es\/wp-json\/wp\/v2\/types\/page"}],"author":[{"embeddable":true,"href":"https:\/\/realoptions.net\/es\/wp-json\/wp\/v2\/users\/11"}],"replies":[{"embeddable":true,"href":"https:\/\/realoptions.net\/es\/wp-json\/wp\/v2\/comments?post=11933"}],"version-history":[{"count":1,"href":"https:\/\/realoptions.net\/es\/wp-json\/wp\/v2\/pages\/11933\/revisions"}],"predecessor-version":[{"id":11961,"href":"https:\/\/realoptions.net\/es\/wp-json\/wp\/v2\/pages\/11933\/revisions\/11961"}],"up":[{"embeddable":true,"href":"https:\/\/realoptions.net\/es\/wp-json\/wp\/v2\/pages\/11903"}],"wp:attachment":[{"href":"https:\/\/realoptions.net\/es\/wp-json\/wp\/v2\/media?parent=11933"}],"curies":[{"name":"wp","href":"https:\/\/api.w.org\/{rel}","templated":true}]}}