{"id":11932,"date":"2022-08-26T15:01:45","date_gmt":"2022-08-26T22:01:45","guid":{"rendered":"https:\/\/realoptions.net\/estas-pensando-en-abortar\/deteccion-preaborto\/"},"modified":"2026-03-03T02:09:07","modified_gmt":"2026-03-03T10:09:07","slug":"deteccion-preaborto","status":"publish","type":"page","link":"https:\/\/realoptions.net\/es\/estas-pensando-en-abortar\/deteccion-preaborto\/","title":{"rendered":"Detecci\u00f3n preaborto"},"content":{"rendered":"<p>Si est\u00e1s embarazada y est\u00e1s pensando en abortar, te recomendamos que te sometas a una prueba de detecci\u00f3n preaborto. Un embarazo viable puede confirmarse mediante una prueba de embarazo de laboratorio y una ecograf\u00eda. \u00a1Te mereces el est\u00e1ndar ORO de atenci\u00f3n!<\/p>\n<p>Seg\u00fan la <a href=\"https:\/\/www.mayoclinic.org\/diseases-conditions\/pregnancy-loss-miscarriage\/symptoms-causes\/syc-20354298\" target=\"_blank\" rel=\"noopener nofollow external noreferrer\" data-wpel-link=\"external\">Cl\u00ednica Mayo<\/a>, entre el diez y el veinte por ciento de los embarazos conocidos acaban en aborto espont\u00e1neo. Una ecograf\u00eda lo har\u00e1:<\/p>\n<ul>\n<li aria-level=\"1\">Confirma el embarazo<\/li>\n<li aria-level=\"1\">Determinar gestaci\u00f3n \u00fanica o m\u00faltiple<\/li>\n<li aria-level=\"1\">Detectar el latido fetal<\/li>\n<li aria-level=\"1\">Determinar la edad fetal<\/li>\n<li aria-level=\"1\">Determinar la fecha de vencimiento<\/li>\n<li aria-level=\"1\">Determinar la localizaci\u00f3n del embarazo (intrauterino\/ect\u00f3pico)<\/li>\n<\/ul>\n<p>Existen procedimientos de <a href=\"https:\/\/medlineplus.gov\/ency\/article\/002912.htm#:~:text=Surgical%20abortion%20involves%20dilating%20the,checks%20if%20you%20are%20pregnant.\" target=\"_blank\" rel=\"noopener nofollow external noreferrer\" data-wpel-link=\"external\">aborto <\/a> <a href=\"https:\/\/www.fda.gov\/drugs\/postmarket-drug-safety-information-patients-and-providers\/questions-and-answers-mifepristone-medical-termination-pregnancy-through-ten-weeks-gestation\" target=\"_blank\" rel=\"noopener nofollow external noreferrer\" data-wpel-link=\"external\">farmacol\u00f3gico <\/a>y <a href=\"https:\/\/medlineplus.gov\/ency\/article\/002912.htm#:~:text=Surgical%20abortion%20involves%20dilating%20the,checks%20if%20you%20are%20pregnant.\" target=\"_blank\" rel=\"noopener nofollow external noreferrer\" data-wpel-link=\"external\">quir\u00fargico <\/a>. El tipo de procedimiento abortivo que elija tu m\u00e9dico depende de factores como tu estado de gestaci\u00f3n. Ten en cuenta que RealOptions no deriva ni practica abortos. Nosotros s\u00ed proporcionamos:<\/p>\n<h2>Ex\u00e1menes previos al aborto que pueden incluir:<\/h2>\n<ul>\n<li aria-level=\"1\"><a href=\"https:\/\/realoptions.net\/considering-abortion\/options-consultation\/\" data-wpel-link=\"external\" target=\"_blank\" rel=\"nofollow external noopener noreferrer\">Consulta sobre opciones de embarazo<\/a><\/li>\n<li aria-level=\"1\"><a href=\"https:\/\/realoptions.net\/es\/prueba-de-embarazo\/\" data-wpel-link=\"internal\">Prueba de embarazo en orina de calidad de laboratorio<\/a><\/li>\n<li aria-level=\"1\"><a href=\"https:\/\/realoptions.net\/es\/ecografia\/\" data-wpel-link=\"internal\">Ecograf\u00eda obst\u00e9trica si la prueba de embarazo es positiva<\/a><\/li>\n<li aria-level=\"1\"><a href=\"https:\/\/realoptions.net\/es\/sanidad-reproductiva\/salud-de-la-mujer\/pruebas-y-tratamiento-de-ets\/\" data-wpel-link=\"internal\">Pruebas y tratamiento de ETS<\/a><\/li>\n<li aria-level=\"1\"><a href=\"https:\/\/eforms.com\/verification\/pregnancy\/#:~:text=A%20pregnancy%20verification%20form%20is,comments%20related%20to%20the%20test.\" data-wpel-link=\"external\" target=\"_blank\" rel=\"nofollow external noopener noreferrer\">Verificaci\u00f3n de la prueba de embarazo<\/a><\/li>\n<\/ul>\n<p>La verificaci\u00f3n de la prueba de embarazo sirve como prueba de embarazo para las compa\u00f1\u00edas de seguros y los organismos que prestan servicios como el WIC ( Woman, Infants &amp; Children) si decides ser madre y las cl\u00ednicas abortistas si decides interrumpir tu embarazo. Si est\u00e1s embarazada y decides dar a luz a t\u00e9rmino, te proporcionamos una presunta elegibilidad para Medi-Cal, y aceptamos el seguro de Medi-Cal. Todos nuestros servicios, incluida la <a href=\"https:\/\/realoptions.net\/es\/sanidad-reproductiva\/salud-de-la-mujer\/atencion-prenatal\/\" data-wpel-link=\"internal\">atenci\u00f3n prenatal<\/a>, se prestan con o sin seguro. <a href=\"https:\/\/www.fns.usda.gov\/wic\/apply\" target=\"_blank\" rel=\"noopener nofollow external noreferrer\" data-wpel-link=\"external\">Haz clic aqu\u00ed<\/a> para solicitar el <b>programa WIC.<\/b><\/p>\n<p>Te recomendamos que te sometas a pruebas de detecci\u00f3n de <a href=\"https:\/\/realoptions.net\/es\/sanidad-reproductiva\/salud-de-la-mujer\/pruebas-y-tratamiento-de-ets\/\" data-wpel-link=\"internal\">enfermedades e infecciones de transmisi\u00f3n<\/a> sexual si has sido<a href=\"https:\/\/infectiousdiseaseclinic.com\/when-should-i-get-tested-for-stds\/\" target=\"_blank\" rel=\"noopener nofollow external noreferrer\" data-wpel-link=\"external\"> sexualmente activa<\/a> y est\u00e1s embarazada. Es muy importante que una <a href=\"https:\/\/patient.info\/womens-health\/pelvic-pain-in-women\/pelvic-inflammatory-disease\" target=\"_blank\" rel=\"noopener nofollow external noreferrer\" data-wpel-link=\"external\">infecci\u00f3n de transmisi\u00f3n <\/a>sexual se trate antes de un aborto para evitar la propagaci\u00f3n de la infecci\u00f3n durante el procedimiento abortivo.<\/p>\n<p>Estamos aqu\u00ed para ayudarte a comprender todas tus opciones, para que puedas tomar una decisi\u00f3n con conocimiento de causa. <b>Si te preocupa tu capacidad econ\u00f3mica para pagar un servicio, puedes optar a un programa de ayuda econ\u00f3mica financiado por el Estado que te prestar\u00eda servicios sin coste alguno.<\/b><\/p>\n<p>RealOptions ofrece <a href=\"https:\/\/realoptions.net\/es\/estas-pensando-en-abortar\/deteccion-preaborto\/\" data-wpel-link=\"internal\">ex\u00e1menes previos al aborto<\/a> y consultas confidenciales y m\u00e9dicamente precisas sobre todas las opciones de embarazo.<\/p>\n<p>No derivamos ni prestamos servicios de aborto en nuestras cl\u00ednicas.<\/p>\n","protected":false},"excerpt":{"rendered":"<p>Si est\u00e1s embarazada y est\u00e1s pensando en abortar, te recomendamos que te sometas a una prueba de detecci\u00f3n preaborto. Un embarazo viable puede confirmarse mediante una prueba de embarazo de laboratorio y una ecograf\u00eda.<\/p>\n","protected":false},"author":11,"featured_media":0,"parent":11900,"menu_order":1,"comment_status":"closed","ping_status":"closed","template":"","meta":{"_acf_changed":false,"footnotes":"","_links_to":"","_links_to_target":""},"class_list":["post-11932","page","type-page","status-publish","hentry"],"acf":[],"yoast_head":"<!-- This site is optimized with the Yoast SEO plugin v27.3 - https:\/\/yoast.com\/product\/yoast-seo-wordpress\/ -->\n<title>Detecci\u00f3n preaborto San Jose-Oakland-Redwood City-Union City<\/title>\n<meta name=\"description\" content=\"RealOptions ofrece, antes del aborto, consultas confidenciales y m\u00e9dicamente precisas sobre todas las opciones de embarazo.\" \/>\n<meta name=\"robots\" content=\"index, follow, max-snippet:-1, max-image-preview:large, max-video-preview:-1\" \/>\n<link rel=\"canonical\" href=\"https:\/\/realoptions.net\/es\/estas-pensando-en-abortar\/deteccion-preaborto\/\" \/>\n<meta property=\"og:locale\" content=\"es_ES\" \/>\n<meta property=\"og:type\" content=\"article\" \/>\n<meta property=\"og:title\" content=\"Detecci\u00f3n preaborto San Jose-Oakland-Redwood City-Union City\" \/>\n<meta property=\"og:description\" content=\"RealOptions ofrece, antes del aborto, consultas confidenciales y m\u00e9dicamente precisas sobre todas las opciones de embarazo.\" \/>\n<meta property=\"og:url\" content=\"https:\/\/realoptions.net\/es\/estas-pensando-en-abortar\/deteccion-preaborto\/\" \/>\n<meta property=\"og:site_name\" content=\"RealOptions Obria Medical Clinic\" \/>\n<meta property=\"article:publisher\" content=\"https:\/\/www.facebook.com\/realoptions.centralsanjose\/\" \/>\n<meta property=\"article:modified_time\" content=\"2026-03-03T10:09:07+00:00\" \/>\n<meta name=\"twitter:card\" content=\"summary_large_image\" \/>\n<meta name=\"twitter:label1\" content=\"Tiempo de lectura\" \/>\n\t<meta name=\"twitter:data1\" content=\"2 minutos\" \/>\n<!-- \/ Yoast SEO plugin. -->","yoast_head_json":{"title":"Detecci\u00f3n preaborto San Jose-Oakland-Redwood City-Union City","description":"RealOptions ofrece, antes del aborto, consultas confidenciales y m\u00e9dicamente precisas sobre todas las opciones de embarazo.","robots":{"index":"index","follow":"follow","max-snippet":"max-snippet:-1","max-image-preview":"max-image-preview:large","max-video-preview":"max-video-preview:-1"},"canonical":"https:\/\/realoptions.net\/es\/estas-pensando-en-abortar\/deteccion-preaborto\/","og_locale":"es_ES","og_type":"article","og_title":"Detecci\u00f3n preaborto San Jose-Oakland-Redwood City-Union City","og_description":"RealOptions ofrece, antes del aborto, consultas confidenciales y m\u00e9dicamente precisas sobre todas las opciones de embarazo.","og_url":"https:\/\/realoptions.net\/es\/estas-pensando-en-abortar\/deteccion-preaborto\/","og_site_name":"RealOptions Obria Medical Clinic","article_publisher":"https:\/\/www.facebook.com\/realoptions.centralsanjose\/","article_modified_time":"2026-03-03T10:09:07+00:00","twitter_card":"summary_large_image","twitter_misc":{"Tiempo de lectura":"2 minutos"},"schema":{"@context":"https:\/\/schema.org","@graph":[{"@type":"WebPage","@id":"https:\/\/realoptions.net\/es\/estas-pensando-en-abortar\/deteccion-preaborto\/","url":"https:\/\/realoptions.net\/es\/estas-pensando-en-abortar\/deteccion-preaborto\/","name":"Detecci\u00f3n preaborto San Jose-Oakland-Redwood City-Union City","isPartOf":{"@id":"https:\/\/realoptions.net\/es\/#website"},"datePublished":"2022-08-26T22:01:45+00:00","dateModified":"2026-03-03T10:09:07+00:00","description":"RealOptions ofrece, antes del aborto, consultas confidenciales y m\u00e9dicamente precisas sobre todas las opciones de embarazo.","breadcrumb":{"@id":"https:\/\/realoptions.net\/es\/estas-pensando-en-abortar\/deteccion-preaborto\/#breadcrumb"},"inLanguage":"es","potentialAction":[{"@type":"ReadAction","target":["https:\/\/realoptions.net\/es\/estas-pensando-en-abortar\/deteccion-preaborto\/"]}]},{"@type":"BreadcrumbList","@id":"https:\/\/realoptions.net\/es\/estas-pensando-en-abortar\/deteccion-preaborto\/#breadcrumb","itemListElement":[{"@type":"ListItem","position":1,"name":"Home","item":"https:\/\/realoptions.net\/es\/"},{"@type":"ListItem","position":2,"name":"\u00bfEst\u00e1s pensando en abortar?","item":"https:\/\/realoptions.clmstaging.com\/considering-abortion\/"},{"@type":"ListItem","position":3,"name":"Detecci\u00f3n preaborto"}]},{"@type":"WebSite","@id":"https:\/\/realoptions.net\/es\/#website","url":"https:\/\/realoptions.net\/es\/","name":"RealOptions Obria Medical Clinic","description":"","publisher":{"@id":"https:\/\/realoptions.net\/es\/#organization"},"potentialAction":[{"@type":"SearchAction","target":{"@type":"EntryPoint","urlTemplate":"https:\/\/realoptions.net\/es\/?s={search_term_string}"},"query-input":{"@type":"PropertyValueSpecification","valueRequired":true,"valueName":"search_term_string"}}],"inLanguage":"es"},{"@type":"Organization","@id":"https:\/\/realoptions.net\/es\/#organization","name":"Real Options Obria Medical Clinics","url":"https:\/\/realoptions.net\/es\/","logo":{"@type":"ImageObject","inLanguage":"es","@id":"https:\/\/realoptions.net\/es\/#\/schema\/logo\/image\/","url":"https:\/\/realoptions.net\/wp-content\/uploads\/2022\/04\/branding.webp","contentUrl":"https:\/\/realoptions.net\/wp-content\/uploads\/2022\/04\/branding.webp","width":450,"height":155,"caption":"Real Options Obria Medical Clinics"},"image":{"@id":"https:\/\/realoptions.net\/es\/#\/schema\/logo\/image\/"},"sameAs":["https:\/\/www.facebook.com\/realoptions.centralsanjose\/"]}]}},"_links":{"self":[{"href":"https:\/\/realoptions.net\/es\/wp-json\/wp\/v2\/pages\/11932","targetHints":{"allow":["GET"]}}],"collection":[{"href":"https:\/\/realoptions.net\/es\/wp-json\/wp\/v2\/pages"}],"about":[{"href":"https:\/\/realoptions.net\/es\/wp-json\/wp\/v2\/types\/page"}],"author":[{"embeddable":true,"href":"https:\/\/realoptions.net\/es\/wp-json\/wp\/v2\/users\/11"}],"replies":[{"embeddable":true,"href":"https:\/\/realoptions.net\/es\/wp-json\/wp\/v2\/comments?post=11932"}],"version-history":[{"count":8,"href":"https:\/\/realoptions.net\/es\/wp-json\/wp\/v2\/pages\/11932\/revisions"}],"predecessor-version":[{"id":14966,"href":"https:\/\/realoptions.net\/es\/wp-json\/wp\/v2\/pages\/11932\/revisions\/14966"}],"up":[{"embeddable":true,"href":"https:\/\/realoptions.net\/es\/wp-json\/wp\/v2\/pages\/11900"}],"wp:attachment":[{"href":"https:\/\/realoptions.net\/es\/wp-json\/wp\/v2\/media?parent=11932"}],"curies":[{"name":"wp","href":"https:\/\/api.w.org\/{rel}","templated":true}]}}