{"id":11927,"date":"2022-02-19T04:23:42","date_gmt":"2022-02-19T12:23:42","guid":{"rendered":"https:\/\/realoptions.net\/realtalk-educacion\/video-testimonial\/"},"modified":"2025-12-14T20:55:22","modified_gmt":"2025-12-15T04:55:22","slug":"video-testimonial","status":"publish","type":"page","link":"https:\/\/realoptions.net\/es\/video-testimonial\/","title":{"rendered":"V\u00eddeo testimonial"},"content":{"rendered":"","protected":false},"excerpt":{"rendered":"<p>Aprende de alumnos y profesores reales c\u00f3mo la Educaci\u00f3n RealTalk ha cambiado sus vidas.<\/p>\n","protected":false},"author":11,"featured_media":14462,"parent":0,"menu_order":3,"comment_status":"closed","ping_status":"closed","template":"","meta":{"_acf_changed":false,"footnotes":"","_links_to":"","_links_to_target":""},"class_list":["post-11927","page","type-page","status-publish","has-post-thumbnail","hentry"],"acf":[],"yoast_head":"<!-- This site is optimized with the Yoast SEO plugin v27.3 - https:\/\/yoast.com\/product\/yoast-seo-wordpress\/ -->\n<title>V\u00eddeos testimoniales de RealTalk | Profesores Y Estudiantes<\/title>\n<meta name=\"description\" content=\"Descubre el poder de la educaci\u00f3n con RealOptions Obria Medical Clinics y averigua c\u00f3mo puedes unirte a ellos.\" \/>\n<meta name=\"robots\" content=\"index, follow, max-snippet:-1, max-image-preview:large, max-video-preview:-1\" \/>\n<link rel=\"canonical\" href=\"https:\/\/realoptions.net\/es\/video-testimonial\/\" \/>\n<meta property=\"og:locale\" content=\"es_ES\" \/>\n<meta property=\"og:type\" content=\"article\" \/>\n<meta property=\"og:title\" content=\"V\u00eddeos testimoniales de RealTalk | Profesores Y Estudiantes\" \/>\n<meta property=\"og:description\" content=\"Descubre el poder de la educaci\u00f3n con RealOptions Obria Medical Clinics y averigua c\u00f3mo puedes unirte a ellos.\" \/>\n<meta property=\"og:url\" content=\"https:\/\/realoptions.net\/es\/video-testimonial\/\" \/>\n<meta property=\"og:site_name\" content=\"RealOptions Obria Medical Clinic\" \/>\n<meta property=\"article:publisher\" content=\"https:\/\/www.facebook.com\/realoptions.centralsanjose\/\" \/>\n<meta property=\"article:modified_time\" content=\"2025-12-15T04:55:22+00:00\" \/>\n<meta property=\"og:image\" content=\"https:\/\/realoptions.clmstaging.com\/wp-content\/uploads\/2025\/12\/shutterstock_2146988953.jpg\" \/>\n\t<meta property=\"og:image:width\" content=\"1920\" \/>\n\t<meta property=\"og:image:height\" content=\"886\" \/>\n\t<meta property=\"og:image:type\" content=\"image\/jpeg\" \/>\n<meta name=\"twitter:card\" content=\"summary_large_image\" \/>\n<meta name=\"twitter:label1\" content=\"Tiempo de lectura\" \/>\n\t<meta name=\"twitter:data1\" content=\"1 minuto\" \/>\n<!-- \/ Yoast SEO plugin. -->","yoast_head_json":{"title":"V\u00eddeos testimoniales de RealTalk | Profesores Y Estudiantes","description":"Descubre el poder de la educaci\u00f3n con RealOptions Obria Medical Clinics y averigua c\u00f3mo puedes unirte a ellos.","robots":{"index":"index","follow":"follow","max-snippet":"max-snippet:-1","max-image-preview":"max-image-preview:large","max-video-preview":"max-video-preview:-1"},"canonical":"https:\/\/realoptions.net\/es\/video-testimonial\/","og_locale":"es_ES","og_type":"article","og_title":"V\u00eddeos testimoniales de RealTalk | Profesores Y Estudiantes","og_description":"Descubre el poder de la educaci\u00f3n con RealOptions Obria Medical Clinics y averigua c\u00f3mo puedes unirte a ellos.","og_url":"https:\/\/realoptions.net\/es\/video-testimonial\/","og_site_name":"RealOptions Obria Medical Clinic","article_publisher":"https:\/\/www.facebook.com\/realoptions.centralsanjose\/","article_modified_time":"2025-12-15T04:55:22+00:00","og_image":[{"width":1920,"height":886,"url":"https:\/\/realoptions.clmstaging.com\/wp-content\/uploads\/2025\/12\/shutterstock_2146988953.jpg","type":"image\/jpeg"}],"twitter_card":"summary_large_image","twitter_misc":{"Tiempo de lectura":"1 minuto"},"schema":{"@context":"https:\/\/schema.org","@graph":[{"@type":"WebPage","@id":"https:\/\/realoptions.net\/es\/video-testimonial\/","url":"https:\/\/realoptions.net\/es\/video-testimonial\/","name":"V\u00eddeos testimoniales de RealTalk | Profesores Y Estudiantes","isPartOf":{"@id":"https:\/\/realoptions.clmstaging.com\/#website"},"primaryImageOfPage":{"@id":"https:\/\/realoptions.net\/es\/video-testimonial\/#primaryimage"},"image":{"@id":"https:\/\/realoptions.net\/es\/video-testimonial\/#primaryimage"},"thumbnailUrl":"https:\/\/realoptions.net\/wp-content\/uploads\/2025\/12\/shutterstock_2146988953.jpg","datePublished":"2022-02-19T12:23:42+00:00","dateModified":"2025-12-15T04:55:22+00:00","description":"Descubre el poder de la educaci\u00f3n con RealOptions Obria Medical Clinics y averigua c\u00f3mo puedes unirte a ellos.","breadcrumb":{"@id":"https:\/\/realoptions.net\/es\/video-testimonial\/#breadcrumb"},"inLanguage":"es","potentialAction":[{"@type":"ReadAction","target":["https:\/\/realoptions.net\/es\/video-testimonial\/"]}]},{"@type":"ImageObject","inLanguage":"es","@id":"https:\/\/realoptions.net\/es\/video-testimonial\/#primaryimage","url":"https:\/\/realoptions.net\/wp-content\/uploads\/2025\/12\/shutterstock_2146988953.jpg","contentUrl":"https:\/\/realoptions.net\/wp-content\/uploads\/2025\/12\/shutterstock_2146988953.jpg","width":1920,"height":886,"caption":"Video Testimonial"},{"@type":"BreadcrumbList","@id":"https:\/\/realoptions.net\/es\/video-testimonial\/#breadcrumb","itemListElement":[{"@type":"ListItem","position":1,"name":"Home","item":"https:\/\/realoptions.clmstaging.com\/es\/"},{"@type":"ListItem","position":2,"name":"V\u00eddeo testimonial"}]},{"@type":"WebSite","@id":"https:\/\/realoptions.clmstaging.com\/#website","url":"https:\/\/realoptions.clmstaging.com\/","name":"RealOptions Obria Medical Clinic","description":"","publisher":{"@id":"https:\/\/realoptions.clmstaging.com\/#organization"},"potentialAction":[{"@type":"SearchAction","target":{"@type":"EntryPoint","urlTemplate":"https:\/\/realoptions.clmstaging.com\/?s={search_term_string}"},"query-input":{"@type":"PropertyValueSpecification","valueRequired":true,"valueName":"search_term_string"}}],"inLanguage":"es"},{"@type":"Organization","@id":"https:\/\/realoptions.clmstaging.com\/#organization","name":"Real Options Obria Medical Clinics","url":"https:\/\/realoptions.clmstaging.com\/","logo":{"@type":"ImageObject","inLanguage":"es","@id":"https:\/\/realoptions.clmstaging.com\/#\/schema\/logo\/image\/","url":"https:\/\/realoptions.net\/wp-content\/uploads\/2022\/04\/branding.webp","contentUrl":"https:\/\/realoptions.net\/wp-content\/uploads\/2022\/04\/branding.webp","width":450,"height":155,"caption":"Real Options Obria Medical Clinics"},"image":{"@id":"https:\/\/realoptions.clmstaging.com\/#\/schema\/logo\/image\/"},"sameAs":["https:\/\/www.facebook.com\/realoptions.centralsanjose\/"]}]}},"_links":{"self":[{"href":"https:\/\/realoptions.net\/es\/wp-json\/wp\/v2\/pages\/11927","targetHints":{"allow":["GET"]}}],"collection":[{"href":"https:\/\/realoptions.net\/es\/wp-json\/wp\/v2\/pages"}],"about":[{"href":"https:\/\/realoptions.net\/es\/wp-json\/wp\/v2\/types\/page"}],"author":[{"embeddable":true,"href":"https:\/\/realoptions.net\/es\/wp-json\/wp\/v2\/users\/11"}],"replies":[{"embeddable":true,"href":"https:\/\/realoptions.net\/es\/wp-json\/wp\/v2\/comments?post=11927"}],"version-history":[{"count":1,"href":"https:\/\/realoptions.net\/es\/wp-json\/wp\/v2\/pages\/11927\/revisions"}],"predecessor-version":[{"id":11937,"href":"https:\/\/realoptions.net\/es\/wp-json\/wp\/v2\/pages\/11927\/revisions\/11937"}],"wp:featuredmedia":[{"embeddable":true,"href":"https:\/\/realoptions.net\/es\/wp-json\/wp\/v2\/media\/14462"}],"wp:attachment":[{"href":"https:\/\/realoptions.net\/es\/wp-json\/wp\/v2\/media?parent=11927"}],"curies":[{"name":"wp","href":"https:\/\/api.w.org\/{rel}","templated":true}]}}