{"id":11924,"date":"2024-04-02T10:36:51","date_gmt":"2024-04-02T17:36:51","guid":{"rendered":"https:\/\/realoptions.net\/perdida-reproductiva\/retiros-en-el-vinedo-de-raquel\/"},"modified":"2026-03-03T02:03:20","modified_gmt":"2026-03-03T10:03:20","slug":"retiros-en-el-vinedo-de-raquel","status":"publish","type":"page","link":"https:\/\/realoptions.net\/es\/perdida-reproductiva\/retiros-en-el-vinedo-de-raquel\/","title":{"rendered":"Retiros en el Vi\u00f1edo de Raquel"},"content":{"rendered":"<picture class=\"alignnone wp-image-9972 size-full\"><source srcset=\"https:\/\/realoptions.net\/wp-content\/uploads\/2023\/06\/RV_Banner_2023.jpg.webp 1600w, https:\/\/realoptions.net\/wp-content\/uploads\/2023\/06\/RV_Banner_2023-300x158.jpg.webp 300w, https:\/\/realoptions.net\/wp-content\/uploads\/2023\/06\/RV_Banner_2023-1024x538.jpg.webp 1024w, https:\/\/realoptions.net\/wp-content\/uploads\/2023\/06\/RV_Banner_2023-768x403.jpg.webp 768w, https:\/\/realoptions.net\/wp-content\/uploads\/2023\/06\/RV_Banner_2023-1536x806.jpg.webp 1536w, https:\/\/realoptions.net\/wp-content\/uploads\/2023\/06\/RV_Banner_2023-320x168.jpg.webp 320w, https:\/\/realoptions.net\/wp-content\/uploads\/2023\/06\/RV_Banner_2023-480x252.jpg.webp 480w, https:\/\/realoptions.net\/wp-content\/uploads\/2023\/06\/RV_Banner_2023-800x420.jpg.webp 800w\" type=\"image\/webp\" sizes=\"(max-width: 1600px) 100vw, 1600px\" \/><\/picture><picture class=\"alignnone wp-image-9972 size-full\"><img decoding=\"async\" class=\"mb-5\" src=\"https:\/\/realoptions.net\/wp-content\/uploads\/2023\/06\/RV_Banner_2023.jpg\" sizes=\"(max-width: 1600px) 100vw, 1600px\" srcset=\"https:\/\/realoptions.net\/wp-content\/uploads\/2023\/06\/RV_Banner_2023.jpg 1600w, https:\/\/realoptions.net\/wp-content\/uploads\/2023\/06\/RV_Banner_2023-300x158.jpg 300w, https:\/\/realoptions.net\/wp-content\/uploads\/2023\/06\/RV_Banner_2023-1024x538.jpg 1024w, https:\/\/realoptions.net\/wp-content\/uploads\/2023\/06\/RV_Banner_2023-768x403.jpg 768w, https:\/\/realoptions.net\/wp-content\/uploads\/2023\/06\/RV_Banner_2023-1536x806.jpg 1536w, https:\/\/realoptions.net\/wp-content\/uploads\/2023\/06\/RV_Banner_2023-320x168.jpg 320w, https:\/\/realoptions.net\/wp-content\/uploads\/2023\/06\/RV_Banner_2023-480x252.jpg 480w, https:\/\/realoptions.net\/wp-content\/uploads\/2023\/06\/RV_Banner_2023-800x420.jpg 800w\" alt=\"\" width=\"1600\" height=\"840\" \/><\/picture>\n<p>Las experiencias de pena y dolor a menudo no se nombran ni se dicen, pero ambas suelen acompa\u00f1ar al aborto, la adopci\u00f3n, la infertilidad, el aborto espont\u00e1neo y el mortinato. Aunque estas experiencias son diferentes en algunos aspectos, a menudo hay luchas similares. Se anima a mujeres, hombres y parejas -a cualquiera afectado por una p\u00e9rdida reproductiva- a asistir al Retiro del Vi\u00f1edo de Raquel.<\/p>\n<p><a href=\"https:\/\/www.guttmacher.org\/news-release\/2017\/abortion-common-experience-us-women-despite-dramatic-declines-rates\" target=\"_blank\" rel=\"noopener nofollow external noreferrer\" data-wpel-link=\"external\">Casi 1 de cada 4 mujeres<\/a> y hombres se ha visto afectado por un aborto. <a href=\"https:\/\/www.singlecare.com\/blog\/news\/infertility-statistics\/\" target=\"_blank\" rel=\"noopener nofollow external noreferrer\" data-wpel-link=\"external\">Se calcula que el 15% de las parejas <\/a>tendr\u00e1n problemas para concebir o se ver\u00e1n afectadas por la infertilidad, <a href=\"https:\/\/www.mayoclinic.org\/diseases-conditions\/pregnancy-loss-miscarriage\/symptoms-causes\/syc-20354298\" target=\"_blank\" rel=\"noopener nofollow external noreferrer\" data-wpel-link=\"external\">el 10-20% <\/a> se ver\u00e1n afectadas por abortos espont\u00e1neos y 1 de cada 175 por mortinatos.<\/p>\n<p>Este ministerio internacional es un lugar confidencial y seguro para compartir tu historia y descubrir el coraz\u00f3n de compasi\u00f3n y misericordia de Dios. El retiro es un entorno no confesional e interreligioso que ofrece principios y perspectivas b\u00edblicos para la restauraci\u00f3n. Este retiro se celebra en un centro de retiros local. El valor econ\u00f3mico del retiro es de <strong> 600$.<\/strong> Sin embargo, a los participantes en el retiro s\u00f3lo se les cobran <strong> 325$,<\/strong> que incluyen el alojamiento en habitaci\u00f3n individual durante dos noches, todas las comidas y los suministros para el retiro. Hay becas disponibles. Ponte en contacto con nosotros en <a href=\"mailto:hope@realoptions.net\">hope@realoptions.net<\/a> para obtener m\u00e1s informaci\u00f3n. \u00a1Este es un lugar valioso para ser amable contigo mismo y explorar la renovaci\u00f3n espiritual!<\/p>\n<p><em>&#8220;He estado en 8-10 retiros a lo largo de mi vida, y ninguno de ellos me impact\u00f3 tanto como el Vi\u00f1edo de Raquel. Recib\u00ed una cantidad incre\u00edble de apoyo y la curaci\u00f3n definitiva&#8221;. Annette<\/em><\/p>\n<p><em>&#8220;Vine con mi c\u00f3nyuge. Me alegro mucho de que animaras a los c\u00f3nyuges a venir, y me alegro de que \u00e9l viniera. Me alegro mucho de que los hombres tuvieran sus propios grupos para compartir<\/em>.&#8221; <em>Jennifer <\/em><\/p>\n<p>&#8220;<em>El equipo de liderazgo fue impresionante y su compromiso y cuidado con cada persona en el retiro se sinti\u00f3 y se demostr\u00f3<\/em>&#8220;. <em>Karen<\/em><\/p>\n<h2>Retiro biling\u00fce espa\u00f1ol\/ingl\u00e9s de fin de semana del Vi\u00f1edo de Raquel-<\/h2>\n<h3 style=\"text-align: left;\"><strong><br \/>\n19-21 de abril de 2024<br \/>\n28-30 de junio de 2024<br \/>\n<\/strong><\/h3>\n<p>El Retiro de abril est\u00e1 completo, pero ponte en contacto con <a href=\"mailto:becky@realoptions.net\">becky@realoptions.net<\/a> si quieres que te a\u00f1adamos a la lista de espera en caso de cancelaciones.<\/p>\n<p>Ponte en contacto con Jenn Gonzales si hablas espa\u00f1ol.<\/p>\n<p>*La solicitud no garantiza tu reserva.<\/p>\n<p>Se requiere una cita telef\u00f3nica para completar el proceso de solicitud.<br \/>\nPara m\u00e1s informaci\u00f3n, env\u00eda un mensaje de texto o llama al <a href=\"tel:4084445472\" data-wpel-link=\"internal\">408.444.5472<\/a><\/p>\n<p><strong>Este sitio no es un sitio de asesoramiento profesional, ni pretende sustituir al asesoramiento profesional. A veces, una experiencia de p\u00e9rdida reproductiva puede crear emociones intensas con las que quiz\u00e1 no te sientas preparado para lidiar por ti mismo. Llama al Tel\u00e9fono Nacional de Prevenci\u00f3n del Suicidio 1-800-273-TALK (1-800-273-8255) si est\u00e1s pensando o planeas hacerte da\u00f1o.<\/strong><\/p>\n<hr \/>\n<p>Si t\u00fa o un ser querido hab\u00e9is sido bendecidos por nuestros Retiros del Vi\u00f1edo de Raquel y quer\u00e9is retribuir contribuyendo a nuestro fondo de becas econ\u00f3micas, haz clic en el bot\u00f3n de abajo y designa tu donaci\u00f3n a &#8220;Programa Esperanza&#8221;.<\/p>\n<p>Gracias.<\/p>\n","protected":false},"excerpt":{"rendered":"<p>\u00bfTe ha afectado la p\u00e9rdida reproductiva? Este ministerio internacional es un lugar confidencial y seguro para compartir tu historia y descubrir el coraz\u00f3n de compasi\u00f3n y misericordia de Dios. El retiro es un entorno no confesional e interreligioso que ofrece principios y perspectivas b\u00edblicos para la restauraci\u00f3n.<\/p>\n","protected":false},"author":10,"featured_media":0,"parent":11916,"menu_order":2,"comment_status":"closed","ping_status":"closed","template":"","meta":{"_acf_changed":false,"footnotes":"","_links_to":"","_links_to_target":""},"class_list":["post-11924","page","type-page","status-publish","hentry"],"acf":[],"yoast_head":"<!-- This site is optimized with the Yoast SEO plugin v27.4 - https:\/\/yoast.com\/product\/yoast-seo-wordpress\/ -->\n<title>Retiros en el Vi\u00f1edo de Rachel | San Jos\u00e9, Oakland y Union City<\/title>\n<meta name=\"description\" content=\"RealOptions Obria Medical Clinic offers no-cost pregnancy services. Read more about Retiros en el Vi\u00f1edo de Raquel in this page. Contact us\" \/>\n<meta name=\"robots\" content=\"index, follow, max-snippet:-1, max-image-preview:large, max-video-preview:-1\" \/>\n<link rel=\"canonical\" href=\"https:\/\/realoptions.net\/es\/perdida-reproductiva\/retiros-en-el-vinedo-de-raquel\/\" \/>\n<meta property=\"og:locale\" content=\"es_ES\" \/>\n<meta property=\"og:type\" content=\"article\" \/>\n<meta property=\"og:title\" content=\"Retiros en el Vi\u00f1edo de Rachel | San Jos\u00e9, Oakland y Union City\" \/>\n<meta property=\"og:description\" content=\"RealOptions Obria Medical Clinic offers no-cost pregnancy services. Read more about Retiros en el Vi\u00f1edo de Raquel in this page. Contact us\" \/>\n<meta property=\"og:url\" content=\"https:\/\/realoptions.net\/es\/perdida-reproductiva\/retiros-en-el-vinedo-de-raquel\/\" \/>\n<meta property=\"og:site_name\" content=\"RealOptions Obria Medical Clinic\" \/>\n<meta property=\"article:publisher\" content=\"https:\/\/www.facebook.com\/realoptions.centralsanjose\/\" \/>\n<meta property=\"article:modified_time\" content=\"2026-03-03T10:03:20+00:00\" \/>\n<meta property=\"og:image\" content=\"https:\/\/realoptions.net\/wp-content\/uploads\/2023\/06\/RV_Banner_2023.jpg\" \/>\n<meta name=\"twitter:card\" content=\"summary_large_image\" \/>\n<meta name=\"twitter:label1\" content=\"Tiempo de lectura\" \/>\n\t<meta name=\"twitter:data1\" content=\"3 minutos\" \/>\n<!-- \/ Yoast SEO plugin. -->","yoast_head_json":{"title":"Retiros en el Vi\u00f1edo de Rachel | San Jos\u00e9, Oakland y Union City","description":"RealOptions Obria Medical Clinic offers no-cost pregnancy services. Read more about Retiros en el Vi\u00f1edo de Raquel in this page. Contact us","robots":{"index":"index","follow":"follow","max-snippet":"max-snippet:-1","max-image-preview":"max-image-preview:large","max-video-preview":"max-video-preview:-1"},"canonical":"https:\/\/realoptions.net\/es\/perdida-reproductiva\/retiros-en-el-vinedo-de-raquel\/","og_locale":"es_ES","og_type":"article","og_title":"Retiros en el Vi\u00f1edo de Rachel | San Jos\u00e9, Oakland y Union City","og_description":"RealOptions Obria Medical Clinic offers no-cost pregnancy services. Read more about Retiros en el Vi\u00f1edo de Raquel in this page. Contact us","og_url":"https:\/\/realoptions.net\/es\/perdida-reproductiva\/retiros-en-el-vinedo-de-raquel\/","og_site_name":"RealOptions Obria Medical Clinic","article_publisher":"https:\/\/www.facebook.com\/realoptions.centralsanjose\/","article_modified_time":"2026-03-03T10:03:20+00:00","og_image":[{"url":"https:\/\/realoptions.net\/wp-content\/uploads\/2023\/06\/RV_Banner_2023.jpg","type":"","width":"","height":""}],"twitter_card":"summary_large_image","twitter_misc":{"Tiempo de lectura":"3 minutos"},"schema":{"@context":"https:\/\/schema.org","@graph":[{"@type":"WebPage","@id":"https:\/\/realoptions.net\/es\/perdida-reproductiva\/retiros-en-el-vinedo-de-raquel\/","url":"https:\/\/realoptions.net\/es\/perdida-reproductiva\/retiros-en-el-vinedo-de-raquel\/","name":"Retiros en el Vi\u00f1edo de Rachel | San Jos\u00e9, Oakland y Union City","isPartOf":{"@id":"https:\/\/realoptions.net\/es\/#website"},"primaryImageOfPage":{"@id":"https:\/\/realoptions.net\/es\/perdida-reproductiva\/retiros-en-el-vinedo-de-raquel\/#primaryimage"},"image":{"@id":"https:\/\/realoptions.net\/es\/perdida-reproductiva\/retiros-en-el-vinedo-de-raquel\/#primaryimage"},"thumbnailUrl":"https:\/\/realoptions.net\/wp-content\/uploads\/2023\/06\/RV_Banner_2023.jpg","datePublished":"2024-04-02T17:36:51+00:00","dateModified":"2026-03-03T10:03:20+00:00","description":"RealOptions Obria Medical Clinic offers no-cost pregnancy services. Read more about Retiros en el Vi\u00f1edo de Raquel in this page. Contact us","breadcrumb":{"@id":"https:\/\/realoptions.net\/es\/perdida-reproductiva\/retiros-en-el-vinedo-de-raquel\/#breadcrumb"},"inLanguage":"es","potentialAction":[{"@type":"ReadAction","target":["https:\/\/realoptions.net\/es\/perdida-reproductiva\/retiros-en-el-vinedo-de-raquel\/"]}]},{"@type":"ImageObject","inLanguage":"es","@id":"https:\/\/realoptions.net\/es\/perdida-reproductiva\/retiros-en-el-vinedo-de-raquel\/#primaryimage","url":"https:\/\/realoptions.net\/wp-content\/uploads\/2023\/06\/RV_Banner_2023.jpg","contentUrl":"https:\/\/realoptions.net\/wp-content\/uploads\/2023\/06\/RV_Banner_2023.jpg"},{"@type":"BreadcrumbList","@id":"https:\/\/realoptions.net\/es\/perdida-reproductiva\/retiros-en-el-vinedo-de-raquel\/#breadcrumb","itemListElement":[{"@type":"ListItem","position":1,"name":"Home","item":"https:\/\/realoptions.net\/es\/"},{"@type":"ListItem","position":2,"name":"P\u00e9rdida reproductiva","item":"https:\/\/realoptions.clmstaging.com\/hope\/"},{"@type":"ListItem","position":3,"name":"Retiros en el Vi\u00f1edo de Raquel"}]},{"@type":"WebSite","@id":"https:\/\/realoptions.net\/es\/#website","url":"https:\/\/realoptions.net\/es\/","name":"RealOptions Obria Medical Clinic","description":"","publisher":{"@id":"https:\/\/realoptions.net\/es\/#organization"},"potentialAction":[{"@type":"SearchAction","target":{"@type":"EntryPoint","urlTemplate":"https:\/\/realoptions.net\/es\/?s={search_term_string}"},"query-input":{"@type":"PropertyValueSpecification","valueRequired":true,"valueName":"search_term_string"}}],"inLanguage":"es"},{"@type":"Organization","@id":"https:\/\/realoptions.net\/es\/#organization","name":"Real Options Obria Medical Clinics","url":"https:\/\/realoptions.net\/es\/","logo":{"@type":"ImageObject","inLanguage":"es","@id":"https:\/\/realoptions.net\/es\/#\/schema\/logo\/image\/","url":"https:\/\/realoptions.net\/wp-content\/uploads\/2022\/04\/branding.webp","contentUrl":"https:\/\/realoptions.net\/wp-content\/uploads\/2022\/04\/branding.webp","width":450,"height":155,"caption":"Real Options Obria Medical Clinics"},"image":{"@id":"https:\/\/realoptions.net\/es\/#\/schema\/logo\/image\/"},"sameAs":["https:\/\/www.facebook.com\/realoptions.centralsanjose\/"]}]}},"_links":{"self":[{"href":"https:\/\/realoptions.net\/es\/wp-json\/wp\/v2\/pages\/11924","targetHints":{"allow":["GET"]}}],"collection":[{"href":"https:\/\/realoptions.net\/es\/wp-json\/wp\/v2\/pages"}],"about":[{"href":"https:\/\/realoptions.net\/es\/wp-json\/wp\/v2\/types\/page"}],"author":[{"embeddable":true,"href":"https:\/\/realoptions.net\/es\/wp-json\/wp\/v2\/users\/10"}],"replies":[{"embeddable":true,"href":"https:\/\/realoptions.net\/es\/wp-json\/wp\/v2\/comments?post=11924"}],"version-history":[{"count":6,"href":"https:\/\/realoptions.net\/es\/wp-json\/wp\/v2\/pages\/11924\/revisions"}],"predecessor-version":[{"id":14962,"href":"https:\/\/realoptions.net\/es\/wp-json\/wp\/v2\/pages\/11924\/revisions\/14962"}],"up":[{"embeddable":true,"href":"https:\/\/realoptions.net\/es\/wp-json\/wp\/v2\/pages\/11916"}],"wp:attachment":[{"href":"https:\/\/realoptions.net\/es\/wp-json\/wp\/v2\/media?parent=11924"}],"curies":[{"name":"wp","href":"https:\/\/api.w.org\/{rel}","templated":true}]}}