{"id":11919,"date":"2023-09-15T20:28:08","date_gmt":"2023-09-16T03:28:08","guid":{"rendered":"https:\/\/realoptions.net\/salud-masculina\/pruebas-y-tratamiento-de-ets\/"},"modified":"2026-03-03T02:06:52","modified_gmt":"2026-03-03T10:06:52","slug":"pruebas-y-tratamiento-de-ets","status":"publish","type":"page","link":"https:\/\/realoptions.net\/es\/sanidad-reproductiva\/salud-masculina\/pruebas-y-tratamiento-de-ets\/","title":{"rendered":"Pruebas y tratamiento de ETS para hombres"},"content":{"rendered":"<h2>There are many types of sexually transmitted diseases and infections .<\/h2>\n<p><span style=\"font-weight: 400;\">Muchas ETS\/ITS no tienen s\u00edntomas evidentes o, si los tienen, son muy leves; por eso es muy importante informarse sobre las ETS\/ITS. Sin embargo, por leves que sean los s\u00edntomas, las ETS\/ITS pueden ser perjudiciales para ti y para tu(s) pareja(s) sexual(es). <\/span><\/p>\n<p><span style=\"font-weight: 400;\">Es importante buscar tratamiento para las enfermedades de transmisi\u00f3n sexual lo antes posible para restablecer tu salud y detener la propagaci\u00f3n de la enfermedad. Si alguna vez has tenido sexo vaginal, anal u oral, RealOptions te aconseja que te hagas la prueba. No s\u00f3lo ofrecemos pruebas y tratamiento de ETS\/ITS, sino que tambi\u00e9n te informamos sobre c\u00f3mo se transmiten las enfermedades de transmisi\u00f3n sexual. Nuestros servicios garantizan que comprendas la importancia de la concienciaci\u00f3n y la detecci\u00f3n precoz.<\/span><\/p>\n<p><span style=\"font-weight: 400;\">Hay muchos tipos de<\/span> <a href=\"https:\/\/www.cdc.gov\/sti\/\" target=\"_blank\" rel=\"noopener nofollow external noreferrer\" data-wpel-link=\"external\"><span style=\"font-weight: 400;\">enfermedades e infecciones de transmisi\u00f3n sexual<\/span><\/a><span style=\"font-weight: 400;\">.<\/span><\/p>\n<ul>\n<li style=\"font-weight: 400;\" aria-level=\"1\"><span style=\"font-weight: 400;\">Puedes contraer una ETS la primera vez que tengas sexo vaginal, anal u oral. &#8211; Muchas ETS no tienen cura, mientras que otras pueden tratarse con medicamentos. &#8211; La mayor\u00eda de las personas infectadas por una ETS no lo saben.<\/span><\/li>\n<li style=\"font-weight: 400;\" aria-level=\"1\"><span style=\"font-weight: 400;\">Puedes contraer una ETS de alguien que no sepa que est\u00e1 infectado. &#8211; No puedes saber qui\u00e9n tiene una ETS con s\u00f3lo mirarlo.<\/span><\/li>\n<\/ul>\n<p><span style=\"font-weight: 400;\">En RealOptions, realizamos pruebas rutinarias de gonorrea y clamidia utilizando una muestra de orina. Si la prueba da positivo para una infecci\u00f3n, te proporcionaremos tratamiento y te explicaremos c\u00f3mo puede tratarse tu(s) pareja(s).<\/span><\/p>\n<ul>\n<li style=\"font-weight: 400;\" aria-level=\"2\"><span style=\"font-weight: 400;\">Para prepararte para las pruebas de clamidia y gonorrea, no orines ni mantengas relaciones sexuales durante una hora antes de la prueba.<\/span><\/li>\n<\/ul>\n<p><span style=\"font-weight: 400;\">Pregunta por nuestras opciones de pruebas de ETS. Utilizamos <\/span><a href=\"https:\/\/www.questdiagnostics.com\/patients\/get-tested\/prepare\" target=\"_blank\" rel=\"noopener nofollow external noreferrer\" data-wpel-link=\"external\"><span style=\"font-weight: 400;\">Diagn\u00f3stico Quest<\/span> <\/a><span style=\"font-weight: 400;\">para los an\u00e1lisis y te proporcionar\u00e1 el formulario de solicitud de an\u00e1lisis necesario en tu primera visita.<\/span><\/p>\n<ul>\n<li style=\"font-weight: 400;\" aria-level=\"1\"><span style=\"font-weight: 400;\">Las pruebas disponibles incluyen:<\/span>\n<ul>\n<li style=\"font-weight: 400;\" aria-level=\"2\"><span style=\"font-weight: 400;\">Gonorrea<\/span><\/li>\n<li style=\"font-weight: 400;\" aria-level=\"2\"><span style=\"font-weight: 400;\">Clamidia<\/span><\/li>\n<li style=\"font-weight: 400;\" aria-level=\"2\"><span style=\"font-weight: 400;\">S\u00edfilis<\/span><\/li>\n<li style=\"font-weight: 400;\" aria-level=\"2\"><span style=\"font-weight: 400;\">Hepatitis B y Hepatitis C<\/span><\/li>\n<li style=\"font-weight: 400;\" aria-level=\"2\"><span style=\"font-weight: 400;\">VIH<\/span><\/li>\n<\/ul>\n<\/li>\n<\/ul>\n<p><span style=\"font-weight: 400;\">Tambi\u00e9n ofrecemos tratamiento para ti y tu(s) pareja(s).<\/span><\/p>\n<p><span style=\"font-weight: 400;\">Te debes a ti mismo estar seguro. No ignores el importante paso de someterte a una prueba.<\/span><\/p>\n<p><span style=\"font-weight: 400;\">Estamos aqu\u00ed para ayudarte. El atento personal de las Cl\u00ednicas M\u00e9dicas Obria de RealOptions ofrece consultas confidenciales (privadas) y es sensible a tus necesidades y preocupaciones.<\/span><\/p>\n","protected":false},"excerpt":{"rendered":"<p>RealOptions no s\u00f3lo ofrece pruebas y tratamiento de ETS\/ITS, sino que tambi\u00e9n te informamos sobre c\u00f3mo se transmiten las enfermedades de transmisi\u00f3n sexual.<\/p>\n","protected":false},"author":11,"featured_media":14446,"parent":11902,"menu_order":1,"comment_status":"closed","ping_status":"closed","template":"","meta":{"_acf_changed":false,"footnotes":"","_links_to":"","_links_to_target":""},"class_list":["post-11919","page","type-page","status-publish","has-post-thumbnail","hentry"],"acf":[],"yoast_head":"<!-- This site is optimized with the Yoast SEO plugin v27.3 - https:\/\/yoast.com\/product\/yoast-seo-wordpress\/ -->\n<title>Pruebas de ETS para hombres | San Jos\u00e9, Oakland y Union City<\/title>\n<meta name=\"description\" content=\"RealOptions Obria Medical Clinic offers no-cost pregnancy services. Read more about Pruebas y tratamiento de ETS para hombres in this page. Contact us\" \/>\n<meta name=\"robots\" content=\"index, follow, max-snippet:-1, max-image-preview:large, max-video-preview:-1\" \/>\n<link rel=\"canonical\" href=\"https:\/\/realoptions.net\/es\/sanidad-reproductiva\/salud-masculina\/pruebas-y-tratamiento-de-ets\/\" \/>\n<meta property=\"og:locale\" content=\"es_ES\" \/>\n<meta property=\"og:type\" content=\"article\" \/>\n<meta property=\"og:title\" content=\"Pruebas de ETS para hombres | San Jos\u00e9, Oakland y Union City\" \/>\n<meta property=\"og:description\" content=\"RealOptions Obria Medical Clinic offers no-cost pregnancy services. Read more about Pruebas y tratamiento de ETS para hombres in this page. Contact us\" \/>\n<meta property=\"og:url\" content=\"https:\/\/realoptions.net\/es\/sanidad-reproductiva\/salud-masculina\/pruebas-y-tratamiento-de-ets\/\" \/>\n<meta property=\"og:site_name\" content=\"RealOptions Obria Medical Clinic\" \/>\n<meta property=\"article:publisher\" content=\"https:\/\/www.facebook.com\/realoptions.centralsanjose\/\" \/>\n<meta property=\"article:modified_time\" content=\"2026-03-03T10:06:52+00:00\" \/>\n<meta property=\"og:image\" content=\"https:\/\/realoptions.clmstaging.com\/wp-content\/uploads\/2025\/12\/shutterstock_1749656384-e1714545579501.jpg\" \/>\n\t<meta property=\"og:image:width\" content=\"1827\" \/>\n\t<meta property=\"og:image:height\" content=\"697\" \/>\n\t<meta property=\"og:image:type\" content=\"image\/jpeg\" \/>\n<meta name=\"twitter:card\" content=\"summary_large_image\" \/>\n<meta name=\"twitter:label1\" content=\"Tiempo de lectura\" \/>\n\t<meta name=\"twitter:data1\" content=\"2 minutos\" \/>\n<!-- \/ Yoast SEO plugin. -->","yoast_head_json":{"title":"Pruebas de ETS para hombres | San Jos\u00e9, Oakland y Union City","description":"RealOptions Obria Medical Clinic offers no-cost pregnancy services. Read more about Pruebas y tratamiento de ETS para hombres in this page. Contact us","robots":{"index":"index","follow":"follow","max-snippet":"max-snippet:-1","max-image-preview":"max-image-preview:large","max-video-preview":"max-video-preview:-1"},"canonical":"https:\/\/realoptions.net\/es\/sanidad-reproductiva\/salud-masculina\/pruebas-y-tratamiento-de-ets\/","og_locale":"es_ES","og_type":"article","og_title":"Pruebas de ETS para hombres | San Jos\u00e9, Oakland y Union City","og_description":"RealOptions Obria Medical Clinic offers no-cost pregnancy services. Read more about Pruebas y tratamiento de ETS para hombres in this page. Contact us","og_url":"https:\/\/realoptions.net\/es\/sanidad-reproductiva\/salud-masculina\/pruebas-y-tratamiento-de-ets\/","og_site_name":"RealOptions Obria Medical Clinic","article_publisher":"https:\/\/www.facebook.com\/realoptions.centralsanjose\/","article_modified_time":"2026-03-03T10:06:52+00:00","og_image":[{"width":1827,"height":697,"url":"https:\/\/realoptions.clmstaging.com\/wp-content\/uploads\/2025\/12\/shutterstock_1749656384-e1714545579501.jpg","type":"image\/jpeg"}],"twitter_card":"summary_large_image","twitter_misc":{"Tiempo de lectura":"2 minutos"},"schema":{"@context":"https:\/\/schema.org","@graph":[{"@type":"WebPage","@id":"https:\/\/realoptions.net\/es\/sanidad-reproductiva\/salud-masculina\/pruebas-y-tratamiento-de-ets\/","url":"https:\/\/realoptions.net\/es\/sanidad-reproductiva\/salud-masculina\/pruebas-y-tratamiento-de-ets\/","name":"Pruebas de ETS para hombres | San Jos\u00e9, Oakland y Union City","isPartOf":{"@id":"https:\/\/realoptions.net\/es\/#website"},"primaryImageOfPage":{"@id":"https:\/\/realoptions.net\/es\/sanidad-reproductiva\/salud-masculina\/pruebas-y-tratamiento-de-ets\/#primaryimage"},"image":{"@id":"https:\/\/realoptions.net\/es\/sanidad-reproductiva\/salud-masculina\/pruebas-y-tratamiento-de-ets\/#primaryimage"},"thumbnailUrl":"https:\/\/realoptions.net\/wp-content\/uploads\/2025\/12\/shutterstock_1749656384-e1714545579501.jpg","datePublished":"2023-09-16T03:28:08+00:00","dateModified":"2026-03-03T10:06:52+00:00","description":"RealOptions Obria Medical Clinic offers no-cost pregnancy services. Read more about Pruebas y tratamiento de ETS para hombres in this page. Contact us","breadcrumb":{"@id":"https:\/\/realoptions.net\/es\/sanidad-reproductiva\/salud-masculina\/pruebas-y-tratamiento-de-ets\/#breadcrumb"},"inLanguage":"es","potentialAction":[{"@type":"ReadAction","target":["https:\/\/realoptions.net\/es\/sanidad-reproductiva\/salud-masculina\/pruebas-y-tratamiento-de-ets\/"]}]},{"@type":"ImageObject","inLanguage":"es","@id":"https:\/\/realoptions.net\/es\/sanidad-reproductiva\/salud-masculina\/pruebas-y-tratamiento-de-ets\/#primaryimage","url":"https:\/\/realoptions.net\/wp-content\/uploads\/2025\/12\/shutterstock_1749656384-e1714545579501.jpg","contentUrl":"https:\/\/realoptions.net\/wp-content\/uploads\/2025\/12\/shutterstock_1749656384-e1714545579501.jpg","width":1827,"height":697,"caption":"STD Testing & Treatment"},{"@type":"BreadcrumbList","@id":"https:\/\/realoptions.net\/es\/sanidad-reproductiva\/salud-masculina\/pruebas-y-tratamiento-de-ets\/#breadcrumb","itemListElement":[{"@type":"ListItem","position":1,"name":"Home","item":"https:\/\/realoptions.net\/es\/"},{"@type":"ListItem","position":2,"name":"Sanidad Reproductiva","item":"https:\/\/realoptions.clmstaging.com\/reproductive-healthcare\/"},{"@type":"ListItem","position":3,"name":"Salud masculina","item":"https:\/\/realoptions.clmstaging.com\/reproductive-healthcare\/pregnancy-decision-support-for-men\/"},{"@type":"ListItem","position":4,"name":"Pruebas y tratamiento de ETS para hombres"}]},{"@type":"WebSite","@id":"https:\/\/realoptions.net\/es\/#website","url":"https:\/\/realoptions.net\/es\/","name":"RealOptions Obria Medical Clinic","description":"","publisher":{"@id":"https:\/\/realoptions.net\/es\/#organization"},"potentialAction":[{"@type":"SearchAction","target":{"@type":"EntryPoint","urlTemplate":"https:\/\/realoptions.net\/es\/?s={search_term_string}"},"query-input":{"@type":"PropertyValueSpecification","valueRequired":true,"valueName":"search_term_string"}}],"inLanguage":"es"},{"@type":"Organization","@id":"https:\/\/realoptions.net\/es\/#organization","name":"Real Options Obria Medical Clinics","url":"https:\/\/realoptions.net\/es\/","logo":{"@type":"ImageObject","inLanguage":"es","@id":"https:\/\/realoptions.net\/es\/#\/schema\/logo\/image\/","url":"https:\/\/realoptions.net\/wp-content\/uploads\/2022\/04\/branding.webp","contentUrl":"https:\/\/realoptions.net\/wp-content\/uploads\/2022\/04\/branding.webp","width":450,"height":155,"caption":"Real Options Obria Medical Clinics"},"image":{"@id":"https:\/\/realoptions.net\/es\/#\/schema\/logo\/image\/"},"sameAs":["https:\/\/www.facebook.com\/realoptions.centralsanjose\/"]}]}},"_links":{"self":[{"href":"https:\/\/realoptions.net\/es\/wp-json\/wp\/v2\/pages\/11919","targetHints":{"allow":["GET"]}}],"collection":[{"href":"https:\/\/realoptions.net\/es\/wp-json\/wp\/v2\/pages"}],"about":[{"href":"https:\/\/realoptions.net\/es\/wp-json\/wp\/v2\/types\/page"}],"author":[{"embeddable":true,"href":"https:\/\/realoptions.net\/es\/wp-json\/wp\/v2\/users\/11"}],"replies":[{"embeddable":true,"href":"https:\/\/realoptions.net\/es\/wp-json\/wp\/v2\/comments?post=11919"}],"version-history":[{"count":6,"href":"https:\/\/realoptions.net\/es\/wp-json\/wp\/v2\/pages\/11919\/revisions"}],"predecessor-version":[{"id":14965,"href":"https:\/\/realoptions.net\/es\/wp-json\/wp\/v2\/pages\/11919\/revisions\/14965"}],"up":[{"embeddable":true,"href":"https:\/\/realoptions.net\/es\/wp-json\/wp\/v2\/pages\/11902"}],"wp:featuredmedia":[{"embeddable":true,"href":"https:\/\/realoptions.net\/es\/wp-json\/wp\/v2\/media\/14446"}],"wp:attachment":[{"href":"https:\/\/realoptions.net\/es\/wp-json\/wp\/v2\/media?parent=11919"}],"curies":[{"name":"wp","href":"https:\/\/api.w.org\/{rel}","templated":true}]}}