{"id":11917,"date":"2020-03-10T00:00:00","date_gmt":"2020-03-10T07:00:00","guid":{"rendered":"https:\/\/realoptions.net\/sanidad-reproductiva\/salud-de-la-mujer\/coaching-para-una-salud-optima\/"},"modified":"2026-03-03T02:01:44","modified_gmt":"2026-03-03T10:01:44","slug":"coaching-para-una-salud-optima","status":"publish","type":"page","link":"https:\/\/realoptions.net\/es\/sanidad-reproductiva\/salud-de-la-mujer\/coaching-para-una-salud-optima\/","title":{"rendered":"Coaching para una salud \u00f3ptima para mujeres"},"content":{"rendered":"<div id=\"pl-2144\" class=\"panel-layout\">\n<div id=\"pg-2144-0\" class=\"panel-grid panel-has-style\" data-style=\"{\">\n<div class=\"panel-row-style panel-row-style-for-2144-0\">\n<div id=\"pgc-2144-0-0\" class=\"panel-grid-cell\" data-weight=\"1\">\n<div id=\"panel-2144-0-0-0\" class=\"so-panel widget widget_sow-editor panel-first-child panel-last-child widgetopts-SO\" data-index=\"0\" data-style=\"{\">\n<div class=\"so-widget-sow-editor so-widget-sow-editor-base\">\n<div class=\"siteorigin-widget-tinymce textwidget\">\n<p>Como cl\u00ednica de atenci\u00f3n sanitaria integral, RealOptions entiende que tu salud f\u00edsica y sexual es s\u00f3lo un componente de tu vida. Por eso nos dedicamos a prestar servicios con una visi\u00f3n hol\u00edstica caracterizada por el tratamiento de la persona en su totalidad. Tenemos en cuenta los factores sociales y mentales en lugar de s\u00f3lo los s\u00edntomas f\u00edsicos. <a href=\"https:\/\/www.thewellnessconnection.com\/optimal-health-manifesto\/\" target=\"_blank\" rel=\"noopener nofollow external noreferrer\" data-wpel-link=\"external\">Las investigaciones demues<\/a> tran que las personas sanas tienen relaciones sanas.<\/p>\n<p>Disponemos de <a href=\"https:\/\/obria.org\/reproductive-health\/optimal-health-coaching\/\" target=\"_blank\" rel=\"noopener noreferrer nofollow external\" data-wpel-link=\"external\">Orientadores de Salud \u00d3ptima<\/a> formados para compartir contigo herramientas e informaci\u00f3n que te ayuden a mejorar tu capacidad para desenvolverte en tus relaciones y vivir tu mejor vida.<\/p>\n<h2>Ofrecemos sesiones de coaching sobre los siguientes temas:<\/h2>\n<ul>\n<li>Habilidades de comunicaci\u00f3n eficaces<\/li>\n<li>Formas sanas de resolver los conflictos<\/li>\n<li>Formas de tomar decisiones sanas e intencionadas<\/li>\n<li>Estrategias de citas seguras y divertidas<\/li>\n<li>Aprender sobre el amor y el compromiso<\/li>\n<li>Planificar tu futuro y crear una visi\u00f3n para tu vida<\/li>\n<\/ul>\n<h2>Estrategias de selecci\u00f3n de socios:<\/h2>\n<ul>\n<li>Aprender sobre ti mismo y sobre los dem\u00e1s<\/li>\n<li>Navegar por las diferencias<\/li>\n<li>Comprender las influencias culturales<\/li>\n<li>Liderazgo y preparaci\u00f3n laboral<\/li>\n<li>Salud sexual y cuidado de la fertilidad \u00f3ptimos<\/li>\n<\/ul>\n<p>El equipo especializado de RealOptions te equipar\u00e1 y capacitar\u00e1 para afrontar con confianza cualquier obst\u00e1culo que se te presente y te ayudar\u00e1 cuando necesites apoyo o servicios adicionales. Este es un lugar seguro para aprender, crecer, hacer preguntas y obtener respuestas. Tu salud y tu bienestar son importantes y tu voz cuenta. Deja que nuestros entrenadores de salud certificados te ayuden a desarrollar conexiones significativas y a experimentar relaciones sanas para tu bienestar \u00f3ptimo. Llama o concierta tu cita en l\u00ednea.<\/p>\n<\/div>\n<\/div>\n<\/div>\n<\/div>\n<\/div>\n<\/div>\n<\/div>\n","protected":false},"excerpt":{"rendered":"<p>Tu salud y tu bienestar son importantes para todos en las Cl\u00ednicas M\u00e9dicas RealOptions Obria, donde tu voz importa. Deja que te ayudemos a desarrollar conexiones significativas y a experimentar relaciones sanas para un bienestar \u00f3ptimo.<\/p>\n","protected":false},"author":11,"featured_media":11920,"parent":11903,"menu_order":3,"comment_status":"open","ping_status":"closed","template":"","meta":{"_acf_changed":false,"footnotes":"","_links_to":"","_links_to_target":""},"class_list":["post-11917","page","type-page","status-publish","has-post-thumbnail","hentry"],"acf":[],"yoast_head":"<!-- This site is optimized with the Yoast SEO plugin v27.4 - https:\/\/yoast.com\/product\/yoast-seo-wordpress\/ -->\n<title>Coaching para una salud \u00f3ptima para la mujer | California<\/title>\n<meta name=\"description\" content=\"\u00a1Descubre el coaching para una salud \u00f3ptima en RealOptions! Mejora tu comunicaci\u00f3n, toma decisiones saludables y construye relaciones. \u00a1Agenda hoy!\" \/>\n<meta name=\"robots\" content=\"index, follow, max-snippet:-1, max-image-preview:large, max-video-preview:-1\" \/>\n<link rel=\"canonical\" href=\"https:\/\/realoptions.net\/es\/sanidad-reproductiva\/salud-de-la-mujer\/coaching-para-una-salud-optima\/\" \/>\n<meta property=\"og:locale\" content=\"es_ES\" \/>\n<meta property=\"og:type\" content=\"article\" \/>\n<meta property=\"og:title\" content=\"Coaching para una salud \u00f3ptima para la mujer | California\" \/>\n<meta property=\"og:description\" content=\"\u00a1Descubre el coaching para una salud \u00f3ptima en RealOptions! Mejora tu comunicaci\u00f3n, toma decisiones saludables y construye relaciones. \u00a1Agenda hoy!\" \/>\n<meta property=\"og:url\" content=\"https:\/\/realoptions.net\/es\/sanidad-reproductiva\/salud-de-la-mujer\/coaching-para-una-salud-optima\/\" \/>\n<meta property=\"og:site_name\" content=\"RealOptions Obria Medical Clinic\" \/>\n<meta property=\"article:publisher\" content=\"https:\/\/www.facebook.com\/realoptions.centralsanjose\/\" \/>\n<meta property=\"article:modified_time\" content=\"2026-03-03T10:01:44+00:00\" \/>\n<meta property=\"og:image\" content=\"https:\/\/realoptions.net\/wp-content\/uploads\/2024\/04\/shutterstock_1769759708-e1714545486264.png\" \/>\n\t<meta property=\"og:image:width\" content=\"1644\" \/>\n\t<meta property=\"og:image:height\" content=\"739\" \/>\n\t<meta property=\"og:image:type\" content=\"image\/png\" \/>\n<meta name=\"twitter:card\" content=\"summary_large_image\" \/>\n<meta name=\"twitter:label1\" content=\"Tiempo de lectura\" \/>\n\t<meta name=\"twitter:data1\" content=\"2 minutos\" \/>\n<!-- \/ Yoast SEO plugin. -->","yoast_head_json":{"title":"Coaching para una salud \u00f3ptima para la mujer | California","description":"\u00a1Descubre el coaching para una salud \u00f3ptima en RealOptions! Mejora tu comunicaci\u00f3n, toma decisiones saludables y construye relaciones. \u00a1Agenda hoy!","robots":{"index":"index","follow":"follow","max-snippet":"max-snippet:-1","max-image-preview":"max-image-preview:large","max-video-preview":"max-video-preview:-1"},"canonical":"https:\/\/realoptions.net\/es\/sanidad-reproductiva\/salud-de-la-mujer\/coaching-para-una-salud-optima\/","og_locale":"es_ES","og_type":"article","og_title":"Coaching para una salud \u00f3ptima para la mujer | California","og_description":"\u00a1Descubre el coaching para una salud \u00f3ptima en RealOptions! Mejora tu comunicaci\u00f3n, toma decisiones saludables y construye relaciones. \u00a1Agenda hoy!","og_url":"https:\/\/realoptions.net\/es\/sanidad-reproductiva\/salud-de-la-mujer\/coaching-para-una-salud-optima\/","og_site_name":"RealOptions Obria Medical Clinic","article_publisher":"https:\/\/www.facebook.com\/realoptions.centralsanjose\/","article_modified_time":"2026-03-03T10:01:44+00:00","og_image":[{"width":1644,"height":739,"url":"https:\/\/realoptions.net\/wp-content\/uploads\/2024\/04\/shutterstock_1769759708-e1714545486264.png","type":"image\/png"}],"twitter_card":"summary_large_image","twitter_misc":{"Tiempo de lectura":"2 minutos"},"schema":{"@context":"https:\/\/schema.org","@graph":[{"@type":"WebPage","@id":"https:\/\/realoptions.net\/es\/sanidad-reproductiva\/salud-de-la-mujer\/coaching-para-una-salud-optima\/","url":"https:\/\/realoptions.net\/es\/sanidad-reproductiva\/salud-de-la-mujer\/coaching-para-una-salud-optima\/","name":"Coaching para una salud \u00f3ptima para la mujer | California","isPartOf":{"@id":"https:\/\/realoptions.net\/es\/#website"},"primaryImageOfPage":{"@id":"https:\/\/realoptions.net\/es\/sanidad-reproductiva\/salud-de-la-mujer\/coaching-para-una-salud-optima\/#primaryimage"},"image":{"@id":"https:\/\/realoptions.net\/es\/sanidad-reproductiva\/salud-de-la-mujer\/coaching-para-una-salud-optima\/#primaryimage"},"thumbnailUrl":"https:\/\/realoptions.net\/wp-content\/uploads\/2024\/04\/shutterstock_1769759708-e1714545486264.png","datePublished":"2020-03-10T07:00:00+00:00","dateModified":"2026-03-03T10:01:44+00:00","description":"\u00a1Descubre el coaching para una salud \u00f3ptima en RealOptions! Mejora tu comunicaci\u00f3n, toma decisiones saludables y construye relaciones. \u00a1Agenda hoy!","breadcrumb":{"@id":"https:\/\/realoptions.net\/es\/sanidad-reproductiva\/salud-de-la-mujer\/coaching-para-una-salud-optima\/#breadcrumb"},"inLanguage":"es","potentialAction":[{"@type":"ReadAction","target":["https:\/\/realoptions.net\/es\/sanidad-reproductiva\/salud-de-la-mujer\/coaching-para-una-salud-optima\/"]}]},{"@type":"ImageObject","inLanguage":"es","@id":"https:\/\/realoptions.net\/es\/sanidad-reproductiva\/salud-de-la-mujer\/coaching-para-una-salud-optima\/#primaryimage","url":"https:\/\/realoptions.net\/wp-content\/uploads\/2024\/04\/shutterstock_1769759708-e1714545486264.png","contentUrl":"https:\/\/realoptions.net\/wp-content\/uploads\/2024\/04\/shutterstock_1769759708-e1714545486264.png","width":1644,"height":739},{"@type":"BreadcrumbList","@id":"https:\/\/realoptions.net\/es\/sanidad-reproductiva\/salud-de-la-mujer\/coaching-para-una-salud-optima\/#breadcrumb","itemListElement":[{"@type":"ListItem","position":1,"name":"Home","item":"https:\/\/realoptions.net\/es\/"},{"@type":"ListItem","position":2,"name":"Sanidad Reproductiva","item":"https:\/\/realoptions.net\/es\/sanidad-reproductiva\/"},{"@type":"ListItem","position":3,"name":"Salud de la mujer","item":"https:\/\/realoptions.net\/es\/sanidad-reproductiva\/salud-de-la-mujer\/"},{"@type":"ListItem","position":4,"name":"Coaching para una salud \u00f3ptima para mujeres"}]},{"@type":"WebSite","@id":"https:\/\/realoptions.net\/es\/#website","url":"https:\/\/realoptions.net\/es\/","name":"RealOptions Obria Medical Clinic","description":"","publisher":{"@id":"https:\/\/realoptions.net\/es\/#organization"},"potentialAction":[{"@type":"SearchAction","target":{"@type":"EntryPoint","urlTemplate":"https:\/\/realoptions.net\/es\/?s={search_term_string}"},"query-input":{"@type":"PropertyValueSpecification","valueRequired":true,"valueName":"search_term_string"}}],"inLanguage":"es"},{"@type":"Organization","@id":"https:\/\/realoptions.net\/es\/#organization","name":"Real Options Obria Medical Clinics","url":"https:\/\/realoptions.net\/es\/","logo":{"@type":"ImageObject","inLanguage":"es","@id":"https:\/\/realoptions.net\/es\/#\/schema\/logo\/image\/","url":"https:\/\/realoptions.net\/wp-content\/uploads\/2022\/04\/branding.webp","contentUrl":"https:\/\/realoptions.net\/wp-content\/uploads\/2022\/04\/branding.webp","width":450,"height":155,"caption":"Real Options Obria Medical Clinics"},"image":{"@id":"https:\/\/realoptions.net\/es\/#\/schema\/logo\/image\/"},"sameAs":["https:\/\/www.facebook.com\/realoptions.centralsanjose\/"]}]}},"_links":{"self":[{"href":"https:\/\/realoptions.net\/es\/wp-json\/wp\/v2\/pages\/11917","targetHints":{"allow":["GET"]}}],"collection":[{"href":"https:\/\/realoptions.net\/es\/wp-json\/wp\/v2\/pages"}],"about":[{"href":"https:\/\/realoptions.net\/es\/wp-json\/wp\/v2\/types\/page"}],"author":[{"embeddable":true,"href":"https:\/\/realoptions.net\/es\/wp-json\/wp\/v2\/users\/11"}],"replies":[{"embeddable":true,"href":"https:\/\/realoptions.net\/es\/wp-json\/wp\/v2\/comments?post=11917"}],"version-history":[{"count":5,"href":"https:\/\/realoptions.net\/es\/wp-json\/wp\/v2\/pages\/11917\/revisions"}],"predecessor-version":[{"id":14961,"href":"https:\/\/realoptions.net\/es\/wp-json\/wp\/v2\/pages\/11917\/revisions\/14961"}],"up":[{"embeddable":true,"href":"https:\/\/realoptions.net\/es\/wp-json\/wp\/v2\/pages\/11903"}],"wp:featuredmedia":[{"embeddable":true,"href":"https:\/\/realoptions.net\/es\/wp-json\/wp\/v2\/media\/11920"}],"wp:attachment":[{"href":"https:\/\/realoptions.net\/es\/wp-json\/wp\/v2\/media?parent=11917"}],"curies":[{"name":"wp","href":"https:\/\/api.w.org\/{rel}","templated":true}]}}