{"id":11912,"date":"2019-10-11T00:00:00","date_gmt":"2019-10-11T07:00:00","guid":{"rendered":"https:\/\/realoptions.net\/acerca-de\/"},"modified":"2026-03-03T01:53:20","modified_gmt":"2026-03-03T09:53:20","slug":"acerca-de","status":"publish","type":"page","link":"https:\/\/realoptions.net\/es\/acerca-de\/","title":{"rendered":"Acerca de"},"content":{"rendered":"<div id=\"pl-2003\" class=\"panel-layout\">\n<div id=\"pg-2003-0\" class=\"panel-grid panel-has-style\" data-style=\"{\">\n<div class=\"panel-row-style panel-row-style-for-2003-0\">\n<div id=\"pgc-2003-0-0\" class=\"panel-grid-cell\" data-weight=\"1\">\n<div id=\"panel-2003-0-0-0\" class=\"so-panel widget widget_sow-editor panel-first-child panel-last-child widgetopts-SO\" data-index=\"0\" data-style=\"{\">\n<div class=\"so-widget-sow-editor so-widget-sow-editor-base\">\n<div class=\"siteorigin-widget-tinymce textwidget\">\n<h2>Valores fundamentales:<\/h2>\n<p><b>Cuidar. Compasiva. Honesta.<\/b><\/p>\n<p><b>Nuestro prop\u00f3sito<\/b> es proporcionar atenci\u00f3n sanitaria reproductiva hol\u00edstica compasiva, integral y de alta calidad, educaci\u00f3n y curaci\u00f3n de p\u00e9rdidas reproductivas a mujeres, hombres, estudiantes y familias. No s\u00f3lo nos ocupamos de las necesidades f\u00edsicas de nuestros pacientes, sino tambi\u00e9n de sus preocupaciones emocionales. De este modo, los pacientes pueden convertirse en participantes activos de su propio bienestar.<\/p>\n<p><b>RealOptions Obria Medical Clinics proporciona una atenci\u00f3n sanitaria reproductiva compasiva, integral y de alta calidad. Somos cl\u00ednicas de atenci\u00f3n comunitaria plenamente autorizadas que prestan atenci\u00f3n a la mujer sana, incluidas pruebas de Papanicolau, pruebas de detecci\u00f3n del c\u00e1ncer de cuello uterino y ex\u00e1menes mamarios. Tambi\u00e9n proporcionamos pruebas y tratamiento de ETS, pruebas de embarazo, ecograf\u00edas, examen preaborto, atenci\u00f3n prenatal, tratamiento de reversi\u00f3n de la p\u00edldora abortiva, educaci\u00f3n sanitaria y derivaciones. Te ofrecemos el apoyo y las respuestas que puedas necesitar. Tu salud y tu bienestar son importantes para nosotros. Nos dedicamos a atender a nuestros pacientes de forma hol\u00edstica y nos dedicamos a ofrecer el m\u00e1s alto nivel de atenci\u00f3n m\u00e9dica en un ambiente reconfortante y de apoyo. Miles de mujeres, hombres, estudiantes y familias conf\u00edan en nosotros cada a\u00f1o.<\/b><\/p>\n<\/div>\n<\/div>\n<\/div>\n<\/div>\n<\/div>\n<\/div>\n<div id=\"pg-2003-1\" class=\"panel-grid panel-no-style\" data-style=\"{\">\n<div id=\"pgc-2003-1-0\" class=\"panel-grid-cell\" data-weight=\"1\">\n<div id=\"panel-2003-1-0-0\" class=\"so-panel widget widget_sow-editor panel-first-child panel-last-child widgetopts-SO\" data-index=\"1\" data-style=\"{\" data-label=\"AdWords Code - Don't remove\">\n<div class=\"so-widget-sow-editor so-widget-sow-editor-base\">\n<div class=\"siteorigin-widget-tinymce textwidget\"><!-- Event snippet for realoptions.net\/about\/ conversion page --> <script> gtag('event', 'conversion', {'send_to': 'AW-868614387\/34Z0CP7B15EBEPOBmJ4D'}); <\/script><\/div>\n<\/div>\n<\/div>\n<\/div>\n<\/div>\n<\/div>\n","protected":false},"excerpt":{"rendered":"<p>Valores fundamentales: Cuidar. Compasiva. Honesta. Nuestro prop\u00f3sito es proporcionar atenci\u00f3n sanitaria reproductiva hol\u00edstica compasiva, integral y de alta calidad, educaci\u00f3n y curaci\u00f3n de p\u00e9rdidas reproductivas a mujeres, hombres, estudiantes y familias. No s\u00f3lo nos ocupamos<\/p>\n","protected":false},"author":11,"featured_media":0,"parent":0,"menu_order":0,"comment_status":"open","ping_status":"closed","template":"","meta":{"_acf_changed":false,"footnotes":"","_links_to":"","_links_to_target":""},"class_list":["post-11912","page","type-page","status-publish","hentry"],"acf":[],"yoast_head":"<!-- This site is optimized with the Yoast SEO plugin v27.4 - https:\/\/yoast.com\/product\/yoast-seo-wordpress\/ -->\n<title>Acerca de RealOptions | Consulta de embarazo en California<\/title>\n<meta name=\"description\" content=\"RealOptions Obria Medical Clinics ofrece atenci\u00f3n reproductiva integral y compasiva, educaci\u00f3n y apoyo emocional para mujeres, hombres y familias.\" \/>\n<meta name=\"robots\" content=\"index, follow, max-snippet:-1, max-image-preview:large, max-video-preview:-1\" \/>\n<link rel=\"canonical\" href=\"https:\/\/realoptions.net\/es\/acerca-de\/\" \/>\n<meta property=\"og:locale\" content=\"es_ES\" \/>\n<meta property=\"og:type\" content=\"article\" \/>\n<meta property=\"og:title\" content=\"Acerca de RealOptions | Consulta de embarazo en California\" \/>\n<meta property=\"og:description\" content=\"RealOptions Obria Medical Clinics ofrece atenci\u00f3n reproductiva integral y compasiva, educaci\u00f3n y apoyo emocional para mujeres, hombres y familias.\" \/>\n<meta property=\"og:url\" content=\"https:\/\/realoptions.net\/es\/acerca-de\/\" \/>\n<meta property=\"og:site_name\" content=\"RealOptions Obria Medical Clinic\" \/>\n<meta property=\"article:publisher\" content=\"https:\/\/www.facebook.com\/realoptions.centralsanjose\/\" \/>\n<meta property=\"article:modified_time\" content=\"2026-03-03T09:53:20+00:00\" \/>\n<meta name=\"twitter:card\" content=\"summary_large_image\" \/>\n<meta name=\"twitter:label1\" content=\"Tiempo de lectura\" \/>\n\t<meta name=\"twitter:data1\" content=\"1 minuto\" \/>\n<!-- \/ Yoast SEO plugin. -->","yoast_head_json":{"title":"Acerca de RealOptions | Consulta de embarazo en California","description":"RealOptions Obria Medical Clinics ofrece atenci\u00f3n reproductiva integral y compasiva, educaci\u00f3n y apoyo emocional para mujeres, hombres y familias.","robots":{"index":"index","follow":"follow","max-snippet":"max-snippet:-1","max-image-preview":"max-image-preview:large","max-video-preview":"max-video-preview:-1"},"canonical":"https:\/\/realoptions.net\/es\/acerca-de\/","og_locale":"es_ES","og_type":"article","og_title":"Acerca de RealOptions | Consulta de embarazo en California","og_description":"RealOptions Obria Medical Clinics ofrece atenci\u00f3n reproductiva integral y compasiva, educaci\u00f3n y apoyo emocional para mujeres, hombres y familias.","og_url":"https:\/\/realoptions.net\/es\/acerca-de\/","og_site_name":"RealOptions Obria Medical Clinic","article_publisher":"https:\/\/www.facebook.com\/realoptions.centralsanjose\/","article_modified_time":"2026-03-03T09:53:20+00:00","twitter_card":"summary_large_image","twitter_misc":{"Tiempo de lectura":"1 minuto"},"schema":{"@context":"https:\/\/schema.org","@graph":[{"@type":"WebPage","@id":"https:\/\/realoptions.net\/es\/acerca-de\/","url":"https:\/\/realoptions.net\/es\/acerca-de\/","name":"Acerca de RealOptions | Consulta de embarazo en California","isPartOf":{"@id":"https:\/\/realoptions.net\/es\/#website"},"datePublished":"2019-10-11T07:00:00+00:00","dateModified":"2026-03-03T09:53:20+00:00","description":"RealOptions Obria Medical Clinics ofrece atenci\u00f3n reproductiva integral y compasiva, educaci\u00f3n y apoyo emocional para mujeres, hombres y familias.","breadcrumb":{"@id":"https:\/\/realoptions.net\/es\/acerca-de\/#breadcrumb"},"inLanguage":"es","potentialAction":[{"@type":"ReadAction","target":["https:\/\/realoptions.net\/es\/acerca-de\/"]}]},{"@type":"BreadcrumbList","@id":"https:\/\/realoptions.net\/es\/acerca-de\/#breadcrumb","itemListElement":[{"@type":"ListItem","position":1,"name":"Home","item":"https:\/\/realoptions.net\/es\/"},{"@type":"ListItem","position":2,"name":"Acerca de"}]},{"@type":"WebSite","@id":"https:\/\/realoptions.net\/es\/#website","url":"https:\/\/realoptions.net\/es\/","name":"RealOptions Obria Medical Clinic","description":"","publisher":{"@id":"https:\/\/realoptions.net\/es\/#organization"},"potentialAction":[{"@type":"SearchAction","target":{"@type":"EntryPoint","urlTemplate":"https:\/\/realoptions.net\/es\/?s={search_term_string}"},"query-input":{"@type":"PropertyValueSpecification","valueRequired":true,"valueName":"search_term_string"}}],"inLanguage":"es"},{"@type":"Organization","@id":"https:\/\/realoptions.net\/es\/#organization","name":"Real Options Obria Medical Clinics","url":"https:\/\/realoptions.net\/es\/","logo":{"@type":"ImageObject","inLanguage":"es","@id":"https:\/\/realoptions.net\/es\/#\/schema\/logo\/image\/","url":"https:\/\/realoptions.net\/wp-content\/uploads\/2022\/04\/branding.webp","contentUrl":"https:\/\/realoptions.net\/wp-content\/uploads\/2022\/04\/branding.webp","width":450,"height":155,"caption":"Real Options Obria Medical Clinics"},"image":{"@id":"https:\/\/realoptions.net\/es\/#\/schema\/logo\/image\/"},"sameAs":["https:\/\/www.facebook.com\/realoptions.centralsanjose\/"]}]}},"_links":{"self":[{"href":"https:\/\/realoptions.net\/es\/wp-json\/wp\/v2\/pages\/11912","targetHints":{"allow":["GET"]}}],"collection":[{"href":"https:\/\/realoptions.net\/es\/wp-json\/wp\/v2\/pages"}],"about":[{"href":"https:\/\/realoptions.net\/es\/wp-json\/wp\/v2\/types\/page"}],"author":[{"embeddable":true,"href":"https:\/\/realoptions.net\/es\/wp-json\/wp\/v2\/users\/11"}],"replies":[{"embeddable":true,"href":"https:\/\/realoptions.net\/es\/wp-json\/wp\/v2\/comments?post=11912"}],"version-history":[{"count":5,"href":"https:\/\/realoptions.net\/es\/wp-json\/wp\/v2\/pages\/11912\/revisions"}],"predecessor-version":[{"id":14956,"href":"https:\/\/realoptions.net\/es\/wp-json\/wp\/v2\/pages\/11912\/revisions\/14956"}],"wp:attachment":[{"href":"https:\/\/realoptions.net\/es\/wp-json\/wp\/v2\/media?parent=11912"}],"curies":[{"name":"wp","href":"https:\/\/api.w.org\/{rel}","templated":true}]}}