{"id":11911,"date":"2022-02-19T18:29:18","date_gmt":"2022-02-20T02:29:18","guid":{"rendered":"https:\/\/realoptions.net\/nuestro-equipo\/"},"modified":"2026-04-13T01:19:04","modified_gmt":"2026-04-13T08:19:04","slug":"nuestro-equipo","status":"publish","type":"page","link":"https:\/\/realoptions.net\/es\/realtalk-educacion\/nuestro-equipo\/","title":{"rendered":"Nuestro equipo"},"content":{"rendered":"<h1>Conoce a nuestro equipo educativo de RealTalk<\/h1>\n<p>A nuestro equipo le apasiona equipar a los estudiantes para que elijan un estilo de vida sano, dot\u00e1ndoles de habilidades eficaces para relacionarse y evitar riesgos<b>.<\/b> Nos dedicamos a informar a los padres para que cr\u00eden hijos fuertes y construyan comunidades sanas con las iglesias locales, las escuelas y las organizaciones comunitarias.<\/p>\n","protected":false},"excerpt":{"rendered":"<p>Nuestro equipo se dedica a informar a los padres, a criar ni\u00f1os fuertes y a construir comunidades sanas con las iglesias, escuelas y organizaciones comunitarias locales. Nos apasiona equipar a los alumnos para que elijan estilos de vida saludables y dotarles de habilidades eficaces para relacionarse y evitar riesgos.<\/p>\n","protected":false},"author":11,"featured_media":11836,"parent":11922,"menu_order":6,"comment_status":"open","ping_status":"closed","template":"views\/template-team.blade.php","meta":{"_acf_changed":false,"footnotes":"","_links_to":"","_links_to_target":""},"class_list":["post-11911","page","type-page","status-publish","has-post-thumbnail","hentry"],"acf":[],"yoast_head":"<!-- This site is optimized with the Yoast SEO plugin v27.4 - https:\/\/yoast.com\/product\/yoast-seo-wordpress\/ -->\n<title>Nuestro equipo | RealTalk y educaci\u00f3n sobre el aborto<\/title>\n<meta name=\"description\" content=\"Equipo educativo de RealOptions dedicado a empoderar a estudiantes, padres y comunidades a trav\u00e9s de la educaci\u00f3n relacional y m\u00e1s.\" \/>\n<meta name=\"robots\" content=\"index, follow, max-snippet:-1, max-image-preview:large, max-video-preview:-1\" \/>\n<link rel=\"canonical\" href=\"https:\/\/realoptions.net\/es\/realtalk-educacion\/nuestro-equipo\/\" \/>\n<meta property=\"og:locale\" content=\"es_ES\" \/>\n<meta property=\"og:type\" content=\"article\" \/>\n<meta property=\"og:title\" content=\"Nuestro equipo | RealTalk y educaci\u00f3n sobre el aborto\" \/>\n<meta property=\"og:description\" content=\"Equipo educativo de RealOptions dedicado a empoderar a estudiantes, padres y comunidades a trav\u00e9s de la educaci\u00f3n relacional y m\u00e1s.\" \/>\n<meta property=\"og:url\" content=\"https:\/\/realoptions.net\/es\/realtalk-educacion\/nuestro-equipo\/\" \/>\n<meta property=\"og:site_name\" content=\"RealOptions Obria Medical Clinic\" \/>\n<meta property=\"article:publisher\" content=\"https:\/\/www.facebook.com\/realoptions.centralsanjose\/\" \/>\n<meta property=\"article:modified_time\" content=\"2026-04-13T08:19:04+00:00\" \/>\n<meta property=\"og:image\" content=\"https:\/\/realoptions.clmstaging.com\/wp-content\/uploads\/2024\/05\/shutterstock_1185980221.png\" \/>\n\t<meta property=\"og:image:width\" content=\"1920\" \/>\n\t<meta property=\"og:image:height\" content=\"886\" \/>\n\t<meta property=\"og:image:type\" content=\"image\/png\" \/>\n<meta name=\"twitter:card\" content=\"summary_large_image\" \/>\n<meta name=\"twitter:label1\" content=\"Tiempo de lectura\" \/>\n\t<meta name=\"twitter:data1\" content=\"1 minuto\" \/>\n<!-- \/ Yoast SEO plugin. -->","yoast_head_json":{"title":"Nuestro equipo | RealTalk y educaci\u00f3n sobre el aborto","description":"Equipo educativo de RealOptions dedicado a empoderar a estudiantes, padres y comunidades a trav\u00e9s de la educaci\u00f3n relacional y m\u00e1s.","robots":{"index":"index","follow":"follow","max-snippet":"max-snippet:-1","max-image-preview":"max-image-preview:large","max-video-preview":"max-video-preview:-1"},"canonical":"https:\/\/realoptions.net\/es\/realtalk-educacion\/nuestro-equipo\/","og_locale":"es_ES","og_type":"article","og_title":"Nuestro equipo | RealTalk y educaci\u00f3n sobre el aborto","og_description":"Equipo educativo de RealOptions dedicado a empoderar a estudiantes, padres y comunidades a trav\u00e9s de la educaci\u00f3n relacional y m\u00e1s.","og_url":"https:\/\/realoptions.net\/es\/realtalk-educacion\/nuestro-equipo\/","og_site_name":"RealOptions Obria Medical Clinic","article_publisher":"https:\/\/www.facebook.com\/realoptions.centralsanjose\/","article_modified_time":"2026-04-13T08:19:04+00:00","og_image":[{"width":1920,"height":886,"url":"https:\/\/realoptions.clmstaging.com\/wp-content\/uploads\/2024\/05\/shutterstock_1185980221.png","type":"image\/png"}],"twitter_card":"summary_large_image","twitter_misc":{"Tiempo de lectura":"1 minuto"},"schema":{"@context":"https:\/\/schema.org","@graph":[{"@type":"WebPage","@id":"https:\/\/realoptions.net\/es\/realtalk-educacion\/nuestro-equipo\/","url":"https:\/\/realoptions.net\/es\/realtalk-educacion\/nuestro-equipo\/","name":"Nuestro equipo | RealTalk y educaci\u00f3n sobre el aborto","isPartOf":{"@id":"https:\/\/realoptions.net\/es\/#website"},"primaryImageOfPage":{"@id":"https:\/\/realoptions.net\/es\/realtalk-educacion\/nuestro-equipo\/#primaryimage"},"image":{"@id":"https:\/\/realoptions.net\/es\/realtalk-educacion\/nuestro-equipo\/#primaryimage"},"thumbnailUrl":"https:\/\/realoptions.net\/wp-content\/uploads\/2024\/05\/shutterstock_1185980221.png","datePublished":"2022-02-20T02:29:18+00:00","dateModified":"2026-04-13T08:19:04+00:00","description":"Equipo educativo de RealOptions dedicado a empoderar a estudiantes, padres y comunidades a trav\u00e9s de la educaci\u00f3n relacional y m\u00e1s.","breadcrumb":{"@id":"https:\/\/realoptions.net\/es\/realtalk-educacion\/nuestro-equipo\/#breadcrumb"},"inLanguage":"es","potentialAction":[{"@type":"ReadAction","target":["https:\/\/realoptions.net\/es\/realtalk-educacion\/nuestro-equipo\/"]}]},{"@type":"ImageObject","inLanguage":"es","@id":"https:\/\/realoptions.net\/es\/realtalk-educacion\/nuestro-equipo\/#primaryimage","url":"https:\/\/realoptions.net\/wp-content\/uploads\/2024\/05\/shutterstock_1185980221.png","contentUrl":"https:\/\/realoptions.net\/wp-content\/uploads\/2024\/05\/shutterstock_1185980221.png","width":1920,"height":886},{"@type":"BreadcrumbList","@id":"https:\/\/realoptions.net\/es\/realtalk-educacion\/nuestro-equipo\/#breadcrumb","itemListElement":[{"@type":"ListItem","position":1,"name":"Home","item":"https:\/\/realoptions.net\/es\/"},{"@type":"ListItem","position":2,"name":"RealTalk Educaci\u00f3n","item":"https:\/\/realoptions.net\/es\/realtalk-educacion\/"},{"@type":"ListItem","position":3,"name":"Nuestro equipo"}]},{"@type":"WebSite","@id":"https:\/\/realoptions.net\/es\/#website","url":"https:\/\/realoptions.net\/es\/","name":"RealOptions Obria Medical Clinic","description":"","publisher":{"@id":"https:\/\/realoptions.net\/es\/#organization"},"potentialAction":[{"@type":"SearchAction","target":{"@type":"EntryPoint","urlTemplate":"https:\/\/realoptions.net\/es\/?s={search_term_string}"},"query-input":{"@type":"PropertyValueSpecification","valueRequired":true,"valueName":"search_term_string"}}],"inLanguage":"es"},{"@type":"Organization","@id":"https:\/\/realoptions.net\/es\/#organization","name":"Real Options Obria Medical Clinics","url":"https:\/\/realoptions.net\/es\/","logo":{"@type":"ImageObject","inLanguage":"es","@id":"https:\/\/realoptions.net\/es\/#\/schema\/logo\/image\/","url":"https:\/\/realoptions.net\/wp-content\/uploads\/2022\/04\/branding.webp","contentUrl":"https:\/\/realoptions.net\/wp-content\/uploads\/2022\/04\/branding.webp","width":450,"height":155,"caption":"Real Options Obria Medical Clinics"},"image":{"@id":"https:\/\/realoptions.net\/es\/#\/schema\/logo\/image\/"},"sameAs":["https:\/\/www.facebook.com\/realoptions.centralsanjose\/"]}]}},"_links":{"self":[{"href":"https:\/\/realoptions.net\/es\/wp-json\/wp\/v2\/pages\/11911","targetHints":{"allow":["GET"]}}],"collection":[{"href":"https:\/\/realoptions.net\/es\/wp-json\/wp\/v2\/pages"}],"about":[{"href":"https:\/\/realoptions.net\/es\/wp-json\/wp\/v2\/types\/page"}],"author":[{"embeddable":true,"href":"https:\/\/realoptions.net\/es\/wp-json\/wp\/v2\/users\/11"}],"replies":[{"embeddable":true,"href":"https:\/\/realoptions.net\/es\/wp-json\/wp\/v2\/comments?post=11911"}],"version-history":[{"count":4,"href":"https:\/\/realoptions.net\/es\/wp-json\/wp\/v2\/pages\/11911\/revisions"}],"predecessor-version":[{"id":15075,"href":"https:\/\/realoptions.net\/es\/wp-json\/wp\/v2\/pages\/11911\/revisions\/15075"}],"up":[{"embeddable":true,"href":"https:\/\/realoptions.net\/es\/wp-json\/wp\/v2\/pages\/11922"}],"wp:featuredmedia":[{"embeddable":true,"href":"https:\/\/realoptions.net\/es\/wp-json\/wp\/v2\/media\/11836"}],"wp:attachment":[{"href":"https:\/\/realoptions.net\/es\/wp-json\/wp\/v2\/media?parent=11911"}],"curies":[{"name":"wp","href":"https:\/\/api.w.org\/{rel}","templated":true}]}}