{"id":11910,"date":"2024-05-03T09:54:39","date_gmt":"2024-05-03T16:54:39","guid":{"rendered":"https:\/\/realoptions.net\/prueba-de-embarazo\/"},"modified":"2026-03-03T01:54:59","modified_gmt":"2026-03-03T09:54:59","slug":"prueba-de-embarazo","status":"publish","type":"page","link":"https:\/\/realoptions.net\/es\/prueba-de-embarazo\/","title":{"rendered":"Prueba de embarazo"},"content":{"rendered":"<p>Aunque las pruebas de embarazo caseras suelen ser precisas, tal vez quieras confirmar los resultados con un profesional m\u00e9dico para estar segura. Te ayudaremos a verificar tus resultados con una prueba de embarazo de laboratorio.<\/p>\n<p>La ausencia de menstruaci\u00f3n es el indicador m\u00e1s com\u00fan de que puedes estar embarazada, pero no el \u00fanico. <\/p>\n<h2>Aqu\u00ed tienes otros s\u00edntomas frecuentes:<\/h2>\n<ul>\n<li>Micci\u00f3n frecuente<\/li>\n<li>Mareos<\/li>\n<li>N\u00e1useas<\/li>\n<li>Cambio de apetito<\/li>\n<li>Sensibilidad mamaria<\/li>\n<li>Fatiga<\/li>\n<\/ul>\n<p>Si crees que est\u00e1s embarazada, pide cita o p\u00e1sate por una de nuestras cl\u00ednicas situadas en el centro de San Jos\u00e9, el este de San Jos\u00e9, Oakland, Redwood City o Union City. Nuestro equipo m\u00e9dico y nuestro personal est\u00e1n altamente capacitados y dedicados a satisfacer tus necesidades sanitarias.<\/p>\n<p><a class=\"btn\" href=\"https:\/\/api.leadconnectorhq.com\/widget\/survey\/e4IR6RquMy1IKaiKIamb\" target=\"_blank\" rel=\"noopener nofollow external noreferrer\" data-wpel-link=\"external\"> Reserva en l\u00ednea<\/a><\/p>\n","protected":false},"excerpt":{"rendered":"<p>Aunque las pruebas de embarazo caseras suelen ser precisas, tal vez quieras confirmar los resultados con un profesional m\u00e9dico para estar segura. Te ayudaremos a verificar tus resultados con una prueba de embarazo de laboratorio.<\/p>\n","protected":false},"author":10,"featured_media":0,"parent":0,"menu_order":0,"comment_status":"closed","ping_status":"closed","template":"","meta":{"_acf_changed":false,"footnotes":"","_links_to":"","_links_to_target":""},"class_list":["post-11910","page","type-page","status-publish","hentry"],"acf":[],"yoast_head":"<!-- This site is optimized with the Yoast SEO plugin v27.4 - https:\/\/yoast.com\/product\/yoast-seo-wordpress\/ -->\n<title>Servicios de pruebas de embarazo de calidad de laboratorio<\/title>\n<meta name=\"description\" content=\"La Cl\u00ednica M\u00e9dica RealOptions Obria ofrece una prueba de embarazo gratuita. Inf\u00f3rmese sobre las pruebas de embarazo y programe una visita hoy mismo.\" \/>\n<meta name=\"robots\" content=\"index, follow, max-snippet:-1, max-image-preview:large, max-video-preview:-1\" \/>\n<link rel=\"canonical\" href=\"https:\/\/realoptions.net\/es\/prueba-de-embarazo\/\" \/>\n<meta property=\"og:locale\" content=\"es_ES\" \/>\n<meta property=\"og:type\" content=\"article\" \/>\n<meta property=\"og:title\" content=\"Servicios de pruebas de embarazo de calidad de laboratorio\" \/>\n<meta property=\"og:description\" content=\"La Cl\u00ednica M\u00e9dica RealOptions Obria ofrece una prueba de embarazo gratuita. Inf\u00f3rmese sobre las pruebas de embarazo y programe una visita hoy mismo.\" \/>\n<meta property=\"og:url\" content=\"https:\/\/realoptions.net\/es\/prueba-de-embarazo\/\" \/>\n<meta property=\"og:site_name\" content=\"RealOptions Obria Medical Clinic\" \/>\n<meta property=\"article:publisher\" content=\"https:\/\/www.facebook.com\/realoptions.centralsanjose\/\" \/>\n<meta property=\"article:modified_time\" content=\"2026-03-03T09:54:59+00:00\" \/>\n<meta name=\"twitter:card\" content=\"summary_large_image\" \/>\n<meta name=\"twitter:label1\" content=\"Tiempo de lectura\" \/>\n\t<meta name=\"twitter:data1\" content=\"1 minuto\" \/>\n<!-- \/ Yoast SEO plugin. -->","yoast_head_json":{"title":"Servicios de pruebas de embarazo de calidad de laboratorio","description":"La Cl\u00ednica M\u00e9dica RealOptions Obria ofrece una prueba de embarazo gratuita. Inf\u00f3rmese sobre las pruebas de embarazo y programe una visita hoy mismo.","robots":{"index":"index","follow":"follow","max-snippet":"max-snippet:-1","max-image-preview":"max-image-preview:large","max-video-preview":"max-video-preview:-1"},"canonical":"https:\/\/realoptions.net\/es\/prueba-de-embarazo\/","og_locale":"es_ES","og_type":"article","og_title":"Servicios de pruebas de embarazo de calidad de laboratorio","og_description":"La Cl\u00ednica M\u00e9dica RealOptions Obria ofrece una prueba de embarazo gratuita. Inf\u00f3rmese sobre las pruebas de embarazo y programe una visita hoy mismo.","og_url":"https:\/\/realoptions.net\/es\/prueba-de-embarazo\/","og_site_name":"RealOptions Obria Medical Clinic","article_publisher":"https:\/\/www.facebook.com\/realoptions.centralsanjose\/","article_modified_time":"2026-03-03T09:54:59+00:00","twitter_card":"summary_large_image","twitter_misc":{"Tiempo de lectura":"1 minuto"},"schema":{"@context":"https:\/\/schema.org","@graph":[{"@type":"WebPage","@id":"https:\/\/realoptions.net\/es\/prueba-de-embarazo\/","url":"https:\/\/realoptions.net\/es\/prueba-de-embarazo\/","name":"Servicios de pruebas de embarazo de calidad de laboratorio","isPartOf":{"@id":"https:\/\/realoptions.net\/es\/#website"},"datePublished":"2024-05-03T16:54:39+00:00","dateModified":"2026-03-03T09:54:59+00:00","description":"La Cl\u00ednica M\u00e9dica RealOptions Obria ofrece una prueba de embarazo gratuita. Inf\u00f3rmese sobre las pruebas de embarazo y programe una visita hoy mismo.","breadcrumb":{"@id":"https:\/\/realoptions.net\/es\/prueba-de-embarazo\/#breadcrumb"},"inLanguage":"es","potentialAction":[{"@type":"ReadAction","target":["https:\/\/realoptions.net\/es\/prueba-de-embarazo\/"]}]},{"@type":"BreadcrumbList","@id":"https:\/\/realoptions.net\/es\/prueba-de-embarazo\/#breadcrumb","itemListElement":[{"@type":"ListItem","position":1,"name":"Home","item":"https:\/\/realoptions.net\/es\/"},{"@type":"ListItem","position":2,"name":"Prueba de embarazo"}]},{"@type":"WebSite","@id":"https:\/\/realoptions.net\/es\/#website","url":"https:\/\/realoptions.net\/es\/","name":"RealOptions Obria Medical Clinic","description":"","publisher":{"@id":"https:\/\/realoptions.net\/es\/#organization"},"potentialAction":[{"@type":"SearchAction","target":{"@type":"EntryPoint","urlTemplate":"https:\/\/realoptions.net\/es\/?s={search_term_string}"},"query-input":{"@type":"PropertyValueSpecification","valueRequired":true,"valueName":"search_term_string"}}],"inLanguage":"es"},{"@type":"Organization","@id":"https:\/\/realoptions.net\/es\/#organization","name":"Real Options Obria Medical Clinics","url":"https:\/\/realoptions.net\/es\/","logo":{"@type":"ImageObject","inLanguage":"es","@id":"https:\/\/realoptions.net\/es\/#\/schema\/logo\/image\/","url":"https:\/\/realoptions.net\/wp-content\/uploads\/2022\/04\/branding.webp","contentUrl":"https:\/\/realoptions.net\/wp-content\/uploads\/2022\/04\/branding.webp","width":450,"height":155,"caption":"Real Options Obria Medical Clinics"},"image":{"@id":"https:\/\/realoptions.net\/es\/#\/schema\/logo\/image\/"},"sameAs":["https:\/\/www.facebook.com\/realoptions.centralsanjose\/"]}]}},"_links":{"self":[{"href":"https:\/\/realoptions.net\/es\/wp-json\/wp\/v2\/pages\/11910","targetHints":{"allow":["GET"]}}],"collection":[{"href":"https:\/\/realoptions.net\/es\/wp-json\/wp\/v2\/pages"}],"about":[{"href":"https:\/\/realoptions.net\/es\/wp-json\/wp\/v2\/types\/page"}],"author":[{"embeddable":true,"href":"https:\/\/realoptions.net\/es\/wp-json\/wp\/v2\/users\/10"}],"replies":[{"embeddable":true,"href":"https:\/\/realoptions.net\/es\/wp-json\/wp\/v2\/comments?post=11910"}],"version-history":[{"count":2,"href":"https:\/\/realoptions.net\/es\/wp-json\/wp\/v2\/pages\/11910\/revisions"}],"predecessor-version":[{"id":14957,"href":"https:\/\/realoptions.net\/es\/wp-json\/wp\/v2\/pages\/11910\/revisions\/14957"}],"wp:attachment":[{"href":"https:\/\/realoptions.net\/es\/wp-json\/wp\/v2\/media?parent=11910"}],"curies":[{"name":"wp","href":"https:\/\/api.w.org\/{rel}","templated":true}]}}