{"id":11905,"date":"2022-02-19T15:41:32","date_gmt":"2022-02-19T23:41:32","guid":{"rendered":"https:\/\/realoptions.net\/contacta-con-nosotros\/"},"modified":"2026-01-29T01:11:09","modified_gmt":"2026-01-29T09:11:09","slug":"contacta-con-nosotros","status":"publish","type":"page","link":"https:\/\/realoptions.net\/es\/contacta-con-nosotros\/","title":{"rendered":"Contacta con nosotros"},"content":{"rendered":"","protected":false},"excerpt":{"rendered":"<p>Nos encantar\u00eda tener noticias tuyas y saber c\u00f3mo podemos satisfacer tus necesidades educativas.<\/p>\n","protected":false},"author":11,"featured_media":14281,"parent":0,"menu_order":7,"comment_status":"closed","ping_status":"closed","template":"","meta":{"_acf_changed":false,"footnotes":"","_links_to":"","_links_to_target":""},"class_list":["post-11905","page","type-page","status-publish","has-post-thumbnail","hentry"],"acf":[],"yoast_head":"<!-- This site is optimized with the Yoast SEO plugin v27.3 - https:\/\/yoast.com\/product\/yoast-seo-wordpress\/ -->\n<title>Contacte a nuestro Director de Educaci\u00f3n | RealOptions<\/title>\n<meta name=\"description\" content=\"Env\u00ede un correo electr\u00f3nico y con\u00e9ctese ahora con Valerie Navarrete y analice c\u00f3mo RealOptions puede respaldar sus necesidades educativas.\" \/>\n<meta name=\"robots\" content=\"index, follow, max-snippet:-1, max-image-preview:large, max-video-preview:-1\" \/>\n<link rel=\"canonical\" href=\"https:\/\/realoptions.net\/es\/contacta-con-nosotros\/\" \/>\n<meta property=\"og:locale\" content=\"es_ES\" \/>\n<meta property=\"og:type\" content=\"article\" \/>\n<meta property=\"og:title\" content=\"Contacte a nuestro Director de Educaci\u00f3n | RealOptions\" \/>\n<meta property=\"og:description\" content=\"Env\u00ede un correo electr\u00f3nico y con\u00e9ctese ahora con Valerie Navarrete y analice c\u00f3mo RealOptions puede respaldar sus necesidades educativas.\" \/>\n<meta property=\"og:url\" content=\"https:\/\/realoptions.net\/es\/contacta-con-nosotros\/\" \/>\n<meta property=\"og:site_name\" content=\"RealOptions Obria Medical Clinic\" \/>\n<meta property=\"article:publisher\" content=\"https:\/\/www.facebook.com\/realoptions.centralsanjose\/\" \/>\n<meta property=\"article:modified_time\" content=\"2026-01-29T09:11:09+00:00\" \/>\n<meta property=\"og:image\" content=\"https:\/\/realoptions.net\/wp-content\/uploads\/2025\/12\/Contact-Us-banner.jpg\" \/>\n\t<meta property=\"og:image:width\" content=\"1500\" \/>\n\t<meta property=\"og:image:height\" content=\"692\" \/>\n\t<meta property=\"og:image:type\" content=\"image\/jpeg\" \/>\n<meta name=\"twitter:card\" content=\"summary_large_image\" \/>\n<meta name=\"twitter:label1\" content=\"Tiempo de lectura\" \/>\n\t<meta name=\"twitter:data1\" content=\"1 minuto\" \/>\n<!-- \/ Yoast SEO plugin. -->","yoast_head_json":{"title":"Contacte a nuestro Director de Educaci\u00f3n | RealOptions","description":"Env\u00ede un correo electr\u00f3nico y con\u00e9ctese ahora con Valerie Navarrete y analice c\u00f3mo RealOptions puede respaldar sus necesidades educativas.","robots":{"index":"index","follow":"follow","max-snippet":"max-snippet:-1","max-image-preview":"max-image-preview:large","max-video-preview":"max-video-preview:-1"},"canonical":"https:\/\/realoptions.net\/es\/contacta-con-nosotros\/","og_locale":"es_ES","og_type":"article","og_title":"Contacte a nuestro Director de Educaci\u00f3n | RealOptions","og_description":"Env\u00ede un correo electr\u00f3nico y con\u00e9ctese ahora con Valerie Navarrete y analice c\u00f3mo RealOptions puede respaldar sus necesidades educativas.","og_url":"https:\/\/realoptions.net\/es\/contacta-con-nosotros\/","og_site_name":"RealOptions Obria Medical Clinic","article_publisher":"https:\/\/www.facebook.com\/realoptions.centralsanjose\/","article_modified_time":"2026-01-29T09:11:09+00:00","og_image":[{"width":1500,"height":692,"url":"https:\/\/realoptions.net\/wp-content\/uploads\/2025\/12\/Contact-Us-banner.jpg","type":"image\/jpeg"}],"twitter_card":"summary_large_image","twitter_misc":{"Tiempo de lectura":"1 minuto"},"schema":{"@context":"https:\/\/schema.org","@graph":[{"@type":"WebPage","@id":"https:\/\/realoptions.net\/es\/contacta-con-nosotros\/","url":"https:\/\/realoptions.net\/es\/contacta-con-nosotros\/","name":"Contacte a nuestro Director de Educaci\u00f3n | RealOptions","isPartOf":{"@id":"https:\/\/realoptions.net\/es\/#website"},"primaryImageOfPage":{"@id":"https:\/\/realoptions.net\/es\/contacta-con-nosotros\/#primaryimage"},"image":{"@id":"https:\/\/realoptions.net\/es\/contacta-con-nosotros\/#primaryimage"},"thumbnailUrl":"https:\/\/realoptions.net\/wp-content\/uploads\/2025\/12\/Contact-Us-banner.jpg","datePublished":"2022-02-19T23:41:32+00:00","dateModified":"2026-01-29T09:11:09+00:00","description":"Env\u00ede un correo electr\u00f3nico y con\u00e9ctese ahora con Valerie Navarrete y analice c\u00f3mo RealOptions puede respaldar sus necesidades educativas.","breadcrumb":{"@id":"https:\/\/realoptions.net\/es\/contacta-con-nosotros\/#breadcrumb"},"inLanguage":"es","potentialAction":[{"@type":"ReadAction","target":["https:\/\/realoptions.net\/es\/contacta-con-nosotros\/"]}]},{"@type":"ImageObject","inLanguage":"es","@id":"https:\/\/realoptions.net\/es\/contacta-con-nosotros\/#primaryimage","url":"https:\/\/realoptions.net\/wp-content\/uploads\/2025\/12\/Contact-Us-banner.jpg","contentUrl":"https:\/\/realoptions.net\/wp-content\/uploads\/2025\/12\/Contact-Us-banner.jpg","width":1500,"height":692,"caption":"Contact Us Banner"},{"@type":"BreadcrumbList","@id":"https:\/\/realoptions.net\/es\/contacta-con-nosotros\/#breadcrumb","itemListElement":[{"@type":"ListItem","position":1,"name":"Home","item":"https:\/\/realoptions.net\/es\/"},{"@type":"ListItem","position":2,"name":"Contacta con nosotros"}]},{"@type":"WebSite","@id":"https:\/\/realoptions.net\/es\/#website","url":"https:\/\/realoptions.net\/es\/","name":"RealOptions Obria Medical Clinic","description":"","publisher":{"@id":"https:\/\/realoptions.net\/es\/#organization"},"potentialAction":[{"@type":"SearchAction","target":{"@type":"EntryPoint","urlTemplate":"https:\/\/realoptions.net\/es\/?s={search_term_string}"},"query-input":{"@type":"PropertyValueSpecification","valueRequired":true,"valueName":"search_term_string"}}],"inLanguage":"es"},{"@type":"Organization","@id":"https:\/\/realoptions.net\/es\/#organization","name":"Real Options Obria Medical Clinics","url":"https:\/\/realoptions.net\/es\/","logo":{"@type":"ImageObject","inLanguage":"es","@id":"https:\/\/realoptions.net\/es\/#\/schema\/logo\/image\/","url":"https:\/\/realoptions.net\/wp-content\/uploads\/2022\/04\/branding.webp","contentUrl":"https:\/\/realoptions.net\/wp-content\/uploads\/2022\/04\/branding.webp","width":450,"height":155,"caption":"Real Options Obria Medical Clinics"},"image":{"@id":"https:\/\/realoptions.net\/es\/#\/schema\/logo\/image\/"},"sameAs":["https:\/\/www.facebook.com\/realoptions.centralsanjose\/"]}]}},"_links":{"self":[{"href":"https:\/\/realoptions.net\/es\/wp-json\/wp\/v2\/pages\/11905","targetHints":{"allow":["GET"]}}],"collection":[{"href":"https:\/\/realoptions.net\/es\/wp-json\/wp\/v2\/pages"}],"about":[{"href":"https:\/\/realoptions.net\/es\/wp-json\/wp\/v2\/types\/page"}],"author":[{"embeddable":true,"href":"https:\/\/realoptions.net\/es\/wp-json\/wp\/v2\/users\/11"}],"replies":[{"embeddable":true,"href":"https:\/\/realoptions.net\/es\/wp-json\/wp\/v2\/comments?post=11905"}],"version-history":[{"count":1,"href":"https:\/\/realoptions.net\/es\/wp-json\/wp\/v2\/pages\/11905\/revisions"}],"predecessor-version":[{"id":11914,"href":"https:\/\/realoptions.net\/es\/wp-json\/wp\/v2\/pages\/11905\/revisions\/11914"}],"wp:featuredmedia":[{"embeddable":true,"href":"https:\/\/realoptions.net\/es\/wp-json\/wp\/v2\/media\/14281"}],"wp:attachment":[{"href":"https:\/\/realoptions.net\/es\/wp-json\/wp\/v2\/media?parent=11905"}],"curies":[{"name":"wp","href":"https:\/\/api.w.org\/{rel}","templated":true}]}}