{"id":11563,"date":"2024-05-29T12:38:27","date_gmt":"2024-05-29T12:38:27","guid":{"rendered":"https:\/\/realoptions.net\/?page_id=11563"},"modified":"2024-05-29T12:38:27","modified_gmt":"2024-05-29T12:38:27","slug":"pruebas-de-embarazo-y-ultrasonido-newark","status":"publish","type":"page","link":"https:\/\/realoptions.net\/es\/pruebas-de-embarazo-y-ultrasonido-newark\/","title":{"rendered":"Pruebas de Embarazo y Ultrasonido Newark"},"content":{"rendered":"<h2>Prueba de Embarazo<\/h2>\n<p>Aunque las pruebas de embarazo en el hogar son generalmente precisas, es posible que desee confirmar los resultados con un profesional m\u00e9dico solo para estar seguro. Las cl\u00ednicas m\u00e9dicas de RealOptions Obria lo ayudar\u00e1n a verificar sus resultados en un ambiente seguro y c\u00f3modo.<\/p>\n<p>Un per\u00edodo perdido es el indicador m\u00e1s com\u00fan de que puede estar embarazada, pero no el \u00fanico. Aqu\u00ed hay algunos otros s\u00edntomas comunes:<\/p>\n<ul>\n<li>Micci\u00f3n frecuente<\/li>\n<li>Mareo<\/li>\n<li>N\u00e1usea<\/li>\n<li>Cambio de apetito<\/li>\n<li>Sensibilidad en los senos<\/li>\n<li>Fatiga<\/li>\n<\/ul>\n<p>Si cree que est\u00e1 embarazada, venga a una de nuestras cl\u00ednicas ubicadas en el centro de San Jos\u00e9, East San Jose, Union City. Ofrecemos pruebas de embarazo en un entorno seguro y privado.<\/p>\n<p>Nuestros m\u00e9dicos OB \/ GYN certificados por la junta, enfermeras registradas, enfermeras practicantes y personal de apoyo est\u00e1n altamente capacitados y dedicados a satisfacer sus necesidades de atenci\u00f3n m\u00e9dica. Si su prueba de embarazo es positiva, le ofreceremos un examen de ultrasonido para confirmar la viabilidad de su embarazo.<\/p>\n<p>&nbsp;<\/p>\n<h2>Imagen de Ultrasonido<\/h2>\n<p>Si tiene una prueba de embarazo positiva, debe considerar un examen de ultrasonido. El ultrasonido puede confirmar si el embarazo es viable y alertarlo si hay otros problemas de salud a tener en cuenta. Los embarazos de\u00a0<a href=\"https:\/\/www.mayoclinic.org\/diseases-conditions\/ectopic-pregnancy\/symptoms-causes\/syc-20372088\" data-wpel-link=\"external\" target=\"_blank\" rel=\"nofollow external noopener noreferrer\">trompas<\/a>\u00a0o el\u00a0<a href=\"https:\/\/www.mayoclinic.org\/diseases-conditions\/pregnancy-loss-miscarriage\/symptoms-causes\/syc-20354298\" data-wpel-link=\"external\" target=\"_blank\" rel=\"nofollow external noopener noreferrer\">aborto espont\u00e1neo<\/a>\u00a0pueden ocurrir hasta en un 25% de los embarazos.<\/p>\n<p>RealOptions Obria Medical Clinics ofrece\u00a0<a href=\"https:\/\/www.whattoexpect.com\/pregnancy\/pregnancy-health\/prenatal-testing-ultrasound\/\" data-wpel-link=\"external\" target=\"_blank\" rel=\"nofollow external noopener noreferrer\">ultrasonido de diagn\u00f3stico<\/a>\u00a0para pruebas de embarazo positivas para confirmar un embarazo viable (en desarrollo), intrauterino (en el \u00fatero).<\/p>\n<p>En RealOptions, se realizan ultrasonidos obst\u00e9tricos limitados para:<\/p>\n<ul>\n<li>Confirmar el embarazo<\/li>\n<li>Detectar latidos card\u00edacos fetales<\/li>\n<li>Determinar la edad fetal.<\/li>\n<li>Determinar fecha de vencimiento<\/li>\n<li>Determinar la ubicaci\u00f3n del embarazo (intrauterino \/ ect\u00f3pico)<\/li>\n<li>El examen de ultrasonido no diagnosticar\u00e1 g\u00e9nero, anormalidades y \/ o problemas.<\/li>\n<\/ul>\n<p>Si le preocupa su capacidad financiera para pagar un servicio, puede ser elegible para un programa de ayuda financiera financiado por el estado que le proporcionar\u00eda servicios sin costo alguno. Llama o\u00a0<strong><a href=\"https:\/\/api.leadconnectorhq.com\/widget\/survey\/e4IR6RquMy1IKaiKIamb\" target=\"_blank\" rel=\"noopener nofollow external noreferrer\" data-wpel-link=\"external\">programa una cita<\/a><\/strong>\u00a0hoy.<\/p>\n<p>Patterson llam\u00f3 a su estado &#8220;Newark&#8221;, despu\u00e9s del \u00e1rea boscosa en\u00a0<a href=\"https:\/\/en.wikipedia.org\/wiki\/England\" data-wpel-link=\"external\" target=\"_blank\" rel=\"nofollow external noopener noreferrer\">Inglaterra<\/a>\u00a0mencionada en la obra de\u00a0<a href=\"https:\/\/en.wikipedia.org\/wiki\/William_Shakespeare\" data-wpel-link=\"external\" target=\"_blank\" rel=\"nofollow external noopener noreferrer\">Shakespeare<\/a>,\u00a0<a href=\"https:\/\/en.wikipedia.org\/wiki\/As_You_Like_It\" data-wpel-link=\"external\" target=\"_blank\" rel=\"nofollow external noopener noreferrer\">As You Like It<\/a>. Hubo dos adiciones posteriores a la casa. La m\u00e1s grande fue en 1889 cuando Patterson y su esposa Clara agregaron la secci\u00f3n victoriana de la reina Ana a la casa. La segunda adici\u00f3n se produjo en 1915 cuando el hijo de Patterson, Henry, y su esposa, remodelaron la antigua secci\u00f3n de la granja y agregaron habitaciones que incluyen la cocina, un amplio dormitorio encima de la cocina, el porche, la guarder\u00eda y un ba\u00f1o con tuber\u00edas de interior.<\/p>\n","protected":false},"excerpt":{"rendered":"<p>Prueba de Embarazo Aunque las pruebas de embarazo en el hogar son generalmente precisas, es posible que desee confirmar los resultados con un profesional m\u00e9dico solo para estar seguro. Las cl\u00ednicas m\u00e9dicas de RealOptions Obria<\/p>\n","protected":false},"author":10,"featured_media":0,"parent":0,"menu_order":0,"comment_status":"closed","ping_status":"closed","template":"","meta":{"_acf_changed":false,"footnotes":"","_links_to":"","_links_to_target":""},"class_list":["post-11563","page","type-page","status-publish","hentry"],"acf":[],"yoast_head":"<!-- This site is optimized with the Yoast SEO plugin v27.5 - https:\/\/yoast.com\/product\/yoast-seo-wordpress\/ -->\n<title>Pruebas de Embarazo y Ultrasonido Newark | RealOptions Obria Medical Clinic | San Jose, CA<\/title>\n<meta name=\"description\" content=\"RealOptions Obria Medical Clinic offers no-cost pregnancy services. Read more about Pruebas de Embarazo y Ultrasonido Newark in this page. Contact us\" \/>\n<meta name=\"robots\" content=\"index, follow, max-snippet:-1, max-image-preview:large, max-video-preview:-1\" \/>\n<link rel=\"canonical\" href=\"https:\/\/realoptions.net\/es\/pruebas-de-embarazo-y-ultrasonido-newark\/\" \/>\n<meta property=\"og:locale\" content=\"es_ES\" \/>\n<meta property=\"og:type\" content=\"article\" \/>\n<meta property=\"og:title\" content=\"Pruebas de Embarazo y Ultrasonido Newark | RealOptions Obria Medical Clinic | San Jose, CA\" \/>\n<meta property=\"og:description\" content=\"RealOptions Obria Medical Clinic offers no-cost pregnancy services. Read more about Pruebas de Embarazo y Ultrasonido Newark in this page. Contact us\" \/>\n<meta property=\"og:url\" content=\"https:\/\/realoptions.net\/es\/pruebas-de-embarazo-y-ultrasonido-newark\/\" \/>\n<meta property=\"og:site_name\" content=\"RealOptions Obria Medical Clinic\" \/>\n<meta property=\"article:publisher\" content=\"https:\/\/www.facebook.com\/realoptions.centralsanjose\/\" \/>\n<meta name=\"twitter:card\" content=\"summary_large_image\" \/>\n<meta name=\"twitter:label1\" content=\"Tiempo de lectura\" \/>\n\t<meta name=\"twitter:data1\" content=\"2 minutos\" \/>\n<!-- \/ Yoast SEO plugin. -->","yoast_head_json":{"title":"Pruebas de Embarazo y Ultrasonido Newark | RealOptions Obria Medical Clinic | San Jose, CA","description":"RealOptions Obria Medical Clinic offers no-cost pregnancy services. Read more about Pruebas de Embarazo y Ultrasonido Newark in this page. Contact us","robots":{"index":"index","follow":"follow","max-snippet":"max-snippet:-1","max-image-preview":"max-image-preview:large","max-video-preview":"max-video-preview:-1"},"canonical":"https:\/\/realoptions.net\/es\/pruebas-de-embarazo-y-ultrasonido-newark\/","og_locale":"es_ES","og_type":"article","og_title":"Pruebas de Embarazo y Ultrasonido Newark | RealOptions Obria Medical Clinic | San Jose, CA","og_description":"RealOptions Obria Medical Clinic offers no-cost pregnancy services. Read more about Pruebas de Embarazo y Ultrasonido Newark in this page. Contact us","og_url":"https:\/\/realoptions.net\/es\/pruebas-de-embarazo-y-ultrasonido-newark\/","og_site_name":"RealOptions Obria Medical Clinic","article_publisher":"https:\/\/www.facebook.com\/realoptions.centralsanjose\/","twitter_card":"summary_large_image","twitter_misc":{"Tiempo de lectura":"2 minutos"},"schema":{"@context":"https:\/\/schema.org","@graph":[{"@type":"WebPage","@id":"https:\/\/realoptions.net\/es\/pruebas-de-embarazo-y-ultrasonido-newark\/","url":"https:\/\/realoptions.net\/es\/pruebas-de-embarazo-y-ultrasonido-newark\/","name":"Pruebas de Embarazo y Ultrasonido Newark | RealOptions Obria Medical Clinic | San Jose, CA","isPartOf":{"@id":"https:\/\/realoptions.net\/es\/#website"},"datePublished":"2024-05-29T12:38:27+00:00","description":"RealOptions Obria Medical Clinic offers no-cost pregnancy services. Read more about Pruebas de Embarazo y Ultrasonido Newark in this page. Contact us","breadcrumb":{"@id":"https:\/\/realoptions.net\/es\/pruebas-de-embarazo-y-ultrasonido-newark\/#breadcrumb"},"inLanguage":"es","potentialAction":[{"@type":"ReadAction","target":["https:\/\/realoptions.net\/es\/pruebas-de-embarazo-y-ultrasonido-newark\/"]}]},{"@type":"BreadcrumbList","@id":"https:\/\/realoptions.net\/es\/pruebas-de-embarazo-y-ultrasonido-newark\/#breadcrumb","itemListElement":[{"@type":"ListItem","position":1,"name":"Home","item":"https:\/\/realoptions.net\/es\/"},{"@type":"ListItem","position":2,"name":"Pruebas de Embarazo y Ultrasonido Newark"}]},{"@type":"WebSite","@id":"https:\/\/realoptions.net\/es\/#website","url":"https:\/\/realoptions.net\/es\/","name":"RealOptions Obria Medical Clinic","description":"","publisher":{"@id":"https:\/\/realoptions.net\/es\/#organization"},"potentialAction":[{"@type":"SearchAction","target":{"@type":"EntryPoint","urlTemplate":"https:\/\/realoptions.net\/es\/?s={search_term_string}"},"query-input":{"@type":"PropertyValueSpecification","valueRequired":true,"valueName":"search_term_string"}}],"inLanguage":"es"},{"@type":"Organization","@id":"https:\/\/realoptions.net\/es\/#organization","name":"Real Options Obria Medical Clinics","url":"https:\/\/realoptions.net\/es\/","logo":{"@type":"ImageObject","inLanguage":"es","@id":"https:\/\/realoptions.net\/es\/#\/schema\/logo\/image\/","url":"https:\/\/realoptions.net\/wp-content\/uploads\/2022\/04\/branding.webp","contentUrl":"https:\/\/realoptions.net\/wp-content\/uploads\/2022\/04\/branding.webp","width":450,"height":155,"caption":"Real Options Obria Medical Clinics"},"image":{"@id":"https:\/\/realoptions.net\/es\/#\/schema\/logo\/image\/"},"sameAs":["https:\/\/www.facebook.com\/realoptions.centralsanjose\/"]}]}},"_links":{"self":[{"href":"https:\/\/realoptions.net\/es\/wp-json\/wp\/v2\/pages\/11563","targetHints":{"allow":["GET"]}}],"collection":[{"href":"https:\/\/realoptions.net\/es\/wp-json\/wp\/v2\/pages"}],"about":[{"href":"https:\/\/realoptions.net\/es\/wp-json\/wp\/v2\/types\/page"}],"author":[{"embeddable":true,"href":"https:\/\/realoptions.net\/es\/wp-json\/wp\/v2\/users\/10"}],"replies":[{"embeddable":true,"href":"https:\/\/realoptions.net\/es\/wp-json\/wp\/v2\/comments?post=11563"}],"version-history":[{"count":1,"href":"https:\/\/realoptions.net\/es\/wp-json\/wp\/v2\/pages\/11563\/revisions"}],"predecessor-version":[{"id":11564,"href":"https:\/\/realoptions.net\/es\/wp-json\/wp\/v2\/pages\/11563\/revisions\/11564"}],"wp:attachment":[{"href":"https:\/\/realoptions.net\/es\/wp-json\/wp\/v2\/media?parent=11563"}],"curies":[{"name":"wp","href":"https:\/\/api.w.org\/{rel}","templated":true}]}}