{"id":11558,"date":"2024-05-07T05:18:47","date_gmt":"2024-05-07T05:18:47","guid":{"rendered":"https:\/\/realoptions.net\/?page_id=11558"},"modified":"2025-12-16T22:06:37","modified_gmt":"2025-12-17T06:06:37","slug":"existe-alguna-pildora-abortiva-de-venta-libre-que-pueda-tomar-sin-receta","status":"publish","type":"page","link":"https:\/\/realoptions.net\/es\/existe-alguna-pildora-abortiva-de-venta-libre-que-pueda-tomar-sin-receta\/","title":{"rendered":"\u00bfExiste alguna p\u00edldora abortiva de venta libre que pueda tomar sin receta?"},"content":{"rendered":"<p><img decoding=\"async\" class=\"size-medium wp-image-11007 alignright\" src=\"https:\/\/realoptions.net\/wp-content\/uploads\/2020\/05\/blog_may2020-1-300x195.jpg\" alt=\"\" width=\"300\" height=\"195\" srcset=\"https:\/\/realoptions.net\/wp-content\/uploads\/2020\/05\/blog_may2020-1-300x195.jpg 300w, https:\/\/realoptions.net\/wp-content\/uploads\/2020\/05\/blog_may2020-1-768x500.jpg 768w, https:\/\/realoptions.net\/wp-content\/uploads\/2020\/05\/blog_may2020-1-320x208.jpg 320w, https:\/\/realoptions.net\/wp-content\/uploads\/2020\/05\/blog_may2020-1-480x313.jpg 480w, https:\/\/realoptions.net\/wp-content\/uploads\/2020\/05\/blog_may2020-1.jpg 800w\" sizes=\"(max-width: 300px) 100vw, 300px\" \/><\/p>\n<p>NO, no existe una p\u00edldora abortiva que deba tomar sin receta. La\u00a0p\u00edldora abortiva\u00a0es diferente de la anticoncepci\u00f3n de emergencia, a veces llamada\u00a0<a href=\"https:\/\/realoptions.net\/the-difference-between-the-morning-after-pill-and-the-abortion-pill\/\" data-wpel-link=\"external\" target=\"_blank\" rel=\"nofollow external noopener noreferrer\">p\u00edldora del d\u00eda despu\u00e9s<\/a>. La p\u00edldora abortiva con medicamentos terminar\u00e1 un embarazo. Debe consultar con un proveedor m\u00e9dico, someterse a un examen y una ecograf\u00eda para confirmar su embarazo y determinar qu\u00e9 tan avanzado est\u00e1 antes de que le receten la p\u00edldora abortiva. La p\u00edldora del d\u00eda despu\u00e9s previene el embarazo y est\u00e1 disponible sin receta en farmacias y droguer\u00edas. P\u00eddale a su proveedor m\u00e9dico autorizado que le explique la diferencia entre los dos o\u00a0<a href=\"https:\/\/api.leadconnectorhq.com\/widget\/survey\/e4IR6RquMy1IKaiKIamb\" target=\"_blank\" rel=\"noopener nofollow external noreferrer\" data-wpel-link=\"external\">programe una cita<\/a>\u00a0con RealOptions. Si tienes preguntas. Es muy importante saber la diferencia entre la p\u00edldora abortiva y la p\u00edldora del d\u00eda despu\u00e9s.<\/p>\n<p><strong>Advertencia de caja negra de la FDA<\/strong><\/p>\n<p>No debe comprar Mifeprex a trav\u00e9s de Internet porque pasar\u00e1 por alto importantes salvaguardas dise\u00f1adas para proteger su salud (y la salud de los dem\u00e1s). Los medicamentos no aprobados por la FDA conllevan riesgos m\u00e1s all\u00e1 de los efectos secundarios esperados.\u00a0<a href=\"https:\/\/www.fda.gov\/drugs\/postmarket-drug-safety-information-patients-and-providers\/information-about-mifepristone-medical-termination-pregnancy-through-ten-weeks-gestation\" data-wpel-link=\"external\" target=\"_blank\" rel=\"nofollow external noopener noreferrer\">Leer Mas<\/a><\/p>\n<p><strong>\u00bfQu\u00e9 es un aborto en casa?<\/strong><\/p>\n<p>Un\u00a0<a href=\"https:\/\/athomeabortionfacts.com\/\" data-wpel-link=\"external\" target=\"_blank\" rel=\"nofollow external noopener noreferrer\">aborto en el hogar<\/a>\u00a0se conoce como aborto autoinducido, aborto autogestionado o\u00a0<a href=\"https:\/\/www.fda.gov\/drugs\/postmarket-drug-safety-information-patients-and-providers\/information-about-mifepristone-medical-termination-pregnancy-through-ten-weeks-gestation\" data-wpel-link=\"external\" target=\"_blank\" rel=\"nofollow external noopener noreferrer\">aborto<\/a>\u00a0en l\u00ednea. Cualquier aborto conlleva\u00a0<a href=\"https:\/\/www.mayoclinic.org\/tests-procedures\/medical-abortion\/about\/pac-20394687\" data-wpel-link=\"external\" target=\"_blank\" rel=\"nofollow external noopener noreferrer\">riesgos y efectos secundarios<\/a>. Hay algunos datos que debe conocer antes de tomar la decisi\u00f3n de interrumpir un embarazo en casa.<\/p>\n<p>Antes de tomar las p\u00edldoras abortivas, que son Mifepistona y Misoprostol, es importante que consulte a un proveedor m\u00e9dico autorizado o una cl\u00ednica para un\u00a0<a href=\"https:\/\/realoptions.net\/central-san-jose\/abortion-information-san-jose\/\" data-wpel-link=\"external\" target=\"_blank\" rel=\"nofollow external noopener noreferrer\">examen de detecci\u00f3n previo al aborto<\/a>.<\/p>\n<p>El atento equipo m\u00e9dico de las Cl\u00ednicas M\u00e9dicas RealOptions Obria est\u00e1 disponible para discutir cualquier pregunta que pueda tener con respecto a un aborto, as\u00ed como los procedimientos de aborto y los riesgos asociados con el aborto. Es importante que determine qu\u00e9 es lo mejor para usted ahora y en el futuro. Contamos con profesionales m\u00e9dicos que le brindar\u00e1n informaci\u00f3n sobre el embarazo, el aborto y otros problemas de salud relacionados. Para hablar con alguien en cualquier momento, no dude en llamar o programar una cita. Brindamos servicios confidenciales y nos aseguramos de que tenga la educaci\u00f3n suficiente para tomar la decisi\u00f3n correcta para usted y su embarazo. Tenga en cuenta que RealOptions Obria Medical Clinics no realiza abortos.<\/p>\n<p>Si tom\u00f3 la primera p\u00edldora abortiva y cambi\u00f3 de opini\u00f3n, es posible que se reviertan los efectos mediante un tratamiento llamado Reversi\u00f3n de la\u00a0p\u00edldora abortiva. Puede que no sea demasiado tarde. Si est\u00e1 en una crisis de embarazo debido a que est\u00e1 tomando una p\u00edldora abortiva y necesita un consejo de enfermer\u00eda, env\u00ede un mensaje de texto (en cualquier momento las 24 horas del d\u00eda, los 7 d\u00edas de la semana) o llame al (6 a. M. A 9 p. M.) 408-622- 9236.<\/p>\n<p><strong>\u00bfQu\u00e9 debo hacer si creo que podr\u00eda estar embarazada?<\/strong><\/p>\n<p>Si ha perdido un per\u00edodo y cree que<a href=\"\/three-things-you-need-to-know-if-you-think-you-might-be-pregnant\/\" data-wpel-link=\"internal\">\u00a0podr\u00eda estar embarazada<\/a>, llame o programe una cita en RealOptions Obria Medical Clinics o visite\u00a0<a href=\"https:\/\/realoptions.net\/\" data-wpel-link=\"external\" target=\"_blank\" rel=\"nofollow external noopener noreferrer\">www.realoptions.net<\/a>. Nuestras cl\u00ednicas est\u00e1n abiertas de lunes a viernes de 9:00 am a 5:00 pm. Hemos tomado precauciones adicionales y estamos siguiendo las pautas de los CDC y los est\u00e1ndares m\u00e9dicos recomendados para proteger a nuestro personal y pacientes.<\/p>\n<p>400 30th St #401<br \/>\nOakland, CA 94609<br \/>\n(510) 891-9998<\/p>\n<p>801 Brewster Ave Unit 210<br \/>\nRedwood City, CA 94063<br \/>\n(650) 261-9115<\/p>\n<p>1671 The Alameda #101<br \/>\nSan Jose, CA<br \/>\n(408) 978-9310<\/p>\n<p>12 N White Rd<br \/>\nSan Jose, CA<br \/>\n(408) 272-5577<\/p>\n<p>33523 Western Ave.<br \/>\nUnion City, CA 94857<br \/>\n(510) 487-4357<\/p>\n<p><em>Citation Sites:<\/em><\/p>\n<p>\u201c<em>Mifeprex (mifepristone) Information<\/em>.\u201d\u00a0 US Food and Drug Administration, 2-5-2018,\u00a0<a href=\"https:\/\/www.fda.gov\/drugs\/postmarket-drug-safety-information-patients-and-providers\/information-about-mifepristone-medical-termination-pregnancy-through-ten-weeks-gestation\" data-wpel-link=\"external\" target=\"_blank\" rel=\"nofollow external noopener noreferrer\">https:\/\/www.fda.gov\/drugs\/postmarket-drug-safety-information-patients-and-providers\/mifeprex-mifepristone-information<\/a><\/p>\n<p>\u201c<em>Medical Abortion<\/em>.\u201d Mayo Foundation for Medical Education and Research (MFMER), 7-7-2018,\u00a0<a href=\"https:\/\/www.mayoclinic.org\/tests-procedures\/medical-abortion\/about\/pac-20394687\" data-wpel-link=\"external\" target=\"_blank\" rel=\"nofollow external noopener noreferrer\">https:\/\/www.mayoclinic.org<\/a><a href=\"https:\/\/www.mayoclinic.org\/tests-procedures\/medical-abortion\/about\/pac-20394687\" data-wpel-link=\"external\" target=\"_blank\" rel=\"nofollow external noopener noreferrer\"><em>\/tests-procedures\/medical-abortion\/about\/pac-20394687<\/em><\/a><\/p>\n<p><em>\u201cAbortion Pill Rescue.\u201d\u00a0<\/em>Abortion Pill Reversal, 2020,\u00a0<a href=\"https:\/\/www.abortionpillreversal.com\/\" data-wpel-link=\"external\" target=\"_blank\" rel=\"nofollow external noopener noreferrer\">https:\/\/www.abortionpillreversal.com\/<\/a><\/p>\n<p><strong>Descargo de responsabilidad:<\/strong>\u00a0este sitio web y blog no proporcionan asesoramiento m\u00e9dico, diagn\u00f3stico o tratamiento. El contenido de este sitio web y blog no est\u00e1 destinado a ser utilizado para diagn\u00f3stico o tratamiento m\u00e9dico. La informaci\u00f3n proporcionada en este sitio web est\u00e1 destinada a la comprensi\u00f3n general \u00fanicamente y no pretende sustituir el consejo m\u00e9dico profesional.<\/p>\n","protected":false},"excerpt":{"rendered":"<p>NO, no existe una p\u00edldora abortiva que deba tomar sin receta. La\u00a0p\u00edldora abortiva\u00a0es diferente de la anticoncepci\u00f3n de emergencia, a veces llamada\u00a0p\u00edldora del d\u00eda despu\u00e9s. La p\u00edldora abortiva con medicamentos terminar\u00e1 un embarazo. Debe consultar<\/p>\n","protected":false},"author":10,"featured_media":0,"parent":0,"menu_order":0,"comment_status":"closed","ping_status":"closed","template":"","meta":{"_acf_changed":false,"footnotes":"","_links_to":"","_links_to_target":""},"class_list":["post-11558","page","type-page","status-publish","hentry"],"acf":[],"yoast_head":"<!-- This site is optimized with the Yoast SEO plugin v27.4 - https:\/\/yoast.com\/product\/yoast-seo-wordpress\/ -->\n<title>\u00bfExiste alguna p\u00edldora abortiva de venta libre que pueda tomar sin receta? | RealOptions Obria Medical Clinic | San Jose, CA<\/title>\n<meta name=\"description\" content=\"RealOptions Obria Medical Clinic offers no-cost pregnancy services. Read more about \u00bfExiste alguna p\u00edldora abortiva de venta libre que pueda tomar sin receta? in this page. Contact us\" \/>\n<meta name=\"robots\" content=\"index, follow, max-snippet:-1, max-image-preview:large, max-video-preview:-1\" \/>\n<link rel=\"canonical\" href=\"https:\/\/realoptions.net\/es\/existe-alguna-pildora-abortiva-de-venta-libre-que-pueda-tomar-sin-receta\/\" \/>\n<meta property=\"og:locale\" content=\"es_ES\" \/>\n<meta property=\"og:type\" content=\"article\" \/>\n<meta property=\"og:title\" content=\"\u00bfExiste alguna p\u00edldora abortiva de venta libre que pueda tomar sin receta? | RealOptions Obria Medical Clinic | San Jose, CA\" \/>\n<meta property=\"og:description\" content=\"RealOptions Obria Medical Clinic offers no-cost pregnancy services. Read more about \u00bfExiste alguna p\u00edldora abortiva de venta libre que pueda tomar sin receta? in this page. Contact us\" \/>\n<meta property=\"og:url\" content=\"https:\/\/realoptions.net\/es\/existe-alguna-pildora-abortiva-de-venta-libre-que-pueda-tomar-sin-receta\/\" \/>\n<meta property=\"og:site_name\" content=\"RealOptions Obria Medical Clinic\" \/>\n<meta property=\"article:publisher\" content=\"https:\/\/www.facebook.com\/realoptions.centralsanjose\/\" \/>\n<meta property=\"article:modified_time\" content=\"2025-12-17T06:06:37+00:00\" \/>\n<meta property=\"og:image\" content=\"https:\/\/realoptions.net\/wp-content\/uploads\/2020\/05\/blog_may2020-1-300x195.jpg\" \/>\n<meta name=\"twitter:card\" content=\"summary_large_image\" \/>\n<meta name=\"twitter:label1\" content=\"Tiempo de lectura\" \/>\n\t<meta name=\"twitter:data1\" content=\"4 minutos\" \/>\n<!-- \/ Yoast SEO plugin. -->","yoast_head_json":{"title":"\u00bfExiste alguna p\u00edldora abortiva de venta libre que pueda tomar sin receta? | RealOptions Obria Medical Clinic | San Jose, CA","description":"RealOptions Obria Medical Clinic offers no-cost pregnancy services. Read more about \u00bfExiste alguna p\u00edldora abortiva de venta libre que pueda tomar sin receta? in this page. Contact us","robots":{"index":"index","follow":"follow","max-snippet":"max-snippet:-1","max-image-preview":"max-image-preview:large","max-video-preview":"max-video-preview:-1"},"canonical":"https:\/\/realoptions.net\/es\/existe-alguna-pildora-abortiva-de-venta-libre-que-pueda-tomar-sin-receta\/","og_locale":"es_ES","og_type":"article","og_title":"\u00bfExiste alguna p\u00edldora abortiva de venta libre que pueda tomar sin receta? | RealOptions Obria Medical Clinic | San Jose, CA","og_description":"RealOptions Obria Medical Clinic offers no-cost pregnancy services. Read more about \u00bfExiste alguna p\u00edldora abortiva de venta libre que pueda tomar sin receta? in this page. Contact us","og_url":"https:\/\/realoptions.net\/es\/existe-alguna-pildora-abortiva-de-venta-libre-que-pueda-tomar-sin-receta\/","og_site_name":"RealOptions Obria Medical Clinic","article_publisher":"https:\/\/www.facebook.com\/realoptions.centralsanjose\/","article_modified_time":"2025-12-17T06:06:37+00:00","og_image":[{"url":"https:\/\/realoptions.net\/wp-content\/uploads\/2020\/05\/blog_may2020-1-300x195.jpg","type":"","width":"","height":""}],"twitter_card":"summary_large_image","twitter_misc":{"Tiempo de lectura":"4 minutos"},"schema":{"@context":"https:\/\/schema.org","@graph":[{"@type":"WebPage","@id":"https:\/\/realoptions.net\/es\/existe-alguna-pildora-abortiva-de-venta-libre-que-pueda-tomar-sin-receta\/","url":"https:\/\/realoptions.net\/es\/existe-alguna-pildora-abortiva-de-venta-libre-que-pueda-tomar-sin-receta\/","name":"\u00bfExiste alguna p\u00edldora abortiva de venta libre que pueda tomar sin receta? | RealOptions Obria Medical Clinic | San Jose, CA","isPartOf":{"@id":"https:\/\/realoptions.net\/es\/#website"},"primaryImageOfPage":{"@id":"https:\/\/realoptions.net\/es\/existe-alguna-pildora-abortiva-de-venta-libre-que-pueda-tomar-sin-receta\/#primaryimage"},"image":{"@id":"https:\/\/realoptions.net\/es\/existe-alguna-pildora-abortiva-de-venta-libre-que-pueda-tomar-sin-receta\/#primaryimage"},"thumbnailUrl":"https:\/\/realoptions.net\/wp-content\/uploads\/2020\/05\/blog_may2020-1-300x195.jpg","datePublished":"2024-05-07T05:18:47+00:00","dateModified":"2025-12-17T06:06:37+00:00","description":"RealOptions Obria Medical Clinic offers no-cost pregnancy services. Read more about \u00bfExiste alguna p\u00edldora abortiva de venta libre que pueda tomar sin receta? in this page. Contact us","breadcrumb":{"@id":"https:\/\/realoptions.net\/es\/existe-alguna-pildora-abortiva-de-venta-libre-que-pueda-tomar-sin-receta\/#breadcrumb"},"inLanguage":"es","potentialAction":[{"@type":"ReadAction","target":["https:\/\/realoptions.net\/es\/existe-alguna-pildora-abortiva-de-venta-libre-que-pueda-tomar-sin-receta\/"]}]},{"@type":"ImageObject","inLanguage":"es","@id":"https:\/\/realoptions.net\/es\/existe-alguna-pildora-abortiva-de-venta-libre-que-pueda-tomar-sin-receta\/#primaryimage","url":"https:\/\/realoptions.net\/wp-content\/uploads\/2020\/05\/blog_may2020-1-300x195.jpg","contentUrl":"https:\/\/realoptions.net\/wp-content\/uploads\/2020\/05\/blog_may2020-1-300x195.jpg"},{"@type":"BreadcrumbList","@id":"https:\/\/realoptions.net\/es\/existe-alguna-pildora-abortiva-de-venta-libre-que-pueda-tomar-sin-receta\/#breadcrumb","itemListElement":[{"@type":"ListItem","position":1,"name":"Home","item":"https:\/\/realoptions.net\/es\/"},{"@type":"ListItem","position":2,"name":"\u00bfExiste alguna p\u00edldora abortiva de venta libre que pueda tomar sin receta?"}]},{"@type":"WebSite","@id":"https:\/\/realoptions.net\/es\/#website","url":"https:\/\/realoptions.net\/es\/","name":"RealOptions Obria Medical Clinic","description":"","publisher":{"@id":"https:\/\/realoptions.net\/es\/#organization"},"potentialAction":[{"@type":"SearchAction","target":{"@type":"EntryPoint","urlTemplate":"https:\/\/realoptions.net\/es\/?s={search_term_string}"},"query-input":{"@type":"PropertyValueSpecification","valueRequired":true,"valueName":"search_term_string"}}],"inLanguage":"es"},{"@type":"Organization","@id":"https:\/\/realoptions.net\/es\/#organization","name":"Real Options Obria Medical Clinics","url":"https:\/\/realoptions.net\/es\/","logo":{"@type":"ImageObject","inLanguage":"es","@id":"https:\/\/realoptions.net\/es\/#\/schema\/logo\/image\/","url":"https:\/\/realoptions.net\/wp-content\/uploads\/2022\/04\/branding.webp","contentUrl":"https:\/\/realoptions.net\/wp-content\/uploads\/2022\/04\/branding.webp","width":450,"height":155,"caption":"Real Options Obria Medical Clinics"},"image":{"@id":"https:\/\/realoptions.net\/es\/#\/schema\/logo\/image\/"},"sameAs":["https:\/\/www.facebook.com\/realoptions.centralsanjose\/"]}]}},"_links":{"self":[{"href":"https:\/\/realoptions.net\/es\/wp-json\/wp\/v2\/pages\/11558","targetHints":{"allow":["GET"]}}],"collection":[{"href":"https:\/\/realoptions.net\/es\/wp-json\/wp\/v2\/pages"}],"about":[{"href":"https:\/\/realoptions.net\/es\/wp-json\/wp\/v2\/types\/page"}],"author":[{"embeddable":true,"href":"https:\/\/realoptions.net\/es\/wp-json\/wp\/v2\/users\/10"}],"replies":[{"embeddable":true,"href":"https:\/\/realoptions.net\/es\/wp-json\/wp\/v2\/comments?post=11558"}],"version-history":[{"count":10,"href":"https:\/\/realoptions.net\/es\/wp-json\/wp\/v2\/pages\/11558\/revisions"}],"predecessor-version":[{"id":14705,"href":"https:\/\/realoptions.net\/es\/wp-json\/wp\/v2\/pages\/11558\/revisions\/14705"}],"wp:attachment":[{"href":"https:\/\/realoptions.net\/es\/wp-json\/wp\/v2\/media?parent=11558"}],"curies":[{"name":"wp","href":"https:\/\/api.w.org\/{rel}","templated":true}]}}